{"id":520,"date":"2016-06-24T10:13:58","date_gmt":"2016-06-24T16:13:58","guid":{"rendered":"https:\/\/www.oaxaca.gob.mx\/sctg\/?page_id=520"},"modified":"2016-06-24T10:13:58","modified_gmt":"2016-06-24T16:13:58","slug":"compranet-5-0-y-bitacora-electronica-de-obra-publica-beop-2","status":"publish","type":"page","link":"https:\/\/www.oaxaca.gob.mx\/honestidad\/compranet-5-0-y-bitacora-electronica-de-obra-publica-beop-2\/","title":{"rendered":"CompraNet 5.0"},"content":{"rendered":"<p>\t\t\t\t&nbsp;<\/p>\n<p><a href=\"\/sctg\/wp-content\/uploads\/sites\/40\/2016\/06\/COMPRANET.png\"><img loading=\"lazy\" decoding=\"async\" class=\"alignnone size-full wp-image-592\" src=\"\/sctg\/wp-content\/uploads\/sites\/40\/2016\/06\/COMPRANET.png\" alt=\"COMPRANET\" width=\"668\" height=\"45\" srcset=\"https:\/\/www.oaxaca.gob.mx\/honestidad\/wp-content\/uploads\/sites\/40\/2016\/06\/COMPRANET.png 668w, https:\/\/www.oaxaca.gob.mx\/honestidad\/wp-content\/uploads\/sites\/40\/2016\/06\/COMPRANET-300x20.png 300w\" sizes=\"auto, (max-width: 668px) 100vw, 668px\" \/><\/a><\/p>\n<p>&nbsp;<\/p>\n<p>Sistema electr\u00f3nico de informaci\u00f3n p\u00fablica gubernamental sobre adquisiciones, arrendamiento, servicios, obras p\u00fablicas y servicios relacionados con las Mismas.<\/p>\n<p>&nbsp;<\/p>\n<p>Para la obtenci\u00f3n de la Unidad Compradora es necesario realizar los siguientes pasos:<\/p>\n<ol>\n<li><span style=\"color: #87704c\">Inicio del tr\u00e1mite para la obtenci\u00f3n de la Unidad Compradora en la Plataforma 5.0<\/span><\/li>\n<li><span style=\"color: #87704c\">Alta de la Unidad Compradora en la Plataforma 5.0<\/span><\/li>\n<li><span style=\"color: #87704c\">Tr\u00e1mite para cambio de responsable de la Unidad Compradora o cambio de dato<\/span><\/li>\n<li><span style=\"color: #858151\">M\u00f3dulo de consulta en le manejo del sistema CompraNet y soluci\u00f3n de incidencias.<\/span><\/li>\n<\/ol>\n<p>&nbsp;<\/p>\n<p>&nbsp;<\/p>\n<hr \/>\n<p>&nbsp;<\/p>\n<p><span style=\"color: #87704c\"><strong>1). INICIO DE TR\u00c1MITE PARA LA\u00a0OBTENCI\u00d3N DE LA UNIDAD COMPRADORA\u00a0EN LA PLATAFORMA\u00a05.0<\/strong><\/span><\/p>\n<p>&nbsp;<\/p>\n<p>&nbsp;<\/p>\n<p><strong>a)<\/strong>.- Descargar <a href=\"\/sctg\/wp-content\/uploads\/sites\/40\/2016\/06\/FR_GEM.xlsx\">FR_GEM<\/a><\/p>\n<p>Requisitar e imprimir todos los campos que se encuentran en el formato.<\/p>\n<p><strong>b)<\/strong>.- Dirigir oficio a la Secretar\u00eda de la Funci\u00f3n P\u00fablica.\u00a0<a href=\"\/sctg\/wp-content\/uploads\/sites\/40\/2017\/01\/Plantilla-Alta-nueva-UC-2017.doc\" target=\"_blank\" rel=\"noopener noreferrer\">DESCARGAR PLANTILLA ALTA NUEVA UC<\/a><\/p>\n<p style=\"text-align: justify\"><strong>c)<\/strong>.- El oficio dirigido a la Funci\u00f3n P\u00fablica deber\u00e1 escanearlo y enviarlo junto con el archivo FR_GEM (en formato Excel a la direcci\u00f3n de correo electr\u00f3nico: <span style=\"color: #87704c\"><strong>elizabeth.sanchez@oaxaca.gob.mx<\/strong><strong>\u00a0<\/strong><span style=\"color: #000000\">o<\/span><strong>\u00a0 dirjur.sctg@oaxaca.gob.mx<\/strong><\/span><\/p>\n<p style=\"text-align: justify\"><strong>d)<\/strong>.- Una vez enviados los archivos magn\u00e9ticos a la direcci\u00f3n de correo electr\u00f3nico arriba mencionada. Dirigir oficio a la titular de la Secretar\u00eda de la Contralor\u00eda solicitando la obtenci\u00f3n de la UNIDAD COMPRADORA (mencionar el Municipio, Dependencia, Entidad) el cual deber\u00e1 presentar en Oficial\u00eda de Partes de la Secretar\u00eda previa revisi\u00f3n de los archivos recibidos y r\u00fabrica de la Supervisora Estatal de COMPRANET.<\/p>\n<p>&nbsp;<\/p>\n<hr \/>\n<p>&nbsp;<\/p>\n<p><span style=\"color: #87704c\"><strong>2.- ALTA DE LA UNIDA COMPRADORA EN LA PLATAFORMA COMPRANET 5.0<\/strong><\/span><\/p>\n<p>&nbsp;<\/p>\n<p style=\"text-align: justify\"><strong>a)<\/strong>.- Una vez realizado el tr\u00e1mite de inicio deber\u00e1 esperar un plazo de 5 d\u00edas h\u00e1biles para recibir correo electr\u00f3nico de la Secretar\u00eda de la Funci\u00f3n P\u00fablica inform\u00e1ndole nombres de usuario y contrase\u00f1a para realizar el registro en COMPRANET RC\u00a0del Administrador responsable y operadores en la siguiente p\u00e1gina:\u00a0<a href=\"http:\/\/upcp.funcionpublica.gob.mx\/cnetrc\" target=\"_blank\" rel=\"noopener noreferrer\">http:\/\/upcp.funcionpublica.gob.mx\/cnetrc<\/a><\/p>\n<p style=\"text-align: justify\"><strong>b)<\/strong>.- Una vez realizado el registro se generan las claves para el acceso a la p\u00e1gina de capacitaci\u00f3n.<\/p>\n<p><strong>c)<\/strong>.- La capacitaci\u00f3n se encuentra disponible en la pagina:\u00a0<a href=\"http:\/\/capacitacioncnet.funcionpublica.gob.mx\/\" target=\"_blank\" rel=\"noopener noreferrer\">http:\/\/capacitacioncnet.funcionpublica.gob.mx\/<\/a><\/p>\n<p style=\"text-align: justify\"><strong>d)<\/strong>.- Concluida la capacitaci\u00f3n en la misma p\u00e1gina podr\u00e1 presentar el ex\u00e1men el cual deber\u00e1 aprobar con un m\u00ednimo de 8(ocho) el cual ser\u00e1 requisito indispensable para obtener la unidad compradora.<\/p>\n<p>&nbsp;<\/p>\n<hr \/>\n<p>&nbsp;<\/p>\n<p><span style=\"color: #87704c\"><strong>3.- TR\u00c1MITE PARA CAMBIO DE RESPONSABLE DE LA UNIDAD COMPRADORA O CAMBIO DE DATOS<\/strong><\/span><\/p>\n<p style=\"text-align: justify\">Este tr\u00e1mite se realizar\u00e1 en caso de que la Dependencia, Entidad o Municipio que requiera realizar alguna modificaci\u00f3n de los datos registrados en la Unidad Compradora como correo Electr\u00f3nico, direcci\u00f3n, Tel\u00e9fono o cambio de responsable para lo cual deber\u00e1 realizar lo siguiente:<\/p>\n<p>a).- Dirigir oficio a la Secretar\u00eda de la Funci\u00f3n P\u00fablica inmediatamente despu\u00e9s agregar:<\/p>\n<p><a href=\"\/sctg\/wp-content\/uploads\/sites\/40\/2017\/01\/Plantilla-Cambio-Responsable-o-modificaciones-a-datos-de-UC-2017.doc\" target=\"_blank\" rel=\"noopener noreferrer\">\u00abDESCARGAR PLANTILLA CAMBIO DE RESPONSABLE\u00bb<\/a><\/p>\n<p>&nbsp;<\/p>\n<p style=\"text-align: justify\">b).- El oficio dirigido a la Funci\u00f3n P\u00fablica deber\u00e1 contener: n\u00famero de oficio, firma del responsable de la UC, sello, digitalizar y enviarlo a las direcciones de correo electr\u00f3nico: <span style=\"color: #87704c\"><strong> <strong>elizabeth.sanchez@oaxaca.gob.mx<\/strong><strong>\u00a0<\/strong><\/strong><span style=\"color: #000000\">o<\/span><strong><strong>\u00a0 dirjur.sctg@oaxaca.gob.mx<\/strong><\/strong><\/span><\/p>\n<p style=\"text-align: justify\">c).- Una vez enviados los archivos magn\u00e9ticos a cualquiera de las dos direcciones de correo electr\u00f3nico arriba mencionada. Dirigir oficio al titular de la Secretar\u00eda de la Contralor\u00eda solicitando los cambios requeridos, el cual deber\u00e1 presentar en la oficial\u00eda de partes de la Secretar\u00eda para revisi\u00f3n de los archivo recibidos y r\u00fabrica de la Supervisora Estatal de COMPRANET.<\/p>\n<p>&nbsp;<\/p>\n<hr \/>\n<p><span style=\"color: #858151\"><strong>4. M\u00d3DULO DE CONSULTA EN EL MANEJO DEL SISTEMA COMPRANET Y SOLUCI\u00d3N DE INCIDENCIAS.<\/strong><\/span><\/p>\n<p>&nbsp;<\/p>\n<p>a).- Registro de informaci\u00f3n asociada a la fuente de financiamiento en los contratos creados en compraNet, al dar click \u201caqu\u00ed\u201d se deber\u00e1 desplegar el siguiente t\u00edtulo:<\/p>\n<p>&nbsp;<\/p>\n<p><strong><u>\u201cInstrucciones al crear el contrato en el apartado de informaci\u00f3n adicional\u201d:<\/u><\/strong><\/p>\n<p>&nbsp;<\/p>\n<p>Deber\u00e1 ingresar al\u00a0 contrato creado derivado de la ejecuci\u00f3n de un procedimiento de contrataci\u00f3n y\u00a0 enseguida al\u00a0 <strong><u>formulario de informaci\u00f3n adicional<\/u><\/strong> (<strong><u>secci\u00f3n Fuente de financiamiento)<\/u><\/strong> y realizar lo siguiente:<\/p>\n<p>&nbsp;<\/p>\n<p>1.- Capturar el ramo presupuestal. En este par\u00e1metro, se deber\u00e1 seleccionar del combo el Ramo correspondiente establecido en el Presupuesto de Egresos de la Federaci\u00f3n (PEF) mismo que deber\u00e1 estar se\u00f1alado en el oficio de autorizaci\u00f3n de metas y recursos emitido por la Secretar\u00eda de Finanzas.<\/p>\n<p>&nbsp;<\/p>\n<p>2.- Capturar Clave del Programa. En este par\u00e1metro se deber\u00e1 seleccionar la nomenclatura se\u00f1alada en el oficio de autorizaci\u00f3n de metas y recursos emitido por la Secretar\u00eda de Finanzas. Una vez identificado el programa, se deber\u00e1 localizar la clave del mismo en el Cat\u00e1logo de claves de Programas ubicado en la p\u00e1gina principal de Compra Net <a href=\"http:\/\/www.compranet.funcionpublica.gob.mx\">www.compranet.funcionpublica.gob.mx<\/a> \u00a0en el apartado de Informaci\u00f3n y ayudas \/ U.C. FEDERALES o U.C.ESTATATES\/Descargas\/listado_programas_federales.xlsx.<\/p>\n<p>&nbsp;<\/p>\n<p>3.- Capturar Aportaci\u00f3n federal. En este par\u00e1metro se deber\u00e1 capturar el importe que corresponda al porcentaje de la aportaci\u00f3n federal se\u00f1alada en el oficio de autorizaci\u00f3n (Monto sin IVA).<\/p>\n<p>&nbsp;<\/p>\n<p>Para mayor informaci\u00f3n podr\u00e1 consultar el <strong>Cap\u00edtulo 9 Creaci\u00f3n y configuraci\u00f3n del Contrato, apartado Informaci\u00f3n Adicional secci\u00f3n fuente de financiamiento del Manual de usuario para Operadores de Unidades Compradoras que se encuentra disponible<\/strong> <strong>\u201c<a href=\"\/sctg\/wp-content\/uploads\/sites\/40\/2016\/08\/Manual_UC-200815.pdf\" target=\"_blank\" rel=\"noopener noreferrer\">aqu\u00ed<\/a>\u201d.<\/strong><\/p>\n<p><strong>\u00a0<\/strong><\/p>\n<p>&nbsp;<\/p>\n<p>b).- La opci\u00f3n del mismo modulo deber\u00e1 contener lo siguiente. El T\u00edtulo<strong> <u>\u201cConsulta y Resoluci\u00f3n de incidencias\u201d<\/u> <\/strong><\/p>\n<p>&nbsp;<\/p>\n<ul>\n<li><strong><u>Consulta de incidencias<\/u><\/strong>: Detallado de incidencias por Dependencias, Entidades y Municipios (\u00edcono de descarga de archivo de incidencias). Tambi\u00e9n podr\u00e1 consultar el detalle de incidencias ingresando con su nombre de usuario y contrase\u00f1a a la p\u00e1gina de <a href=\"https:\/\/compranet.funcionpublica.gob.mx\">https:\/\/compranet.funcionpublica.gob.mx<\/a> en el \u00e1rea de <strong>\u201cmaterial de apoyo\u201d- dar click sobre el t\u00edtulo <\/strong><u>material sobre el uso y operaci\u00f3n de Compra Net<\/u> y abrir el archivo <strong>Incidencias_UC_GEM.xlsx.<\/strong><\/li>\n<\/ul>\n<p>&nbsp;<\/p>\n<p><strong><u>Resoluci\u00f3n de incidencias:<\/u><\/strong> Para la resoluci\u00f3n de incidencias podr\u00e1 consultar el siguiente <a href=\"\/sctg\/wp-content\/uploads\/2016\/08\/Correccio%CC%81n_incidencias.pdf\" target=\"_blank\" rel=\"noopener noreferrer\">manual<\/a> \u00a0 o enviar correo a la Unidad de Pol\u00edticas de Contrataciones P\u00fablicas de la Secretar\u00eda de la Funci\u00f3n P\u00fablica. a la cuenta de correo electr\u00f3nico: <a href=\"mailto:alertas-cnet@funcionpublica.gob.mx\">alertas-cnet@funcionpublica.gob.mx<\/a> y el tel\u00e9fono (55) 2000-3000 extensiones 2236, 2240, 2234 y 4400.<\/p>\n<p>&nbsp;<\/p>\n<p>&nbsp;<\/p>\n<p><span style=\"color: #000000\"><strong>ASESOR\u00cdA Y CONTACTO<\/strong><\/span><\/p>\n<p>L.A.\u00a0Elizabeth Yolanda Sanch\u00e9z Quintas<\/p>\n<p>Supervisor Estatal<\/p>\n<p>Tel\u00e9fono <strong>(951) 501 5000 Ext.10217<\/strong><\/p>\n<p><strong>elizabeth.sanchez@oaxaca.gob.mx\u00a0<\/strong><\/p>\n<p>&nbsp;\t\t<\/p>\n","protected":false},"excerpt":{"rendered":"<p>&nbsp; &nbsp; Sistema electr\u00f3nico de informaci\u00f3n p\u00fablica gubernamental sobre adquisiciones, arrendamiento, servicios, obras p\u00fablicas y servicios relacionados con las Mismas. &nbsp; Para la obtenci\u00f3n de la Unidad Compradora es necesario realizar los siguientes pasos: Inicio del tr\u00e1mite para la obtenci\u00f3n de la Unidad Compradora en la Plataforma 5.0 Alta de la Unidad Compradora en la [&hellip;]<\/p>\n","protected":false},"author":1,"featured_media":0,"parent":0,"menu_order":0,"comment_status":"closed","ping_status":"closed","template":"","meta":{"episode_type":"","audio_file":"","podmotor_file_id":"","podmotor_episode_id":"","cover_image":"","cover_image_id":"","duration":"","filesize":"","filesize_raw":"","date_recorded":"","explicit":"","block":"","itunes_episode_number":"","itunes_title":"","itunes_season_number":"","itunes_episode_type":"","footnotes":""},"categories":[],"tags":[],"class_list":["post-520","page","type-page","status-publish","hentry"],"acf":[],"publishpress_future_action":{"enabled":false,"date":"2026-04-21 17:26:35","action":"change-status","newStatus":"draft","terms":[],"taxonomy":"category","extraData":[]},"publishpress_future_workflow_manual_trigger":{"enabledWorkflows":[]},"_links":{"self":[{"href":"https:\/\/www.oaxaca.gob.mx\/honestidad\/wp-json\/wp\/v2\/pages\/520","targetHints":{"allow":["GET"]}}],"collection":[{"href":"https:\/\/www.oaxaca.gob.mx\/honestidad\/wp-json\/wp\/v2\/pages"}],"about":[{"href":"https:\/\/www.oaxaca.gob.mx\/honestidad\/wp-json\/wp\/v2\/types\/page"}],"author":[{"embeddable":true,"href":"https:\/\/www.oaxaca.gob.mx\/honestidad\/wp-json\/wp\/v2\/users\/1"}],"replies":[{"embeddable":true,"href":"https:\/\/www.oaxaca.gob.mx\/honestidad\/wp-json\/wp\/v2\/comments?post=520"}],"version-history":[{"count":0,"href":"https:\/\/www.oaxaca.gob.mx\/honestidad\/wp-json\/wp\/v2\/pages\/520\/revisions"}],"wp:attachment":[{"href":"https:\/\/www.oaxaca.gob.mx\/honestidad\/wp-json\/wp\/v2\/media?parent=520"}],"wp:term":[{"taxonomy":"category","embeddable":true,"href":"https:\/\/www.oaxaca.gob.mx\/honestidad\/wp-json\/wp\/v2\/categories?post=520"},{"taxonomy":"post_tag","embeddable":true,"href":"https:\/\/www.oaxaca.gob.mx\/honestidad\/wp-json\/wp\/v2\/tags?post=520"}],"curies":[{"name":"wp","href":"https:\/\/api.w.org\/{rel}","templated":true}]}}