{"id":46,"date":"2016-02-03T12:50:07","date_gmt":"2016-02-03T18:50:07","guid":{"rendered":"https:\/\/www.oaxaca.gob.mx\/sctg\/?page_id=46"},"modified":"2024-12-02T16:34:52","modified_gmt":"2024-12-02T22:34:52","slug":"mision-y-vision","status":"publish","type":"page","link":"https:\/\/www.oaxaca.gob.mx\/honestidad\/mision-y-vision\/","title":{"rendered":"Misi\u00f3n y Visi\u00f3n"},"content":{"rendered":"<p><span style=\"color: #000000\"><strong><span class=\"negrita\">Misi\u00f3n:<\/span><\/strong><\/span><\/p>\n<p style=\"text-align: justify\">Promover e impulsar mejores pr\u00e1cticas privilegiando el control preventivo en t\u00e9rminos de legalidad, eficiencia y transparencia, fomentando el cumplimiento de las responsabilidades de los servidores p\u00fablicos de manera honesta y orientada a la rendici\u00f3n de cuentas, que incorpore la participaci\u00f3n y confianza de la ciudadan\u00eda a trav\u00e9s de mecanismos de coordinaci\u00f3n, evaluaci\u00f3n, control y modernizaci\u00f3n de la gesti\u00f3n p\u00fablica.<\/p>\n<p>&nbsp;<\/p>\n<p><span style=\"color: #000000\"><strong><span class=\"negrita\">Visi\u00f3n:<\/span><\/strong><\/span><\/p>\n<p style=\"text-align: justify\">Ser una Dependencia cuya actuaci\u00f3n represente un factor importante en el marco de las actividades orientadas al combate a la corrupci\u00f3n y a la fiscalizaci\u00f3n de los recursos p\u00fablicos a nivel nacional y estatal, que rija su labor por los principios de disciplina, legalidad, objetividad, profesionalismo, honradez, lealtad, imparcialidad, integridad, rendici\u00f3n de cuentas, eficacia y eficiencia; y que coadyuve mediante instrumentos de control y evaluaci\u00f3n eficaces, al cumplimiento de las responsabilidades de los servidores p\u00fablicos, consolidando la confianza y certidumbre de la ciudadan\u00eda en el gobierno.<\/p>\n<p>&nbsp;<\/p>\n<p><span style=\"color: #000000\"><strong><span class=\"negrita\">Objetivos Institucionales:<\/span><\/strong><\/span><\/p>\n<ul>\n<li style=\"text-align: justify\">Prevenir, inhibir y sancionar las pr\u00e1cticas corruptas en la Administraci\u00f3n P\u00fablica Estatal.<\/li>\n<li style=\"text-align: justify\">Impulsar en la Administraci\u00f3n P\u00fablica Estatal la cultura de la legalidad y la transparencia, la rendici\u00f3n de cuentas y el combate a la corrupci\u00f3n.<\/li>\n<li style=\"text-align: justify\">Impulsar la participaci\u00f3n ciudadana con la Administraci\u00f3n P\u00fablica Estatal.<\/li>\n<\/ul>\n<p>&nbsp;<\/p>\n<p><span style=\"color: #000000\"><strong><span class=\"negrita\">Principios:<\/span><\/strong><\/span><\/p>\n<p style=\"text-align: justify\">Disciplina, legalidad, objetividad, profesionalismo, honradez, lealtad, imparcialidad, integridad, rendici\u00f3n de cuentas, eficacia y eficiencia.<\/p>\n<ol>\n<li style=\"text-align: justify\">Actuar conforme a lo que las leyes, reglamentos y dem\u00e1s disposiciones jur\u00eddicas les atribuyen a su empleo, cargo o comisi\u00f3n, por lo que deben conocer y cumplir con las disposiciones que regulan el ejercicio de sus funciones, facultades y atribuciones;<\/li>\n<li style=\"text-align: justify\">Conducirse con rectitud sin utilizar su empleo, cargo o comisi\u00f3n para obtener o pretender obtener alg\u00fan beneficio, provecho o ventaja personal o a favor de terceros, ni buscar o aceptar compensaciones, prestaciones, d\u00e1divas, obsequios o regalos de cualquier persona u organizaci\u00f3n;<\/li>\n<li style=\"text-align: justify\">Satisfacer el inter\u00e9s superior de las necesidades colectivas por encima de intereses particulares, personales o ajenos al inter\u00e9s general y bienestar de la poblaci\u00f3n;<\/li>\n<li style=\"text-align: justify\">Dar a las personas en general el mismo trato, por lo que no conceder\u00e1n privilegios o preferencias a organizaciones o personas, ni permitir\u00e1n que influencias, intereses o prejuicios indebidos afecten su compromiso para tomar decisiones o ejercer sus funciones de manera objetiva;<\/li>\n<li style=\"text-align: justify\">Actuar conforme a una cultura de servicio orientada al logro de resultados, procurando en todo momento un mejor desempe\u00f1o de sus funciones a fin de alcanzar las metas institucionales seg\u00fan sus responsabilidades;<\/li>\n<li style=\"text-align: justify\">Administrar los recursos p\u00fablicos que est\u00e9n bajo su responsabilidad, sujet\u00e1ndose a los principios de eficiencia, eficacia, econom\u00eda, transparencia y honradez para satisfacer los objetivos a los que est\u00e9n destinados;<\/li>\n<li style=\"text-align: justify\">Promover, respetar, proteger y garantizar los derechos humanos establecidos en la Constituci\u00f3n;<\/li>\n<li style=\"text-align: justify\">Corresponder a la confianza que la sociedad les ha conferido; tendr\u00e1n una vocaci\u00f3n absoluta de servicio a la sociedad, y preservar\u00e1n el inter\u00e9s superior de las necesidades colectivas por encima de intereses particulares, personales o ajenos al inter\u00e9s general;<\/li>\n<li style=\"text-align: justify\">Evitar y dar cuenta de los intereses que puedan entrar en conflicto con el desempe\u00f1o responsable y objetivo de sus facultades y obligaciones, y<\/li>\n<li style=\"text-align: justify\">Abstenerse de realizar cualquier trato o promesa privada que comprometa al Estado mexicano.<\/li>\n<\/ol>\n<h6><i>Con fundamento en lo establecido por el Art\u00edculo 7 de la Ley General de Responsabilidades Administrativas, publicada en el Diario Oficial de la Federaci\u00f3n el 18 de julio de 2016<\/i><\/h6>\n<p>&nbsp;<\/p>\n<p><span style=\"color: #000000\"><strong><span class=\"negrita\">Valores:<\/span><\/strong><\/span><\/p>\n<ul>\n<li><b>Honestidad: <\/b>Desempe\u00f1ar la funci\u00f3n con honradez y rectitud<\/li>\n<li><b>Congruencia: <\/b>Pensar, decir y actuar en consecuencia<\/li>\n<li><b>Igualdad: <\/b>Promover los mismos derechos y oportunidades para todas las personas<\/li>\n<li><b>Compromiso:<\/b> Cumplir con lo acordado<\/li>\n<li><b>Eficiencia: <\/b>Optimizar y hacer las cosas bien<\/li>\n<li><b>Trabajo en equipo: <\/b>Tomar decisiones y hacer las cosas en unidad<\/li>\n<li><b>Orientaci<\/b><b>\u00f3n<\/b><b> hacia resultados: <\/b>Planear y actuar para cambiar la realidad<\/li>\n<\/ul>\n","protected":false},"excerpt":{"rendered":"<p>Misi\u00f3n: Promover e impulsar mejores pr\u00e1cticas privilegiando el control preventivo en t\u00e9rminos de legalidad, eficiencia y transparencia, fomentando el cumplimiento de las responsabilidades de los servidores p\u00fablicos de manera honesta y orientada a la rendici\u00f3n de cuentas, que incorpore la participaci\u00f3n y confianza de la ciudadan\u00eda a trav\u00e9s de mecanismos de coordinaci\u00f3n, evaluaci\u00f3n, control y [&hellip;]<\/p>\n","protected":false},"author":1,"featured_media":0,"parent":0,"menu_order":0,"comment_status":"closed","ping_status":"closed","template":"","meta":{"episode_type":"","audio_file":"","podmotor_file_id":"","podmotor_episode_id":"","cover_image":"","cover_image_id":"","duration":"","filesize":"","filesize_raw":"","date_recorded":"","explicit":"","block":"","itunes_episode_number":"","itunes_title":"","itunes_season_number":"","itunes_episode_type":"","footnotes":""},"categories":[],"tags":[],"class_list":["post-46","page","type-page","status-publish","hentry"],"acf":[],"publishpress_future_action":{"enabled":false,"date":"2026-05-15 12:22:28","action":"change-status","newStatus":"draft","terms":[],"taxonomy":"category","extraData":[]},"publishpress_future_workflow_manual_trigger":{"enabledWorkflows":[]},"_links":{"self":[{"href":"https:\/\/www.oaxaca.gob.mx\/honestidad\/wp-json\/wp\/v2\/pages\/46","targetHints":{"allow":["GET"]}}],"collection":[{"href":"https:\/\/www.oaxaca.gob.mx\/honestidad\/wp-json\/wp\/v2\/pages"}],"about":[{"href":"https:\/\/www.oaxaca.gob.mx\/honestidad\/wp-json\/wp\/v2\/types\/page"}],"author":[{"embeddable":true,"href":"https:\/\/www.oaxaca.gob.mx\/honestidad\/wp-json\/wp\/v2\/users\/1"}],"replies":[{"embeddable":true,"href":"https:\/\/www.oaxaca.gob.mx\/honestidad\/wp-json\/wp\/v2\/comments?post=46"}],"version-history":[{"count":1,"href":"https:\/\/www.oaxaca.gob.mx\/honestidad\/wp-json\/wp\/v2\/pages\/46\/revisions"}],"predecessor-version":[{"id":8784,"href":"https:\/\/www.oaxaca.gob.mx\/honestidad\/wp-json\/wp\/v2\/pages\/46\/revisions\/8784"}],"wp:attachment":[{"href":"https:\/\/www.oaxaca.gob.mx\/honestidad\/wp-json\/wp\/v2\/media?parent=46"}],"wp:term":[{"taxonomy":"category","embeddable":true,"href":"https:\/\/www.oaxaca.gob.mx\/honestidad\/wp-json\/wp\/v2\/categories?post=46"},{"taxonomy":"post_tag","embeddable":true,"href":"https:\/\/www.oaxaca.gob.mx\/honestidad\/wp-json\/wp\/v2\/tags?post=46"}],"curies":[{"name":"wp","href":"https:\/\/api.w.org\/{rel}","templated":true}]}}