{"id":364,"date":"2016-02-23T12:55:23","date_gmt":"2016-02-23T18:55:23","guid":{"rendered":"https:\/\/www.oaxaca.gob.mx\/sctg\/?page_id=364"},"modified":"2025-03-19T14:25:04","modified_gmt":"2025-03-19T20:25:04","slug":"atencion-a-inconformidades-en-materia-de-adquisiciones-y-obra-publica","status":"publish","type":"page","link":"https:\/\/www.oaxaca.gob.mx\/honestidad\/atencion-a-inconformidades-en-materia-de-adquisiciones-y-obra-publica\/","title":{"rendered":"Atenci\u00f3n a Inconformidades en Materia de Adquisiciones y Obra P\u00fablica"},"content":{"rendered":"<p><span style=\"color: #993300\"><strong>DESCRIPCI\u00d3N DEL TR\u00c1MITE<\/strong><\/span><\/p>\n<p style=\"text-align: justify\">Recibir y dar seguimiento a inconformidades, conciliaciones y arbitrajes por incumplimiento de contratos y solicitudes de sanci\u00f3n a licitantes, proveedores y contratistas, de conformidad con lo establecido por la Ley de Adquisiciones, Enajenaciones, Arrendamientos, Prestaci\u00f3n de Servicios y Administraci\u00f3n de Bienes Muebles e Inmuebles del Estado de Oaxaca y la Ley de Obras P\u00fablicas y Servicios Relacionados del Estado de Oaxaca.<\/p>\n<p style=\"text-align: justify\"><strong><span style=\"color: #993300\"> TIPO DE USUARIO<\/span><\/strong><\/p>\n<p style=\"text-align: justify\">Arrendadores, Proveedores y Constructores del Gobierno del Estado de Oaxaca.<\/p>\n<p style=\"text-align: justify\"><strong><span style=\"color: #993300\"><br \/>\nREQUISITOS<\/span><\/strong><\/p>\n<p><strong>La Inconformidad:<\/strong> La Inconformidad, en materia de obra, deber\u00e1 ser presentada por escrito o electr\u00f3nicamente, por los actos que contravengan las disposiciones contenidas en la referida Ley de Obras, dentro de los 10 d\u00edas h\u00e1biles siguientes a aquel en que estos ocurran o se notifiquen al inconforme del acto impugnado; Para el caso de la Inconformidad, por actos que contravengan las disposiciones contenidas en la citada Ley de Adquisiciones, las personas interesadas podr\u00e1n inconformarse dentro de los cinco d\u00edas h\u00e1biles siguientes a aqu\u00e9l en que \u00e9ste ocurra o se notifique al inconforme de la realizaci\u00f3n del mismo; en ambos casos deber\u00e1n contener:<\/p>\n<ol>\n<li>Nombre o raz\u00f3n social del inconforme.<\/li>\n<li>Domicilio para o\u00edr y recibir notificaciones y acuerdos, ubicado dentro del lugar de residencia de la autoridad que conocer\u00e1 del acto impugnado.<\/li>\n<li>Pruebas ofrecidas.<\/li>\n<li>Identificaci\u00f3n oficial del inconforme, o en su caso, copia certificada del instrumento notarial con el cual acredite su personalidad.<\/li>\n<li>Antecedente del acto impugnado.<\/li>\n<li>Motivo de la inconformidad.<\/li>\n<li>Copias de traslado para la autoridad emisora del acto impugnado y para los terceros afectados.<\/li>\n<\/ol>\n<p>&nbsp;<\/p>\n<p><strong>De la Conciliaci\u00f3n y Arbitraje:<\/strong> Los proveedores podr\u00e1n presentar quejas, mediante escrito impreso o a trav\u00e9s de los medios remotos de comunicaci\u00f3n electr\u00f3nica, por motivo del incumplimiento de los t\u00e9rminos y condiciones pactados en los contratos que tengan celebrados con las Dependencias y Entidades, debiendo contener:<\/p>\n<p>&nbsp;<\/p>\n<ol>\n<li>Nombre o raz\u00f3n social del quejoso.<\/li>\n<li>Domicilio para o\u00edr y recibir notificaciones dentro del lugar de residencia de la autoridad que conocer\u00e1 de la solicitud de conciliaci\u00f3n.<\/li>\n<li>Identificaci\u00f3n oficial del inconforme, o en su caso, copia certificada del instrumento notarial con el cual acredite su personalidad.<\/li>\n<li>En su caso, copia simple de los convenios modificatorios.<\/li>\n<li>Referencia del objeto, vigencia, monto del contrato y sus convenios modificatorios.<\/li>\n<\/ol>\n<p>&nbsp;<\/p>\n<p><span style=\"color: #993300\"><strong>TIEMPO DE RESPUESTA<\/strong><\/span><\/p>\n<p>Variable<\/p>\n<p>&nbsp;<\/p>\n<p><strong><span style=\"color: #993300\">COSTO<\/span><\/strong><\/p>\n<p style=\"text-align: justify\">Los costos de la reproducci\u00f3n y env\u00edo de la informaci\u00f3n solicitadas ser\u00e1n cubiertas por el solicitante. Los derechos por la expedici\u00f3n de copias certificadas y los materiales de reproducci\u00f3n estar\u00e1n fijados en las leyes respectivas y deber\u00e1n ser accesibles a los solicitantes. Lo anterior de conformidad con el art\u00edculo 21 de la Ley Estatal de Derechos del Estado de Oaxaca.<\/p>\n<p style=\"text-align: justify\"><strong><span style=\"color: #993300\"><br \/>\nDOCUMENTO O COMPROBANTE A OBTENER<\/span><\/strong><\/p>\n<p style=\"text-align: justify\">Acuse de recibo en primera instancia; y al final del procedimiento el oficio de respuesta a su solicitud.<\/p>\n<p style=\"text-align: justify\"><strong><span style=\"color: #993300\"><br \/>\nDIAS Y HORARIO DE ATENCI\u00d3N<\/span><\/strong><\/p>\n<p style=\"text-align: justify\">Lunes a Viernes de 09:00 \u2013 15:00 Horas<\/p>\n<p style=\"text-align: justify\"><strong><span style=\"color: #993300\"><br \/>\nEN DONDE LLEVO A CABO MI TR\u00c1MITE<\/span><\/strong><\/p>\n<p style=\"text-align: justify\">Ciudad Administrativa Edificio 3, \u201cAndr\u00e9s Henestrosa\u201d Nivel 3. Carretera Oaxaca \u2013 Istmo Km. 11.5 Tlalixtac de Cabrera, Oaxaca. C.P. 68270<\/p>\n<p style=\"text-align: justify\"><strong><span style=\"color: #993300\">\u00c1REA DONDE SE PROPORCIONA EL\u00a0TR\u00c1MITE<\/span><\/strong><\/p>\n<p>Direcci\u00f3n de Responsabilidades Administrativas y Situaci\u00f3n Patrimonial<\/p>\n<p>&nbsp;<\/p>\n<p style=\"text-align: justify\"><span style=\"color: #993300\"><strong>NOMBRE DEL RESPONSABLE DEL \u00c1REA DONDE SE PROPORCIONA EL TR\u00c1MITE<\/strong><\/span><\/p>\n<p>Mtra. Yanis Santiago Rodr\u00edguez<\/p>\n<p>Directora de\u00a0Responsabilidades Administrativas y Situaci\u00f3n Patrimonial<\/p>\n<p>01 (951) 501 5000 Ext. 10209<\/p>\n<p style=\"text-align: justify\"><strong><span style=\"color: #993300\"><br \/>\nNOMBRE Y PUESTO DEL RESPONSABLE DEL TR\u00c1MITE<\/span><\/strong><\/p>\n<p>Lic. Ricardo Adahir Garc\u00eda Jim\u00e9nez<\/p>\n<p>Departamento de Inconformidades de Proveedores y Contratistas<\/p>\n<p>01 (951) 501 5000 Ext. 10209<\/p>\n<p style=\"text-align: justify\"><span style=\"color: #993300\"><strong><br \/>\nDUDAS, QUEJAS, DENUNCIAS O SUGERENCIAS<br \/>\n<\/strong><\/span><\/p>\n<p>01 (951) 501 5000 ext.\u00a010209 o bien, a trav\u00e9s del correo electr\u00f3nico dirigido a la direcci\u00f3n:\u00a0<strong><a href=\"mailto:drasp.recep@gmail.com\">drasp.recep@gmail.com<\/a><\/strong><\/p>\n<p>&nbsp;<\/p>\n<p style=\"text-align: justify\"><strong><span style=\"color: #993300\"><br \/>\nFUNDAMENTOS JURIDICOS QUE RIGEN ESTE TR\u00c1MITE<\/span><\/strong><\/p>\n<p style=\"text-align: justify\">Art\u00edculos 2 y 137 de la Constituci\u00f3n Pol\u00edtica del Estado Libre y Soberano de Oaxaca; 1, 3 fracci\u00f3n I, 23, 27 fracci\u00f3n XIV, 47 fracciones XVI, XXII y XXXIV, de la Ley Org\u00e1nica del Poder Ejecutivo del Estado; 1, 2, 4, 5, 6, 7, 10 fracciones V y VI, 103, 104, 105 y 108 de la Ley\u00a0 de Adquisiciones, Enajenaciones, Arrendamientos, Prestaci\u00f3n de Servicios y Administraci\u00f3n de Bienes Muebles e Inmuebles del Estado de Oaxaca, 1, 2, 3, 5 numerales 1.3, 1.3.2, 1.3.2.1, 66 y 68 del Reglamento Interno de la Secretar\u00eda de Honestidad, Transparencia y Funci\u00f3n P\u00fablica, reformado y publicado en el Extra del Peri\u00f3dico Oficial del Gobierno del Estado de Oaxaca el d\u00eda primero de febrero de dos mil veintitr\u00e9s.<\/p>\n","protected":false},"excerpt":{"rendered":"<p>DESCRIPCI\u00d3N DEL TR\u00c1MITE Recibir y dar seguimiento a inconformidades, conciliaciones y arbitrajes por incumplimiento de contratos y solicitudes de sanci\u00f3n a licitantes, proveedores y contratistas, de conformidad con lo establecido por la Ley de Adquisiciones, Enajenaciones, Arrendamientos, Prestaci\u00f3n de Servicios y Administraci\u00f3n de Bienes Muebles e Inmuebles del Estado de Oaxaca y la Ley de [&hellip;]<\/p>\n","protected":false},"author":1,"featured_media":0,"parent":0,"menu_order":0,"comment_status":"closed","ping_status":"closed","template":"","meta":{"episode_type":"","audio_file":"","podmotor_file_id":"","podmotor_episode_id":"","cover_image":"","cover_image_id":"","duration":"","filesize":"","filesize_raw":"","date_recorded":"","explicit":"","block":"","itunes_episode_number":"","itunes_title":"","itunes_season_number":"","itunes_episode_type":"","footnotes":""},"categories":[],"tags":[],"class_list":["post-364","page","type-page","status-publish","hentry"],"acf":[],"publishpress_future_action":{"enabled":false,"date":"2026-05-22 10:01:51","action":"change-status","newStatus":"draft","terms":[],"taxonomy":"category","extraData":[]},"publishpress_future_workflow_manual_trigger":{"enabledWorkflows":[]},"_links":{"self":[{"href":"https:\/\/www.oaxaca.gob.mx\/honestidad\/wp-json\/wp\/v2\/pages\/364","targetHints":{"allow":["GET"]}}],"collection":[{"href":"https:\/\/www.oaxaca.gob.mx\/honestidad\/wp-json\/wp\/v2\/pages"}],"about":[{"href":"https:\/\/www.oaxaca.gob.mx\/honestidad\/wp-json\/wp\/v2\/types\/page"}],"author":[{"embeddable":true,"href":"https:\/\/www.oaxaca.gob.mx\/honestidad\/wp-json\/wp\/v2\/users\/1"}],"replies":[{"embeddable":true,"href":"https:\/\/www.oaxaca.gob.mx\/honestidad\/wp-json\/wp\/v2\/comments?post=364"}],"version-history":[{"count":3,"href":"https:\/\/www.oaxaca.gob.mx\/honestidad\/wp-json\/wp\/v2\/pages\/364\/revisions"}],"predecessor-version":[{"id":8958,"href":"https:\/\/www.oaxaca.gob.mx\/honestidad\/wp-json\/wp\/v2\/pages\/364\/revisions\/8958"}],"wp:attachment":[{"href":"https:\/\/www.oaxaca.gob.mx\/honestidad\/wp-json\/wp\/v2\/media?parent=364"}],"wp:term":[{"taxonomy":"category","embeddable":true,"href":"https:\/\/www.oaxaca.gob.mx\/honestidad\/wp-json\/wp\/v2\/categories?post=364"},{"taxonomy":"post_tag","embeddable":true,"href":"https:\/\/www.oaxaca.gob.mx\/honestidad\/wp-json\/wp\/v2\/tags?post=364"}],"curies":[{"name":"wp","href":"https:\/\/api.w.org\/{rel}","templated":true}]}}