{"id":351,"date":"2016-02-22T14:12:51","date_gmt":"2016-02-22T20:12:51","guid":{"rendered":"https:\/\/www.oaxaca.gob.mx\/sctg\/?page_id=351"},"modified":"2026-01-12T15:39:48","modified_gmt":"2026-01-12T21:39:48","slug":"constancia-de-no-inhabilitacion","status":"publish","type":"page","link":"https:\/\/www.oaxaca.gob.mx\/honestidad\/constancia-de-no-inhabilitacion\/","title":{"rendered":"Expedici\u00f3n de Constancia de no Inhabilitaci\u00f3n para ingresar a laborar al Servicio P\u00fablico"},"content":{"rendered":"<p style=\"text-align: center\"><strong><a href=\"https:\/\/sctg-contraloria.oaxaca.gob.mx\/constancias2021\/public\/index.php\" target=\"_blank\" rel=\"noopener\">https:\/\/sctg-contraloria.oaxaca.gob.mx\/constancias2021\/public\/index.php<\/a><\/strong><\/p>\n<p><strong><span style=\"color: #993300\">DESCRIPCI\u00d3N DEL TR\u00c1MITE<\/span><\/strong><\/p>\n<p style=\"text-align: justify\">Expedici\u00f3n de Constancia que acredita la no existencia o en su caso la existencia de registros de inhabilitaci\u00f3n a nombre de la persona que realiza el tr\u00e1mite.<\/p>\n<p style=\"text-align: justify\"><strong><span style=\"color: #993300\">TIPO DE USUARIO<\/span><\/strong><\/p>\n<p style=\"text-align: justify\">Persona F\u00edsica que pretenda ingresar a la administraci\u00f3n p\u00fablica estatal como servidor p\u00fablico o que requiera comprobar antecedentes de inhabilitaci\u00f3n o no inhabilitaci\u00f3n para realizar alg\u00fan tr\u00e1mite.<\/p>\n<p style=\"text-align: justify\"><strong><span style=\"color: #993300\"> REQUISITOS<\/span><\/strong><\/p>\n<ol>\n<li>Cubrir el pago de derechos correspondiente (La L\u00ednea de captura se genera en el portal electr\u00f3nico de la Secretar\u00eda de Finanzas: <a href=\"https:\/\/siox.finanzasoaxaca.gob.mx\/pagos?opcion=14783\" target=\"_blank\" rel=\"noopener\">https:\/\/siox.finanzasoaxaca.gob.mx\/pagos?opcion=14783<\/a><\/li>\n<li>Realizar la solicitud y descarga en el Sistema Electr\u00f3nico de Expedici\u00f3n de constancias de inhabilitaci\u00f3n y no inhabilitaci\u00f3n para ingresar a laborar al servicio a trav\u00e9s de dispositivos electr\u00f3nicos con conectividad a internet <a href=\"https:\/\/sctg-contraloria.oaxaca.gob.mx\/constancias2021\/public\/index.php\" target=\"_blank\" rel=\"noopener\">https:\/\/sctg-contraloria.oaxaca.gob.mx\/constancias2021\/public\/index.php<\/a><\/li>\n<\/ol>\n<p>&nbsp;<\/p>\n<p>&nbsp;<\/p>\n<table style=\"width: 100%\">\n<tbody>\n<tr>\n<td align=\"center\"><span style=\"color: #993300\"><strong>ATENTO AVISO:<br \/>\n<\/strong><\/span><\/td>\n<\/tr>\n<\/tbody>\n<\/table>\n<p style=\"color: #000000;text-align: center\">SE INFORMA A LOS USUARIOS QUE NECESITEN<br \/>\nSOLICITAR 2 O MAS CONSTANCIAS QUE DEBER\u00c1N<br \/>\nGENERAR <strong>UNA LINEA DE CAPTURA POR CADA<br \/>\nCONSTANCIA A SOLICITAR<\/strong><\/p>\n<p><span style=\"color: #993300\"><strong>TIEMPO DE RESPUESTA<\/strong><\/span><\/p>\n<p style=\"text-align: justify\">20 minutos a 72 horas dependiendo de la conciliaci\u00f3n bancaria correspondiente.<\/p>\n<p>&nbsp;<\/p>\n<p style=\"text-align: justify\"><strong><span style=\"color: #993300\">COSTO<\/span><\/strong><\/p>\n<p>$190.00 (ciento noventa pesos 00\/100 M.N), los cuales corresponden a: $170.00 (Ciento setenta pesos 00\/100 M.N) del valor de la constancia o el equivalente a 1.50 UMAS de conformidad a lo establecido en la Ley Estatal de Derechos vigente m\u00e1s el impuesto para el desarrollo social de $20.00 (veinte pesos 00\/100 M.N.).<\/p>\n<p>&nbsp;<\/p>\n<p style=\"text-align: justify\"><strong><span style=\"color: #993300\">DOCUMENTO O COMPROBANTE A OBTENER<\/span><\/strong><\/p>\n<p>Constancia de no inhabilitaci\u00f3n o de inhabilitaci\u00f3n.<\/p>\n<p>&nbsp;<\/p>\n<p style=\"text-align: justify\"><strong><span style=\"color: #993300\">D\u00cdAS Y HORARIOS DE ATENCI\u00d3N<\/span><\/strong><\/p>\n<p>Sistema disponible las 24 horas desde cualquier equipo de c\u00f3mputo con conectividad a internet, ingresando a la p\u00e1gina:<\/p>\n<p><a href=\"https:\/\/sctg-contraloria.oaxaca.gob.mx\/constancias2021\/public\/index.php\"><strong>https:\/\/sctg-contraloria.oaxaca.gob.mx\/constancias2021\/public\/index.php<\/strong><\/a><\/p>\n<p>Mesa de ayuda telef\u00f3nica del Departamento de Registro de Sanciones, Patrimonial y de Conflicto de Inter\u00e9s comunic\u00e1ndose al tel\u00e9fono 951 50 15000 extensiones 10189, 10197 y 11814, de lunes a viernes en d\u00edas h\u00e1biles de 9:00 a 16:00 horas.<\/p>\n<p style=\"text-align: justify\"><span style=\"color: #993300\"><strong>NOMBRE Y RESPONSABLE DEL \u00c1REA DONDE SE PROPORCIONA EL SERVICIO<\/strong><\/span><\/p>\n<p>Mtra. Yanis Santiago Rodr\u00edguez<\/p>\n<p>Directora de Responsabilidades Administrativas y Situaci\u00f3n Patrimonial<\/p>\n<p>&nbsp;<\/p>\n<p style=\"text-align: justify\"><span style=\"color: #993300\"><strong>NOMBRE Y PUESTO DEL RESPONSABLE DEL TR\u00c1MITE<\/strong><\/span><\/p>\n<p>Lic. Aren\u00ed Antonio Soto<\/p>\n<p>Jefa de Departamento de Registro de Sanciones, Patrimonial y de Conflicto de Inter\u00e9s<\/p>\n<p>email:\u00a0<a href=\"mailto:mesadeayudapatrimonial@gmail.com\">mesadeayudapatrimonial@gmail.com<\/a>\u00a0y\/o\u00a0<a href=\"mailto:asituacionpatrimonial@gmail.com\">asituacionpatrimonial@gmail.com<\/a><\/p>\n<p>&nbsp;<\/p>\n<p style=\"text-align: justify\"><span style=\"color: #993300\"><strong>FUNDAMENTOS JUR\u00cdDICOS QUE RIGEN ESTE TR\u00c1MITE<\/strong><\/span><\/p>\n<p style=\"text-align: justify\">Art\u00edculo 1, 2, 3 fracciones XXVI, XXVII y 4 de la Ley de Responsabilidades Administrativas del Estado y Municipios de Oaxaca; 1, 3 fracci\u00f3n I, 27 fracci\u00f3n XIV, 47 fracci\u00f3n XXIV de la Ley Org\u00e1nica del Poder Ejecutivo del Estado; 1, 3, 12, 61 y 67, de la Ley de Transparencia, Acceso a la Informaci\u00f3n P\u00fablica y Buen Gobierno del Estado de Oaxaca; 39 fracci\u00f3n I de la Ley Estatal de Derechos de Oaxaca; 1, 2, 3, 5 sub\u00edndice 1.3, numerales 1.3.2, 1.3.2.0.5 y 66 fracciones XXVII, XXXI, XLI y XXXIX y 70 fracciones VI, VIII y XVII del Reglamento Interno de la Secretar\u00eda de Honestidad, Transparencia y Funci\u00f3n P\u00fablica, publicado en el Extra del Peri\u00f3dico Oficial del Gobierno del Estado de Oaxaca el diecisiete de mayo de dos mil veinticuatro con su reforma publicada en el Peri\u00f3dico Oficial del Gobierno del Estado de Oaxaca el veintis\u00e9is de marzo de dos mil veinticinco; Acuerdo de Coordinaci\u00f3n que celebran la Secretar\u00eda de la Funci\u00f3n P\u00fablica y el Poder Ejecutivo del Estado Libre y Soberano de Oaxaca en materia de control interno, fiscalizaci\u00f3n, prevenci\u00f3n, detecci\u00f3n, disuasi\u00f3n de hechos de corrupci\u00f3n y mejora de la Gesti\u00f3n Gubernamental en su cl\u00e1usula d\u00e9cima quinta, en cuanto a la obligaci\u00f3n de \u00e9stos para no seleccionar, contratar, nombrar o designar a quienes se encuentren inhabilitados para ocupar un empleo, cargo o comisi\u00f3n en el servicio p\u00fablico; Acuerdo por el que se establecen los lineamientos para la expedici\u00f3n de constancias de inhabilitaci\u00f3n y de no inhabilitaci\u00f3n para ingresar a laborar al servicio p\u00fablico, a trav\u00e9s de dispositivos electr\u00f3nicos con conectividad a internet.<\/p>\n","protected":false},"excerpt":{"rendered":"<p>https:\/\/sctg-contraloria.oaxaca.gob.mx\/constancias2021\/public\/index.php DESCRIPCI\u00d3N DEL TR\u00c1MITE Expedici\u00f3n de Constancia que acredita la no existencia o en su caso la existencia de registros de inhabilitaci\u00f3n a nombre de la persona que realiza el tr\u00e1mite. TIPO DE USUARIO Persona F\u00edsica que pretenda ingresar a la administraci\u00f3n p\u00fablica estatal como servidor p\u00fablico o que requiera comprobar antecedentes de inhabilitaci\u00f3n o [&hellip;]<\/p>\n","protected":false},"author":1,"featured_media":0,"parent":0,"menu_order":0,"comment_status":"closed","ping_status":"closed","template":"","meta":{"episode_type":"","audio_file":"","podmotor_file_id":"","podmotor_episode_id":"","cover_image":"","cover_image_id":"","duration":"","filesize":"","filesize_raw":"","date_recorded":"","explicit":"","block":"","itunes_episode_number":"","itunes_title":"","itunes_season_number":"","itunes_episode_type":"","footnotes":""},"categories":[],"tags":[],"class_list":["post-351","page","type-page","status-publish","hentry"],"acf":[],"publishpress_future_action":{"enabled":false,"date":"2026-05-12 15:20:32","action":"change-status","newStatus":"draft","terms":[],"taxonomy":"category","extraData":[]},"publishpress_future_workflow_manual_trigger":{"enabledWorkflows":[]},"_links":{"self":[{"href":"https:\/\/www.oaxaca.gob.mx\/honestidad\/wp-json\/wp\/v2\/pages\/351","targetHints":{"allow":["GET"]}}],"collection":[{"href":"https:\/\/www.oaxaca.gob.mx\/honestidad\/wp-json\/wp\/v2\/pages"}],"about":[{"href":"https:\/\/www.oaxaca.gob.mx\/honestidad\/wp-json\/wp\/v2\/types\/page"}],"author":[{"embeddable":true,"href":"https:\/\/www.oaxaca.gob.mx\/honestidad\/wp-json\/wp\/v2\/users\/1"}],"replies":[{"embeddable":true,"href":"https:\/\/www.oaxaca.gob.mx\/honestidad\/wp-json\/wp\/v2\/comments?post=351"}],"version-history":[{"count":2,"href":"https:\/\/www.oaxaca.gob.mx\/honestidad\/wp-json\/wp\/v2\/pages\/351\/revisions"}],"predecessor-version":[{"id":9250,"href":"https:\/\/www.oaxaca.gob.mx\/honestidad\/wp-json\/wp\/v2\/pages\/351\/revisions\/9250"}],"wp:attachment":[{"href":"https:\/\/www.oaxaca.gob.mx\/honestidad\/wp-json\/wp\/v2\/media?parent=351"}],"wp:term":[{"taxonomy":"category","embeddable":true,"href":"https:\/\/www.oaxaca.gob.mx\/honestidad\/wp-json\/wp\/v2\/categories?post=351"},{"taxonomy":"post_tag","embeddable":true,"href":"https:\/\/www.oaxaca.gob.mx\/honestidad\/wp-json\/wp\/v2\/tags?post=351"}],"curies":[{"name":"wp","href":"https:\/\/api.w.org\/{rel}","templated":true}]}}