{"id":343,"date":"2016-02-22T13:28:28","date_gmt":"2016-02-22T19:28:28","guid":{"rendered":"https:\/\/www.oaxaca.gob.mx\/sctg\/?page_id=343"},"modified":"2026-01-14T11:45:51","modified_gmt":"2026-01-14T17:45:51","slug":"atencion-a-quejas-denuncias-y-peticiones-ciudadanas","status":"publish","type":"page","link":"https:\/\/www.oaxaca.gob.mx\/honestidad\/atencion-a-quejas-denuncias-y-peticiones-ciudadanas\/","title":{"rendered":"Atenci\u00f3n a quejas, denuncias y peticiones ciudadanas"},"content":{"rendered":"<p><span style=\"color: #993300\"><strong>DESCRIPCI\u00d3N DEL TR\u00c1MITE<\/strong><\/span><\/p>\n<p style=\"text-align: justify\">Atender, canalizar y orientar las denuncias, quejas y peticiones de la ciudadan\u00eda referentes al ejercicio de los servidores p\u00fablicos de la entidad federativa.<\/p>\n<p><span style=\"color: #993300\"><strong><br \/>\nTIPO DE USUARIO<\/strong><\/span><\/p>\n<p>Ciudadan\u00eda en general<\/p>\n<p>&nbsp;<\/p>\n<p><span style=\"color: #993300\"><strong>REQUISITOS<\/strong><\/span><\/p>\n<p>Al presentar tu denuncia, queja o petici\u00f3n deber\u00e1s proporcionar los siguientes datos:<\/p>\n<p><strong>1.-<\/strong> <strong>Datos del promovente (denunciante o quejoso):<\/strong><\/p>\n<ol>\n<li>Nombre completo<\/li>\n<li>Domicilio correcto para o\u00edr y recibir todo tipo de notificaciones<\/li>\n<li>Tel\u00e9fono de contacto<\/li>\n<li>Correo electr\u00f3nico.<\/li>\n<\/ol>\n<p><strong>2.-<\/strong> <strong>Datos del servidor p\u00fablico que cometi\u00f3 la presunta irregularidad:<\/strong><\/p>\n<ol>\n<li>Nombre y cargo completo<\/li>\n<li>Nombre de la dependencia o entidad de Gobierno a la que pertenece.<\/li>\n<li>Datos del municipio o regi\u00f3n en donde se cometi\u00f3 la presunta irregularidad.<\/li>\n<li>Fecha de los hechos ocurridos.<\/li>\n<li>Narraci\u00f3n de los hechos, realizar la mayor descripci\u00f3n posible de los mismos.<\/li>\n<li>Constancias o documentos que pudieran corroborar su dicho.<\/li>\n<\/ol>\n<p style=\"background: white;margin: 0cm 0cm 7.5pt;text-align: justify\">Estos datos ayudar\u00e1n a agilizar el tr\u00e1mite de tu denuncia, queja o petici\u00f3n.<\/p>\n<p>&nbsp;<\/p>\n<p style=\"background: white;margin: 0cm 0cm 7.5pt;text-align: justify\"><span style=\"color: #993300\"><strong>TIEMPO DE RESPUESTA<\/strong><\/span><\/p>\n<p style=\"text-align: justify\">Variable<\/p>\n<p style=\"text-align: justify\"><span style=\"color: #993300\"><strong><br \/>\nCOSTO<\/strong><\/span><\/p>\n<p style=\"text-align: justify\">Gratuito<\/p>\n<p style=\"text-align: justify\"><span style=\"color: #993300\"><strong><br \/>\nDOCUMENTO O COMPROBANTE A OBTENER<\/strong><\/span><\/p>\n<p style=\"text-align: justify\">\u00a0En caso de presentar tu queja, denuncia o petici\u00f3n de manera escrita, se te otorgar\u00e1 el acuse del oficio presentado o documento presentado.<\/p>\n<p style=\"text-align: justify\"><span style=\"color: #993300\"><strong><br \/>\nD\u00cdAS Y HORARIO DE ATENCI\u00d3N<\/strong><\/span><\/p>\n<p>\u00a0Podr\u00e1s presentar tu tr\u00e1mite de lunes a viernes, en un horario de 9:00 a 15:00 hrs.<\/p>\n<p style=\"text-align: justify\"><span style=\"color: #993300\"><strong><br \/>\nEN DONDE LLEVO A CABO MI TR\u00c1MITE<\/strong><\/span><\/p>\n<p>Podr\u00e1s presentar tu denuncia, queja o petici\u00f3n a trav\u00e9s de escrito presentado ante la oficial\u00eda de partes de la Secretar\u00eda de Honestidad, Transparencia y Funci\u00f3n P\u00fablica, ubicada en Carretera Internacional Oaxaca-Istmo km. 11.5, Tlalixtac de Cabrera, Oaxaca, Ciudad Administrativa Edificio 2, Planta Baja; o de manera personal, es decir por comparecencia directa, ante las oficinas de la Direcci\u00f3n de Quejas, Denuncias e Investigaci\u00f3n, ubicadas en Carretera Internacional Oaxaca-Istmo km. 11.5, Tlalixtac de Cabrera, Oaxaca, Ciudad Administrativa Edificio 3, Nivel 3.<\/p>\n<p>De igual forma podr\u00e1s enviar tu queja, denuncia, petici\u00f3n o sugerencia a trav\u00e9s del correo electr\u00f3nico institucional dirigido a la direcci\u00f3n electr\u00f3nica:\u00a0<a href=\"mailto:quejas.honestidad@oaxaca.gob.mx\">quejas.honestidad@oaxaca.gob.mx<\/a>; o a trav\u00e9s de formulario de registro , mismo que podr\u00e1s consultar a trav\u00e9s de c\u00f3digo QR.<\/p>\n<p><img loading=\"lazy\" decoding=\"async\" class=\"alignnone size-full wp-image-7313\" src=\"https:\/\/www.oaxaca.gob.mx\/honestidad\/wp-content\/uploads\/sites\/40\/2023\/03\/DQDIQR.jpeg\" alt=\"\" width=\"300\" height=\"300\" srcset=\"https:\/\/www.oaxaca.gob.mx\/honestidad\/wp-content\/uploads\/sites\/40\/2023\/03\/DQDIQR.jpeg 300w, https:\/\/www.oaxaca.gob.mx\/honestidad\/wp-content\/uploads\/sites\/40\/2023\/03\/DQDIQR-150x150.jpeg 150w\" sizes=\"auto, (max-width: 300px) 100vw, 300px\" \/><div class=\"su-button-center\"><a href=\"https:\/\/www.oaxaca.gob.mx\/honestidad\/formato-de-queja-y-o-denuncia\/\" class=\"su-button su-button-style-default\" style=\"color:#FFFFFF;background-color:#1F934C;border-color:#19763d;border-radius:12px\" target=\"_blank\" rel=\"noopener noreferrer\"><span style=\"color:#FFFFFF;padding:9px 30px;font-size:22px;line-height:33px;border-color:#63b482;border-radius:12px;text-shadow:none\"><i class=\"sui sui-qrcode\" style=\"font-size:22px;color:#000000\"><\/i> Formato de queja y\/o denuncia<\/span><\/a><\/div>\n<p>&nbsp;<\/p>\n<p style=\"text-align: justify\"><span style=\"color: #993300\"><strong>\u00c1REA DONDE SE PROPORCIONA EL TR\u00c1MITE<\/strong><\/span><\/p>\n<p style=\"text-align: justify\">\u00a0Direcci\u00f3n de Quejas, Denuncias e Investigaci\u00f3n<\/p>\n<p>&nbsp;<\/p>\n<p style=\"text-align: justify\"><span style=\"color: #993300\"><strong>NOMBRE DEL RESPONSABLE DEL \u00c1REA DONDE SE PROPORCIONA EL TR\u00c1MITE<\/strong><\/span><\/p>\n<p>Lic. V\u00edctor Emmanuel Rodr\u00edguez Ben\u00edtez<\/p>\n<p>Director de Quejas, Denuncias e Investigaci\u00f3n<\/p>\n<p style=\"text-align: justify\"><span style=\"color: #993300\"><strong>\u00a0<\/strong><\/span><\/p>\n<p style=\"text-align: justify\"><span style=\"color: #993300\"><strong>NOMBRE Y PUESTO DEL RESPONSABLE DEL TR\u00c1MITE<\/strong><\/span><\/p>\n<p>Lic. Griselda Benito Castro<br \/>\nJefa de Departamento de Investigaci\u00f3n, Quejas y Denuncias \u201cA\u201d.<\/p>\n<p>Lic. Carolina Garrido Ru\u00edz<br \/>\nJefa de Departamento de Investigaci\u00f3n, Quejas y Denuncias \u201cB\u201d.<\/p>\n<p>Lic. Amaury Avenda\u00f1o Avenda\u00f1o<br \/>\nJefe de Departamento de Investigaci\u00f3n, Quejas y Denuncias \u201cC\u201d.<\/p>\n<p style=\"text-align: justify\"><strong style=\"color: #993300\">\u00a0<\/strong><\/p>\n<p style=\"text-align: justify\"><strong style=\"color: #993300\">DUDAS Y SUGERENCIAS<\/strong><\/p>\n<p>Podr\u00e1s comunicarte v\u00eda telef\u00f3nica al \u00a001 (951) 501 5000 extensi\u00f3n 10479 o a trav\u00e9s del 01800 HONESTO<\/p>\n<p>O bien, a trav\u00e9s de correo electr\u00f3nico dirigido a la direcci\u00f3n:\u00a0<a href=\"mailto:quejas.honestidad@oaxaca.gob.mx\"><strong>quejas.honestidad@oaxaca.gob.mx<\/strong><\/a><\/p>\n<p>&nbsp;<\/p>\n<p style=\"text-align: justify\"><span style=\"color: #993300\"><strong>FUNDAMENTOS JUR\u00cdDICOS QUE RIGEN ESTE TR\u00c1MITE<\/strong><\/span><\/p>\n<ul>\n<li style=\"list-style-type: none\">\n<ul>\n<li>Constituci\u00f3n Pol\u00edtica de los Estados Unidos Mexicanos.<\/li>\n<li>Constituci\u00f3n Pol\u00edtica del Estado Libre y Soberano de Oaxaca.<\/li>\n<li>Ley de Procedimiento y Justicia Administrativa para el Estado de Oaxaca (Aplicaci\u00f3n Supletoria)<\/li>\n<li>C\u00f3digo de Procedimientos Civiles del Estado de Oaxaca. (Aplicaci\u00f3n Supletoria).<\/li>\n<li>Ley Org\u00e1nica del Poder Ejecutivo del Estado de Oaxaca, (vigente a partir del uno de diciembre de dos mil diez, \u00faltima reforma publicada en el Peri\u00f3dico Oficial del Estado de Oaxaca el treinta y uno de enero de dos mil veinticuatro).<\/li>\n<li>Ley de Responsabilidades de los Servidores P\u00fablicos del Estado y Municipios de Oaxaca, vigente hasta el dos de octubre de dos mil diecisiete.<\/li>\n<li>Ley de Responsabilidades Administrativas del Estado y Municipios de Oaxaca, (vigente a partir del cuatro de octubre de dos mil diecisiete, \u00faltima reforma publicada en el Peri\u00f3dico Oficial del Estado de Oaxaca el ocho de marzo de dos mil veinticuatro).<\/li>\n<li>Ley General de Responsabilidades Administrativas (vigente a partir del diecinueve de julio de dos mil diecisiete, \u00faltima reforma publicada en el Diario Oficial de la Federaci\u00f3n el veintisiete de diciembre de dos mil veintid\u00f3s).<\/li>\n<li>Reglamento Interno de la Secretar\u00eda de Honestidad, Transparencia y Funci\u00f3n P\u00fablica publicado en el Extra del Peri\u00f3dico oficial del Gobierno del Estado de Oaxaca el diecisiete de mayo de dos mil veinticuatro y vigente a partir del veinte de mayo de dos mil veinticuatro.<\/li>\n<\/ul>\n<\/li>\n<\/ul>\n","protected":false},"excerpt":{"rendered":"<p>DESCRIPCI\u00d3N DEL TR\u00c1MITE Atender, canalizar y orientar las denuncias, quejas y peticiones de la ciudadan\u00eda referentes al ejercicio de los servidores p\u00fablicos de la entidad federativa. TIPO DE USUARIO Ciudadan\u00eda en general &nbsp; REQUISITOS Al presentar tu denuncia, queja o petici\u00f3n deber\u00e1s proporcionar los siguientes datos: 1.- Datos del promovente (denunciante o quejoso): Nombre completo [&hellip;]<\/p>\n","protected":false},"author":1,"featured_media":0,"parent":0,"menu_order":0,"comment_status":"closed","ping_status":"closed","template":"","meta":{"episode_type":"","audio_file":"","podmotor_file_id":"","podmotor_episode_id":"","cover_image":"","cover_image_id":"","duration":"","filesize":"","filesize_raw":"","date_recorded":"","explicit":"","block":"","itunes_episode_number":"","itunes_title":"","itunes_season_number":"","itunes_episode_type":"","footnotes":""},"categories":[],"tags":[],"class_list":["post-343","page","type-page","status-publish","hentry"],"acf":[],"publishpress_future_action":{"enabled":false,"date":"2026-05-20 10:17:33","action":"change-status","newStatus":"draft","terms":[],"taxonomy":"category","extraData":[]},"publishpress_future_workflow_manual_trigger":{"enabledWorkflows":[]},"_links":{"self":[{"href":"https:\/\/www.oaxaca.gob.mx\/honestidad\/wp-json\/wp\/v2\/pages\/343","targetHints":{"allow":["GET"]}}],"collection":[{"href":"https:\/\/www.oaxaca.gob.mx\/honestidad\/wp-json\/wp\/v2\/pages"}],"about":[{"href":"https:\/\/www.oaxaca.gob.mx\/honestidad\/wp-json\/wp\/v2\/types\/page"}],"author":[{"embeddable":true,"href":"https:\/\/www.oaxaca.gob.mx\/honestidad\/wp-json\/wp\/v2\/users\/1"}],"replies":[{"embeddable":true,"href":"https:\/\/www.oaxaca.gob.mx\/honestidad\/wp-json\/wp\/v2\/comments?post=343"}],"version-history":[{"count":2,"href":"https:\/\/www.oaxaca.gob.mx\/honestidad\/wp-json\/wp\/v2\/pages\/343\/revisions"}],"predecessor-version":[{"id":9253,"href":"https:\/\/www.oaxaca.gob.mx\/honestidad\/wp-json\/wp\/v2\/pages\/343\/revisions\/9253"}],"wp:attachment":[{"href":"https:\/\/www.oaxaca.gob.mx\/honestidad\/wp-json\/wp\/v2\/media?parent=343"}],"wp:term":[{"taxonomy":"category","embeddable":true,"href":"https:\/\/www.oaxaca.gob.mx\/honestidad\/wp-json\/wp\/v2\/categories?post=343"},{"taxonomy":"post_tag","embeddable":true,"href":"https:\/\/www.oaxaca.gob.mx\/honestidad\/wp-json\/wp\/v2\/tags?post=343"}],"curies":[{"name":"wp","href":"https:\/\/api.w.org\/{rel}","templated":true}]}}