{"id":337,"date":"2016-02-22T10:03:25","date_gmt":"2016-02-22T16:03:25","guid":{"rendered":"https:\/\/www.oaxaca.gob.mx\/sctg\/?page_id=337"},"modified":"2026-02-12T13:19:25","modified_gmt":"2026-02-12T19:19:25","slug":"declaracion-de-situacion-patrimonial","status":"publish","type":"page","link":"https:\/\/www.oaxaca.gob.mx\/honestidad\/declaracion-de-situacion-patrimonial\/","title":{"rendered":"Declaraci\u00f3n de Situaci\u00f3n Patrimonial y de Intereses."},"content":{"rendered":"<p style=\"text-align: justify\"><span style=\"color: #874626\"><strong>DESCRIPCI\u00d3N DEL TR\u00c1MITE<\/strong><\/span><\/p>\n<p>Presentaci\u00f3n de Declaraciones de Patrimoniales y de Intereses a trav\u00e9s de internet.<\/p>\n<p>En las modalidades siguientes:<\/p>\n<p>&nbsp;<\/p>\n<p style=\"text-align: justify\"><span style=\"color: #874626\"><strong>INICIAL<\/strong><\/span><\/p>\n<p>Dentro de los 60 d\u00edas naturales siguientes a la fecha de toma de posesi\u00f3n con motivo del:<\/p>\n<p>a) Ingreso al servicio p\u00fablico por primera vez, y<\/p>\n<p>b) Reingreso al servicio p\u00fablico despu\u00e9s de los 60 d\u00edas naturales de la conclusi\u00f3n de su \u00faltimo encargo.<\/p>\n<p style=\"text-align: justify\"><span style=\"color: #874626\"><strong><br \/>\nDE MODIFICACI\u00d3N (Anual)<\/strong><\/span><\/p>\n<p>Durante el mes de mayo de cada a\u00f1o (respecto de la informaci\u00f3n patrimonial por el ejercicio inmediato anterior).<\/p>\n<p style=\"text-align: justify\"><span style=\"color: #874626\"><b><br \/>\nCONCLUSI\u00d3N<br \/>\n<\/b><\/span><\/p>\n<p>Dentro de los 60 d\u00edas naturales siguientes a la fecha de conclusi\u00f3n.<\/p>\n<p>&nbsp;<\/p>\n<p style=\"text-align: justify\"><span style=\"color: #874626\"><strong>TIPO DE USUARIO<\/strong><\/span><\/p>\n<p style=\"text-align: justify\">Todas las Personas Servidoras P\u00fablicas adscritas a Dependencias, Entidades y \u00d3rganos Auxiliares del Poder Ejecutivo de la Administraci\u00f3n P\u00fablica Estatal.<\/p>\n<p>&nbsp;<\/p>\n<p style=\"text-align: justify\"><span style=\"color: #874626\"><strong>REQUISITOS<\/strong><\/span><\/p>\n<p style=\"text-align: justify\">A. Usuarios de primera vez: deber\u00e1n registrarse en el Sistema \u201cE-Oaxaca Declara\u201d con su CURP y correo electr\u00f3nico personal, a trav\u00e9s del link: <a href=\"https:\/\/dp-contraloria.oaxaca.gob.mx\/e-declaraoaxaca\/public\/#uno-dos\" target=\"_blank\" rel=\"noopener\">https:\/\/dp-contraloria.oaxaca.gob.mx\/e-declaraoaxaca\/public\/#uno-dos<\/a><\/p>\n<p style=\"text-align: justify\">B. Usuarios que anteriormente han sido sujetos obligados: deber\u00e1n reactivar su registro en el Sistema \u201cE-Oaxaca Declara\u201d recuperando usuario y contrase\u00f1a, a trav\u00e9s del link: <a href=\"https:\/\/dp-contraloria.oaxaca.gob.mx\/e-declaraoaxaca\/public\/recuperar.php\" target=\"_blank\" rel=\"noopener\">https:\/\/dp-contraloria.oaxaca.gob.mx\/e-declaraoaxaca\/public\/recuperar.php<\/a><\/p>\n<p style=\"text-align: justify\">C. Usuarios con historial: deber\u00e1n ingresar al Sistema \u201cE-Oaxaca Declara\u201d con su CURP y clave de acceso, a trav\u00e9s del link: <a href=\"https:\/\/dp-contraloria.oaxaca.gob.mx\/e-declaraoaxaca\/public\/\" target=\"_blank\" rel=\"noopener\">https:\/\/dp-contraloria.oaxaca.gob.mx\/e-declaraoaxaca\/public\/<\/a><strong><br \/>\n<\/strong><\/p>\n<p>&nbsp;<\/p>\n<p style=\"text-align: justify\"><span style=\"color: #874626\"><strong>TIEMPO DE RESPUESTA<\/strong><\/span><\/p>\n<p>30 minutos<\/p>\n<p>&nbsp;<\/p>\n<p style=\"text-align: justify\"><span style=\"color: #874626\"><strong>COSTO<\/strong><\/span><\/p>\n<p>Gratuito<\/p>\n<p>&nbsp;<\/p>\n<p style=\"text-align: justify\"><span style=\"color: #874626\"><strong>DOCUMENTO O COMPROBANTE A OBTENER<\/strong><\/span><\/p>\n<p>Acuse de Recibo<\/p>\n<p>&nbsp;<\/p>\n<p style=\"text-align: justify\"><span style=\"color: #874626\"><strong>DIAS Y HORARIOS DE ATENCI\u00d3N<\/strong><\/span><\/p>\n<p>Sistema disponible las 24 horas del d\u00eda los 365 d\u00edas del a\u00f1o desde cualquier equipo de c\u00f3mputo con conectividad a internet que cuente con navegador Google Chrome actualizado, ingresando a la p\u00e1gina\u00a0<a href=\"https:\/\/dp-contraloria.oaxaca.gob.mx\/e-declaraoaxaca\/public\/\"><strong>https:\/\/dp-contraloria.oaxaca.gob.mx\/e-declaraoaxaca\/public\/<\/strong><\/a><\/p>\n<p>&nbsp;<\/p>\n<p style=\"text-align: justify\"><span style=\"color: #874626\"><strong>\u00c1REA DONDE SE PROPORCIONA EL TR\u00c1MITE<\/strong><\/span><\/p>\n<p>Departamento de Registro de Sanciones, Patrimonial y de Conflicto de Inter\u00e9s<\/p>\n<p>&nbsp;<\/p>\n<p style=\"text-align: justify\"><span style=\"color: #874626\"><strong>NOMBRE Y PUESTO DEL RESPONSABLE DEL \u00c1REA<\/strong><\/span><\/p>\n<p>Mtra. Yanis Santiago Rodr\u00edguez<\/p>\n<p>Directora de Responsabilidades Administrativas y Situaci\u00f3n Patrimonial<\/p>\n<p>&nbsp;<\/p>\n<p style=\"text-align: justify\"><span style=\"color: #874626\"><strong>NOMBRE Y PUESTO DEL RESPONSABLE<\/strong><\/span><\/p>\n<p>Lic. Aren\u00ed Antonio Soto<\/p>\n<p>Jefa de Departamento de Registro de Sanciones, Patrimonial y de Conflicto de Inter\u00e9s<\/p>\n<p>email:\u00a0<a href=\"mailto:mesadeayudapatrimonial@gmail.com\">mesadeayudapatrimonial@gmail.com<\/a>\u00a0y\/o\u00a0<a href=\"mailto:asituacionpatrimonial@gmail.com\">asituacionpatrimonial@gmail.com<\/a><\/p>\n<p>&nbsp;<\/p>\n<p style=\"text-align: justify\"><span style=\"color: #874626\"><strong>MESA DE AYUDA TELEF\u00d3NICA:<\/strong><\/span><\/p>\n<p>Comunicarse al tel\u00e9fono 951 50 15000 extensiones 10189, 11814 y 10197, de lunes a viernes en d\u00edas h\u00e1biles de 9:00 a 16:00 horas.<\/p>\n<p>&nbsp;<\/p>\n<p class=\"normal\"><span style=\"color: #874626\"><strong>FUNDAMENTOS JUR\u00cdDICOS QUE RIGEN ESTE TR\u00c1MITE<\/strong><\/span><\/p>\n<p>De conformidad con el T\u00edtulo Cuarto, Cap\u00edtulo \u00danico de la Ley General del Sistema Nacional Anticorrupci\u00f3n, Cap\u00edtulo Tercero del T\u00edtulo Segundo de la Ley General del Responsabilidades Administrativas y el Acuerdo por el que el Comit\u00e9 Coordinador del Sistema Nacional Anticorrupci\u00f3n da a conocer la obligaci\u00f3n de presentar declaraciones de situaci\u00f3n patrimonial y de intereses conforme a los art\u00edculos 32 y 33 de la Ley General de Responsabilidades Administrativas, Acuerdo por el que se modifican los Anexos Primero y Segundo del Acuerdo por el que el Comit\u00e9 Coordinador del Sistema Nacional Anticorrupci\u00f3n emite el formato de declaraciones de situaci\u00f3n patrimonial y de intereses y expide las normas e instructivo para su llenado y presentaci\u00f3n.<\/p>\n<p>As\u00ed como, los art\u00edculos 108 p\u00e1rrafos cuarto y quinto de la Constituci\u00f3n Pol\u00edtica de los Estados Unidos Mexicanos; 3 fracci\u00f3n XXV, 32, 33 y 46 de la Ley General de Responsabilidades Administrativas; 115 \u00faltimo p\u00e1rrafo de la Constituci\u00f3n Pol\u00edtica del Estado Libre y Soberano de Oaxaca; 1, 2, 3 fracciones VI, IX, XI, XXIV, XXV, XXVI, XXVII, XXVIII y XXIX, 30, 31 y 32 de la Ley de Responsabilidades Administrativas del Estado y Municipios de Oaxaca; 1, 2, 3 fracci\u00f3n I, 27 fracci\u00f3n XIV, 29 p\u00e1rrafo primero, 47 fracciones XIV, XVI, XXIV y XXXIV de la Ley Org\u00e1nica del Poder Ejecutivo del Estado; 1, 3, 12, 61 y 67 de la Ley de Transparencia Acceso a la Informaci\u00f3n P\u00fablica y Buen Gobierno del Estado de Oaxaca; 1, 2, 5 sub\u00edndice 1.3, numerales 1.3.2, 1.3.2.5 y 66 fracciones XXVII, XXVIII, XXXI y XXXIX y 70 fracciones I, II y IV del Reglamento Interno de la Secretar\u00eda de Honestidad, Transparencia y Funci\u00f3n P\u00fablica del Poder Ejecutivo del Estado de Oaxaca, publicado en el Extra del Peri\u00f3dico Oficial del Gobierno del Estado de Oaxaca el diecisiete de mayo de dos mil veinticuatro, con su reforma publicada en el Peri\u00f3dico Oficial del Gobierno del Estado de Oaxaca el veintis\u00e9is de marzo de dos mil veinticinco.<\/p>\n","protected":false},"excerpt":{"rendered":"<p>DESCRIPCI\u00d3N DEL TR\u00c1MITE Presentaci\u00f3n de Declaraciones de Patrimoniales y de Intereses a trav\u00e9s de internet. En las modalidades siguientes: &nbsp; INICIAL Dentro de los 60 d\u00edas naturales siguientes a la fecha de toma de posesi\u00f3n con motivo del: a) Ingreso al servicio p\u00fablico por primera vez, y b) Reingreso al servicio p\u00fablico despu\u00e9s de los [&hellip;]<\/p>\n","protected":false},"author":1,"featured_media":0,"parent":0,"menu_order":0,"comment_status":"closed","ping_status":"closed","template":"","meta":{"episode_type":"","audio_file":"","podmotor_file_id":"","podmotor_episode_id":"","cover_image":"","cover_image_id":"","duration":"","filesize":"","filesize_raw":"","date_recorded":"","explicit":"","block":"","itunes_episode_number":"","itunes_title":"","itunes_season_number":"","itunes_episode_type":"","footnotes":""},"categories":[],"tags":[],"class_list":["post-337","page","type-page","status-publish","hentry"],"acf":[],"publishpress_future_action":{"enabled":false,"date":"2026-05-10 10:37:05","action":"change-status","newStatus":"draft","terms":[],"taxonomy":"category","extraData":[]},"publishpress_future_workflow_manual_trigger":{"enabledWorkflows":[]},"_links":{"self":[{"href":"https:\/\/www.oaxaca.gob.mx\/honestidad\/wp-json\/wp\/v2\/pages\/337","targetHints":{"allow":["GET"]}}],"collection":[{"href":"https:\/\/www.oaxaca.gob.mx\/honestidad\/wp-json\/wp\/v2\/pages"}],"about":[{"href":"https:\/\/www.oaxaca.gob.mx\/honestidad\/wp-json\/wp\/v2\/types\/page"}],"author":[{"embeddable":true,"href":"https:\/\/www.oaxaca.gob.mx\/honestidad\/wp-json\/wp\/v2\/users\/1"}],"replies":[{"embeddable":true,"href":"https:\/\/www.oaxaca.gob.mx\/honestidad\/wp-json\/wp\/v2\/comments?post=337"}],"version-history":[{"count":2,"href":"https:\/\/www.oaxaca.gob.mx\/honestidad\/wp-json\/wp\/v2\/pages\/337\/revisions"}],"predecessor-version":[{"id":9317,"href":"https:\/\/www.oaxaca.gob.mx\/honestidad\/wp-json\/wp\/v2\/pages\/337\/revisions\/9317"}],"wp:attachment":[{"href":"https:\/\/www.oaxaca.gob.mx\/honestidad\/wp-json\/wp\/v2\/media?parent=337"}],"wp:term":[{"taxonomy":"category","embeddable":true,"href":"https:\/\/www.oaxaca.gob.mx\/honestidad\/wp-json\/wp\/v2\/categories?post=337"},{"taxonomy":"post_tag","embeddable":true,"href":"https:\/\/www.oaxaca.gob.mx\/honestidad\/wp-json\/wp\/v2\/tags?post=337"}],"curies":[{"name":"wp","href":"https:\/\/api.w.org\/{rel}","templated":true}]}}