{"id":2306,"date":"2018-07-13T11:40:29","date_gmt":"2018-07-13T17:40:29","guid":{"rendered":"https:\/\/www.oaxaca.gob.mx\/sctg\/?page_id=2306"},"modified":"2025-10-28T10:47:55","modified_gmt":"2025-10-28T16:47:55","slug":"tramites-sobre-bitacora-electronica-y-seguimiento-a-obra-publica-besop","status":"publish","type":"page","link":"https:\/\/www.oaxaca.gob.mx\/honestidad\/tramites-sobre-bitacora-electronica-y-seguimiento-a-obra-publica-besop\/","title":{"rendered":"Tr\u00e1mites sobre Bit\u00e1cora Electr\u00f3nica y Seguimiento a Obra P\u00fablica (BESOP)"},"content":{"rendered":"<p><strong><span style=\"color: #993300\">DESCRIPCI\u00d3N DEL TR\u00c1MITE<\/span><\/strong><\/p>\n<p>Se atender\u00e1n las solicitudes referentes al Uso del Sistema de Bit\u00e1cora Electr\u00f3nica y Seguimiento a Obra P\u00fablica (BESOP), correspondientes a los siguientes tr\u00e1mites:<\/p>\n<ul>\n<li>\u00a0<strong>Registro de Usuario,<\/strong> (Cuando no hay registro del Administrador Local Estatal en el sistema BESOP).<\/li>\n<li><strong>Cambio de Usuario,<\/strong> (Cuando ya cuenta con el registro del Administrador Local Estatal en el sistema BESOP y por motivo de cambio de administraci\u00f3n, requiere actualizar usuario).<\/li>\n<\/ul>\n<p>El tr\u00e1mite es atendido a trav\u00e9s del Administrador del Ente P\u00fablico Estatal, quien es el encargado de habilitar, administrar y controlar los accesos de los Administradores Locales Estatales de la BESOP (de las Dependencias, Entidades, Municipios o personal en esta entidad federativa) y entregar las claves de usuario y contrase\u00f1a; lo anterior, con previa solicitud suscrito por el Titular.<\/p>\n<p>Toda solicitud ser\u00e1 dirigida a la Titular de esta Secretar\u00eda de Honestidad, Transparencia y Funci\u00f3n P\u00fablica; L.C.P. Leticia Elsa Reyes L\u00f3pez, en la cual se deber\u00e1 indicar el Tipo de Tr\u00e1mite a realizar, proporcionando un correo electr\u00f3nico y un n\u00famero telef\u00f3nico.<\/p>\n<p>Preferentemente se sugiere acudir personalmente a esta Secretar\u00eda y dirigirse a la Direcci\u00f3n de Auditoria \u201cC\u201d con la solicitud para brindarle pronta atenci\u00f3n.<\/p>\n<p><strong><span style=\"color: #993300\">TIPO DE USUARIO<\/span><\/strong><\/p>\n<p>Servidor P\u00fablico designado por el Titular del Ente Ejecutor quien fungir\u00e1 con el cargo de Administrador Local Estatal y quien ser\u00e1 el responsable de administrar los contratos y los accesos del Residente, Supervisor y Superintendente.<\/p>\n<p><span style=\"color: #993300\"><strong>REQUISITOS<\/strong><\/span><\/p>\n<p><span style=\"font-weight: 400\">Cuando no hay registro del Municipio, Dependencia o Entidad en el sistema BESOP, deber\u00e1 realizar el tr\u00e1mite de Registro de Unidad Ejecutora ante la <\/span><b>Secretar\u00eda Anticorrupci\u00f3n y buen Gobierno, antes Secretar\u00eda de la Funci\u00f3n P\u00fablica,<\/b><span style=\"font-weight: 400\">\u00a0los formatos son:\u00a0<\/span><b>Oficio de solicitud y c\u00e9dula de Registro de Unidad Ejecutora<\/b><\/p>\n<p><span style=\"font-weight: 400\">Una vez que se cuente con el registro previo de unidad ejecutora en \u00e9l sistema BESOP, se podr\u00e1 realizar el tr\u00e1mite de\u00a0<\/span><b>Registro de usuario y Cambio de Usuario\u00a0<\/b><span style=\"font-weight: 400\">presentando ante esta Secretar\u00eda, copia del RFC, CURP, credencial de acreditaci\u00f3n del servidor p\u00fablico propuesto y los siguientes formatos:\u00a0<\/span><b><i>Oficio de Solicitud de claves y Ficha de Registro del Administrador Local<\/i><\/b><\/p>\n<p><strong><u>Oficio de solicitud y c\u00e9dula de Registro de Unidad Ejecutora<\/u><\/strong><\/p>\n<p><a href=\"https:\/\/docs.google.com\/document\/d\/1mN9Kyo04ubXGg7X_wLnKO0T1FB4R84fd\/edit?usp=share_link&amp;ouid=116802698891108084762&amp;rtpof=true&amp;sd=true\" target=\"_blank\" rel=\"noopener\">https:\/\/docs.google.com\/document\/d\/1mN9Kyo04ubXGg7X_wLnKO0T1FB4R84fd\/edit?usp=share_link&amp;ouid=116802698891108084762&amp;rtpof=true&amp;sd=true<\/a><\/p>\n<p><strong><em><u>Oficio de Solicitud de claves y Ficha de Registro del Administrador Local<\/u><\/em><\/strong><\/p>\n<p><a href=\"https:\/\/drive.google.com\/file\/d\/1rcZa5NF92yVLtx5N6MnlOewF97sQeizK\/view\" target=\"_blank\" rel=\"noopener\">https:\/\/drive.google.com\/file\/d\/1rcZa5NF92yVLtx5N6MnlOewF97sQeizK\/view<\/a><\/p>\n<p><span style=\"color: #993300\"><strong>TIEMPO DE RESPUESTA<\/strong><\/span><\/p>\n<p><span style=\"font-weight: 400\">Para el Tr\u00e1mite de \u201c<\/span><b>Registro de Unidad Ejecutora<\/b><span style=\"font-weight: 400\">\u201d, el tiempo de respuesta depender\u00e1 de la recepci\u00f3n de la solicitud ante la <\/span><b>Secretar\u00eda Anticorrupci\u00f3n y buen Gobierno<\/b><span style=\"font-weight: 400\">. Deber\u00e1 enviar los formatos descargados del enlace anterior debidamente firmados, utilizando paqueter\u00eda de su preferencia a la siguiente direcci\u00f3n: Insurgentes Sur 1735, Colonia Guadalupe Inn, Alcald\u00eda \u00c1lvaro Obreg\u00f3n, Ciudad de M\u00e9xico, C.P. 01020.<\/span><\/p>\n<p><span style=\"font-weight: 400\">Para los Tr\u00e1mites de \u201c<\/span><b>Registro y<\/b><span style=\"font-weight: 400\">\u00a0<\/span><b>Cambio de Usuario<\/b><span style=\"font-weight: 400\">\u201d, se atender\u00e1n de 1 a 3 d\u00edas h\u00e1biles a partir de su recepci\u00f3n.<\/span><\/p>\n<p><span style=\"color: #993300\"><strong>COSTO<\/strong><\/span><\/p>\n<p>Gratuito.<\/p>\n<p><strong><span style=\"color: #993300\">DOCUMENTO O COMPROBANTE A OBTENER<\/span><\/strong><\/p>\n<p>Oficio de Notificaci\u00f3n de Claves que incluye en sobre cerrado las Claves de Usuario y Contrase\u00f1a para que pueda ingresar al sistema BESOP con el perfil de Administrador Local Estatal.<\/p>\n<p><strong><span style=\"color: #993300\">DIAS Y HORARIOS DE ATENCI\u00d3N<\/span><\/strong><\/p>\n<p><span style=\"font-weight: 400\">Se atender\u00e1n las solicitudes de lunes a viernes en un horario de 09:00 a 16:00 hrs.<\/span><\/p>\n<p><strong><span style=\"color: #993300\">EN DONDE LLEVAR A CABO MI TR\u00c1MITE<\/span><\/strong><\/p>\n<p>Secretar\u00eda de Honestidad, Transparencia y Funci\u00f3n P\u00fablica del Estado de Oaxaca.<\/p>\n<p>Ciudad Administrativa, Direcci\u00f3n de Auditor\u00eda \u201cC\u201d, Edificio 2 \u201cRufino Tamayo\u201d, Primer Nivel, Carretera Oaxaca-Istmo Km 11.5 Tlalixtac de Cabrera, Oaxaca C.P.68270.<\/p>\n<p><span style=\"color: #993300\"><strong>\u00c1REA DONDE SE PROPORCIONA EL TR\u00c1MITE<\/strong><\/span><\/p>\n<p>Direcci\u00f3n de Auditor\u00eda \u201cC\u201d, Departamento de Seguimiento a la Inversi\u00f3n P\u00fablica.<\/p>\n<p><strong><span style=\"color: #993300\">NOMBRE DEL RESPONSABLE<\/span><\/strong><\/p>\n<p>L.C.P. Mar\u00eda de los \u00c1ngeles Mart\u00ednez Luna, Directora de Auditor\u00eda \u201cC\u201d.<\/p>\n<p><strong><span style=\"color: #993300\">DUDAS Y SUGERENCIAS<\/span><\/strong><\/p>\n<p>Arq. Israel Valencia S\u00e1nchez, Administrador del Ente P\u00fablico Estatal.<\/p>\n<p>Comunicarse al Tel\u00e9fono 01 (951) 501 5000, Ext. 10494 o a trav\u00e9s del correo electr\u00f3nico:\u00a0<a href=\"mailto:israelvalencia@oaxaca.gob.mx\">israelvalencia@oaxaca.gob.mx<\/a><\/p>\n<p><strong><span style=\"color: #993300\">FUNDAMENTOS JUR\u00cdCOS QUE RIGEN ESTE TR\u00c1MITE<\/span><\/strong><\/p>\n<ul>\n<li style=\"list-style-type: none\">\n<ul>\n<li>Constituci\u00f3n Pol\u00edtica de los Estados Unidos Mexicanos.<\/li>\n<li>Ley de Obras P\u00fablicas y Servicios Relacionados con las Mismas.<\/li>\n<li>Reglamento de la Ley de Obras P\u00fablicas y Servicios Relacionados con las Mismas.<\/li>\n<li>Constituci\u00f3n Pol\u00edtica del Estado Libre y Soberano de Oaxaca.<\/li>\n<li>Ley Org\u00e1nica del Poder Ejecutivo del Estado de Oaxaca.<\/li>\n<li>Ley de Obras P\u00fablicas y Servicios relacionados del Estado de Oaxaca.<\/li>\n<li>Ley de Responsabilidades Administrativas del Estado y Municipios de Oaxaca.<\/li>\n<li>Decreto n\u00fam.731, mediante el cual se reforman, adicionan y derogan, diversas disposiciones de la Ley Org\u00e1nica del Poder Ejecutivo del Estado de Oaxaca, publicado en el peri\u00f3dico oficial del Estado de Oaxaca con fecha 30 de noviembre de 2022, que considera la actual denominaci\u00f3n jur\u00eddica de este \u00d3rgano Estatal de Control como Secretar\u00eda de Honestidad, Transparencia y Funci\u00f3n P\u00fablica.<\/li>\n<li>Reglamento Interno de la Secretar\u00eda de Honestidad Transparencia y Funci\u00f3n P\u00fablica, de fecha 17 de mayo de 2024 y su reforma de fecha 26 de marzo de 2025, publicado en el Peri\u00f3dico Oficial del Gobierno del Estado.<\/li>\n<li>Acuerdo por el que se establecen las disposiciones administrativas de car\u00e1cter general para el uso del Sistema de Bit\u00e1cora Electr\u00f3nica y Seguimiento a Obra P\u00fablica.<\/li>\n<li>Acuerdo de Coordinaci\u00f3n en materia de control interno, fiscalizaci\u00f3n, prevenci\u00f3n, detecci\u00f3n, disuasi\u00f3n de hechos de corrupci\u00f3n y mejora de la Gesti\u00f3n Gubernamental, que celebran la Secretar\u00eda de la Funci\u00f3n P\u00fablica y el Estado de Oaxaca.<\/li>\n<li>Acuerdo por el que se modifica el diverso por el que se establecen las Disposiciones Generales para la realizaci\u00f3n del Proceso de Fiscalizaci\u00f3n.<\/li>\n<li>Manual Administrativo de Aplicaci\u00f3n General en Materia de Obras P\u00fablicas y Servicios Relacionados con las Mismas.<\/li>\n<\/ul>\n<\/li>\n<\/ul>\n<p>&nbsp;<\/p>\n","protected":false},"excerpt":{"rendered":"<p>DESCRIPCI\u00d3N DEL TR\u00c1MITE Se atender\u00e1n las solicitudes referentes al Uso del Sistema de Bit\u00e1cora Electr\u00f3nica y Seguimiento a Obra P\u00fablica (BESOP), correspondientes a los siguientes tr\u00e1mites: \u00a0Registro de Usuario, (Cuando no hay registro del Administrador Local Estatal en el sistema BESOP). Cambio de Usuario, (Cuando ya cuenta con el registro del Administrador Local Estatal en [&hellip;]<\/p>\n","protected":false},"author":1,"featured_media":0,"parent":0,"menu_order":0,"comment_status":"closed","ping_status":"closed","template":"","meta":{"episode_type":"","audio_file":"","podmotor_file_id":"","podmotor_episode_id":"","cover_image":"","cover_image_id":"","duration":"","filesize":"","filesize_raw":"","date_recorded":"","explicit":"","block":"","itunes_episode_number":"","itunes_title":"","itunes_season_number":"","itunes_episode_type":"","footnotes":""},"categories":[],"tags":[],"class_list":["post-2306","page","type-page","status-publish","hentry"],"acf":[],"publishpress_future_action":{"enabled":false,"date":"2026-05-18 10:13:27","action":"change-status","newStatus":"draft","terms":[],"taxonomy":"category","extraData":[]},"publishpress_future_workflow_manual_trigger":{"enabledWorkflows":[]},"_links":{"self":[{"href":"https:\/\/www.oaxaca.gob.mx\/honestidad\/wp-json\/wp\/v2\/pages\/2306","targetHints":{"allow":["GET"]}}],"collection":[{"href":"https:\/\/www.oaxaca.gob.mx\/honestidad\/wp-json\/wp\/v2\/pages"}],"about":[{"href":"https:\/\/www.oaxaca.gob.mx\/honestidad\/wp-json\/wp\/v2\/types\/page"}],"author":[{"embeddable":true,"href":"https:\/\/www.oaxaca.gob.mx\/honestidad\/wp-json\/wp\/v2\/users\/1"}],"replies":[{"embeddable":true,"href":"https:\/\/www.oaxaca.gob.mx\/honestidad\/wp-json\/wp\/v2\/comments?post=2306"}],"version-history":[{"count":2,"href":"https:\/\/www.oaxaca.gob.mx\/honestidad\/wp-json\/wp\/v2\/pages\/2306\/revisions"}],"predecessor-version":[{"id":9218,"href":"https:\/\/www.oaxaca.gob.mx\/honestidad\/wp-json\/wp\/v2\/pages\/2306\/revisions\/9218"}],"wp:attachment":[{"href":"https:\/\/www.oaxaca.gob.mx\/honestidad\/wp-json\/wp\/v2\/media?parent=2306"}],"wp:term":[{"taxonomy":"category","embeddable":true,"href":"https:\/\/www.oaxaca.gob.mx\/honestidad\/wp-json\/wp\/v2\/categories?post=2306"},{"taxonomy":"post_tag","embeddable":true,"href":"https:\/\/www.oaxaca.gob.mx\/honestidad\/wp-json\/wp\/v2\/tags?post=2306"}],"curies":[{"name":"wp","href":"https:\/\/api.w.org\/{rel}","templated":true}]}}