{"id":2237,"date":"2018-07-03T10:55:41","date_gmt":"2018-07-03T16:55:41","guid":{"rendered":"https:\/\/www.oaxaca.gob.mx\/sctg\/?page_id=2237"},"modified":"2026-03-24T11:53:13","modified_gmt":"2026-03-24T17:53:13","slug":"organigrama-shtfp","status":"publish","type":"page","link":"https:\/\/www.oaxaca.gob.mx\/honestidad\/organigrama-shtfp\/","title":{"rendered":"Organigrama"},"content":{"rendered":"<p><a class=\"btn btn-morado\" role=\"button\" href=\"https:\/\/www.oaxaca.gob.mx\/honestidad\/wp-content\/uploads\/sites\/40\/2026\/03\/Estructura-Org.-febrero-2026_260312_144713-1.pdf\" target=\"_blank\" rel=\"noopener noreferrer\"><strong>Descargar PDF<\/strong><\/a><br \/>\n<a href=\"https:\/\/www.oaxaca.gob.mx\/honestidad\/wp-content\/uploads\/sites\/40\/2026\/03\/Estructura-Org.-febrero-2026_260312_144713-1.pdf\" class=\"pdfemb-viewer\" style=\"\" data-width=\"max\" data-height=\"max\" data-toolbar=\"top\" data-toolbar-fixed=\"on\">Estructura Org. febrero 2026_260312_144713 (1)<\/a>\n<div class=\"su-accordion su-u-trim\">\n<div class=\"su-spoiler su-spoiler-style-default su-spoiler-icon-plus su-spoiler-closed\" data-scroll-offset=\"0\" data-anchor-in-url=\"no\"><div class=\"su-spoiler-title\" tabindex=\"0\" role=\"button\"><span class=\"su-spoiler-icon\"><\/span>Oficina de la Secretaria<\/div><div class=\"su-spoiler-content su-u-clearfix su-u-trim\">\n<h5 class=\"mb-0\">Oficina de la Secretaria<\/h5>\n<div class=\"card-body\">\n<ul>\n<li>Secretaria Particular<\/li>\n<li>Asesor A<\/li>\n<li>Asesor B<\/li>\n<li>Unidad de Monitoreo y Seguimiento<\/li>\n<\/ul>\n<\/div>\n<h5 class=\"mb-0\">Direcci\u00f3n Administrativa<\/h5>\n<div class=\"card-body\">\n<ul>\n<li>Departamento de Control de Inversi\u00f3n de Programas Federales<\/li>\n<li>Departamento de Recursos Financieros<\/li>\n<li>Departamento de Recursos Humanos<\/li>\n<li>Departamento de Recursos Materiales y Servicios Generales<\/li>\n<\/ul>\n<\/div>\n<h5 class=\"mb-0\">Coordinaci\u00f3n de Gesti\u00f3n Digital<\/h5>\n<div class=\"card-body\">\n<ul>\n<li>Departamento de Soporte T\u00e9cnico y Estad\u00edstica<\/li>\n<li>Departamento de Gesti\u00f3n de la Informaci\u00f3n<\/li>\n<li>Departamento de Plataformas de Transparencia y Acceso a la Informaci\u00f3n<\/li>\n<\/ul>\n<\/div>\n<\/div><\/div>\n<div class=\"su-spoiler su-spoiler-style-default su-spoiler-icon-plus su-spoiler-closed\" data-scroll-offset=\"0\" data-anchor-in-url=\"no\"><div class=\"su-spoiler-title\" tabindex=\"0\" role=\"button\"><span class=\"su-spoiler-icon\"><\/span>Subsecretar\u00eda de Auditor\u00eda y Supervisi\u00f3n en Obra<\/div><div class=\"su-spoiler-content su-u-clearfix su-u-trim\">\n<h5 class=\"mb-0\">Unidad de Vinculaci\u00f3n con el Sistema Nacional de Fiscalizaci\u00f3n<\/h5>\n<p>&nbsp;<\/p>\n<h5 class=\"mb-0\">Direcci\u00f3n de Auditor\u00eda \u00abA\u00bb<\/h5>\n<div class=\"card-body\">\n<ul>\n<li>Coordinaci\u00f3n de Auditor\u00eda A1<\/li>\n<li>Departamentos de Auditor\u00eda A1.1<\/li>\n<li>Departamentos de Auditor\u00eda A1.2<\/li>\n<li>Departamentos de Auditor\u00eda A1.3<\/li>\n<li>Departamentos de Auditor\u00eda A1.4<\/li>\n<li>Departamentos de Auditor\u00eda A1.5<\/li>\n<p>&nbsp;<\/p>\n<li>Coordinaci\u00f3n de Auditor\u00eda A2<\/li>\n<li>Departamentos de Auditor\u00eda A2.1<\/li>\n<li>Departamentos de Auditor\u00eda A2.2<\/li>\n<li>Departamentos de Auditor\u00eda A2.3<\/li>\n<li>Departamentos de Auditor\u00eda A2.4<\/li>\n<\/ul>\n<\/div>\n<h5 class=\"mb-0\">Direcci\u00f3n de Auditor\u00eda \u00abB\u00bb<\/h5>\n<div class=\"card-body\">\n<ul>\n<li>Coordinaci\u00f3n de Auditor\u00eda B1<\/li>\n<li>Departamentos de Auditor\u00eda B1.1<\/li>\n<li>Departamentos de Auditor\u00eda B1.2<\/li>\n<li>Departamentos de Auditor\u00eda B1.3<\/li>\n<li>Departamentos de Auditor\u00eda B1.4<\/li>\n<p>&nbsp;<\/p>\n<li>Coordinaci\u00f3n de Auditor\u00eda B2<\/li>\n<li>Departamentos de Auditor\u00eda B2.1<\/li>\n<li>Departamentos de Auditor\u00eda B2.2<\/li>\n<li>Departamentos de Auditor\u00eda B2.3<\/li>\n<\/ul>\n<\/div>\n<h5 class=\"mb-0\">Direcci\u00f3n de Auditor\u00eda \u00abC\u00bb<\/h5>\n<div class=\"card-body\">\n<ul>\n<li>Coordinaci\u00f3n de Auditor\u00eda C<\/li>\n<li>Departamento de Auditor\u00eda C1.1<\/li>\n<li>Departamento de Auditor\u00eda C1.2<\/li>\n<li>Departamento de Auditor\u00eda C1.3<\/li>\n<li>Departamento de Auditor\u00eda C1.4<\/li>\n<li>Departamento de Auditor\u00eda C1.5<\/li>\n<li>Departamento de Auditor\u00eda C1.6<\/li>\n<li>Departamento de Auditor\u00eda C1.7<\/li>\n<li>Departamento de Auditor\u00eda C1.8<\/li>\n<li>Departamento de Auditor\u00eda C1.9<\/li>\n<p>&nbsp;<\/p>\n<li>Departamento de Seguimiento a la Inversi\u00f3n P\u00fablica<\/li>\n<li>Departamento de Evaluaci\u00f3n a Obras y Programas<\/li>\n<li>Departamento de Supervisi\u00f3n a Costos<\/li>\n<li>Departamento de Calidad de Obra<\/li>\n<li>Departamento de Seguimiento de Obra<\/li>\n<\/ul>\n<\/div>\n<h5 class=\"mb-0\">Direcci\u00f3n de Control Interno de la Gesti\u00f3n P\u00fablica<\/h5>\n<div class=\"card-body\">\n<ul>\n<li>Coordinaci\u00f3n de Control y Evaluaci\u00f3n de la Gesti\u00f3n P\u00fablica<\/li>\n<li>Departamentos de Seguimiento de la Gesti\u00f3n y el Desempe\u00f1o Gubernamental.<\/li>\n<li>Departamento de Evaluaci\u00f3n de la Gesti\u00f3n P\u00fablica<\/li>\n<\/ul>\n<\/div>\n<\/div><\/div>\n<div class=\"su-spoiler su-spoiler-style-default su-spoiler-icon-plus su-spoiler-closed\" data-scroll-offset=\"0\" data-anchor-in-url=\"no\"><div class=\"su-spoiler-title\" tabindex=\"0\" role=\"button\"><span class=\"su-spoiler-icon\"><\/span>Subsecretar\u00eda de Contralor\u00eda Social y Transparencia<\/div><div class=\"su-spoiler-content su-u-clearfix su-u-trim\">\n<h5 class=\"mb-0\">Direcci\u00f3n de Contralor\u00eda Social<\/h5>\n<div class=\"card-body\">\n<ul>\n<li>Departamento de Seguimiento a Programas Sociales<\/li>\n<li>Departamento de Capacitaci\u00f3n a Municipios<\/li>\n<li>Departamento de Atenci\u00f3n Ciudadana<\/li>\n<\/ul>\n<\/div>\n<h5 class=\"mb-0\">Direcci\u00f3n de Transparencia, \u00c9tica e Integridad P\u00fablica<\/h5>\n<div class=\"card-body\">\n<ul>\n<li>Departamento de \u00c9tica e Integridad P\u00fablica<\/li>\n<li>Departamento de Pol\u00edticas y Herramientas en Materia de Transparencia<\/li>\n<li>Departamento de Gobierno Abierto<\/li>\n<li>Departamento de Datos Personales<\/li>\n<\/ul>\n<\/div>\n<\/div><\/div>\n<div class=\"su-spoiler su-spoiler-style-default su-spoiler-icon-plus su-spoiler-closed\" data-scroll-offset=\"0\" data-anchor-in-url=\"no\"><div class=\"su-spoiler-title\" tabindex=\"0\" role=\"button\"><span class=\"su-spoiler-icon\"><\/span>Subsecretar\u00eda de Responsabilidades Administrativas y Anticorrupci\u00f3n<\/div><div class=\"su-spoiler-content su-u-clearfix su-u-trim\">\n<h5 class=\"mb-0\">Unidad Auxiliar y de Recursos<\/h5>\n<p>&nbsp;<\/p>\n<h5 class=\"mb-0\">Direcci\u00f3n de Quejas, Denuncias e Investigaci\u00f3n<\/h5>\n<div class=\"card-body\">\n<ul>\n<li>Departamento de Investigaci\u00f3n, Quejas y Denuncias A<\/li>\n<li>Departamento de Investigaci\u00f3n, Quejas y Denuncias B<\/li>\n<li>Departamento de Investigaci\u00f3n, Quejas y Denuncias C<\/li>\n<li>Departamento de Evoluci\u00f3n Patrimonial<\/li>\n<\/ul>\n<\/div>\n<h5 class=\"mb-0\">Direcci\u00f3n de Responsabilidades Administrativas y Situaci\u00f3n Patrimonial<\/h5>\n<div class=\"card-body\">\n<ul>\n<li>Departamento de Inconformidades de proveedores y contratistas<\/li>\n<li>Departamento de Procedimientos Administrativos A<\/li>\n<li>Departamento de Procedimientos Administrativos B<\/li>\n<li>Departamento de Procedimientos Administrativos C<\/li>\n<li>Departamento de Registro de Sanciones Patrimonial y de Conflicto de Inter\u00e9s<\/li>\n<\/ul>\n<\/div>\n<h5 class=\"mb-0\">Direcci\u00f3n Jur\u00eddica<\/h5>\n<div class=\"card-body\">\n<ul>\n<li>Departamento de Normatividad<\/li>\n<li>Departamento de Procedimientos Jur\u00eddicos<\/li>\n<li>Coordinaci\u00f3n de Contrataciones P\u00fablicas<\/li>\n<li>Departamento de Revisi\u00f3n y Seguimiento a Procedimientos de Contrataci\u00f3n de Adquisiciones A<\/li>\n<li>Departamento de Revisi\u00f3n y Seguimiento a Procedimientos de Contrataci\u00f3n de Adquisiciones B<\/li>\n<li>Departamento de Revisi\u00f3n y Seguimiento a Procedimientos de Contrataciones de Obras A<\/li>\n<li>Departamento de Revisi\u00f3n y Seguimiento a Procedimientos de Contrataciones de Obras B<\/li>\n<li>Departamento del Padr\u00f3n de Contratistas del Estado<\/li>\n<\/ul>\n<\/div>\n<\/div><\/div>\n<\/div>\n","protected":false},"excerpt":{"rendered":"<p>Descargar PDF<\/p>\n","protected":false},"author":1,"featured_media":0,"parent":0,"menu_order":0,"comment_status":"closed","ping_status":"closed","template":"","meta":{"episode_type":"","audio_file":"","podmotor_file_id":"","podmotor_episode_id":"","cover_image":"","cover_image_id":"","duration":"","filesize":"","filesize_raw":"","date_recorded":"","explicit":"","block":"","itunes_episode_number":"","itunes_title":"","itunes_season_number":"","itunes_episode_type":"","footnotes":""},"categories":[],"tags":[],"class_list":["post-2237","page","type-page","status-publish","hentry"],"acf":[],"publishpress_future_action":{"enabled":false,"date":"2026-05-04 09:29:28","action":"change-status","newStatus":"draft","terms":[],"taxonomy":"category","extraData":[]},"publishpress_future_workflow_manual_trigger":{"enabledWorkflows":[]},"_links":{"self":[{"href":"https:\/\/www.oaxaca.gob.mx\/honestidad\/wp-json\/wp\/v2\/pages\/2237","targetHints":{"allow":["GET"]}}],"collection":[{"href":"https:\/\/www.oaxaca.gob.mx\/honestidad\/wp-json\/wp\/v2\/pages"}],"about":[{"href":"https:\/\/www.oaxaca.gob.mx\/honestidad\/wp-json\/wp\/v2\/types\/page"}],"author":[{"embeddable":true,"href":"https:\/\/www.oaxaca.gob.mx\/honestidad\/wp-json\/wp\/v2\/users\/1"}],"replies":[{"embeddable":true,"href":"https:\/\/www.oaxaca.gob.mx\/honestidad\/wp-json\/wp\/v2\/comments?post=2237"}],"version-history":[{"count":3,"href":"https:\/\/www.oaxaca.gob.mx\/honestidad\/wp-json\/wp\/v2\/pages\/2237\/revisions"}],"predecessor-version":[{"id":9406,"href":"https:\/\/www.oaxaca.gob.mx\/honestidad\/wp-json\/wp\/v2\/pages\/2237\/revisions\/9406"}],"wp:attachment":[{"href":"https:\/\/www.oaxaca.gob.mx\/honestidad\/wp-json\/wp\/v2\/media?parent=2237"}],"wp:term":[{"taxonomy":"category","embeddable":true,"href":"https:\/\/www.oaxaca.gob.mx\/honestidad\/wp-json\/wp\/v2\/categories?post=2237"},{"taxonomy":"post_tag","embeddable":true,"href":"https:\/\/www.oaxaca.gob.mx\/honestidad\/wp-json\/wp\/v2\/tags?post=2237"}],"curies":[{"name":"wp","href":"https:\/\/api.w.org\/{rel}","templated":true}]}}