{"id":100,"date":"2016-02-03T12:58:19","date_gmt":"2016-02-03T18:58:19","guid":{"rendered":"https:\/\/www.oaxaca.gob.mx\/sctg\/?page_id=100"},"modified":"2025-05-30T12:39:29","modified_gmt":"2025-05-30T18:39:29","slug":"inicio","status":"publish","type":"page","link":"https:\/\/www.oaxaca.gob.mx\/honestidad\/","title":{"rendered":"Inicio"},"content":{"rendered":"<div class=\"row\">\n<div class=\"col-md-6\">\n<h1 class=\"titulos-secciones\">NOTICIAS RECIENTES<\/h1>\n\n<\/div>\n<div class=\"col-md-6\">\n<h1 class=\"titulos-secciones\">FACEBOOK<\/h1>\n<p><iframe loading=\"lazy\" class=\"mx-auto d-block\" style=\"border: none;overflow: hidden\" src=\"https:\/\/www.facebook.com\/plugins\/page.php?href=https%3A%2F%2Fwww.facebook.com%2FHonestidadGobOax&amp;tabs=timeline&amp;width=340&amp;height=500&amp;small_header=false&amp;adapt_container_width=true&amp;hide_cover=false&amp;show_facepile=true&amp;appId\" width=\"340\" height=\"500\" frameborder=\"0\" scrolling=\"no\" allowfullscreen=\"allowfullscreen\"><\/iframe><\/p>\n<\/div>\n<\/div>\n<div class=\"row style-href\">\n<p><!-- ENCABEZADO --><\/p>\n<div class=\"col-md-12\">\n<h1 class=\"titulos-secciones\">SISTEMAS<\/h1>\n<\/div>\n<div style=\"width: 15px\"><\/div>\n<p><!-- \/.espaciador --><br \/>\n<!-- EJE 1 --><\/p>\n<div style=\"width: 255px\">\n<div class=\"card mb-4 box-shadow\" style=\"text-align: center\">\n<p><img decoding=\"async\" class=\"icono\" src=\"\/sctg\/wp-content\/uploads\/sites\/40\/2019\/05\/declaracion.png\" data-holder-rendered=\"true\" \/><\/p>\n<h2 style=\"font-size: 14px;text-align: center;margin-top: 5px;height: 65px\"><a class=\"style-link\" href=\"https:\/\/sctg-contraloria.oaxaca.gob.mx\/constancias2021\/public\/index.php\" target=\"_blank\" rel=\"noopener\">CONSTANCIAS DE NO INHABILITACI\u00d3N A SERVIDORES P\u00daBLICOS<\/a><\/h2>\n<\/div>\n<\/div>\n<div style=\"width: 25px\"><\/div>\n<p><!-- \/.espaciador --><br \/>\n<!-- EJE 2--><\/p>\n<div style=\"width: 255px\">\n<div class=\"card mb-4 box-shadow\" style=\"text-align: center\">\n<p><img decoding=\"async\" class=\"icono card-img-top\" src=\"\/sctg\/wp-content\/uploads\/sites\/40\/2019\/05\/constacias.png\" data-holder-rendered=\"true\" \/><\/p>\n<h2 style=\"font-size: 14px;text-align: center;margin-top: 5px;height: 65px\"><a class=\"style-link\" href=\"https:\/\/dp-contraloria.oaxaca.gob.mx\/e-declaraoaxaca\/public\/\" target=\"_blank\" rel=\"noopener\">DECLARACI\u00d3N PATRIMONIAL<\/a><\/h2>\n<\/div>\n<\/div>\n<div style=\"width: 25px\"><\/div>\n<p><!-- \/.espaciador --><br \/>\n<!-- EJE 3 --><\/p>\n<div style=\"width: 255px\">\n<div class=\"card mb-4 box-shadow\" style=\"text-align: center\">\n<p><img decoding=\"async\" class=\"icono\" src=\"\/sctg\/wp-content\/uploads\/sites\/40\/2021\/06\/scpc.png\" data-holder-rendered=\"true\" \/><\/p>\n<h2 style=\"font-size: 14px;text-align: center;margin-top: 5px;height: 65px\"><a class=\"style-link\" href=\"https:\/\/sctg-contraloria.oaxaca.gob.mx\/sicniap\/\" target=\"_blank\" rel=\"noopener\">CONSTANCIAS DE NO INHABILITACI\u00d3N A PROVEEDORES Y CONTRATISTAS<\/a><\/h2>\n<\/div>\n<\/div>\n<div style=\"width: 25px\"><\/div>\n<p><!-- \/.espaciador --><br \/>\n<!-- EJE 4 --><\/p>\n<div style=\"width: 255px\">\n<div class=\"card mb-4 box-shadow\" style=\"text-align: center\">\n<p><img decoding=\"async\" class=\"icono card-img-top\" src=\"\/sctg\/wp-content\/uploads\/sites\/40\/2022\/11\/icono-sisop.png\" data-holder-rendered=\"true\" \/><\/p>\n<h2 style=\"font-size: 14px;text-align: center;margin-top: 5px;margin-bottom: 20px;height: 65px\"><a class=\"style-link\" href=\"https:\/\/sisop.oaxaca.gob.mx\/sisop\/\" target=\"_blank\" rel=\"noopener\">SISTEMA DE OPINI\u00d3N NORMATIVA<\/a><\/h2>\n<\/div>\n<\/div>\n<\/div>\n<p><!-- Termina Sistemas --><br \/>\n<!-- SERVICIOS--><\/p>\n<div class=\"row style-href\">\n    <!-- ENCABEZADO --><\/p>\n<div class=\"col-md-12\">\n<h1 class=\"titulos-secciones\">SERVICIOS<\/h1>\n<\/p><\/div>\n<div style=\"width: 15px\"><\/div>\n<p>    <!-- \/.espaciador --><br \/>\n    <!-- EJE 1 --><\/p>\n<div style=\"width: 255px\"><\/div>\n<div style=\"width: 25px\"><\/div>\n<p>    <!-- \/.espaciador --><br \/>\n    <!-- EJE 2--><\/p>\n<div style=\"width: 255px\">\n<div class=\"card mb-4 box-shadow\" style=\"text-align: center\"><img decoding=\"async\" class=\"icono\" src=\"\/honestidad\/wp-content\/uploads\/sites\/40\/2021\/06\/logo_cn.png\" data-holder-rendered=\"true\" \/><\/p>\n<h2 style=\"font-size: 14px;text-align: center;margin-top: 5px;height: 65px\"><a class=\"style-link\" href=\"https:\/\/www.oaxaca.gob.mx\/honestidad\/?page_id=520\" target=\"_blank\" rel=\"noopener\">COMPRANET<\/a><\/h2>\n<\/p><\/div>\n<\/p><\/div>\n<div style=\"width: 25px\"><\/div>\n<p>    <!-- \/.espaciador --><br \/>\n    <!-- EJE 3 --><\/p>\n<div style=\"width: 255px\">\n<div class=\"card mb-4 box-shadow\" style=\"text-align: center\"><img decoding=\"async\" class=\"icono\" src=\"\/honestidad\/wp-content\/uploads\/sites\/40\/2021\/06\/logo.png\" data-holder-rendered=\"true\" \/><\/p>\n<h2 style=\"font-size: 14px;text-align: center;margin-top: 5px;height: 65px\"><a class=\"style-link\" href=\"https:\/\/www.oaxaca.gob.mx\/honestidad\/beop-2\" target=\"_blank\" rel=\"noopener\">ASESOR\u00cdAS BESOP<\/a><\/h2>\n<\/p><\/div>\n<\/p><\/div>\n<div style=\"width: 25px\"><\/div>\n<p>    <!-- \/.espaciador --><br \/>\n    <!-- EJE 4 --><\/p>\n<div style=\"width: 255px\"><\/div>\n<div style=\"width: 25px\"><\/div>\n<\/div>\n<p><!-- TERMINA SERVICIOS--><br \/>\n<!-- TR\u00c1MITES --><\/p>\n<div class=\"row style-href\">\n<p><!-- ENCABEZADO --><\/p>\n<div class=\"col-md-12\">\n<h1 class=\"titulos-secciones\">TR\u00c1MITES<\/h1>\n<\/div>\n<div style=\"width: 40px\"><\/div>\n<p><!-- \/.espaciador --><br \/>\n<!-- EJE 1 --><\/p>\n<div style=\"width: 340px\">\n<div class=\"card mb-4 box-shadow\" style=\"text-align: center\">\n<p><img decoding=\"async\" class=\"icono\" src=\"\/sctg\/wp-content\/uploads\/sites\/40\/2019\/07\/transparencia.png\" data-holder-rendered=\"true\" \/><\/p>\n<h2 style=\"font-size: 14px;text-align: center;margin-top: 5px;height: 65px\">CONTRALOR\u00cdA SOCIAL Y TRANSPARENCIA<\/h2>\n<div class=\"card-body\" style=\"height: 220px;margin-top: -15px\">\n<p style=\"font-size: 13px\"><a class=\"style-link\" href=\"\/honestidad\/?page_id=430\" target=\"_blank\" rel=\"noopener\">Contralor\u00eda Social<\/a><br \/>\n<a class=\"style-link\" href=\"\/honestidad\/?page_id=354\" target=\"_blank\" rel=\"noopener\">Acreditaci\u00f3n de integrantes de comit\u00e9s de contralor\u00eda social<\/a><br \/>\n<a class=\"style-link\" href=\"\/honestidad\/?page_id=367\" target=\"_blank\" rel=\"noopener\">Atenci\u00f3n a Solicitudes de Acceso a la Informaci\u00f3n<\/a><br \/>\n<a class=\"style-link\" href=\"\/honestidad\/?page_id=407\" target=\"_blank\" rel=\"noopener\">Atenci\u00f3n a Solicitudes de Acceso, Rectificaci\u00f3n, Cancelaci\u00f3n y Oposici\u00f3n de Datos Personales<\/a><\/p>\n<\/div>\n<\/div>\n<\/div>\n<div style=\"width: 25px\"><\/div>\n<p><!-- \/.espaciador --><br \/>\n<!-- EJE 2--><\/p>\n<div style=\"width: 340px\">\n<div class=\"card mb-4 box-shadow\" style=\"text-align: center\">\n<p><img decoding=\"async\" class=\"icono card-img-top\" src=\"\/sctg\/wp-content\/uploads\/sites\/40\/2019\/07\/juridico.png\" data-holder-rendered=\"true\" \/><\/p>\n<h2 style=\"font-size: 14px;text-align: center;margin-top: 5px;height: 65px\">DIRECCIONES DE RESPONSABILIDADES Y SITUACI\u00d3N PATRIMONIAL Y DE QUEJAS, DENUNCIAS E INVESTIGACI\u00d3N<\/h2>\n<div class=\"card-body\" style=\"height: 220px;margin-top: -15px\">\n<p style=\"font-size: 13px\"><a class=\"style-link\" href=\"\/honestidad\/?page_id=343\" target=\"_blank\" rel=\"noopener\">Quejas y Denuncias Ciudadanas<\/a><br \/>\n<a class=\"style-link\" href=\"\/honestidad\/?page_id=364\" target=\"_blank\" rel=\"noopener\">Atenci\u00f3n a Inconformidades en Materia de Adquisiciones y Obra P\u00fablica<\/a><br \/>\n<a class=\"style-link\" href=\"\/honestidad\/?page_id=435\" target=\"_blank\" rel=\"noopener\">Servidores P\u00fablicos, Proveedores y Contratistas Sancionados<\/a><br \/>\n<a class=\"style-link\" href=\"\/honestidad\/?page_id=4546\" target=\"_blank\" rel=\"noopener\">Estatus de Procedimientos de Reclamaci\u00f3n y Condenas Indemnizatorias<\/a><br \/>\n<a class=\"style-link\" href=\"https:\/\/directoriosancionados.apps.funcionpublica.gob.mx\/\" target=\"_blank\" rel=\"noopener\">Enlace al Directorio de Proveedores y Contratistas Sancionados Federal<\/a><\/p>\n<\/div>\n<\/div>\n<\/div>\n<div style=\"width: 25px\"><\/div>\n<p><!-- \/.espaciador --><br \/>\n<!-- EJE 3 --><\/p>\n<div style=\"width: 340px\">\n<div class=\"card mb-4 box-shadow\" style=\"text-align: center\">\n<p><img decoding=\"async\" class=\"icono card-img-top\" src=\"\/sctg\/wp-content\/uploads\/sites\/40\/2019\/07\/internocepci.png\" data-holder-rendered=\"true\" \/><\/p>\n<h2 style=\"font-size: 14px;text-align: center;margin-top: 5px;margin-bottom: 20px;height: 65px\">\u00c9TICA E INTEGRIDAD P\u00daBLICA<\/h2>\n<div class=\"card-body\" style=\"height: 205px;margin-top: -15px\">\n<p style=\"font-size: 13px\"><a class=\"style-link\" href=\"https:\/\/www.oaxaca.gob.mx\/honestidad\/etica-e-integridad-publica\/\" target=\"_blank\" rel=\"noopener noreferrer\">Dependencias y Entidades que cuentan con CEPCI.<\/a><br \/>\n<a class=\"style-link\" href=\"https:\/\/www.oaxaca.gob.mx\/honestidad\/etica-e-integridad-publica\/\" target=\"_blank\" rel=\"noopener\">Sistema de Coordinaci\u00f3n Seguimiento, Evaluaci\u00f3n y Control a CEPCI.<\/a><br \/>\n<a class=\"style-link\" href=\"https:\/\/www.oaxaca.gob.mx\/honestidad\/etica-e-integridad-publica\/\" target=\"_blank\" rel=\"noopener\">Capacitaciones y Sensibilizaci\u00f3n en Materia de \u00c9tica, Integridad y Conflicto de Inter\u00e9s.<\/a><br \/>\n<a class=\"style-link\" href=\"https:\/\/www.oaxaca.gob.mx\/honestidad\/etica-e-integridad-publica\/\" target=\"_blank\" rel=\"noopener\">Evaluaci\u00f3n de C\u00f3digos de Conducta.<\/a><\/p>\n<\/div>\n<\/div>\n<\/div>\n<div style=\"width: 25px\"><\/div>\n<p><!-- \/.espaciador --><\/p>\n<\/div>\n<div class=\"row style-href\">\n<div style=\"width: 40px\"><\/div>\n<p><!-- \/.espaciador --><br \/>\n<!-- EJE 4 --><\/p>\n<div style=\"width: 340px\">\n<div class=\"card mb-4 box-shadow\" style=\"text-align: center\">\n<p><img decoding=\"async\" class=\"icono\" src=\"\/sctg\/wp-content\/uploads\/sites\/40\/2019\/07\/supervicion.png\" data-holder-rendered=\"true\" \/><\/p>\n<h2 style=\"font-size: 14px;text-align: center;margin-top: 5px;height: 65px\">DIRECCI\u00d3N DE AUDITOR\u00cdA C<\/h2>\n<div class=\"card-body\" style=\"height: 150px;margin-top: -15px\">\n<p style=\"font-size: 13px\"><a class=\"style-link\" href=\"\/honestidad\/?page_id=411\" target=\"_blank\" rel=\"noopener\">Servicio de Verificaci\u00f3n de la Calidad de Obra<\/a><br \/>\n<a class=\"style-link\" href=\"\/honestidad\/?page_id=2306\" target=\"_blank\" rel=\"noopener\">Expedici\u00f3n de claves de la BESOP<\/a><\/p>\n<\/div>\n<\/div>\n<\/div>\n<div style=\"width: 25px\"><\/div>\n<p><!-- \/.espaciador --><br \/>\n<!-- EJE 5--><\/p>\n<div style=\"width: 340px\"><\/div>\n<div style=\"width: 25px\"><\/div>\n<p><!-- \/.espaciador --><br \/>\n<!-- EJE 6 --><\/p>\n<div style=\"width: 340px\">\n<div class=\"card mb-4 box-shadow\" style=\"text-align: center\">\n<p><img decoding=\"async\" class=\"icono\" src=\"\/sctg\/wp-content\/uploads\/sites\/40\/2022\/11\/leyes.png\" data-holder-rendered=\"true\" \/><\/p>\n<h2 style=\"font-size: 14px;text-align: center;margin-top: 5px;height: 65px\">DIRECCI\u00d3N JUR\u00cdDICA<\/h2>\n<div class=\"card-body\" style=\"height: 150px;margin-top: -15px\">\n<p style=\"font-size: 13px\"><a class=\"style-link\" href=\"https:\/\/www.oaxaca.gob.mx\/honestidad\/oficio-de-opinion-normativo\/\" target=\"_blank\" rel=\"noopener\">Emisi\u00f3n de Oficio de Opini\u00f3n Normativa<\/a><\/p>\n<\/div>\n<\/div>\n<\/div>\n<div style=\"width: 25px\"><\/div>\n<p><!-- \/.espaciador --><\/p>\n<\/div>\n<p><!-- TERMINA TR\u00c1MITES--><br \/>\n<style>\t\t\t\r\n\/* unvisited link *\/\r\na.style-link:link {\r\n  color: #622779!important;\r\n}\r\n\r\n\/* visited link *\/\r\na.style-link:visited {\r\n  color: #622779!important;\r\n}\r\n\r\n\/* mouse over link *\/\r\na.style-link:hover {\r\n  color: hotpink;\r\n}\r\n\r\n\/* selected link *\/\r\na.style-link:active {\r\n  color: #523f6d;\r\n}\r\n<\/style>\n","protected":false},"excerpt":{"rendered":"<p>NOTICIAS RECIENTES FACEBOOK SISTEMAS CONSTANCIAS DE NO INHABILITACI\u00d3N A SERVIDORES P\u00daBLICOS DECLARACI\u00d3N PATRIMONIAL CONSTANCIAS DE NO INHABILITACI\u00d3N A PROVEEDORES Y CONTRATISTAS SISTEMA DE OPINI\u00d3N NORMATIVA SERVICIOS COMPRANET ASESOR\u00cdAS BESOP TR\u00c1MITES CONTRALOR\u00cdA SOCIAL Y TRANSPARENCIA Contralor\u00eda Social Acreditaci\u00f3n de integrantes de comit\u00e9s de contralor\u00eda social Atenci\u00f3n a Solicitudes de Acceso a la Informaci\u00f3n Atenci\u00f3n a Solicitudes [&hellip;]<\/p>\n","protected":false},"author":1,"featured_media":0,"parent":0,"menu_order":0,"comment_status":"closed","ping_status":"closed","template":"plantillas\/template-pagina-inicio.php","meta":{"episode_type":"","audio_file":"","podmotor_file_id":"","podmotor_episode_id":"","cover_image":"","cover_image_id":"","duration":"","filesize":"","filesize_raw":"","date_recorded":"","explicit":"","block":"","itunes_episode_number":"","itunes_title":"","itunes_season_number":"","itunes_episode_type":"","footnotes":""},"categories":[],"tags":[],"class_list":["post-100","page","type-page","status-publish","hentry"],"acf":[],"publishpress_future_action":{"enabled":false,"date":"2026-05-04 20:53:30","action":"change-status","newStatus":"draft","terms":[],"taxonomy":"category","extraData":[]},"publishpress_future_workflow_manual_trigger":{"enabledWorkflows":[]},"_links":{"self":[{"href":"https:\/\/www.oaxaca.gob.mx\/honestidad\/wp-json\/wp\/v2\/pages\/100","targetHints":{"allow":["GET"]}}],"collection":[{"href":"https:\/\/www.oaxaca.gob.mx\/honestidad\/wp-json\/wp\/v2\/pages"}],"about":[{"href":"https:\/\/www.oaxaca.gob.mx\/honestidad\/wp-json\/wp\/v2\/types\/page"}],"author":[{"embeddable":true,"href":"https:\/\/www.oaxaca.gob.mx\/honestidad\/wp-json\/wp\/v2\/users\/1"}],"replies":[{"embeddable":true,"href":"https:\/\/www.oaxaca.gob.mx\/honestidad\/wp-json\/wp\/v2\/comments?post=100"}],"version-history":[{"count":3,"href":"https:\/\/www.oaxaca.gob.mx\/honestidad\/wp-json\/wp\/v2\/pages\/100\/revisions"}],"predecessor-version":[{"id":9050,"href":"https:\/\/www.oaxaca.gob.mx\/honestidad\/wp-json\/wp\/v2\/pages\/100\/revisions\/9050"}],"wp:attachment":[{"href":"https:\/\/www.oaxaca.gob.mx\/honestidad\/wp-json\/wp\/v2\/media?parent=100"}],"wp:term":[{"taxonomy":"category","embeddable":true,"href":"https:\/\/www.oaxaca.gob.mx\/honestidad\/wp-json\/wp\/v2\/categories?post=100"},{"taxonomy":"post_tag","embeddable":true,"href":"https:\/\/www.oaxaca.gob.mx\/honestidad\/wp-json\/wp\/v2\/tags?post=100"}],"curies":[{"name":"wp","href":"https:\/\/api.w.org\/{rel}","templated":true}]}}