{"id":764,"date":"2018-02-07T09:51:53","date_gmt":"2018-02-07T15:51:53","guid":{"rendered":"https:\/\/www.oaxaca.gob.mx\/gubernatura\/?page_id=764"},"modified":"2018-02-07T09:51:53","modified_gmt":"2018-02-07T15:51:53","slug":"codigo-de-etica","status":"publish","type":"page","link":"https:\/\/www.oaxaca.gob.mx\/gubernatura\/codigo-de-etica\/","title":{"rendered":"C\u00f3digo de \u00c9tica"},"content":{"rendered":"<h2>Principios Generales<\/h2>\n<p>&nbsp;<\/p>\n<p style=\"text-align: left\"><strong>Probidad<\/strong><\/p>\n<p>El servidor p\u00fablico debe actuar con rectitud y honradez, procurando satisfacer el inter\u00e9s general y desechando todo provecho o ventaja personal, obtenido por s\u00ed o por interp\u00f3sita persona. Tambi\u00e9n est\u00e1 obligado a exteriorizar una conducta honesta.<\/p>\n<p style=\"text-align: left\"><strong>Prudencia<\/strong><\/p>\n<p style=\"text-align: justify\">El servidor p\u00fablico debe actuar con pleno conocimiento de las materias sometidas a su consideraci\u00f3n, con la misma diligencia que un buen administrador emplear\u00eda para con sus propios bienes. El ejercicio de la funci\u00f3n p\u00fablica debe inspirar confianza en la comunidad. As\u00ed mismo, debe evitar acciones que pudieran poner en riesgo la finalidad de la funci\u00f3n p\u00fablica, el patrimonio del Estado o la imagen que debe tener la sociedad respecto de sus servidores.<\/p>\n<p style=\"text-align: left\"><strong>Justicia<\/strong><\/p>\n<p style=\"text-align: justify\">El servidor p\u00fablico debe tener permanente disposici\u00f3n para cumplimiento de sus funciones, otorgando a cada uno lo que le es debido, tanto en sus relaciones con el Estado, como con el p\u00fablico, sus superiores y subordinados.<\/p>\n<p style=\"text-align: left\"><strong>Templanza<\/strong><\/p>\n<p style=\"text-align: justify\">El servidor p\u00fablico debe desarrollar sus funciones con respeto y sobriedad, usando las prerrogativas inherentes a su cargo y los medios de que dispone \u00fanicamente para el cumplimiento de sus funciones y deberes. As\u00ed mismo, debe evitar cualquier ostentaci\u00f3n que pudiera poner en duda su honestidad o su disposici\u00f3n para el cumplimiento de los deberes propios del cargo.<\/p>\n<p style=\"text-align: left\"><strong>Idoneidad<\/strong><\/p>\n<p style=\"text-align: justify\">Entendida como actitud t\u00e9cnica, legal y moral, es condici\u00f3n esencial para el acceso y ejercicio de la funci\u00f3n p\u00fablica.<\/p>\n<p style=\"text-align: left\"><strong>Responsabilidad<\/strong><\/p>\n<p style=\"text-align: justify\">El servidor p\u00fablico debe hacer un esfuerzo honesto para cumplir con sus deberes. Cuanto m\u00e1s elevado sea el cargo que ocupa, mayor es su responsabilidad para el cumplimiento de las disposiciones de este C\u00f3digo.<\/p>\n<p>&nbsp;<\/p>\n<h2 style=\"text-align: justify\">Principios particulares<\/h2>\n<p>&nbsp;<\/p>\n<p style=\"text-align: left\"><strong>Aptitud<\/strong><\/p>\n<p style=\"text-align: justify\">Quien disponga la designaci\u00f3n de un servidor p\u00fablico debe verificar el cumplimiento de los recaudos destinados a comprobar su idoneidad. Ninguna persona debe aceptar ser designada en un cargo para el que no tenga aptitud.<\/p>\n<p style=\"text-align: left\"><strong>Capacitaci\u00f3n<\/strong><\/p>\n<p style=\"text-align: justify\">El servidor p\u00fablico debe capacitarse para el mejor desempe\u00f1o de las funciones a su cargo, seg\u00fan lo determinan las normas que rigen el servicio o lo dispongan las autoridades competentes.<\/p>\n<p style=\"text-align: left\"><strong>Legalidad<\/strong><\/p>\n<p style=\"text-align: justify\">El servidor p\u00fablico debe de conocer y cumplir la Constituci\u00f3n Pol\u00edtica del Estado, las leyes y los reglamentos que regulan su actividad. Debe observar en todo momento un comportamiento tal que, examinada conducta, \u00e9sta no pueda ser objeto de reproche.<\/p>\n<p style=\"text-align: left\"><strong>Evaluaci\u00f3n<\/strong><\/p>\n<p style=\"text-align: justify\">El servidor p\u00fablico debe\u00a0 evaluar los antecedentes, motivos y consecuencias de los actos cuya generaci\u00f3n o ejecuci\u00f3n tuviera a su cargo.<\/p>\n<p style=\"text-align: left\"><strong>Veracidad<\/strong><\/p>\n<p style=\"text-align: justify\">El servidor p\u00fablico est\u00e1 obligado a expresarse con veracidad en sus relaciones funcionales, tanto con los particulares como con sus superiores y subordinados, y a contribuir al esclarecimiento de la verdad.<\/p>\n<p style=\"text-align: left\"><strong>Discreci\u00f3n<\/strong><\/p>\n<p style=\"text-align: justify\">El funcionario p\u00fablico debe guardar reserva respecto de\u00a0 hechos o informaciones de los que tenga conocimiento con motivo o en ocasi\u00f3n del ejercicio de sus funciones, sin perjuicio de los deberes y las responsabilidades que le correspondan en virtud de las normas que regulan el secreto o la reserva administrativa.<\/p>\n<p style=\"text-align: left\"><strong>Transparencia<\/strong><\/p>\n<p style=\"text-align: justify\">El servidor p\u00fablico debe ajustar su conducta al derecho que tiene\u00a0 la sociedad de estar informada sobre la actividad de la Administraci\u00f3n P\u00fablica.<\/p>\n<p style=\"text-align: left\"><strong>Obediencia<\/strong><\/p>\n<p style=\"text-align: justify\">El servidor p\u00fablico debe dar cumplimiento a las \u00f3rdenes que le imparta el superior jer\u00e1rquico competente, en la medida que re\u00fanan las formalidades del caso y tengan por objeto la realizaci\u00f3n de actos de servicio que se vinculen\u00a0 con las funciones a su cargo, salvo el supuesto de arbitrariedad o ilegalidad manifiestas.<\/p>\n<p style=\"text-align: left\"><strong>Independencia de criterio<\/strong><\/p>\n<p style=\"text-align: justify\">El servidor p\u00fablico no debe involucrarse en situaciones, actividades o intereses incompatibles con sus funciones. Debe abstenerse de toda conducta que pueda afectar su independencia de criterio\u00a0 para el desempe\u00f1o de las funciones.<\/p>\n<p style=\"text-align: left\"><strong>Equidad<\/strong><\/p>\n<p style=\"text-align: justify\">El empleo de criterios de equidad para adecuar la soluci\u00f3n legal a un resultado m\u00e1s justo nunca debe ser ejecutado en contra de los fines perseguidos por las leyes.<\/p>\n<p style=\"text-align: left\"><strong>Igualdad de trato<\/strong><\/p>\n<p style=\"text-align: justify\">El servidor p\u00fablico no debe realizar actos discriminatorios en su relaci\u00f3n con el p\u00fablico o con los dem\u00e1s agentes de la Administraci\u00f3n. Debe otorgar a todas las personas igualdad de trato en igualdad de situaciones. Se entiende que existe igualdad de situaciones cuando no median diferencias que, de acuerdo con las normas vigentes, deben considerarse para establecer una prelaci\u00f3n. Este principio se aplica tambi\u00e9n a las relaciones que el funcionario mantenga con sus subordinados.<\/p>\n<p style=\"text-align: left\"><strong>Ejercicio adecuado del cargo<\/strong><\/p>\n<p style=\"text-align: justify\">El ejercicio adecuado del cargo involucra el cumplimiento personal del presente C\u00f3digo, as\u00ed como las acciones encaminadas a la observancia por sus subordinados. El servidor p\u00fablico, mediante el uso de su cargo, autoridad, influencia o apariencia de influencia, no debe obtener ni procurar beneficios o ventajas indebidas, para s\u00ed o para otros. As\u00ed mismo, con motivo o en ocasi\u00f3n del ejercicio de sus funciones, no debe adoptar represalia de ning\u00fan tipo o ejercer coacci\u00f3n alguna contra funcionarios u otras personas, que no emane del estricto ejercicio del cargo<\/p>\n<p style=\"text-align: left\"><strong>Uso adecuado de los bienes del Estado<\/strong><\/p>\n<p style=\"text-align: justify\">El servidor p\u00fablico debe proteger y conservar los bienes del Estado. Debe utilizar los que le fueran asignados para el desempe\u00f1o de sus funciones de manera racional, evitando su abuso, derroche o desaprovechamiento.<\/p>\n<p style=\"text-align: justify\">Tampoco puede emplearlos o permitir que otros lo hagan para fines particulares o prop\u00f3sitos que no sean aquellos para los cuales hubieran sido espec\u00edficamente destinados. No se consideran fines particulares las actividades que, por razones protocolares, el funcionario deba llevar a cabo fuera, del lugar u horario en los cuales desarrolla sus funciones.<\/p>\n<p style=\"text-align: left\"><strong>Uso adecuado del tiempo de trabajo<\/strong><\/p>\n<p style=\"text-align: justify\">El servidor p\u00fablico debe usar el tiempo oficial en un esfuerzo responsable para cumplir con sus quehaceres. Debe desempe\u00f1ar sus funciones de una manera eficiente y eficaz y velar para que sus subordinados act\u00faen de la misma manera. No debe fomentar, exigir o solicitar a sus subordinados que empleen el tiempo oficial para realizar actividades que no sean las que se les requieran para el desempe\u00f1o de los deberes a su cargo.<\/p>\n<p style=\"text-align: left\"><strong>Colaboraci\u00f3n<\/strong><\/p>\n<p style=\"text-align: justify\">Ante situaciones extraordinarias, el servidor p\u00fablico debe realizar aquellas tareas que por su naturaleza o modalidad no sean las estrictamente inherentes a su cargo, siempre que ellas resulten necesarias para mitigar, neutralizar o superar las dificultades que se enfrenten.<\/p>\n<p style=\"text-align: left\"><strong>Uso de informaci\u00f3n<\/strong><\/p>\n<p style=\"text-align: justify\">El servidor p\u00fablico debe abstenerse de difundir toda informaci\u00f3n que hubiera sido calificada como reservada o secreta conforme a las disposiciones vigentes. No debe utilizar, en beneficio propio o de terceros o para fines ajenos al servicio, informaci\u00f3n de la que tenga conocimiento con motivo o en ocasi\u00f3n del ejercicio de sus funciones y que no est\u00e9 destinada al p\u00fablico en general.<\/p>\n<p style=\"text-align: left\"><strong>Obligaci\u00f3n de denunciar<\/strong><\/p>\n<p style=\"text-align: justify\">El servidor p\u00fablico debe denunciar ante su superior o las autoridades correspondientes, los actos de los que tuviera conocimiento con motivo o en ocasi\u00f3n del ejercicio de sus funciones y que pudieran causar perjuicio al Estado o constituir un delito o violaciones a cualquiera de las disposiciones contenidas en el presente C\u00f3digo.<\/p>\n<p style=\"text-align: left\"><strong>Dignidad o decoro<\/strong><\/p>\n<p style=\"text-align: justify\">El servidor p\u00fablico debe observar una conducta digna y decorosa, actuando con sobriedad y moderaci\u00f3n. En su trato con el p\u00fablico y con los dem\u00e1s funcionarios, debe conducirse en todo momento con respeto y correcci\u00f3n.<\/p>\n<p style=\"text-align: left\"><strong>Honor<\/strong><\/p>\n<p style=\"text-align: justify\">El servidor p\u00fablico al que se le impute la comisi\u00f3n de un delito de acci\u00f3n p\u00fablica, debe facilitar la investigaci\u00f3n e implementar las medidas administrativas y judiciales necesarias para esclarecer la situaci\u00f3n a fin de dejar a salvo su honra y la dignidad de su cargo.<\/p>\n<p style=\"text-align: left\"><strong>Tolerancia<\/strong><\/p>\n<p style=\"text-align: justify\">El servidor p\u00fablico debe observar, frente a las cr\u00edticas del p\u00fablico y de la prensa, un grado de tolerancia superior al que, razonablemente, pudiera esperarse de un ciudadano com\u00fan.<\/p>\n<p style=\"text-align: left\"><strong>Equilibrio<\/strong><\/p>\n<p style=\"text-align: justify\">El servidor p\u00fablico debe actuar, en el desempe\u00f1o de sus funciones, con sentido pr\u00e1ctico y buen juicio.<\/p>\n","protected":false},"excerpt":{"rendered":"<p>Principios Generales &nbsp; Probidad El servidor p\u00fablico debe actuar con rectitud y honradez, procurando satisfacer el inter\u00e9s general y desechando todo provecho o ventaja personal, obtenido por s\u00ed o por interp\u00f3sita persona. Tambi\u00e9n est\u00e1 obligado a exteriorizar una conducta honesta. Prudencia El servidor p\u00fablico debe actuar con pleno conocimiento de las materias sometidas a su [&hellip;]<\/p>\n","protected":false},"author":1,"featured_media":0,"parent":0,"menu_order":0,"comment_status":"closed","ping_status":"closed","template":"","meta":{"episode_type":"","audio_file":"","podmotor_file_id":"","podmotor_episode_id":"","cover_image":"","cover_image_id":"","duration":"","filesize":"","filesize_raw":"","date_recorded":"","explicit":"","block":"","itunes_episode_number":"","itunes_title":"","itunes_season_number":"","itunes_episode_type":"","footnotes":""},"categories":[],"tags":[],"class_list":["post-764","page","type-page","status-publish","hentry"],"acf":[],"publishpress_future_action":{"enabled":false,"date":"2026-04-24 11:52:56","action":"change-status","newStatus":"draft","terms":[],"taxonomy":"category","extraData":[]},"publishpress_future_workflow_manual_trigger":{"enabledWorkflows":[]},"_links":{"self":[{"href":"https:\/\/www.oaxaca.gob.mx\/gubernatura\/wp-json\/wp\/v2\/pages\/764","targetHints":{"allow":["GET"]}}],"collection":[{"href":"https:\/\/www.oaxaca.gob.mx\/gubernatura\/wp-json\/wp\/v2\/pages"}],"about":[{"href":"https:\/\/www.oaxaca.gob.mx\/gubernatura\/wp-json\/wp\/v2\/types\/page"}],"author":[{"embeddable":true,"href":"https:\/\/www.oaxaca.gob.mx\/gubernatura\/wp-json\/wp\/v2\/users\/1"}],"replies":[{"embeddable":true,"href":"https:\/\/www.oaxaca.gob.mx\/gubernatura\/wp-json\/wp\/v2\/comments?post=764"}],"version-history":[{"count":1,"href":"https:\/\/www.oaxaca.gob.mx\/gubernatura\/wp-json\/wp\/v2\/pages\/764\/revisions"}],"predecessor-version":[{"id":2506,"href":"https:\/\/www.oaxaca.gob.mx\/gubernatura\/wp-json\/wp\/v2\/pages\/764\/revisions\/2506"}],"wp:attachment":[{"href":"https:\/\/www.oaxaca.gob.mx\/gubernatura\/wp-json\/wp\/v2\/media?parent=764"}],"wp:term":[{"taxonomy":"category","embeddable":true,"href":"https:\/\/www.oaxaca.gob.mx\/gubernatura\/wp-json\/wp\/v2\/categories?post=764"},{"taxonomy":"post_tag","embeddable":true,"href":"https:\/\/www.oaxaca.gob.mx\/gubernatura\/wp-json\/wp\/v2\/tags?post=764"}],"curies":[{"name":"wp","href":"https:\/\/api.w.org\/{rel}","templated":true}]}}