{"id":408,"date":"2017-10-25T08:39:45","date_gmt":"2017-10-25T14:39:45","guid":{"rendered":"https:\/\/www.oaxaca.gob.mx\/gubernatura\/?page_id=408"},"modified":"2023-12-08T13:14:53","modified_gmt":"2023-12-08T19:14:53","slug":"mapa-del-sitio","status":"publish","type":"page","link":"https:\/\/www.oaxaca.gob.mx\/gubernatura\/mapa-del-sitio\/","title":{"rendered":"Mapa de sitio"},"content":{"rendered":"<div class=\"wsp-container\"><h2 class=\"wsp-pages-title\">P\u00e1ginas<\/h2>\n<ul class=\"wsp-pages-list\">\n<li class=\"page_item page-item-3534\"><a href=\"https:\/\/www.oaxaca.gob.mx\/gubernatura\/quienes-somos\/\">\u00bfQui\u00e9nes Somos?<\/a><\/li>\n<li class=\"page_item page-item-4155\"><a href=\"https:\/\/www.oaxaca.gob.mx\/gubernatura\/abril2023\/\">abril 2023<\/a><\/li>\n<li class=\"page_item page-item-2729\"><a href=\"https:\/\/www.oaxaca.gob.mx\/gubernatura\/acciones-de-gobierno\/\">Acciones de Gobierno<\/a><\/li>\n<li class=\"page_item page-item-2666\"><a href=\"https:\/\/www.oaxaca.gob.mx\/gubernatura\/acciones-de-sensibilizacion\/\">Acciones de Sensibilizaci\u00f3n<\/a><\/li>\n<li class=\"page_item page-item-2017\"><a href=\"https:\/\/www.oaxaca.gob.mx\/gubernatura\/aceca-de-la\/\">Acerca de GUBERNATURA<\/a><\/li>\n<li class=\"page_item page-item-2507\"><a href=\"https:\/\/www.oaxaca.gob.mx\/gubernatura\/administracion-documental\/\">Administraci\u00f3n Documental de Gubernatura<\/a><\/li>\n<li class=\"page_item page-item-1268 page_item_has_children\"><a href=\"https:\/\/www.oaxaca.gob.mx\/gubernatura\/agenda2018\/\">Agenda 2018<\/a>\n<ul class='children'>\n\t<li class=\"page_item page-item-1546\"><a href=\"https:\/\/www.oaxaca.gob.mx\/gubernatura\/publicaciones\/diciembre18\/\">Diciembre<\/a><\/li>\n<\/ul>\n<\/li>\n<li class=\"page_item page-item-2183 page_item_has_children\"><a href=\"https:\/\/www.oaxaca.gob.mx\/gubernatura\/agenda-2019\/\">Agenda 2019<\/a>\n<ul class='children'>\n\t<li class=\"page_item page-item-2176\"><a href=\"https:\/\/www.oaxaca.gob.mx\/gubernatura\/agenda-2019\/abril\/\">Abril<\/a><\/li>\n\t<li class=\"page_item page-item-2321\"><a href=\"https:\/\/www.oaxaca.gob.mx\/gubernatura\/agenda-2019\/agosto\/\">Agosto<\/a><\/li>\n\t<li class=\"page_item page-item-2578\"><a href=\"https:\/\/www.oaxaca.gob.mx\/gubernatura\/agenda-2019\/diciembre\/\">diciembre<\/a><\/li>\n\t<li class=\"page_item page-item-2170\"><a href=\"https:\/\/www.oaxaca.gob.mx\/gubernatura\/agenda-2019\/enero\/\">Enero<\/a><\/li>\n\t<li class=\"page_item page-item-2172\"><a href=\"https:\/\/www.oaxaca.gob.mx\/gubernatura\/agenda-2019\/febrero\/\">Febrero<\/a><\/li>\n\t<li class=\"page_item page-item-2187\"><a href=\"https:\/\/www.oaxaca.gob.mx\/gubernatura\/agenda-2019\/julio\/\">Julio<\/a><\/li>\n\t<li class=\"page_item page-item-2184\"><a href=\"https:\/\/www.oaxaca.gob.mx\/gubernatura\/agenda-2019\/junio\/\">Junio<\/a><\/li>\n\t<li class=\"page_item page-item-2174\"><a href=\"https:\/\/www.oaxaca.gob.mx\/gubernatura\/agenda-2019\/marzo\/\">Marzo<\/a><\/li>\n\t<li class=\"page_item page-item-2178\"><a href=\"https:\/\/www.oaxaca.gob.mx\/gubernatura\/agenda-2019\/mayo\/\">Mayo<\/a><\/li>\n\t<li class=\"page_item page-item-2573\"><a href=\"https:\/\/www.oaxaca.gob.mx\/gubernatura\/agenda-2019\/noviembre\/\">Noviembre<\/a><\/li>\n\t<li class=\"page_item page-item-2372\"><a href=\"https:\/\/www.oaxaca.gob.mx\/gubernatura\/agenda-2019\/octubre\/\">Octubre<\/a><\/li>\n\t<li class=\"page_item page-item-2386\"><a href=\"https:\/\/www.oaxaca.gob.mx\/gubernatura\/agenda-2019\/septiembre\/\">Septiembre<\/a><\/li>\n<\/ul>\n<\/li>\n<li class=\"page_item page-item-2467 page_item_has_children\"><a href=\"https:\/\/www.oaxaca.gob.mx\/gubernatura\/agenda-2020\/\">Agenda 2020<\/a>\n<ul class='children'>\n\t<li class=\"page_item page-item-2775\"><a href=\"https:\/\/www.oaxaca.gob.mx\/gubernatura\/agenda-2020\/abril2020\/\">Abril2020<\/a><\/li>\n\t<li class=\"page_item page-item-2797\"><a href=\"https:\/\/www.oaxaca.gob.mx\/gubernatura\/agenda-2020\/agosto2020\/\">Agosto2020<\/a><\/li>\n\t<li class=\"page_item page-item-2823\"><a href=\"https:\/\/www.oaxaca.gob.mx\/gubernatura\/agenda-2020\/diciembre2020\/\">Diciembre2020<\/a><\/li>\n\t<li class=\"page_item page-item-2609\"><a href=\"https:\/\/www.oaxaca.gob.mx\/gubernatura\/agenda-2020\/enero2020\/\">Enero2020<\/a><\/li>\n\t<li class=\"page_item page-item-2611\"><a href=\"https:\/\/www.oaxaca.gob.mx\/gubernatura\/agenda-2020\/febrero2020\/\">Febrero2020<\/a><\/li>\n\t<li class=\"page_item page-item-2792\"><a href=\"https:\/\/www.oaxaca.gob.mx\/gubernatura\/agenda-2020\/julio2020\/\">Julio2020<\/a><\/li>\n\t<li class=\"page_item page-item-2787\"><a href=\"https:\/\/www.oaxaca.gob.mx\/gubernatura\/agenda-2020\/junio2020\/\">Junio2020<\/a><\/li>\n\t<li class=\"page_item page-item-2766\"><a href=\"https:\/\/www.oaxaca.gob.mx\/gubernatura\/agenda-2020\/marzo2020\/\">Marzo2020<\/a><\/li>\n\t<li class=\"page_item page-item-2781\"><a href=\"https:\/\/www.oaxaca.gob.mx\/gubernatura\/agenda-2020\/mayo2020\/\">Mayo2020<\/a><\/li>\n\t<li class=\"page_item page-item-2813\"><a href=\"https:\/\/www.oaxaca.gob.mx\/gubernatura\/agenda-2020\/noviembre2020\/\">Noviembre2020<\/a><\/li>\n\t<li class=\"page_item page-item-2808\"><a href=\"https:\/\/www.oaxaca.gob.mx\/gubernatura\/agenda-2020\/octubre2020\/\">Octubre2020<\/a><\/li>\n\t<li class=\"page_item page-item-2803\"><a href=\"https:\/\/www.oaxaca.gob.mx\/gubernatura\/agenda-2020\/septiembre2020\/\">Septiembre2020<\/a><\/li>\n<\/ul>\n<\/li>\n<li class=\"page_item page-item-2840 page_item_has_children\"><a href=\"https:\/\/www.oaxaca.gob.mx\/gubernatura\/agenda-2021\/\">Agenda 2021<\/a>\n<ul class='children'>\n\t<li class=\"page_item page-item-3017\"><a href=\"https:\/\/www.oaxaca.gob.mx\/gubernatura\/agenda-2021\/abril2021\/\">Abril2021<\/a><\/li>\n\t<li class=\"page_item page-item-3122\"><a href=\"https:\/\/www.oaxaca.gob.mx\/gubernatura\/agenda-2021\/agosto2021\/\">Agosto2021<\/a><\/li>\n\t<li class=\"page_item page-item-3147\"><a href=\"https:\/\/www.oaxaca.gob.mx\/gubernatura\/agenda-2021\/diciembre2021\/\">Diciembre2021<\/a><\/li>\n\t<li class=\"page_item page-item-2847\"><a href=\"https:\/\/www.oaxaca.gob.mx\/gubernatura\/agenda-2021\/enero2021\/\">Enero 2021<\/a><\/li>\n\t<li class=\"page_item page-item-3001\"><a href=\"https:\/\/www.oaxaca.gob.mx\/gubernatura\/agenda-2021\/febrero2021\/\">Febrero 2021<\/a><\/li>\n\t<li class=\"page_item page-item-3118\"><a href=\"https:\/\/www.oaxaca.gob.mx\/gubernatura\/agenda-2021\/julio2021\/\">Julio2021<\/a><\/li>\n\t<li class=\"page_item page-item-3029\"><a href=\"https:\/\/www.oaxaca.gob.mx\/gubernatura\/agenda-2021\/junio2021\/\">Junio2021<\/a><\/li>\n\t<li class=\"page_item page-item-3014\"><a href=\"https:\/\/www.oaxaca.gob.mx\/gubernatura\/agenda-2021\/marzo2021\/\">Marzo 2021<\/a><\/li>\n\t<li class=\"page_item page-item-3025\"><a href=\"https:\/\/www.oaxaca.gob.mx\/gubernatura\/agenda-2021\/mayo2021\/\">Mayo2021<\/a><\/li>\n\t<li class=\"page_item page-item-3141\"><a href=\"https:\/\/www.oaxaca.gob.mx\/gubernatura\/agenda-2021\/noviembre2021\/\">Noviembre2021<\/a><\/li>\n\t<li class=\"page_item page-item-3134\"><a href=\"https:\/\/www.oaxaca.gob.mx\/gubernatura\/agenda-2021\/octubre2021\/\">Octubre2021<\/a><\/li>\n\t<li class=\"page_item page-item-3129\"><a href=\"https:\/\/www.oaxaca.gob.mx\/gubernatura\/agenda-2021\/septiembre2021\/\">Septiembre2021<\/a><\/li>\n<\/ul>\n<\/li>\n<li class=\"page_item page-item-4116\"><a href=\"https:\/\/www.oaxaca.gob.mx\/gubernatura\/agenda-2023\/\">Agenda 2023<\/a><\/li>\n<li class=\"page_item page-item-2931\"><a href=\"https:\/\/www.oaxaca.gob.mx\/gubernatura\/agenda-estatal\/\">Agenda Estatal<\/a><\/li>\n<li class=\"page_item page-item-4195\"><a href=\"https:\/\/www.oaxaca.gob.mx\/gubernatura\/agosto2023\/\">Agosto 2023<\/a><\/li>\n<li class=\"page_item page-item-1972\"><a href=\"https:\/\/www.oaxaca.gob.mx\/gubernatura\/articulo-70-2018-2\/\">Articulo-70<\/a><\/li>\n<li class=\"page_item page-item-862\"><a href=\"https:\/\/www.oaxaca.gob.mx\/gubernatura\/articulo-70-2018\/\">Articulo-70-2018 (eliminar pagina y sus archivos)<\/a><\/li>\n<li class=\"page_item page-item-2697\"><a href=\"https:\/\/www.oaxaca.gob.mx\/gubernatura\/aviso-de-privacidad\/\">Aviso de Privacidad<\/a><\/li>\n<li class=\"page_item page-item-2893\"><a href=\"https:\/\/www.oaxaca.gob.mx\/gubernatura\/aviso-de-declaracion-patrimonial\/\">Avisos Acerca de la Declaraci\u00f3n Patrimonial<\/a><\/li>\n<li class=\"page_item page-item-2005\"><a href=\"https:\/\/www.oaxaca.gob.mx\/gubernatura\/calendar-2\/\">Calendar<\/a><\/li>\n<li class=\"page_item page-item-3428\"><a href=\"https:\/\/www.oaxaca.gob.mx\/gubernatura\/evaluacion-cocoi\/\">COCOI 2023<\/a><\/li>\n<li class=\"page_item page-item-3621\"><a href=\"https:\/\/www.oaxaca.gob.mx\/gubernatura\/codigo-de-conducta\/\">C\u00f3digo de Conducta<\/a><\/li>\n<li class=\"page_item page-item-764\"><a href=\"https:\/\/www.oaxaca.gob.mx\/gubernatura\/codigo-de-etica\/\">C\u00f3digo de \u00c9tica<\/a><\/li>\n<li class=\"page_item page-item-3405\"><a href=\"https:\/\/www.oaxaca.gob.mx\/gubernatura\/comite-de-control-interno\/\">Comit\u00e9 de Control Interno<\/a><\/li>\n<li class=\"page_item page-item-3193\"><a href=\"https:\/\/www.oaxaca.gob.mx\/gubernatura\/comite-de-etica\/\">Comit\u00e9 de \u00c9tica<\/a><\/li>\n<li class=\"page_item page-item-3096\"><a href=\"https:\/\/www.oaxaca.gob.mx\/gubernatura\/comite-de-etica-bases-integracion-y-funcionamiento\/\">Comite de \u00c9tica (Bases, Integraci\u00f3n y Funcionamiento)<\/a><\/li>\n<li class=\"page_item page-item-759\"><a href=\"https:\/\/www.oaxaca.gob.mx\/gubernatura\/contacto\/\">Contacto<\/a><\/li>\n<li class=\"page_item page-item-3795\"><a href=\"https:\/\/www.oaxaca.gob.mx\/gubernatura\/%3Fpage_id%3D3795\">CUMPLIMIENTO DE OBLIGACIONES DE TRANSPARENCIA<\/a><\/li>\n<li class=\"page_item page-item-2084\"><a href=\"https:\/\/www.oaxaca.gob.mx\/gubernatura\/denuncias\/\">Denuncias<\/a><\/li>\n<li class=\"page_item page-item-4372\"><a href=\"https:\/\/www.oaxaca.gob.mx\/gubernatura\/informacion-tramite\/\">Detalle del Tr\u00e1mite<\/a><\/li>\n<li class=\"page_item page-item-3226\"><a href=\"https:\/\/www.oaxaca.gob.mx\/gubernatura\/diagnostico-de-la-unidad-de-transparencia\/\">Diagn\u00f3stico de la Unidad de Transparencia<\/a><\/li>\n<li class=\"page_item page-item-4224\"><a href=\"https:\/\/www.oaxaca.gob.mx\/gubernatura\/diciembre2023\/\">Diciembre2023<\/a><\/li>\n<li class=\"page_item page-item-348\"><a href=\"https:\/\/www.oaxaca.gob.mx\/gubernatura\/direccionadministrativa\/\">Direcci\u00f3n Administrativa<\/a><\/li>\n<li class=\"page_item page-item-344\"><a href=\"https:\/\/www.oaxaca.gob.mx\/gubernatura\/direccionrelaciones\/\">Direcci\u00f3n de Relaciones P\u00fablicas del Ejecutivo<\/a><\/li>\n<li class=\"page_item page-item-360\"><a href=\"https:\/\/www.oaxaca.gob.mx\/gubernatura\/directorio\">Directorio<\/a><\/li>\n<li class=\"page_item page-item-3391\"><a href=\"https:\/\/www.oaxaca.gob.mx\/gubernatura\/documento-de-seguridad\/\">Documento de Seguridad<\/a><\/li>\n<li class=\"page_item page-item-1575\"><a href=\"https:\/\/www.oaxaca.gob.mx\/gubernatura\/enero\/\">Enero<\/a><\/li>\n<li class=\"page_item page-item-4110\"><a href=\"https:\/\/www.oaxaca.gob.mx\/gubernatura\/enero2023\/\">Enero 2023<\/a><\/li>\n<li class=\"page_item page-item-482\"><a href=\"https:\/\/www.oaxaca.gob.mx\/gubernatura\/estructura\/\">Estructura<\/a><\/li>\n<li class=\"page_item page-item-3756 page_item_has_children\"><a href=\"https:\/\/www.oaxaca.gob.mx\/gubernatura\/eventos\/\">Eventos<\/a>\n<ul class='children'>\n\t<li class=\"page_item page-item-3758\"><a href=\"https:\/\/www.oaxaca.gob.mx\/gubernatura\/eventos\/categorias\/\">Categor\u00edas<\/a><\/li>\n\t<li class=\"page_item page-item-3759\"><a href=\"https:\/\/www.oaxaca.gob.mx\/gubernatura\/eventos\/etiquetas\/\">Etiquetas<\/a><\/li>\n\t<li class=\"page_item page-item-3760\"><a href=\"https:\/\/www.oaxaca.gob.mx\/gubernatura\/eventos\/mis-reservas\/\">Mis Reservas<\/a><\/li>\n\t<li class=\"page_item page-item-3757\"><a href=\"https:\/\/www.oaxaca.gob.mx\/gubernatura\/eventos\/ubicaciones\/\">Ubicaciones<\/a><\/li>\n<\/ul>\n<\/li>\n<li class=\"page_item page-item-3435\"><a href=\"https:\/\/www.oaxaca.gob.mx\/gubernatura\/phones\/\">ExtensionesGubernatura<\/a><\/li>\n<li class=\"page_item page-item-1710\"><a href=\"https:\/\/www.oaxaca.gob.mx\/gubernatura\/febrero\/\">Febrero<\/a><\/li>\n<li class=\"page_item page-item-4140\"><a href=\"https:\/\/www.oaxaca.gob.mx\/gubernatura\/febrero2023\/\">febrero 2023<\/a><\/li>\n<li class=\"page_item page-item-1798\"><a href=\"https:\/\/www.oaxaca.gob.mx\/gubernatura\/funciones-2\/\">Funciones<\/a><\/li>\n<li class=\"page_item page-item-2499\"><a href=\"https:\/\/www.oaxaca.gob.mx\/gubernatura\/grupo-interdisciplinario-de-la-gubernatura-2\/\">Grupo Interdisciplinario de la Gubernatura<\/a><\/li>\n<li class=\"page_item page-item-2664\"><a href=\"https:\/\/www.oaxaca.gob.mx\/gubernatura\/informe-anual-de-trabajo\/\">Informe Anual de Trabajo<\/a><\/li>\n<li class=\"page_item page-item-2254\"><a href=\"https:\/\/www.oaxaca.gob.mx\/gubernatura\/\">Inicio<\/a><\/li>\n<li class=\"page_item page-item-2658\"><a href=\"https:\/\/www.oaxaca.gob.mx\/gubernatura\/integrantes-de-comite-de-etica\/\">Integrantes de Comit\u00e9 de \u00c9tica<\/a><\/li>\n<li class=\"page_item page-item-2079\"><a href=\"https:\/\/www.oaxaca.gob.mx\/gubernatura\/integridad-publica\/\">Integridad p\u00fablica<\/a><\/li>\n<li class=\"page_item page-item-1893\"><a href=\"https:\/\/www.oaxaca.gob.mx\/gubernatura\/julio\/\">Julio<\/a><\/li>\n<li class=\"page_item page-item-4189\"><a href=\"https:\/\/www.oaxaca.gob.mx\/gubernatura\/julio2023\/\">Julio 2023<\/a><\/li>\n<li class=\"page_item page-item-1887\"><a href=\"https:\/\/www.oaxaca.gob.mx\/gubernatura\/junio\/\">Junio<\/a><\/li>\n<li class=\"page_item page-item-4183\"><a href=\"https:\/\/www.oaxaca.gob.mx\/gubernatura\/junio2023\/\">junio 2023<\/a><\/li>\n<li class=\"page_item page-item-4440\"><a href=\"https:\/\/www.oaxaca.gob.mx\/gubernatura\/lenguaje-incluyente-y-no-sexista\/\">Lenguaje incluyente y no sexista<\/a><\/li>\n<li class=\"page_item page-item-2004\"><a href=\"https:\/\/www.oaxaca.gob.mx\/gubernatura\/loginpress\/\">LoginPress<\/a><\/li>\n<li class=\"page_item page-item-1807\"><a href=\"https:\/\/www.oaxaca.gob.mx\/gubernatura\/manual-de-organizacion\/\">Manual de organizaci\u00f3n<\/a><\/li>\n<li class=\"page_item page-item-408\"><a href=\"https:\/\/www.oaxaca.gob.mx\/gubernatura\/mapa-del-sitio\/\">Mapa de sitio<\/a><\/li>\n<li class=\"page_item page-item-1814\"><a href=\"https:\/\/www.oaxaca.gob.mx\/gubernatura\/marco-juridico\/\">Marco jur\u00eddico<\/a><\/li>\n<li class=\"page_item page-item-2660\"><a href=\"https:\/\/www.oaxaca.gob.mx\/gubernatura\/marco-juridico-2\/\">Marco Jur\u00eddico<\/a><\/li>\n<li class=\"page_item page-item-2259\"><a href=\"https:\/\/www.oaxaca.gob.mx\/gubernatura\/marzo\/\">Marzo<\/a><\/li>\n<li class=\"page_item page-item-4147\"><a href=\"https:\/\/www.oaxaca.gob.mx\/gubernatura\/marzo2023\/\">marzo 2023<\/a><\/li>\n<li class=\"page_item page-item-1882\"><a href=\"https:\/\/www.oaxaca.gob.mx\/gubernatura\/mayo\/\">Mayo<\/a><\/li>\n<li class=\"page_item page-item-4177\"><a href=\"https:\/\/www.oaxaca.gob.mx\/gubernatura\/mayo2023\/\">mayo 2023<\/a><\/li>\n<li class=\"page_item page-item-1969\"><a href=\"https:\/\/www.oaxaca.gob.mx\/gubernatura\/mision-vision-2\/\">Misi\u00f3n y Visi\u00f3n<\/a><\/li>\n<li class=\"page_item page-item-335\"><a href=\"https:\/\/www.oaxaca.gob.mx\/gubernatura\/mision-vision\/\">Misi\u00f3n, Visi\u00f3n y Objetivos<\/a><\/li>\n<li class=\"page_item page-item-1433\"><a href=\"https:\/\/www.oaxaca.gob.mx\/gubernatura\/normatividad-aplicable\/\">Normatividad aplicable<\/a><\/li>\n<li class=\"page_item page-item-1419\"><a href=\"https:\/\/www.oaxaca.gob.mx\/gubernatura\/noviembre2018\/\">Noviembre<\/a><\/li>\n<li class=\"page_item page-item-4217\"><a href=\"https:\/\/www.oaxaca.gob.mx\/gubernatura\/noviembre2023\/\">Noviembre 2023<\/a><\/li>\n<li class=\"page_item page-item-4205\"><a href=\"https:\/\/www.oaxaca.gob.mx\/gubernatura\/octubre-2023\/\">Octubre 2023<\/a><\/li>\n<li class=\"page_item page-item-2\"><a href=\"https:\/\/www.oaxaca.gob.mx\/gubernatura\/pagina-ejemplo\/\">P\u00e1gina de ejemplo<\/a><\/li>\n<li class=\"page_item page-item-2662\"><a href=\"https:\/\/www.oaxaca.gob.mx\/gubernatura\/plan-anual-de-trabajo\/\">Plan Anual de Trabajo<\/a><\/li>\n<li class=\"page_item page-item-4062\"><a href=\"https:\/\/www.oaxaca.gob.mx\/gubernatura\/pitic-2024-2\/\">PLAN INSTITUCIONAL DE TECNOLOG\u00cdAS DE INFORMACI\u00d3N Y COMUNICACI\u00d3N DE LA GUBERNATURA PARA EL EJERCICIO 2026<\/a><\/li>\n<li class=\"page_item page-item-3987\"><a href=\"https:\/\/www.oaxaca.gob.mx\/gubernatura\/prueba\/\">Pronunciamiento CERO TOLERANCIA AL HOSTIGAMIENTO SEXUAL Y ACOSO SEXUAL<\/a><\/li>\n<li class=\"page_item page-item-3093\"><a href=\"https:\/\/www.oaxaca.gob.mx\/gubernatura\/protocolo-quejas-y-o-denuncias\/\">Protocolo Quejas y\/o Denuncias<\/a><\/li>\n<li class=\"page_item page-item-350\"><a href=\"https:\/\/www.oaxaca.gob.mx\/gubernatura\/secretariaparticular\/\">Secretar\u00eda Particular del Titular del Poder Ejecutivo del Estado de Oaxaca.<\/a><\/li>\n<li class=\"page_item page-item-352\"><a href=\"https:\/\/www.oaxaca.gob.mx\/gubernatura\/secretariaprivada\/\">Secretaria Privada del Titular del Poder Ejecutivo del Estado de Oaxaca<\/a><\/li>\n<li class=\"page_item page-item-346\"><a href=\"https:\/\/www.oaxaca.gob.mx\/gubernatura\/secretariatecnica\/\">Secretar\u00eda T\u00e9cnica del Titular del Poder Ejecutivo<\/a><\/li>\n<li class=\"page_item page-item-4200\"><a href=\"https:\/\/www.oaxaca.gob.mx\/gubernatura\/septiembre2023\/\">Septiembre 2023<\/a><\/li>\n<li class=\"page_item page-item-2438\"><a href=\"https:\/\/www.oaxaca.gob.mx\/gubernatura\/sistema-institucional-de-archivos\/\">Sistema Institucional de Archivos<\/a><\/li>\n<li class=\"page_item page-item-2007\"><a href=\"https:\/\/www.oaxaca.gob.mx\/gubernatura\/titular-de-la-dependencia\/\">Titular de la dependencia<\/a><\/li>\n<li class=\"page_item page-item-2064\"><a href=\"https:\/\/www.oaxaca.gob.mx\/gubernatura\/tramites-y-servicios\/\">Tr\u00e1mites y servicios<\/a><\/li>\n<li class=\"page_item page-item-1818\"><a href=\"https:\/\/www.oaxaca.gob.mx\/gubernatura\/transparencia\/\">Transparencia<\/a><\/li>\n<li class=\"page_item page-item-2707\"><a href=\"https:\/\/www.oaxaca.gob.mx\/gubernatura\/verificaciones-del-instituto-de-acceso-a-la-informacion-publica-y-proteccion-de-datos-personales-del-estado-de-oaxaca\/\">Verificaciones del \u00d3rgano Garante de Acceso a la Informaci\u00f3n P\u00fablica, Transparencia, Protecci\u00f3n de Datos Personales y Buen Gobierno del Estado de Oaxaca<\/a><\/li>\n<li class=\"page_item page-item-2747\"><a href=\"https:\/\/www.oaxaca.gob.mx\/gubernatura\/slide-anything-popup-preview\/\">Slide Anything Popup Preview<\/a><\/li>\n<\/ul>\n<\/div>\n","protected":false},"excerpt":{"rendered":"","protected":false},"author":1,"featured_media":0,"parent":0,"menu_order":0,"comment_status":"closed","ping_status":"closed","template":"","meta":{"episode_type":"","audio_file":"","podmotor_file_id":"","podmotor_episode_id":"","cover_image":"","cover_image_id":"","duration":"","filesize":"","filesize_raw":"","date_recorded":"","explicit":"","block":"","itunes_episode_number":"","itunes_title":"","itunes_season_number":"","itunes_episode_type":"","footnotes":""},"categories":[],"tags":[],"class_list":["post-408","page","type-page","status-publish","hentry"],"acf":[],"publishpress_future_action":{"enabled":false,"date":"2026-05-13 22:51:29","action":"change-status","newStatus":"draft","terms":[],"taxonomy":"category","extraData":[]},"publishpress_future_workflow_manual_trigger":{"enabledWorkflows":[]},"_links":{"self":[{"href":"https:\/\/www.oaxaca.gob.mx\/gubernatura\/wp-json\/wp\/v2\/pages\/408","targetHints":{"allow":["GET"]}}],"collection":[{"href":"https:\/\/www.oaxaca.gob.mx\/gubernatura\/wp-json\/wp\/v2\/pages"}],"about":[{"href":"https:\/\/www.oaxaca.gob.mx\/gubernatura\/wp-json\/wp\/v2\/types\/page"}],"author":[{"embeddable":true,"href":"https:\/\/www.oaxaca.gob.mx\/gubernatura\/wp-json\/wp\/v2\/users\/1"}],"replies":[{"embeddable":true,"href":"https:\/\/www.oaxaca.gob.mx\/gubernatura\/wp-json\/wp\/v2\/comments?post=408"}],"version-history":[{"count":1,"href":"https:\/\/www.oaxaca.gob.mx\/gubernatura\/wp-json\/wp\/v2\/pages\/408\/revisions"}],"predecessor-version":[{"id":4003,"href":"https:\/\/www.oaxaca.gob.mx\/gubernatura\/wp-json\/wp\/v2\/pages\/408\/revisions\/4003"}],"wp:attachment":[{"href":"https:\/\/www.oaxaca.gob.mx\/gubernatura\/wp-json\/wp\/v2\/media?parent=408"}],"wp:term":[{"taxonomy":"category","embeddable":true,"href":"https:\/\/www.oaxaca.gob.mx\/gubernatura\/wp-json\/wp\/v2\/categories?post=408"},{"taxonomy":"post_tag","embeddable":true,"href":"https:\/\/www.oaxaca.gob.mx\/gubernatura\/wp-json\/wp\/v2\/tags?post=408"}],"curies":[{"name":"wp","href":"https:\/\/api.w.org\/{rel}","templated":true}]}}