{"id":4062,"date":"2024-02-23T16:27:52","date_gmt":"2024-02-23T22:27:52","guid":{"rendered":"https:\/\/www.oaxaca.gob.mx\/gubernatura\/?page_id=4062"},"modified":"2026-01-22T10:31:16","modified_gmt":"2026-01-22T16:31:16","slug":"pitic-2024-2","status":"publish","type":"page","link":"https:\/\/www.oaxaca.gob.mx\/gubernatura\/pitic-2024-2\/","title":{"rendered":"PLAN INSTITUCIONAL DE TECNOLOG\u00cdAS DE INFORMACI\u00d3N Y COMUNICACI\u00d3N DE LA GUBERNATURA PARA EL EJERCICIO 2026"},"content":{"rendered":"<a href=\"https:\/\/www.oaxaca.gob.mx\/gubernatura\/wp-content\/uploads\/sites\/61\/2026\/01\/PITIC-2026.pdf\" class=\"pdfemb-viewer\" style=\"\" data-width=\"max\" data-height=\"max\" data-toolbar=\"top\" data-toolbar-fixed=\"on\">PITIC-2026<\/a>\n","protected":false},"excerpt":{"rendered":"","protected":false},"author":68,"featured_media":0,"parent":0,"menu_order":0,"comment_status":"closed","ping_status":"closed","template":"","meta":{"episode_type":"","audio_file":"","podmotor_file_id":"","podmotor_episode_id":"","cover_image":"","cover_image_id":"","duration":"","filesize":"","filesize_raw":"","date_recorded":"","explicit":"","block":"","itunes_episode_number":"","itunes_title":"","itunes_season_number":"","itunes_episode_type":"","footnotes":""},"categories":[],"tags":[],"class_list":["post-4062","page","type-page","status-publish","hentry"],"acf":[],"publishpress_future_action":{"enabled":false,"date":"2026-04-24 11:53:28","action":"change-status","newStatus":"draft","terms":[],"taxonomy":"category","extraData":[]},"publishpress_future_workflow_manual_trigger":{"enabledWorkflows":[]},"_links":{"self":[{"href":"https:\/\/www.oaxaca.gob.mx\/gubernatura\/wp-json\/wp\/v2\/pages\/4062","targetHints":{"allow":["GET"]}}],"collection":[{"href":"https:\/\/www.oaxaca.gob.mx\/gubernatura\/wp-json\/wp\/v2\/pages"}],"about":[{"href":"https:\/\/www.oaxaca.gob.mx\/gubernatura\/wp-json\/wp\/v2\/types\/page"}],"author":[{"embeddable":true,"href":"https:\/\/www.oaxaca.gob.mx\/gubernatura\/wp-json\/wp\/v2\/users\/68"}],"replies":[{"embeddable":true,"href":"https:\/\/www.oaxaca.gob.mx\/gubernatura\/wp-json\/wp\/v2\/comments?post=4062"}],"version-history":[{"count":3,"href":"https:\/\/www.oaxaca.gob.mx\/gubernatura\/wp-json\/wp\/v2\/pages\/4062\/revisions"}],"predecessor-version":[{"id":4414,"href":"https:\/\/www.oaxaca.gob.mx\/gubernatura\/wp-json\/wp\/v2\/pages\/4062\/revisions\/4414"}],"wp:attachment":[{"href":"https:\/\/www.oaxaca.gob.mx\/gubernatura\/wp-json\/wp\/v2\/media?parent=4062"}],"wp:term":[{"taxonomy":"category","embeddable":true,"href":"https:\/\/www.oaxaca.gob.mx\/gubernatura\/wp-json\/wp\/v2\/categories?post=4062"},{"taxonomy":"post_tag","embeddable":true,"href":"https:\/\/www.oaxaca.gob.mx\/gubernatura\/wp-json\/wp\/v2\/tags?post=4062"}],"curies":[{"name":"wp","href":"https:\/\/api.w.org\/{rel}","templated":true}]}}