{"id":352,"date":"2017-10-23T09:56:37","date_gmt":"2017-10-23T15:56:37","guid":{"rendered":"https:\/\/www.oaxaca.gob.mx\/gubernatura\/?page_id=352"},"modified":"2017-10-23T09:56:37","modified_gmt":"2017-10-23T15:56:37","slug":"secretariaprivada","status":"publish","type":"page","link":"https:\/\/www.oaxaca.gob.mx\/gubernatura\/secretariaprivada\/","title":{"rendered":"Secretaria Privada del Titular del Poder Ejecutivo del Estado de Oaxaca"},"content":{"rendered":"<p>A la Secretar\u00eda Privada del Titular del Poder Ejecutivo del Estado, se le delegan las siguientes facultades:<\/p>\n<ol style=\"list-style-type: upper-roman\">\n<li>Integrar y coordinar la agenda oficial del Titular del Poder Ejecutivo, acordando con \u00e9l su prioridad y efectuar el seguimiento respectivo.<\/li>\n<li>Coordinar la recepci\u00f3n y atender a funcionarios federales, estatales y visitantes distinguidos, sugiri\u00e9ndoles un programa de actividades en colaboraci\u00f3n con los titulares de las \u00e1reas correspondientes.<\/li>\n<li>Coordinar los servicios de seguridad del Gobernador Constitucional del Estado.<\/li>\n<li>Coordinar y supervisar los discursos y presentaciones del Gobernador Constitucional del Estado.<\/li>\n<li>Llevar y organizar el archivo oficial de los asuntos del Gobernador Constitucional del Estado.<\/li>\n<li>Planear, programar, organizar, dirigir y coordinar las actividades de las \u00e1reas integrantes de la Secretar\u00eda Privada del Titular del Poder Ejecutivo del Estado y mantener informado al Gobernador Constitucional del Estado de la situaci\u00f3n que guardan los asuntos que son de su competencia.<\/li>\n<li>Recibir, clasificar y enviar la correspondencia del Gobernador Constitucional del Estado a las Dependencias de su competencia para la resoluci\u00f3n y respuesta inmediata a quienes lo solicitan.<\/li>\n<li>Recibir, clasificar y tramitar la documentaci\u00f3n relacionada con invitaciones a eventos y propuestas de actividades en las que participa el Gobernador Constitucional del Estado.<\/li>\n<li>Suscribir los contratos de prestaci\u00f3n de servicios que resulten necesarios para su debido funcionamiento, de acuerdo con el presupuesto asignado a la Gubernatura.<\/li>\n<li>Suscribir los contratos y convenios relativos a los bienes y servicios cuyo uso corresponda a la Gubernatura y extender el resguardo correspondiente por tales bienes.<\/li>\n<li>Suscribir la Estructura Org\u00e1nica de la Gubernatura y el Manual de Organizaci\u00f3n correspondiente.<\/li>\n<li>Coordinar y verificar la operaci\u00f3n, funcionamiento y log\u00edstica del Palacio de Gobierno<\/li>\n<li>Administrar los recursos humanos, financieros y materiales que se encuentren asignados a la Gubernatura.<\/li>\n<li>Instrumentar reuniones de coordinaci\u00f3n que permitan programar con las \u00c1reas Administrativas correspondientes las giras de trabajo que realice el Gobernador Constitucional del Estado.<\/li>\n<li>Suscribir comunicados, circulares y oficios necesarios para el eficaz desahogo en el \u00e1mbito administrativo, de las actividades correspondientes al Gobernador Constitucional del Estado.<\/li>\n<li>Las que le confiera el Gobernador Constitucional del Estado y las que le se\u00f1alen las dem\u00e1s disposiciones normativas aplicables.<\/li>\n<\/ol>\n<p>&nbsp;<br \/>\n&nbsp;<\/p>\n","protected":false},"excerpt":{"rendered":"<p>A la Secretar\u00eda Privada del Titular del Poder Ejecutivo del Estado, se le delegan las siguientes facultades: Integrar y coordinar la agenda oficial del Titular del Poder Ejecutivo, acordando con \u00e9l su prioridad y efectuar el seguimiento respectivo. Coordinar la recepci\u00f3n y atender a funcionarios federales, estatales y visitantes distinguidos, sugiri\u00e9ndoles un programa de actividades [&hellip;]<\/p>\n","protected":false},"author":1,"featured_media":0,"parent":0,"menu_order":0,"comment_status":"closed","ping_status":"closed","template":"","meta":{"episode_type":"","audio_file":"","podmotor_file_id":"","podmotor_episode_id":"","cover_image":"","cover_image_id":"","duration":"","filesize":"","filesize_raw":"","date_recorded":"","explicit":"","block":"","itunes_episode_number":"","itunes_title":"","itunes_season_number":"","itunes_episode_type":"","footnotes":""},"categories":[],"tags":[],"class_list":["post-352","page","type-page","status-publish","hentry"],"acf":[],"publishpress_future_action":{"enabled":false,"date":"2026-05-12 14:42:30","action":"change-status","newStatus":"draft","terms":[],"taxonomy":"category","extraData":[]},"publishpress_future_workflow_manual_trigger":{"enabledWorkflows":[]},"_links":{"self":[{"href":"https:\/\/www.oaxaca.gob.mx\/gubernatura\/wp-json\/wp\/v2\/pages\/352","targetHints":{"allow":["GET"]}}],"collection":[{"href":"https:\/\/www.oaxaca.gob.mx\/gubernatura\/wp-json\/wp\/v2\/pages"}],"about":[{"href":"https:\/\/www.oaxaca.gob.mx\/gubernatura\/wp-json\/wp\/v2\/types\/page"}],"author":[{"embeddable":true,"href":"https:\/\/www.oaxaca.gob.mx\/gubernatura\/wp-json\/wp\/v2\/users\/1"}],"replies":[{"embeddable":true,"href":"https:\/\/www.oaxaca.gob.mx\/gubernatura\/wp-json\/wp\/v2\/comments?post=352"}],"version-history":[{"count":0,"href":"https:\/\/www.oaxaca.gob.mx\/gubernatura\/wp-json\/wp\/v2\/pages\/352\/revisions"}],"wp:attachment":[{"href":"https:\/\/www.oaxaca.gob.mx\/gubernatura\/wp-json\/wp\/v2\/media?parent=352"}],"wp:term":[{"taxonomy":"category","embeddable":true,"href":"https:\/\/www.oaxaca.gob.mx\/gubernatura\/wp-json\/wp\/v2\/categories?post=352"},{"taxonomy":"post_tag","embeddable":true,"href":"https:\/\/www.oaxaca.gob.mx\/gubernatura\/wp-json\/wp\/v2\/tags?post=352"}],"curies":[{"name":"wp","href":"https:\/\/api.w.org\/{rel}","templated":true}]}}