{"id":350,"date":"2017-10-23T09:56:10","date_gmt":"2017-10-23T15:56:10","guid":{"rendered":"https:\/\/www.oaxaca.gob.mx\/gubernatura\/?page_id=350"},"modified":"2017-10-23T09:56:10","modified_gmt":"2017-10-23T15:56:10","slug":"secretariaparticular","status":"publish","type":"page","link":"https:\/\/www.oaxaca.gob.mx\/gubernatura\/secretariaparticular\/","title":{"rendered":"Secretar\u00eda Particular del Titular del Poder Ejecutivo del Estado de Oaxaca."},"content":{"rendered":"<p>A la Secretar\u00eda Particular del Titular del Poder Ejecutivo del Estado, le corresponden las facultades siguientes:<\/p>\n<ol style=\"list-style-type: upper-roman\">\n<li>Atender las solicitudes de Audiencia formuladas al Gobernador Constitucional del Estado y canalizarlas en raz\u00f3n de los temas expuestos a las Dependencias y Entidades de la Administraci\u00f3n P\u00fablica Estatal competentes para otorgar el seguimiento y atenci\u00f3n correspondiente.<\/li>\n<li>Verificar el cumplimiento de la gesti\u00f3n gubernamental sobre temas relevantes y estrat\u00e9gicos del quehacer p\u00fablico del Titular del Poder Ejecutivo del Estado.<\/li>\n<li>Dar seguimiento al cumplimiento de los acuerdos e instrucciones dictadas por el Titular del Poder Ejecutivo, de conformidad con las normas aplicables.<\/li>\n<li>Planear, programar, organizar, dirigir y controlar las actividades de las \u00e1reas integrantes la secretar\u00eda particular y mantener informado al Titular del Poder Ejecutivo del Estado de la situaci\u00f3n que guardan los asuntos que son de su competencia.<\/li>\n<li>Las que le confiera el Gobernador Constitucional del Estado y las que le se\u00f1alen las dem\u00e1s disposiciones normativas aplicables.<\/li>\n<\/ol>\n","protected":false},"excerpt":{"rendered":"<p>A la Secretar\u00eda Particular del Titular del Poder Ejecutivo del Estado, le corresponden las facultades siguientes: Atender las solicitudes de Audiencia formuladas al Gobernador Constitucional del Estado y canalizarlas en raz\u00f3n de los temas expuestos a las Dependencias y Entidades de la Administraci\u00f3n P\u00fablica Estatal competentes para otorgar el seguimiento y atenci\u00f3n correspondiente. Verificar el [&hellip;]<\/p>\n","protected":false},"author":1,"featured_media":0,"parent":0,"menu_order":0,"comment_status":"closed","ping_status":"closed","template":"","meta":{"episode_type":"","audio_file":"","podmotor_file_id":"","podmotor_episode_id":"","cover_image":"","cover_image_id":"","duration":"","filesize":"","filesize_raw":"","date_recorded":"","explicit":"","block":"","itunes_episode_number":"","itunes_title":"","itunes_season_number":"","itunes_episode_type":"","footnotes":""},"categories":[],"tags":[],"class_list":["post-350","page","type-page","status-publish","hentry"],"acf":[],"publishpress_future_action":{"enabled":false,"date":"2026-04-29 06:05:29","action":"change-status","newStatus":"draft","terms":[],"taxonomy":"category","extraData":[]},"publishpress_future_workflow_manual_trigger":{"enabledWorkflows":[]},"_links":{"self":[{"href":"https:\/\/www.oaxaca.gob.mx\/gubernatura\/wp-json\/wp\/v2\/pages\/350","targetHints":{"allow":["GET"]}}],"collection":[{"href":"https:\/\/www.oaxaca.gob.mx\/gubernatura\/wp-json\/wp\/v2\/pages"}],"about":[{"href":"https:\/\/www.oaxaca.gob.mx\/gubernatura\/wp-json\/wp\/v2\/types\/page"}],"author":[{"embeddable":true,"href":"https:\/\/www.oaxaca.gob.mx\/gubernatura\/wp-json\/wp\/v2\/users\/1"}],"replies":[{"embeddable":true,"href":"https:\/\/www.oaxaca.gob.mx\/gubernatura\/wp-json\/wp\/v2\/comments?post=350"}],"version-history":[{"count":0,"href":"https:\/\/www.oaxaca.gob.mx\/gubernatura\/wp-json\/wp\/v2\/pages\/350\/revisions"}],"wp:attachment":[{"href":"https:\/\/www.oaxaca.gob.mx\/gubernatura\/wp-json\/wp\/v2\/media?parent=350"}],"wp:term":[{"taxonomy":"category","embeddable":true,"href":"https:\/\/www.oaxaca.gob.mx\/gubernatura\/wp-json\/wp\/v2\/categories?post=350"},{"taxonomy":"post_tag","embeddable":true,"href":"https:\/\/www.oaxaca.gob.mx\/gubernatura\/wp-json\/wp\/v2\/tags?post=350"}],"curies":[{"name":"wp","href":"https:\/\/api.w.org\/{rel}","templated":true}]}}