{"id":348,"date":"2017-10-23T09:55:39","date_gmt":"2017-10-23T15:55:39","guid":{"rendered":"https:\/\/www.oaxaca.gob.mx\/gubernatura\/?page_id=348"},"modified":"2017-10-23T09:55:39","modified_gmt":"2017-10-23T15:55:39","slug":"direccionadministrativa","status":"publish","type":"page","link":"https:\/\/www.oaxaca.gob.mx\/gubernatura\/direccionadministrativa\/","title":{"rendered":"Direcci\u00f3n Administrativa"},"content":{"rendered":"<p>Coordinar con las distintas \u00c1reas Administrativas que integran la Gubernatura la integraci\u00f3n y elaboraci\u00f3n del Programa Operativo Anual (POA) ante la Secretar\u00eda de Finanzas del Gobierno del Estado. Supervisar la integraci\u00f3n y custodia de la documentaci\u00f3n comprobatoria que refleje las operaciones financieras y administrativas de la Gubernatura. Supervisar los registros contables de la documentaci\u00f3n comprobatoria de las erogaciones generadas en las diferentes \u00c1reas Administrativas que integran la Gubernatura, con la finalidad de mantener actualizada la informaci\u00f3n correspondiente al presupuesto autorizado, ministrado, por ministrar, comprometido, por ejercer y de esta forma estar en condiciones para la toma de decisiones. Supervisar la elaboraci\u00f3n de los estados financieros que deriven de las operaciones financieras por las diversas actividades que se realicen para la integraci\u00f3n de la cuenta p\u00fablica. Supervisar y aplicar las pol\u00edticas establecidas en la Normatividad en Materia de Recursos Humanos, en la selecci\u00f3n, contrataci\u00f3n y capacitaci\u00f3n del personal, emitidas por la Secretar\u00eda de Administraci\u00f3n de Gobierno del Estado. Vigilar que se realicen los pagos correspondientes de las n\u00f3minas de la Gubernatura. Vigilar las actividades del registro y control de personal, as\u00ed como la permanente actualizaci\u00f3n de los mismos. Proponer y gestionar la adquisici\u00f3n de los bienes y servicios necesarios para el buen funcionamiento de la Gubernatura. Presentar ante la Secretar\u00eda de Finanzas el avance y total de los objetivos, metas y acciones programadas de las diversas operaciones del Plan de Desarrollo para el Ejercicio Presupuestal Fiscal que corresponda. Coordinar el registro oportuno en el inventario de bienes muebles que integran el patrimonio de la Gubernatura ante la Secretar\u00eda de Administraci\u00f3n del Gobierno del Estado e implementar y vigilar los controles de entradas y salidas del almac\u00e9n de la Gubernatura. Supervisar la aplicaci\u00f3n de los controles de suministro y uso de combustible mediante el Sistema Administrativo de Combustibles (SAC). Supervisar que los servicios de mantenimiento preventivo y correctivo se proporcionen oportunamente en las instalaciones de la Gubernatura. Instruir acta administrativa a los empleados que incurran en alguna falta o incumplimiento de sus obligaciones que les imponga su nombramiento. Atender las auditorias y recomendaciones que realice en el \u00e1mbito de su competencia el personal de la Secretar\u00eda de la Contralor\u00eda y Transparencia Gubernamental. Coordinarse con la Consejer\u00eda Jur\u00eddica del Gobierno del Estado respecto a los asuntos jur\u00eddicos de la Gubernatura y en materia de Transparencia y Acceso a la Informaci\u00f3n P\u00fablica. Las dem\u00e1s que le se\u00f1alan las disposiciones normativas aplicables y le confiera su superior jer\u00e1rquico, en el \u00e1mbito de su competencia.<\/p>\n","protected":false},"excerpt":{"rendered":"<p>Coordinar con las distintas \u00c1reas Administrativas que integran la Gubernatura la integraci\u00f3n y elaboraci\u00f3n del Programa Operativo Anual (POA) ante la Secretar\u00eda de Finanzas del Gobierno del Estado. Supervisar la integraci\u00f3n y custodia de la documentaci\u00f3n comprobatoria que refleje las operaciones financieras y administrativas de la Gubernatura. Supervisar los registros contables de la documentaci\u00f3n comprobatoria [&hellip;]<\/p>\n","protected":false},"author":1,"featured_media":0,"parent":0,"menu_order":0,"comment_status":"closed","ping_status":"closed","template":"","meta":{"episode_type":"","audio_file":"","podmotor_file_id":"","podmotor_episode_id":"","cover_image":"","cover_image_id":"","duration":"","filesize":"","filesize_raw":"","date_recorded":"","explicit":"","block":"","itunes_episode_number":"","itunes_title":"","itunes_season_number":"","itunes_episode_type":"","footnotes":""},"categories":[],"tags":[],"class_list":["post-348","page","type-page","status-publish","hentry"],"acf":[],"publishpress_future_action":{"enabled":false,"date":"2026-05-05 13:56:39","action":"change-status","newStatus":"draft","terms":[],"taxonomy":"category","extraData":[]},"publishpress_future_workflow_manual_trigger":{"enabledWorkflows":[]},"_links":{"self":[{"href":"https:\/\/www.oaxaca.gob.mx\/gubernatura\/wp-json\/wp\/v2\/pages\/348","targetHints":{"allow":["GET"]}}],"collection":[{"href":"https:\/\/www.oaxaca.gob.mx\/gubernatura\/wp-json\/wp\/v2\/pages"}],"about":[{"href":"https:\/\/www.oaxaca.gob.mx\/gubernatura\/wp-json\/wp\/v2\/types\/page"}],"author":[{"embeddable":true,"href":"https:\/\/www.oaxaca.gob.mx\/gubernatura\/wp-json\/wp\/v2\/users\/1"}],"replies":[{"embeddable":true,"href":"https:\/\/www.oaxaca.gob.mx\/gubernatura\/wp-json\/wp\/v2\/comments?post=348"}],"version-history":[{"count":1,"href":"https:\/\/www.oaxaca.gob.mx\/gubernatura\/wp-json\/wp\/v2\/pages\/348\/revisions"}],"predecessor-version":[{"id":2493,"href":"https:\/\/www.oaxaca.gob.mx\/gubernatura\/wp-json\/wp\/v2\/pages\/348\/revisions\/2493"}],"wp:attachment":[{"href":"https:\/\/www.oaxaca.gob.mx\/gubernatura\/wp-json\/wp\/v2\/media?parent=348"}],"wp:term":[{"taxonomy":"category","embeddable":true,"href":"https:\/\/www.oaxaca.gob.mx\/gubernatura\/wp-json\/wp\/v2\/categories?post=348"},{"taxonomy":"post_tag","embeddable":true,"href":"https:\/\/www.oaxaca.gob.mx\/gubernatura\/wp-json\/wp\/v2\/tags?post=348"}],"curies":[{"name":"wp","href":"https:\/\/api.w.org\/{rel}","templated":true}]}}