{"id":344,"date":"2017-10-23T09:53:37","date_gmt":"2017-10-23T15:53:37","guid":{"rendered":"https:\/\/www.oaxaca.gob.mx\/gubernatura\/?page_id=344"},"modified":"2017-10-23T09:53:37","modified_gmt":"2017-10-23T15:53:37","slug":"direccionrelaciones","status":"publish","type":"page","link":"https:\/\/www.oaxaca.gob.mx\/gubernatura\/direccionrelaciones\/","title":{"rendered":"Direcci\u00f3n de Relaciones P\u00fablicas del Ejecutivo"},"content":{"rendered":"<p>Supervisar la atenci\u00f3n a todos aquellos servidores p\u00fablicos locales y federales, personalidades extranjeras que visiten la entidad, en virtud de sus funciones o actividades relacionadas con el Gobierno del Estado. Gestionar los recursos para el pago de hospedaje, alimentaci\u00f3n y transporte con motivo de la estancia de visitantes distinguidos a la entidad. Dirigir, organizar y supervisar las gestiones administrativas para que se lleven a cabo los eventos programados del Gobernador Constitucional del Estado. Organizar los servicios de traslado, recepci\u00f3n, estancia y recorrido por la ciudad capital o al interior del Estado a los visitantes distinguidos que el Gobernador Constitucional del Estado se\u00f1ale. Formular y actualizar permanentemente los directorios oficiales y de prestadores de servicios. Determinar las pol\u00edticas para el registro de las personalidades que visitan al Estado en visita oficial o de car\u00e1cter social. Coordinar y controlar la entrega de informaci\u00f3n que en materia de turismo sea requerida por las personalidades que visitan el Estado, para realizar sus recorridos tur\u00edsticos. Programar, organizar y atender las actividades y eventos de car\u00e1cter social en los que intervenga el Gobernador Constitucional del Estado.<br \/>\nDar el apoyo correspondiente en la contrataci\u00f3n de suministros de alimentos durante las actividades que realiza el Gobernador Constitucional del Estado en sus giras de trabajo, audiencias y eventos sociales si as\u00ed lo requiere. Coordinar el equipo de edecanes al servicio del Gobierno del Estado durante los eventos en los cuales se requiera de su asistencia. Coordinar y dirigir los eventos que son ofrecidos por el Gobernador Constitucional del Estado tanto locales como for\u00e1neos. Supervisar las acciones y encomiendas de los Departamentos que integran la Direcci\u00f3n de Relaciones P\u00fablicas del Ejecutivo para alcanzar los objetivos y metas establecidos en cada evento, acto, ceremonia en los que participe el Gobernador Constitucional del Estado. Proponer a su superior inmediato las opciones de hospedaje y recorridos a otorgar a las personalidades que visitan el Estado. Seleccionar y proponer al Gobernador Constitucional del Estado los men\u00fas de alimentos e insumos necesarios en los eventos p\u00fablicos y privados que as\u00ed lo requieran. Proponer a su superior inmediato, las invitaciones y formatos necesarios para los eventos p\u00fablicos que ofrezca el Gobernador Constitucional del Estado. Las dem\u00e1s que le se\u00f1alan las disposiciones normativas aplicables y le confiera su superior jer\u00e1rquico, en el \u00e1mbito de su competencia.<\/p>\n","protected":false},"excerpt":{"rendered":"<p>Supervisar la atenci\u00f3n a todos aquellos servidores p\u00fablicos locales y federales, personalidades extranjeras que visiten la entidad, en virtud de sus funciones o actividades relacionadas con el Gobierno del Estado. Gestionar los recursos para el pago de hospedaje, alimentaci\u00f3n y transporte con motivo de la estancia de visitantes distinguidos a la entidad. Dirigir, organizar y [&hellip;]<\/p>\n","protected":false},"author":1,"featured_media":0,"parent":0,"menu_order":0,"comment_status":"closed","ping_status":"closed","template":"","meta":{"episode_type":"","audio_file":"","podmotor_file_id":"","podmotor_episode_id":"","cover_image":"","cover_image_id":"","duration":"","filesize":"","filesize_raw":"","date_recorded":"","explicit":"","block":"","itunes_episode_number":"","itunes_title":"","itunes_season_number":"","itunes_episode_type":"","footnotes":""},"categories":[],"tags":[],"class_list":["post-344","page","type-page","status-publish","hentry"],"acf":[],"publishpress_future_action":{"enabled":false,"date":"2026-05-10 21:15:55","action":"change-status","newStatus":"draft","terms":[],"taxonomy":"category","extraData":[]},"publishpress_future_workflow_manual_trigger":{"enabledWorkflows":[]},"_links":{"self":[{"href":"https:\/\/www.oaxaca.gob.mx\/gubernatura\/wp-json\/wp\/v2\/pages\/344","targetHints":{"allow":["GET"]}}],"collection":[{"href":"https:\/\/www.oaxaca.gob.mx\/gubernatura\/wp-json\/wp\/v2\/pages"}],"about":[{"href":"https:\/\/www.oaxaca.gob.mx\/gubernatura\/wp-json\/wp\/v2\/types\/page"}],"author":[{"embeddable":true,"href":"https:\/\/www.oaxaca.gob.mx\/gubernatura\/wp-json\/wp\/v2\/users\/1"}],"replies":[{"embeddable":true,"href":"https:\/\/www.oaxaca.gob.mx\/gubernatura\/wp-json\/wp\/v2\/comments?post=344"}],"version-history":[{"count":0,"href":"https:\/\/www.oaxaca.gob.mx\/gubernatura\/wp-json\/wp\/v2\/pages\/344\/revisions"}],"wp:attachment":[{"href":"https:\/\/www.oaxaca.gob.mx\/gubernatura\/wp-json\/wp\/v2\/media?parent=344"}],"wp:term":[{"taxonomy":"category","embeddable":true,"href":"https:\/\/www.oaxaca.gob.mx\/gubernatura\/wp-json\/wp\/v2\/categories?post=344"},{"taxonomy":"post_tag","embeddable":true,"href":"https:\/\/www.oaxaca.gob.mx\/gubernatura\/wp-json\/wp\/v2\/tags?post=344"}],"curies":[{"name":"wp","href":"https:\/\/api.w.org\/{rel}","templated":true}]}}