{"id":2666,"date":"2020-06-04T18:23:37","date_gmt":"2020-06-04T23:23:37","guid":{"rendered":"https:\/\/www.oaxaca.gob.mx\/gubernatura\/?page_id=2666"},"modified":"2020-06-19T13:07:13","modified_gmt":"2020-06-19T18:07:13","slug":"acciones-de-sensibilizacion","status":"publish","type":"page","link":"https:\/\/www.oaxaca.gob.mx\/gubernatura\/acciones-de-sensibilizacion\/","title":{"rendered":"Acciones de Sensibilizaci\u00f3n"},"content":{"rendered":"<p>Capacitaci\u00f3n \u201cSistemas de Control Interno en la Administraci\u00f3n P\u00fabica\u201d, impartida por personal de la Direcci\u00f3n de Control Interno de la Gesti\u00f3n P\u00fablica adscrito a la Secretaria de la Contralor\u00eda y Trasparencia Gubernamental a los empleados de la Gubernatura.<br \/>\n<img loading=\"lazy\" decoding=\"async\" src=\"https:\/\/www.oaxaca.gob.mx\/gubernatura\/wp-content\/uploads\/sites\/61\/2020\/06\/Foto1-1024x768.jpeg\" alt=\"\" width=\"1024\" height=\"768\" class=\"alignnone size-large wp-image-2685\" \/><\/p>\n<p><img loading=\"lazy\" decoding=\"async\" src=\"https:\/\/www.oaxaca.gob.mx\/gubernatura\/wp-content\/uploads\/sites\/61\/2020\/06\/Foto2-1024x768.jpeg\" alt=\"\" width=\"1024\" height=\"768\" class=\"alignnone size-large wp-image-2686\" \/><\/p>\n<p><img loading=\"lazy\" decoding=\"async\" src=\"https:\/\/www.oaxaca.gob.mx\/gubernatura\/wp-content\/uploads\/sites\/61\/2020\/06\/Foto3-1024x768.jpeg\" alt=\"\" width=\"1024\" height=\"768\" class=\"alignnone size-large wp-image-2687\" \/><\/p>\n<p>Capacitaci\u00f3n al personal adscrito a la Gubernatura en materia de \u00c9tica e Integridad P\u00fablica para Servidoras y Servidores P\u00fablicos del Poder Ejecutivo del Estado de Oaxaca y el C\u00f3digo de Conducta de la Gubernatura impartida por personal de la Secretaria de la Contralor\u00eda y Transparencia Gubernamental.<br \/>\n<img loading=\"lazy\" decoding=\"async\" src=\"https:\/\/www.oaxaca.gob.mx\/gubernatura\/wp-content\/uploads\/sites\/61\/2020\/06\/Foto4-1024x768.jpeg\" alt=\"\" width=\"1024\" height=\"768\" class=\"alignnone size-large wp-image-2689\" \/><\/p>\n<p><img loading=\"lazy\" decoding=\"async\" src=\"https:\/\/www.oaxaca.gob.mx\/gubernatura\/wp-content\/uploads\/sites\/61\/2020\/06\/Foto5-1024x768.jpeg\" alt=\"\" width=\"1024\" height=\"768\" class=\"alignnone size-large wp-image-2690\" \/><\/p>\n","protected":false},"excerpt":{"rendered":"<p>Capacitaci\u00f3n \u201cSistemas de Control Interno en la Administraci\u00f3n P\u00fabica\u201d, impartida por personal de la Direcci\u00f3n de Control Interno de la Gesti\u00f3n P\u00fablica adscrito a la Secretaria de la Contralor\u00eda y Trasparencia Gubernamental a los empleados de la Gubernatura. Capacitaci\u00f3n al personal adscrito a la Gubernatura en materia de \u00c9tica e Integridad P\u00fablica para Servidoras y [&hellip;]<\/p>\n","protected":false},"author":1,"featured_media":0,"parent":0,"menu_order":0,"comment_status":"closed","ping_status":"closed","template":"","meta":{"episode_type":"","audio_file":"","podmotor_file_id":"","podmotor_episode_id":"","cover_image":"","cover_image_id":"","duration":"","filesize":"","filesize_raw":"","date_recorded":"","explicit":"","block":"","itunes_episode_number":"","itunes_title":"","itunes_season_number":"","itunes_episode_type":"","footnotes":""},"categories":[],"tags":[],"class_list":["post-2666","page","type-page","status-publish","hentry"],"acf":[],"publishpress_future_action":{"enabled":false,"date":"2026-05-11 05:01:07","action":"change-status","newStatus":"draft","terms":[],"taxonomy":"category","extraData":[]},"publishpress_future_workflow_manual_trigger":{"enabledWorkflows":[]},"_links":{"self":[{"href":"https:\/\/www.oaxaca.gob.mx\/gubernatura\/wp-json\/wp\/v2\/pages\/2666","targetHints":{"allow":["GET"]}}],"collection":[{"href":"https:\/\/www.oaxaca.gob.mx\/gubernatura\/wp-json\/wp\/v2\/pages"}],"about":[{"href":"https:\/\/www.oaxaca.gob.mx\/gubernatura\/wp-json\/wp\/v2\/types\/page"}],"author":[{"embeddable":true,"href":"https:\/\/www.oaxaca.gob.mx\/gubernatura\/wp-json\/wp\/v2\/users\/1"}],"replies":[{"embeddable":true,"href":"https:\/\/www.oaxaca.gob.mx\/gubernatura\/wp-json\/wp\/v2\/comments?post=2666"}],"version-history":[{"count":4,"href":"https:\/\/www.oaxaca.gob.mx\/gubernatura\/wp-json\/wp\/v2\/pages\/2666\/revisions"}],"predecessor-version":[{"id":2692,"href":"https:\/\/www.oaxaca.gob.mx\/gubernatura\/wp-json\/wp\/v2\/pages\/2666\/revisions\/2692"}],"wp:attachment":[{"href":"https:\/\/www.oaxaca.gob.mx\/gubernatura\/wp-json\/wp\/v2\/media?parent=2666"}],"wp:term":[{"taxonomy":"category","embeddable":true,"href":"https:\/\/www.oaxaca.gob.mx\/gubernatura\/wp-json\/wp\/v2\/categories?post=2666"},{"taxonomy":"post_tag","embeddable":true,"href":"https:\/\/www.oaxaca.gob.mx\/gubernatura\/wp-json\/wp\/v2\/tags?post=2666"}],"curies":[{"name":"wp","href":"https:\/\/api.w.org\/{rel}","templated":true}]}}