{"id":2660,"date":"2020-06-04T18:22:12","date_gmt":"2020-06-04T23:22:12","guid":{"rendered":"https:\/\/www.oaxaca.gob.mx\/gubernatura\/?page_id=2660"},"modified":"2023-09-12T13:34:14","modified_gmt":"2023-09-12T19:34:14","slug":"marco-juridico-2","status":"publish","type":"page","link":"https:\/\/www.oaxaca.gob.mx\/gubernatura\/marco-juridico-2\/","title":{"rendered":"Marco Jur\u00eddico"},"content":{"rendered":"<p>1. Acuerdo. &#8211; Por el que se abroga el acuerdo que tiene por objeto expedir el C\u00f3digo de \u00c9tica del Poder Ejecutivo del Estado de Oaxaca, las Reglas de Integridad de la Administraci\u00f3n P\u00fablica de Oaxaca y los Lineamientos Generales para propiciar la integridad y el comportamiento \u00e9tico de servidoras y servidores p\u00fablicos del estado en el desempe\u00f1o de sus empleos, cargo o comisiones, a trav\u00e9s de los Comit\u00e9s de \u00c9tica y de Prevenci\u00f3n de Conflicto de Inter\u00e9s.<br \/>\n<div class=\"su-document su-u-responsive-media-yes\"><iframe loading=\"lazy\" src=\"\/\/docs.google.com\/viewer?embedded=true&url=https:\/\/www.oaxaca.gob.mx\/gubernatura\/wp-content\/uploads\/sites\/61\/2020\/06\/2.1_Acuerdo_que_Abroga.pdf\" width=\"600\" height=\"400\" class=\"su-document\" title=\"\"><\/iframe><\/div>\n2. Acuerdo. &#8211; Por el que se emiten las Reglas de Integridad para Servidoras y Servidores P\u00fablicos del Poder Ejecutivo del Estado de Oaxaca.<br \/>\n3. Acuerdo. &#8211; Por el que se emiten los Lineamientos Generales del C\u00f3digo de \u00c9tica para Servidoras y Servidores P\u00fablicos del Poder Ejecutivo del Estado de Oaxaca.<br \/>\n4. Acuerdo. &#8211; Por el que se expide el C\u00f3digo de \u00c9tica para Servidoras y Servidores P\u00fablicos del Poder Ejecutivo del Estado de Oaxaca.<br \/>\n<div class=\"su-document su-u-responsive-media-yes\"><iframe loading=\"lazy\" src=\"\/\/docs.google.com\/viewer?embedded=true&url=https:\/\/www.oaxaca.gob.mx\/gubernatura\/wp-content\/uploads\/sites\/61\/2019\/09\/2.3-Reglas-de-Integridad.pdf\" width=\"600\" height=\"400\" class=\"su-document\" title=\"\"><\/iframe><\/div>\n5. C\u00f3digo de Conducta de la Gubernatura<br \/>\n<div class=\"su-document su-u-responsive-media-yes\"><iframe loading=\"lazy\" src=\"\/\/docs.google.com\/viewer?embedded=true&url=https:\/\/www.oaxaca.gob.mx\/gubernatura\/wp-content\/uploads\/sites\/61\/2019\/11\/C\u00f3digo-de-Conducta-de-la-Gubernatura.pdf\" width=\"600\" height=\"400\" class=\"su-document\" title=\"\"><\/iframe><\/div>\n","protected":false},"excerpt":{"rendered":"<p>1. Acuerdo. &#8211; Por el que se abroga el acuerdo que tiene por objeto expedir el C\u00f3digo de \u00c9tica del Poder Ejecutivo del Estado de Oaxaca, las Reglas de Integridad de la Administraci\u00f3n P\u00fablica de Oaxaca y los Lineamientos Generales para propiciar la integridad y el comportamiento \u00e9tico de servidoras y servidores p\u00fablicos del estado [&hellip;]<\/p>\n","protected":false},"author":1,"featured_media":0,"parent":0,"menu_order":0,"comment_status":"closed","ping_status":"closed","template":"","meta":{"episode_type":"","audio_file":"","podmotor_file_id":"","podmotor_episode_id":"","cover_image":"","cover_image_id":"","duration":"","filesize":"","filesize_raw":"","date_recorded":"","explicit":"","block":"","itunes_episode_number":"","itunes_title":"","itunes_season_number":"","itunes_episode_type":"","footnotes":""},"categories":[],"tags":[],"class_list":["post-2660","page","type-page","status-publish","hentry"],"acf":[],"publishpress_future_action":{"enabled":false,"date":"2026-05-05 13:59:00","action":"change-status","newStatus":"draft","terms":[],"taxonomy":"category","extraData":[]},"publishpress_future_workflow_manual_trigger":{"enabledWorkflows":[]},"_links":{"self":[{"href":"https:\/\/www.oaxaca.gob.mx\/gubernatura\/wp-json\/wp\/v2\/pages\/2660","targetHints":{"allow":["GET"]}}],"collection":[{"href":"https:\/\/www.oaxaca.gob.mx\/gubernatura\/wp-json\/wp\/v2\/pages"}],"about":[{"href":"https:\/\/www.oaxaca.gob.mx\/gubernatura\/wp-json\/wp\/v2\/types\/page"}],"author":[{"embeddable":true,"href":"https:\/\/www.oaxaca.gob.mx\/gubernatura\/wp-json\/wp\/v2\/users\/1"}],"replies":[{"embeddable":true,"href":"https:\/\/www.oaxaca.gob.mx\/gubernatura\/wp-json\/wp\/v2\/comments?post=2660"}],"version-history":[{"count":3,"href":"https:\/\/www.oaxaca.gob.mx\/gubernatura\/wp-json\/wp\/v2\/pages\/2660\/revisions"}],"predecessor-version":[{"id":3871,"href":"https:\/\/www.oaxaca.gob.mx\/gubernatura\/wp-json\/wp\/v2\/pages\/2660\/revisions\/3871"}],"wp:attachment":[{"href":"https:\/\/www.oaxaca.gob.mx\/gubernatura\/wp-json\/wp\/v2\/media?parent=2660"}],"wp:term":[{"taxonomy":"category","embeddable":true,"href":"https:\/\/www.oaxaca.gob.mx\/gubernatura\/wp-json\/wp\/v2\/categories?post=2660"},{"taxonomy":"post_tag","embeddable":true,"href":"https:\/\/www.oaxaca.gob.mx\/gubernatura\/wp-json\/wp\/v2\/tags?post=2660"}],"curies":[{"name":"wp","href":"https:\/\/api.w.org\/{rel}","templated":true}]}}