{"id":2007,"date":"2019-08-13T20:03:51","date_gmt":"2019-08-13T18:03:51","guid":{"rendered":"https:\/\/www.oaxaca.gob.mx\/gubernatura\/?page_id=2007"},"modified":"2023-03-27T14:38:29","modified_gmt":"2023-03-27T20:38:29","slug":"titular-de-la-dependencia","status":"publish","type":"page","link":"https:\/\/www.oaxaca.gob.mx\/gubernatura\/titular-de-la-dependencia\/","title":{"rendered":"Titular de la dependencia"},"content":{"rendered":"<h3 style=\"text-align: center\"><strong>Ing. Salom\u00f3n Jara Cruz<\/strong><\/h3>\n<h2 align=\"center\"><img loading=\"lazy\" decoding=\"async\" class=\"wp-image-3528 aligncenter\" src=\"https:\/\/www.oaxaca.gob.mx\/gubernatura\/wp-content\/uploads\/sites\/61\/2023\/01\/Ing.-Salomon-Jara-Cruz-300x300.jpeg\" alt=\"\" width=\"343\" height=\"343\" srcset=\"https:\/\/www.oaxaca.gob.mx\/gubernatura\/wp-content\/uploads\/sites\/61\/2023\/01\/Ing.-Salomon-Jara-Cruz-300x300.jpeg 300w, https:\/\/www.oaxaca.gob.mx\/gubernatura\/wp-content\/uploads\/sites\/61\/2023\/01\/Ing.-Salomon-Jara-Cruz-150x150.jpeg 150w, https:\/\/www.oaxaca.gob.mx\/gubernatura\/wp-content\/uploads\/sites\/61\/2023\/01\/Ing.-Salomon-Jara-Cruz-768x768.jpeg 768w, https:\/\/www.oaxaca.gob.mx\/gubernatura\/wp-content\/uploads\/sites\/61\/2023\/01\/Ing.-Salomon-Jara-Cruz.jpeg 960w\" sizes=\"auto, (max-width: 343px) 100vw, 343px\" \/><\/h2>\n<h3 style=\"text-align: center\"><em>Gobernador del Estado de Oaxaca<\/em><\/h3>\n<h2><strong>Cargos p\u00fablicos<\/strong><\/h2>\n<table border=\"0\" cellpadding=\"0\" align=\"center\">\n<tbody>\n<tr>\n<td class=\"simpletextmayor\"><a name=\"Perfil\"><\/a>TRAYECTORIA LEGISLATIVA<\/td>\n<\/tr>\n<\/tbody>\n<\/table>\n<p>&nbsp;<\/p>\n<table border=\"1\" width=\"100%\" cellspacing=\"0\" cellpadding=\"0\" align=\"center\">\n<tbody>\n<tr>\n<td class=\"tdcriterio\" align=\"center\" valign=\"middle\" width=\"10%\">Del a\u00f1o<\/td>\n<td class=\"tdcriterio\" align=\"center\" valign=\"middle\" width=\"10%\">Al a\u00f1o<\/td>\n<td class=\"tdcriterio\" align=\"center\" valign=\"middle\" width=\"80%\">Trayectoria<\/td>\n<\/tr>\n<tr>\n<td class=\"tddatosazul\" width=\"10%\">1991<\/td>\n<td class=\"tddatosazul\" width=\"10%\">1993<\/td>\n<td class=\"tddatosazul\" width=\"80%\">Diputado federal en la LV Legislatura.<\/td>\n<\/tr>\n<tr>\n<td class=\"tddatosazul\" width=\"10%\">2004<\/td>\n<td class=\"tddatosazul\" width=\"10%\">2006<\/td>\n<td class=\"tddatosazul\" width=\"80%\">Diputado local en LIX Legislatura del Congreso de Oaxaca. Secretario de la Mesa Directiva y de la Comisi\u00f3n de Contadur\u00eda Mayor de Hacienda P\u00fablica.<\/td>\n<\/tr>\n<tr>\n<td class=\"tddatosazul\" width=\"10%\">2006<\/td>\n<td class=\"tddatosazul\" width=\"10%\">2010<\/td>\n<td class=\"tddatosazul\" width=\"80%\">Senador en la LX y LXI Legislatura. Presidente de la Comisi\u00f3n de Relaciones Exteriores, \u00c1frica; Secretario de la Comisi\u00f3n de Asuntos Ind\u00edgenas; e, Integrante de las comisiones de Asuntos Fronterizos Zona Norte, Comunicaciones y Transportes, Concordia y Pacificaci\u00f3n y Relaciones Exteriores, Organismos Internacionales.<\/td>\n<\/tr>\n<tr>\n<td class=\"tddatosazul\" width=\"10%\">2018<\/td>\n<td class=\"tddatosazul\" width=\"10%\">2021<\/td>\n<td class=\"tddatosazul\" width=\"80%\">Senador Propietario por la LXIV Legislatura.<\/td>\n<\/tr>\n<\/tbody>\n<\/table>\n<p>&nbsp;<\/p>\n<table border=\"0\" cellpadding=\"0\" align=\"center\">\n<tbody>\n<tr>\n<td class=\"simpletextmayor\"><a name=\"Perfil\"><\/a>TRAYECTORIA ADMINISTRATIVA<\/td>\n<\/tr>\n<\/tbody>\n<\/table>\n<p>&nbsp;<\/p>\n<table border=\"1\" width=\"100%\" cellspacing=\"0\" cellpadding=\"0\" align=\"center\">\n<tbody>\n<tr>\n<td class=\"tdcriterio\" align=\"center\" valign=\"middle\" width=\"10%\">Del a\u00f1o<\/td>\n<td class=\"tdcriterio\" align=\"center\" valign=\"middle\" width=\"10%\">Al a\u00f1o<\/td>\n<td class=\"tdcriterio\" align=\"center\" valign=\"middle\" width=\"80%\">Trayectoria<\/td>\n<\/tr>\n<tr>\n<td class=\"tddatosazul\" width=\"10%\">2010<\/td>\n<td class=\"tddatosazul\" width=\"10%\">2012<\/td>\n<td class=\"tddatosazul\" width=\"80%\">Secretario de Desarrollo Agropecuario, Forestal y Pesquero de Oaxaca.<\/td>\n<\/tr>\n<\/tbody>\n<\/table>\n<p>&nbsp;<\/p>\n<p>&nbsp;<\/p>\n<table border=\"0\" cellpadding=\"0\" align=\"center\">\n<tbody>\n<tr>\n<td class=\"simpletextmayor\"><a name=\"Perfil\"><\/a>TRAYECTORIA POL\u00cdTICA<\/td>\n<\/tr>\n<\/tbody>\n<\/table>\n<p>&nbsp;<\/p>\n<table border=\"1\" width=\"100%\" cellspacing=\"0\" cellpadding=\"0\" align=\"center\">\n<tbody>\n<tr>\n<td class=\"tdcriterio\" align=\"center\" valign=\"middle\" width=\"10%\">Del a\u00f1o<\/td>\n<td class=\"tdcriterio\" align=\"center\" valign=\"middle\" width=\"10%\">Al a\u00f1o<\/td>\n<td class=\"tdcriterio\" align=\"center\" valign=\"middle\" width=\"80%\">Trayectoria<\/td>\n<\/tr>\n<tr>\n<td class=\"tddatosazul\" width=\"10%\"><\/td>\n<td class=\"tddatosazul\" width=\"10%\"><\/td>\n<td class=\"tddatosazul\" width=\"80%\">Secretario General de la Uni\u00f3n Campesina Democr\u00e1tica por el PRD<\/td>\n<\/tr>\n<tr>\n<td class=\"tddatosazul\" width=\"10%\"><\/td>\n<td class=\"tddatosazul\" width=\"10%\"><\/td>\n<td class=\"tddatosazul\" width=\"80%\">Miembro y Fundador del PRD en Oaxaca.<\/td>\n<\/tr>\n<tr>\n<td class=\"tddatosazul\" width=\"10%\">1989<\/td>\n<td class=\"tddatosazul\" width=\"10%\"><\/td>\n<td class=\"tddatosazul\" width=\"80%\">Miembro del Frente Democr\u00e1tico Nacional.<\/td>\n<\/tr>\n<tr>\n<td class=\"tddatosazul\" width=\"10%\">1991<\/td>\n<td class=\"tddatosazul\" width=\"10%\">1992<\/td>\n<td class=\"tddatosazul\" width=\"80%\">Presidente del Comit\u00e9 Directivo Estatal del PRD en Oaxaca.<\/td>\n<\/tr>\n<tr>\n<td class=\"tddatosazul\" width=\"10%\">2013<\/td>\n<td class=\"tddatosazul\" width=\"10%\">2013<\/td>\n<td class=\"tddatosazul\" width=\"80%\">Fundador de MORENA en Oaxaca.<\/td>\n<\/tr>\n<tr>\n<td class=\"tddatosazul\" width=\"10%\">2015<\/td>\n<td class=\"tddatosazul\" width=\"10%\"><\/td>\n<td class=\"tddatosazul\" width=\"80%\">Promotor de la soberan\u00eda nacional de MORENA.<\/td>\n<\/tr>\n<tr>\n<td class=\"tddatosazul\" width=\"10%\">2016<\/td>\n<td class=\"tddatosazul\" width=\"10%\"><\/td>\n<td class=\"tddatosazul\" width=\"80%\">Candidato a la gubernatura de Oaxaca.<\/td>\n<\/tr>\n<\/tbody>\n<\/table>\n<p>&nbsp;<\/p>\n<table border=\"0\" cellpadding=\"0\" align=\"center\">\n<tbody>\n<tr>\n<td class=\"simpletextmayor\"><a name=\"Perfil\"><\/a>TRAYECTORIA ACAD\u00c9MICA<\/td>\n<\/tr>\n<\/tbody>\n<\/table>\n<p>&nbsp;<\/p>\n<table border=\"1\" width=\"100%\" cellspacing=\"0\" cellpadding=\"0\" align=\"center\">\n<tbody>\n<tr>\n<td class=\"tdcriterio\" align=\"center\" valign=\"middle\" width=\"10%\">Del a\u00f1o<\/td>\n<td class=\"tdcriterio\" align=\"center\" valign=\"middle\" width=\"10%\">Al a\u00f1o<\/td>\n<td class=\"tdcriterio\" align=\"center\" valign=\"middle\" width=\"80%\">Trayectoria<\/td>\n<\/tr>\n<tr>\n<td class=\"tddatosazul\" width=\"10%\">1980<\/td>\n<td class=\"tddatosazul\" width=\"10%\">1984<\/td>\n<td class=\"tddatosazul\" width=\"80%\">Licenciatura en Ingenier\u00eda Qu\u00edmica Industrial por el IPN.<\/td>\n<\/tr>\n<\/tbody>\n<\/table>\n<p>&nbsp;<\/p>\n<table border=\"0\" cellpadding=\"0\" align=\"center\">\n<tbody>\n<tr>\n<td class=\"simpletextmayor\"><a name=\"Perfil\"><\/a>OTROS RUBROS<\/td>\n<\/tr>\n<\/tbody>\n<\/table>\n<p>&nbsp;<\/p>\n<table border=\"1\" width=\"100%\" cellspacing=\"0\" cellpadding=\"0\" align=\"center\">\n<tbody>\n<tr>\n<td class=\"tdcriterio\" align=\"center\" valign=\"middle\" width=\"10%\">Del a\u00f1o<\/td>\n<td class=\"tdcriterio\" align=\"center\" valign=\"middle\" width=\"10%\">Al a\u00f1o<\/td>\n<td class=\"tdcriterio\" align=\"center\" valign=\"middle\" width=\"80%\">Trayectoria<\/td>\n<\/tr>\n<tr>\n<td class=\"tddatosazul\" width=\"10%\"><\/td>\n<td class=\"tddatosazul\" width=\"10%\"><\/td>\n<td class=\"tddatosazul\" width=\"80%\">Autor del libro El derecho de los Pueblos Ind\u00edgenas.<\/td>\n<\/tr>\n<\/tbody>\n<\/table>\n","protected":false},"excerpt":{"rendered":"<p>Ing. Salom\u00f3n Jara Cruz Gobernador del Estado de Oaxaca Cargos p\u00fablicos TRAYECTORIA LEGISLATIVA &nbsp; Del a\u00f1o Al a\u00f1o Trayectoria 1991 1993 Diputado federal en la LV Legislatura. 2004 2006 Diputado local en LIX Legislatura del Congreso de Oaxaca. Secretario de la Mesa Directiva y de la Comisi\u00f3n de Contadur\u00eda Mayor de Hacienda P\u00fablica. 2006 2010 [&hellip;]<\/p>\n","protected":false},"author":1,"featured_media":0,"parent":0,"menu_order":0,"comment_status":"closed","ping_status":"closed","template":"","meta":{"episode_type":"","audio_file":"","podmotor_file_id":"","podmotor_episode_id":"","cover_image":"","cover_image_id":"","duration":"","filesize":"","filesize_raw":"","date_recorded":"","explicit":"","block":"","itunes_episode_number":"","itunes_title":"","itunes_season_number":"","itunes_episode_type":"","footnotes":""},"categories":[],"tags":[],"class_list":["post-2007","page","type-page","status-publish","hentry"],"acf":[],"publishpress_future_action":{"enabled":false,"date":"2026-04-27 07:34:16","action":"change-status","newStatus":"draft","terms":[],"taxonomy":"category","extraData":[]},"publishpress_future_workflow_manual_trigger":{"enabledWorkflows":[]},"_links":{"self":[{"href":"https:\/\/www.oaxaca.gob.mx\/gubernatura\/wp-json\/wp\/v2\/pages\/2007","targetHints":{"allow":["GET"]}}],"collection":[{"href":"https:\/\/www.oaxaca.gob.mx\/gubernatura\/wp-json\/wp\/v2\/pages"}],"about":[{"href":"https:\/\/www.oaxaca.gob.mx\/gubernatura\/wp-json\/wp\/v2\/types\/page"}],"author":[{"embeddable":true,"href":"https:\/\/www.oaxaca.gob.mx\/gubernatura\/wp-json\/wp\/v2\/users\/1"}],"replies":[{"embeddable":true,"href":"https:\/\/www.oaxaca.gob.mx\/gubernatura\/wp-json\/wp\/v2\/comments?post=2007"}],"version-history":[{"count":14,"href":"https:\/\/www.oaxaca.gob.mx\/gubernatura\/wp-json\/wp\/v2\/pages\/2007\/revisions"}],"predecessor-version":[{"id":3685,"href":"https:\/\/www.oaxaca.gob.mx\/gubernatura\/wp-json\/wp\/v2\/pages\/2007\/revisions\/3685"}],"wp:attachment":[{"href":"https:\/\/www.oaxaca.gob.mx\/gubernatura\/wp-json\/wp\/v2\/media?parent=2007"}],"wp:term":[{"taxonomy":"category","embeddable":true,"href":"https:\/\/www.oaxaca.gob.mx\/gubernatura\/wp-json\/wp\/v2\/categories?post=2007"},{"taxonomy":"post_tag","embeddable":true,"href":"https:\/\/www.oaxaca.gob.mx\/gubernatura\/wp-json\/wp\/v2\/tags?post=2007"}],"curies":[{"name":"wp","href":"https:\/\/api.w.org\/{rel}","templated":true}]}}