{"id":1969,"date":"2017-10-23T08:50:17","date_gmt":"2017-10-23T14:50:17","guid":{"rendered":"https:\/\/www.oaxaca.gob.mx\/gubernatura\/?page_id=335"},"modified":"2017-10-23T08:50:17","modified_gmt":"2017-10-23T14:50:17","slug":"mision-vision-2","status":"publish","type":"page","link":"https:\/\/www.oaxaca.gob.mx\/gubernatura\/mision-vision-2\/","title":{"rendered":"Misi\u00f3n y Visi\u00f3n"},"content":{"rendered":"<p style=\"text-align: center\"><strong>MISI\u00d3N<\/strong><\/p>\n<p style=\"text-align: justify\">DIRIGIR, ORIENTAR Y APOYAR LAS POL\u00cdTICAS P\u00daBLICAS, PROGRAMAS, ESTRATEGIAS Y ACCIONES DEL GOBERNADOR CONSTITUCIONAL DEL ESTADO, A FIN DE COADYUVAR EN LA ORGANIZACI\u00d3N POL\u00cdTICA DE LA VIDA SOCIAL, CON TRANSPARENCIA, HONESTIDAD Y LEGALIDAD.<\/p>\n<p>&nbsp;<\/p>\n<p style=\"text-align: center\"><strong>VISI\u00d3N<\/strong><\/p>\n<p style=\"text-align: justify\">LA GUBERNATURA FUNCIONA EFICIENTE, COMPETENTE Y ACTUALIZADA, UTILIZANDO LAS NUEVAS TECNOLOG\u00cdAS DE LA INFORMACI\u00d3N Y COMUNICACI\u00d3N, PARA LA GENERACI\u00d3N DE SINERGIAS EN LA COORDINACI\u00d3N INSTITUCIONAL, COADYUVANDO A LOGRAR UNA MEJOR ARMON\u00cdA DE LA VIDA SOCIAL, POL\u00cdTICA Y ECON\u00d3MICA DEL ESTADO DE OAXACA.<\/p>\n","protected":false},"excerpt":{"rendered":"<p>MISI\u00d3N DIRIGIR, ORIENTAR Y APOYAR LAS POL\u00cdTICAS P\u00daBLICAS, PROGRAMAS, ESTRATEGIAS Y ACCIONES DEL GOBERNADOR CONSTITUCIONAL DEL ESTADO, A FIN DE COADYUVAR EN LA ORGANIZACI\u00d3N POL\u00cdTICA DE LA VIDA SOCIAL, CON TRANSPARENCIA, HONESTIDAD Y LEGALIDAD. &nbsp; VISI\u00d3N LA GUBERNATURA FUNCIONA EFICIENTE, COMPETENTE Y ACTUALIZADA, UTILIZANDO LAS NUEVAS TECNOLOG\u00cdAS DE LA INFORMACI\u00d3N Y COMUNICACI\u00d3N, PARA LA GENERACI\u00d3N [&hellip;]<\/p>\n","protected":false},"author":1,"featured_media":0,"parent":0,"menu_order":0,"comment_status":"closed","ping_status":"closed","template":"","meta":{"episode_type":"","audio_file":"","podmotor_file_id":"","podmotor_episode_id":"","cover_image":"","cover_image_id":"","duration":"","filesize":"","filesize_raw":"","date_recorded":"","explicit":"","block":"","itunes_episode_number":"","itunes_title":"","itunes_season_number":"","itunes_episode_type":"","footnotes":""},"categories":[],"tags":[],"class_list":["post-1969","page","type-page","status-publish","hentry"],"acf":[],"publishpress_future_action":{"enabled":false,"date":"2026-05-11 02:01:23","action":"change-status","newStatus":"draft","terms":[],"taxonomy":"category","extraData":[]},"publishpress_future_workflow_manual_trigger":{"enabledWorkflows":[]},"_links":{"self":[{"href":"https:\/\/www.oaxaca.gob.mx\/gubernatura\/wp-json\/wp\/v2\/pages\/1969","targetHints":{"allow":["GET"]}}],"collection":[{"href":"https:\/\/www.oaxaca.gob.mx\/gubernatura\/wp-json\/wp\/v2\/pages"}],"about":[{"href":"https:\/\/www.oaxaca.gob.mx\/gubernatura\/wp-json\/wp\/v2\/types\/page"}],"author":[{"embeddable":true,"href":"https:\/\/www.oaxaca.gob.mx\/gubernatura\/wp-json\/wp\/v2\/users\/1"}],"replies":[{"embeddable":true,"href":"https:\/\/www.oaxaca.gob.mx\/gubernatura\/wp-json\/wp\/v2\/comments?post=1969"}],"version-history":[{"count":0,"href":"https:\/\/www.oaxaca.gob.mx\/gubernatura\/wp-json\/wp\/v2\/pages\/1969\/revisions"}],"wp:attachment":[{"href":"https:\/\/www.oaxaca.gob.mx\/gubernatura\/wp-json\/wp\/v2\/media?parent=1969"}],"wp:term":[{"taxonomy":"category","embeddable":true,"href":"https:\/\/www.oaxaca.gob.mx\/gubernatura\/wp-json\/wp\/v2\/categories?post=1969"},{"taxonomy":"post_tag","embeddable":true,"href":"https:\/\/www.oaxaca.gob.mx\/gubernatura\/wp-json\/wp\/v2\/tags?post=1969"}],"curies":[{"name":"wp","href":"https:\/\/api.w.org\/{rel}","templated":true}]}}