{"id":1814,"date":"2019-04-12T00:52:17","date_gmt":"2019-04-11T22:52:17","guid":{"rendered":"https:\/\/www.oaxaca.gob.mx\/gubernatura\/?page_id=1814"},"modified":"2019-04-12T00:52:17","modified_gmt":"2019-04-11T22:52:17","slug":"marco-juridico","status":"publish","type":"page","link":"https:\/\/www.oaxaca.gob.mx\/gubernatura\/marco-juridico\/","title":{"rendered":"Marco jur\u00eddico"},"content":{"rendered":"\n<table id=\"tablepress-marco_juridico\" class=\"tablepress tablepress-id-marco_juridico\">\n<thead>\n<tr class=\"row-1\">\n\t<th class=\"column-1\">Denominaci\u00f3n de la norma<\/th><th class=\"column-2\">Tipo de normatividad<\/th><th class=\"column-3\">Hiperv\u00ednculo al documento de la norma<\/th>\n<\/tr>\n<\/thead>\n<tbody class=\"row-striping row-hover\">\n<tr class=\"row-2\">\n\t<td class=\"column-1\">Convenci\u00f3n Americana sobre Derechos Humanos suscrita en la Conferencia Especializada Interamericana sobre Derechos Humanos.<\/td><td class=\"column-2\">Tratado internacional<\/td><td class=\"column-3\"><a href=\"\/gubernatura\/wp-content\/uploads\/sites\/61\/2019\/08\/Convenci\u00f3n-Americana-sobre-Derechos-Humanos-suscrita-en-la-Conferencia-Especializada-Interamericana-sobre-Derechos-Humanos..pdf\" target=\"_blank\" rel=\"noopener noreferrer\"><i class=\"far fa-file-pdf fa-2x\">&nbsp;<\/i><\/a><\/td>\n<\/tr>\n<tr class=\"row-3\">\n\t<td class=\"column-1\">Pacto Internacional de Derechos Civiles y Pol\u00edticos<\/td><td class=\"column-2\">Tratado internacional<\/td><td class=\"column-3\"><a href=\"\/gubernatura\/wp-content\/uploads\/sites\/61\/2019\/08\/Pacto-Internacional-de-Derechos-Civiles-y-Pol\u00edticos.pdf\" target=\"_blank\" rel=\"noopener noreferrer\"><i class=\"far fa-file-pdf fa-2x\">&nbsp;<\/i><\/a><\/td>\n<\/tr>\n<tr class=\"row-4\">\n\t<td class=\"column-1\">Pacto Internacional de Derechos Econ\u00f3micos, Sociales y Culturales<\/td><td class=\"column-2\">Tratado internacional<\/td><td class=\"column-3\"><a href=\"\/gubernatura\/wp-content\/uploads\/sites\/61\/2019\/08\/Pacto-Internacional-de-Derechos-Econ\u00f3micos-Sociales-y-Culturales.pdf\" target=\"_blank\" rel=\"noopener noreferrer\"><i class=\"far fa-file-pdf fa-2x\">&nbsp;<\/i><\/a><\/td>\n<\/tr>\n<tr class=\"row-5\">\n\t<td class=\"column-1\">Constituci\u00f3n Pol\u00edtica de los Estados Unidos Mexicanos.<\/td><td class=\"column-2\">Constituci\u00f3n Pol\u00edtica<\/td><td class=\"column-3\"><a href=\"https:\/\/www.oaxaca.gob.mx\/gubernatura\/wp-content\/uploads\/sites\/61\/2026\/03\/CONSTITUCION-POLITICA-DE-LOS-ESTADOS-UNIDOS-MEXICANOS.pdf\" target=\"_blank\" rel=\"noopener noreferrer\"><i class=\"far fa-file-pdf fa-2x\">&nbsp;<\/i><\/a><\/td>\n<\/tr>\n<tr class=\"row-6\">\n\t<td class=\"column-1\">Constituci\u00f3n Pol\u00edtica del Estado Libre y Soberano de Oaxaca<\/td><td class=\"column-2\">Constituci\u00f3n Pol\u00edtica<\/td><td class=\"column-3\"><a href=\"https:\/\/www.oaxaca.gob.mx\/gubernatura\/wp-content\/uploads\/sites\/61\/2026\/03\/CONSTITUCION-POLITICA-DEL-ESTADO-LIBRE-Y-SOBERANO-DE-OAXACA.pdf\" target=\"_blank\" rel=\"noopener noreferrer\"><i class=\"far fa-file-pdf fa-2x\">&nbsp;<\/i><\/a><\/td>\n<\/tr>\n<tr class=\"row-7\">\n\t<td class=\"column-1\">Ley General de Archivos<\/td><td class=\"column-2\">Ley federal<\/td><td class=\"column-3\"><a href=\"https:\/\/www.oaxaca.gob.mx\/gubernatura\/wp-content\/uploads\/sites\/61\/2026\/03\/LEY-GENERAL-DE-ARCHIVOS.pdf\" target=\"_blank\" rel=\"noopener noreferrer\"><i class=\"far fa-file-pdf fa-2x\">&nbsp;<\/i><\/a><\/td>\n<\/tr>\n<tr class=\"row-8\">\n\t<td class=\"column-1\">Ley General de Protecci\u00f3n de Datos Personales en Posesi\u00f3n de Sujetos Obligados<\/td><td class=\"column-2\">Ley federal<\/td><td class=\"column-3\"><a href=\"https:\/\/www.oaxaca.gob.mx\/gubernatura\/wp-content\/uploads\/sites\/61\/2026\/03\/LEY-GENERAL-DE-PROTECCION-DE-DATOS-PERSONALES-EN-POSESION-DE-SUJETOS.pdf\" target=\"_blank\" rel=\"noopener noreferrer\"><i class=\"far fa-file-pdf fa-2x\">&nbsp;<\/i><\/a><\/td>\n<\/tr>\n<tr class=\"row-9\">\n\t<td class=\"column-1\">Ley General de Responsabilidades Administrativas<\/td><td class=\"column-2\">Ley federal<\/td><td class=\"column-3\"><a href=\"https:\/\/www.oaxaca.gob.mx\/gubernatura\/wp-content\/uploads\/sites\/61\/2026\/03\/LEY-GENERAL-DE-RESPONSABILIDADES-ADMINISTRATIVAS.pdf\" target=\"_blank\" rel=\"noopener noreferrer\"><i class=\"far fa-file-pdf fa-2x\">&nbsp;<\/i><\/a><\/td>\n<\/tr>\n<tr class=\"row-10\">\n\t<td class=\"column-1\">Ley General de Transparencia y Acceso a la Informaci\u00f3n P\u00fablica<\/td><td class=\"column-2\">Ley federal<\/td><td class=\"column-3\"><a href=\"https:\/\/www.oaxaca.gob.mx\/gubernatura\/wp-content\/uploads\/sites\/61\/2026\/03\/LEY-GENERAL-DE-TRANSPARENCIA-Y-ACCESO-A-LA-INFORMACION-PUBLICA.pdf\" target=\"_blank\" rel=\"noopener noreferrer\"><i class=\"far fa-file-pdf fa-2x\">&nbsp;<\/i><\/a><\/td>\n<\/tr>\n<tr class=\"row-11\">\n\t<td class=\"column-1\">Ley General del Sistema Nacional Anticorrupci\u00f3n<\/td><td class=\"column-2\">Ley federal<\/td><td class=\"column-3\"><a href=\"https:\/\/www.oaxaca.gob.mx\/gubernatura\/wp-content\/uploads\/sites\/61\/2021\/07\/LEY-GENERAL-DEL-SISTEMA-NACIONAL-ANTICORRUPCION-20-05-2021.pdf\" target=\"_blank\" rel=\"noopener noreferrer\"><i class=\"far fa-file-pdf fa-2x\">&nbsp;<\/i><\/a><\/td>\n<\/tr>\n<tr class=\"row-12\">\n\t<td class=\"column-1\">Ley de Adquisiciones, Enajenaciones, Arrendamientos, Prestaci\u00f3n de Servicios y Administraci\u00f3n de Bienes Muebles e Inmuebles del Estado de Oaxaca.<\/td><td class=\"column-2\">Ley local<\/td><td class=\"column-3\"><a href=\"https:\/\/www.oaxaca.gob.mx\/gubernatura\/wp-content\/uploads\/sites\/61\/2025\/03\/LEY-DE-ADQUISICIONES-ENAJENACIONES-ARRENDAMIENTOS-PRESTACION-DE.pdf\" target=\"_blank\" rel=\"noopener noreferrer\"><i class=\"far fa-file-pdf fa-2x\">&nbsp;<\/i><\/a><\/td>\n<\/tr>\n<tr class=\"row-13\">\n\t<td class=\"column-1\">Ley Estatal de Austeridad Republicana<\/td><td class=\"column-2\">Ley Local<\/td><td class=\"column-3\"><a href=\"https:\/\/www.oaxaca.gob.mx\/gubernatura\/wp-content\/uploads\/sites\/61\/2025\/03\/LEY-ESTATAL-DE-AUSTERIDAD-REPUBLICANA.pdf\" target=\"_blank\" rel=\"noopener noreferrer\"><i class=\"far fa-file-pdf fa-2x\">&nbsp;<\/i><\/a><\/td>\n<\/tr>\n<tr class=\"row-14\">\n\t<td class=\"column-1\">Decreto.- Por el que se establecen las medidas de austeridad que deber\u00e1n observar las dependencias y entidades de la Administraci\u00f3n P\u00fablica Estatal en observancia a la Ley de Austeridad Republicana<\/td><td class=\"column-2\">Decreto<\/td><td class=\"column-3\"><a href=\"https:\/\/www.oaxaca.gob.mx\/gubernatura\/wp-content\/uploads\/sites\/61\/2023\/03\/Acuerdo.-Por-que-se-establecen-las-medidas-de-austeridad-que-deberan-observar-las-dependencias.pdf\" target=\"_blank\" rel=\"noopener noreferrer\"><i class=\"far fa-file-pdf fa-2x\">&nbsp;<\/i><\/a><\/td>\n<\/tr>\n<tr class=\"row-15\">\n\t<td class=\"column-1\">Ley de Archivos del Estado de Oaxaca.<\/td><td class=\"column-2\">Ley local<\/td><td class=\"column-3\"><a href=\"https:\/\/www.oaxaca.gob.mx\/gubernatura\/wp-content\/uploads\/sites\/61\/2025\/03\/Ley_de_Archivos_para_el_Estado_de_Oaxaca_Ref_dto_1718_aprob_LXV_Legis_31_enero_2024_PO_6_7a_secc_10_feb_2024.pdf\" target=\"_blank\" rel=\"noopener noreferrer\"><i class=\"far fa-file-pdf fa-2x\">&nbsp;<\/i><\/a><\/td>\n<\/tr>\n<tr class=\"row-16\">\n\t<td class=\"column-1\">Ley de Bienes Pertenecientes al Estado de Oaxaca.<\/td><td class=\"column-2\">Ley local<\/td><td class=\"column-3\"><a href=\"\/gubernatura\/wp-content\/uploads\/sites\/61\/2019\/08\/Ley-de-Bienes-Pertenecientes-al-Estado-de-Oaxaca..pdf\" target=\"_blank\" rel=\"noopener noreferrer\"><i class=\"far fa-file-pdf fa-2x\">&nbsp;<\/i><\/a><\/td>\n<\/tr>\n<tr class=\"row-17\">\n\t<td class=\"column-1\">Ley de Justicia de Fiscalizaci\u00f3n y Rendici\u00f3n de Cuentas para el Estado de Oaxaca<\/td><td class=\"column-2\">Ley local<\/td><td class=\"column-3\"><a href=\"\/gubernatura\/wp-content\/uploads\/sites\/61\/2019\/08\/Ley-de-Justicia-de-Fiscalizaci\u00f3n-y-Rendici\u00f3n-de-Cuentas-para-el-Estado-de-Oaxaca.pdf\" target=\"_blank\" rel=\"noopener noreferrer\"><i class=\"far fa-file-pdf fa-2x\">&nbsp;<\/i><\/a><\/td>\n<\/tr>\n<tr class=\"row-18\">\n\t<td class=\"column-1\">Ley de Pensiones para los Trabajadores del Gobierno del Estado de Oaxaca.<\/td><td class=\"column-2\">Ley local<\/td><td class=\"column-3\"><a href=\"https:\/\/www.oaxaca.gob.mx\/gubernatura\/wp-content\/uploads\/sites\/61\/2026\/03\/LEY-DE-PENSIONES-PARA-LOS-TRABAJADORES-DEL-GOBIERNO.pdf\" target=\"_blank\" rel=\"noopener noreferrer\"><i class=\"far fa-file-pdf fa-2x\">&nbsp;<\/i><\/a><\/td>\n<\/tr>\n<tr class=\"row-19\">\n\t<td class=\"column-1\">Ley de Procedimiento y Justicia Administrativa para el Estado de Oaxaca.<\/td><td class=\"column-2\">Ley local<\/td><td class=\"column-3\"><a href=\"\/gubernatura\/wp-content\/uploads\/sites\/61\/2019\/08\/Ley-de-Procedimiento-y-Justicia-Administrativa-para-el-Estado-de-Oaxaca..pdf\" target=\"_blank\" rel=\"noopener noreferrer\"><i class=\"far fa-file-pdf fa-2x\">&nbsp;<\/i><\/a><\/td>\n<\/tr>\n<tr class=\"row-20\">\n\t<td class=\"column-1\">Ley de Protecci\u00f3n de Datos Personales en Posesi\u00f3n de Sujetos Obligados del Estado de Oaxaca.<\/td><td class=\"column-2\">Ley local<\/td><td class=\"column-3\"><a href=\"https:\/\/www.oaxaca.gob.mx\/gubernatura\/wp-content\/uploads\/sites\/61\/2026\/03\/LEY-DE-PROTECCION-DE-DATOS-PERSONALES-EN-POSESION-DE-SUJETOS-OBLIGADOS.pdf\" target=\"_blank\" rel=\"noopener noreferrer\"><i class=\"far fa-file-pdf fa-2x\">&nbsp;<\/i><\/a><\/td>\n<\/tr>\n<tr class=\"row-21\">\n\t<td class=\"column-1\">Ley de Responsabilidades Administrativas del Estado y Municipios de Oaxaca.<\/td><td class=\"column-2\">Ley local<\/td><td class=\"column-3\"><a href=\"https:\/\/www.oaxaca.gob.mx\/gubernatura\/wp-content\/uploads\/sites\/61\/2026\/03\/LEY-DE-RESPONSABILIDADES-ADMINISTRATIVAS-DEL-ESTADO-Y-MUNICIPIOS-DE-OAXACA.pdf\" target=\"_blank\" rel=\"noopener noreferrer\"><i class=\"far fa-file-pdf fa-2x\">&nbsp;<\/i><\/a><\/td>\n<\/tr>\n<tr class=\"row-22\">\n\t<td class=\"column-1\">Ley de Transparencia, Acceso a la Informaci\u00f3n P\u00fablica y Buen Gobierno del Estado de Oaxaca<\/td><td class=\"column-2\">Ley local<\/td><td class=\"column-3\"><a href=\"https:\/\/www.oaxaca.gob.mx\/gubernatura\/wp-content\/uploads\/sites\/61\/2026\/03\/Ley-de-Transparencia-y-Acceso-a-la-Informacion-Publica-con-Sentido-Social-y-Buen-Gobierno-del-Estado-de-Oaxaca.pdf\" target=\"_blank\" rel=\"noopener noreferrer\"><i class=\"far fa-file-pdf fa-2x\">&nbsp;<\/i><\/a><\/td>\n<\/tr>\n<tr class=\"row-23\">\n\t<td class=\"column-1\">Ley del Servicio Civil para los Empleados del Gobierno del Estado.<\/td><td class=\"column-2\">Ley local<\/td><td class=\"column-3\"><a href=\"https:\/\/www.oaxaca.gob.mx\/gubernatura\/wp-content\/uploads\/sites\/61\/2026\/03\/LEY-DEL-SERVICIO-CIVIL-PARA-LOS-EMPLEADOS-DEL-GOBIERNO-DEL-ESTADO.pdf\" target=\"_blank\" rel=\"noopener noreferrer\"><i class=\"far fa-file-pdf fa-2x\">&nbsp;<\/i><\/a><\/td>\n<\/tr>\n<tr class=\"row-24\">\n\t<td class=\"column-1\">Ley Estatal de Presupuesto y Responsabilidad Hacendaria<\/td><td class=\"column-2\">Ley local<\/td><td class=\"column-3\"><a href=\"https:\/\/www.oaxaca.gob.mx\/gubernatura\/wp-content\/uploads\/sites\/61\/2026\/03\/LEY-ESTATAL-DE-PRESUPUESTO-Y-RESPONSABILIDAD-HACENDARIA.pdf\" target=\"_blank\" rel=\"noopener noreferrer\"><i class=\"far fa-file-pdf fa-2x\">&nbsp;<\/i><\/a><\/td>\n<\/tr>\n<tr class=\"row-25\">\n\t<td class=\"column-1\">Ley Org\u00e1nica del Poder Ejecutivo del Estado de Oaxaca.<\/td><td class=\"column-2\">Ley local<\/td><td class=\"column-3\"><a href=\"https:\/\/www.oaxaca.gob.mx\/gubernatura\/wp-content\/uploads\/sites\/61\/2026\/03\/LEY-ORGANICA-DEL-PODER-EJECUTIVO-DEL-ESTADO-DE-OAXACA.pdf\" target=\"_blank\" rel=\"noopener noreferrer\"><i class=\"far fa-file-pdf fa-2x\">&nbsp;<\/i><\/a><\/td>\n<\/tr>\n<tr class=\"row-26\">\n\t<td class=\"column-1\">Presupuesto de Egresos del Estado de Oaxaca, para el ejercicio fiscal 2025<\/td><td class=\"column-2\"><\/td><td class=\"column-3\"><a href=\"https:\/\/www.oaxaca.gob.mx\/gubernatura\/wp-content\/uploads\/sites\/61\/2025\/04\/SEC51-02DA-2024-12-21.pdf\" target=\"_blank\" rel=\"noopener noreferrer\"><i class=\"far fa-file-pdf fa-2x\">&nbsp;<\/i><\/a><\/td>\n<\/tr>\n<tr class=\"row-27\">\n\t<td class=\"column-1\">Reglamento de los Archivos del Poder Ejecutivo del Estado de Oaxaca.<\/td><td class=\"column-2\">Reglamento<\/td><td class=\"column-3\"><a href=\"\/gubernatura\/wp-content\/uploads\/sites\/61\/2019\/08\/Reglamento-de-los-Archivos-del-Poder-Ejecutivo-del-Estado-de-Oaxaca..pdf\" target=\"_blank\" rel=\"noopener noreferrer\"><i class=\"far fa-file-pdf fa-2x\">&nbsp;<\/i><\/a><\/td>\n<\/tr>\n<tr class=\"row-28\">\n\t<td class=\"column-1\">Reglamento para Regular el Uso de los Bienes Muebles de la Administraci\u00f3n P\u00fablica Estatal.<\/td><td class=\"column-2\">Reglamento<\/td><td class=\"column-3\"><a href=\"\/gubernatura\/wp-content\/uploads\/sites\/61\/2019\/08\/Reglamento-para-Regular-el-Uso-de-los-Bienes-Muebles-de-la-Administraci\u00f3n-P\u00fablica-Estatal..pdf\" target=\"_blank\" rel=\"noopener noreferrer\"><i class=\"far fa-file-pdf fa-2x\">&nbsp;<\/i><\/a><\/td>\n<\/tr>\n<tr class=\"row-29\">\n\t<td class=\"column-1\">Normatividad en Materia de Recursos Humanos para las Dependencias y Entidades de la Administraci\u00f3n P\u00fablica de Oaxaca.<\/td><td class=\"column-2\">Norma<\/td><td class=\"column-3\"><a href=\"\/gubernatura\/wp-content\/uploads\/sites\/61\/2019\/08\/Normatividad-en-Materia-de-Recursos-Humanos-para-las-Dependencias-y-Entidades-de-la-Administraci\u00f3n-P\u00fablica-de-Oaxaca..zip\" target=\"_blank\" rel=\"noopener noreferrer\"><i class=\"far fa-file-archive fa-2x\">&nbsp;<\/i><\/a><\/td>\n<\/tr>\n<tr class=\"row-30\">\n\t<td class=\"column-1\">Manual de Organizaci\u00f3n de la Gubernatura.<\/td><td class=\"column-2\">Manual<\/td><td class=\"column-3\"><a href=\"https:\/\/www.oaxaca.gob.mx\/gubernatura\/wp-content\/uploads\/sites\/61\/2025\/04\/SEC08-04TA-2025-02-22_ManualOrganizacion.pdf\" target=\"_blank\" rel=\"noopener noreferrer\"><i class=\"far fa-file-pdf fa-2x\">&nbsp;<\/i><\/a><br \/>\n<\/td>\n<\/tr>\n<tr class=\"row-31\">\n\t<td class=\"column-1\">Manual de Procedimientos de la Gubernatura.<\/td><td class=\"column-2\">Manual<\/td><td class=\"column-3\"><a href=\"https:\/\/www.oaxaca.gob.mx\/gubernatura\/wp-content\/uploads\/sites\/61\/2025\/04\/SEC14-03RA-2025-04-05_ManualProcedimientos.pdf\" target=\"_blank\" rel=\"noopener noreferrer\"><i class=\"far fa-file-pdf fa-2x\">&nbsp;<\/i><\/a><br \/>\n<\/td>\n<\/tr>\n<tr class=\"row-32\">\n\t<td class=\"column-1\">Convenio de Colaboraci\u00f3n Administrativa que celebran la Secretar\u00eda de Relaciones Exteriores y el Gobierno del Estado de Oaxaca<\/td><td class=\"column-2\">Convenio<\/td><td class=\"column-3\"><a href=\"\/gubernatura\/wp-content\/uploads\/sites\/61\/2019\/08\/Convenio-de-Colaboraci\u00f3n-Administrativa-que-celebran-la-Secretar\u00eda-de-Relaciones-Exteriores-y-el-Gobierno-del-Estado-de-Oaxaca.pdf\" target=\"_blank\" rel=\"noopener noreferrer\"><i class=\"far fa-file-pdf fa-2x\">&nbsp;<\/i><\/a><\/td>\n<\/tr>\n<tr class=\"row-33\">\n\t<td class=\"column-1\">Lineamientos para la Organizaci\u00f3n, conservaci\u00f3n y custodia de los archivos de la administraci\u00f3n p\u00fablica estatal de Oaxaca.<\/td><td class=\"column-2\">Lineamientos<\/td><td class=\"column-3\"><a href=\"\/gubernatura\/wp-content\/uploads\/sites\/61\/2019\/08\/Lineamientos-para-la-Organizaci\u00f3n-conservaci\u00f3n-y-custodia-de-los-archivos-de-la-administraci\u00f3n-p\u00fablica-estatal-de-Oaxaca..pdf\" target=\"_blank\" rel=\"noopener noreferrer\"><i class=\"far fa-file-pdf fa-2x\">&nbsp;<\/i><\/a><\/td>\n<\/tr>\n<tr class=\"row-34\">\n\t<td class=\"column-1\">Acuerdo por el que se crea la Secretar\u00eda Privada y la Secretar\u00eda Particular del Titular del Poder Ejecutivo del Estado de Oaxaca.<\/td><td class=\"column-2\">Acuerdo<\/td><td class=\"column-3\"><a href=\"https:\/\/www.oaxaca.gob.mx\/gubernatura\/wp-content\/uploads\/sites\/61\/2025\/04\/EXT-ACDOSEC-2018-10-29.pdf\" target=\"_blank\" rel=\"noopener noreferrer\"><i class=\"far fa-file-pdf fa-2x\">&nbsp;<\/i><\/a><\/td>\n<\/tr>\n<tr class=\"row-35\">\n\t<td class=\"column-1\">Acuerdo por el que se crea el Sistema Integral de Atenci\u00f3n Ciudadana, por sus siglas (SIAC), como Plataforma para la Atenci\u00f3n y Seguimiento de las Peticiones Ciudadanas, para el Ejercicio 2025-2028.<\/td><td class=\"column-2\">Acuerdo<\/td><td class=\"column-3\"><a href=\"https:\/\/www.oaxaca.gob.mx\/gubernatura\/wp-content\/uploads\/sites\/61\/2025\/09\/EXT-SIAC-2025-07-30_AcuerdoPorElQueSeCreaElSIAC.pdf\" target=\"_blank\" rel=\"noopener noreferrer\"><i class=\"far fa-file-pdf fa-2x\">&nbsp;<\/i><\/a><\/td>\n<\/tr>\n<tr class=\"row-36\">\n\t<td class=\"column-1\">Acuerdo por el que se adiciona la fracci\u00f3n XVI y se recorre la fracci\u00f3n subsecuente del Art\u00edculo 2 del acuerdo que crea la Secretar\u00eda Privada y la Secretar\u00eda Particular del Titular del Poder Ejecutivo del Estado de Oaxaca<\/td><td class=\"column-2\">Acuerdo<\/td><td class=\"column-3\"><a href=\"https:\/\/www.oaxaca.gob.mx\/gubernatura\/wp-content\/uploads\/sites\/61\/2025\/04\/EXT-PRIV-2024-02-01.pdf\" target=\"_blank\" rel=\"noopener noreferrer\"><i class=\"far fa-file-pdf fa-2x\">&nbsp;<\/i><\/a><\/td>\n<\/tr>\n<tr class=\"row-37\">\n\t<td class=\"column-1\">Acuerdo por el que se reforma y adicionan diversas disposiciones del Acuerdo que crea la Secretar\u00eda Privada y la Secretar\u00eda Particular del Titular del Poder Ejecutivo del Estado de Oaxaca.<\/td><td class=\"column-2\">Acuerdo<\/td><td class=\"column-3\"><a href=\"https:\/\/www.oaxaca.gob.mx\/gubernatura\/wp-content\/uploads\/sites\/61\/2025\/04\/EXT-SECRPRIV-2024-06-28.pdf\" target=\"_blank\" rel=\"noopener noreferrer\"><i class=\"far fa-file-pdf fa-2x\">&nbsp;<\/i><\/a><\/td>\n<\/tr>\n<tr class=\"row-38\">\n\t<td class=\"column-1\">Derogaci\u00f3n Art 4o. Creacion de Asesores<\/td><td class=\"column-2\">Acuerdo<\/td><td class=\"column-3\"><a href=\"https:\/\/www.oaxaca.gob.mx\/gubernatura\/wp-content\/uploads\/sites\/61\/2025\/09\/ACDODerogaArticulo4DeLaCoordinacionGralDeAsesores.pdf\" target=\"_blank\" rel=\"noopener noreferrer\"><i class=\"far fa-file-pdf fa-2x\">&nbsp;<\/i><\/a><\/td>\n<\/tr>\n<tr class=\"row-39\">\n\t<td class=\"column-1\">Creaci\u00f3n de la Coordinaci\u00f3n General de Asesores<\/td><td class=\"column-2\">Acuerdo<\/td><td class=\"column-3\"><a href=\"https:\/\/www.oaxaca.gob.mx\/gubernatura\/wp-content\/uploads\/sites\/61\/2025\/09\/ACDOCreacionCoordGralAsesores.pdf\" target=\"_blank\" rel=\"noopener noreferrer\"><i class=\"far fa-file-pdf fa-2x\">&nbsp;<\/i><\/a><\/td>\n<\/tr>\n<tr class=\"row-40\">\n\t<td class=\"column-1\">Acuerdo por el que se expide el c\u00f3digo de \u00e9tica para las personas servidoras p\u00fablicas de la administraci\u00f3n p\u00fablica estatal.<\/td><td class=\"column-2\">Acuerdo<\/td><td class=\"column-3\"><a href=\"https:\/\/sisei.oaxaca.gob.mx:8081\/juridico\/Reglas-de-Integridad-para-Servidoras-y-Servidores-P%C3%BAblicos.pdf\" target=\"_blank\" rel=\"noopener noreferrer\"><i class=\"far fa-file-pdf fa-2x\">&nbsp;<\/i><\/a><\/td>\n<\/tr>\n<tr class=\"row-41\">\n\t<td class=\"column-1\">C\u00f3digo de Conducta de la Gubernatura<\/td><td class=\"column-2\">C\u00f3digo<\/td><td class=\"column-3\"><a href=\"https:\/\/sisei.oaxaca.gob.mx:8081\/doc\/Documentacion\/6102249173fc8229308e6abb\/Codigo_Conducta_Guber.pdf\" target=\"_blank\" rel=\"noopener noreferrer\"><i class=\"far fa-file-pdf fa-2x\">&nbsp;<\/i><\/a><\/td>\n<\/tr>\n<\/tbody>\n<\/table>\n<!-- #tablepress-marco_juridico from cache -->\n","protected":false},"excerpt":{"rendered":"","protected":false},"author":1,"featured_media":0,"parent":0,"menu_order":0,"comment_status":"closed","ping_status":"closed","template":"","meta":{"episode_type":"","audio_file":"","podmotor_file_id":"","podmotor_episode_id":"","cover_image":"","cover_image_id":"","duration":"","filesize":"","filesize_raw":"","date_recorded":"","explicit":"","block":"","itunes_episode_number":"","itunes_title":"","itunes_season_number":"","itunes_episode_type":"","footnotes":""},"categories":[],"tags":[],"class_list":["post-1814","page","type-page","status-publish","hentry"],"acf":[],"publishpress_future_action":{"enabled":false,"date":"2026-04-28 11:39:49","action":"change-status","newStatus":"draft","terms":[],"taxonomy":"category","extraData":[]},"publishpress_future_workflow_manual_trigger":{"enabledWorkflows":[]},"_links":{"self":[{"href":"https:\/\/www.oaxaca.gob.mx\/gubernatura\/wp-json\/wp\/v2\/pages\/1814","targetHints":{"allow":["GET"]}}],"collection":[{"href":"https:\/\/www.oaxaca.gob.mx\/gubernatura\/wp-json\/wp\/v2\/pages"}],"about":[{"href":"https:\/\/www.oaxaca.gob.mx\/gubernatura\/wp-json\/wp\/v2\/types\/page"}],"author":[{"embeddable":true,"href":"https:\/\/www.oaxaca.gob.mx\/gubernatura\/wp-json\/wp\/v2\/users\/1"}],"replies":[{"embeddable":true,"href":"https:\/\/www.oaxaca.gob.mx\/gubernatura\/wp-json\/wp\/v2\/comments?post=1814"}],"version-history":[{"count":0,"href":"https:\/\/www.oaxaca.gob.mx\/gubernatura\/wp-json\/wp\/v2\/pages\/1814\/revisions"}],"wp:attachment":[{"href":"https:\/\/www.oaxaca.gob.mx\/gubernatura\/wp-json\/wp\/v2\/media?parent=1814"}],"wp:term":[{"taxonomy":"category","embeddable":true,"href":"https:\/\/www.oaxaca.gob.mx\/gubernatura\/wp-json\/wp\/v2\/categories?post=1814"},{"taxonomy":"post_tag","embeddable":true,"href":"https:\/\/www.oaxaca.gob.mx\/gubernatura\/wp-json\/wp\/v2\/tags?post=1814"}],"curies":[{"name":"wp","href":"https:\/\/api.w.org\/{rel}","templated":true}]}}