{"id":1433,"date":"2018-11-28T11:49:09","date_gmt":"2018-11-28T17:49:09","guid":{"rendered":"https:\/\/www.oaxaca.gob.mx\/gubernatura\/?page_id=1433"},"modified":"2018-11-28T11:49:09","modified_gmt":"2018-11-28T17:49:09","slug":"normatividad-aplicable","status":"publish","type":"page","link":"https:\/\/www.oaxaca.gob.mx\/gubernatura\/normatividad-aplicable\/","title":{"rendered":"Normatividad aplicable"},"content":{"rendered":"\n<table id=\"tablepress-normatividad\" class=\"tablepress tablepress-id-normatividad\">\n<thead>\n<tr class=\"row-1\">\n\t<th class=\"column-1\">Tipo de Normatividad<\/th><th class=\"column-2\">Disposici\u00f3n Jur\u00eddica<\/th><th class=\"column-3\">Fecha de Publicaci\u00f3n<\/th><th class=\"column-4\">Fecha de Ultima Modificaci\u00f3n<\/th><th class=\"column-5\">PDF<\/th><th class=\"column-6\">WORD<\/th>\n<\/tr>\n<\/thead>\n<tbody class=\"row-striping row-hover\">\n<tr class=\"row-2\">\n\t<td class=\"column-1\">Tratado internacional<\/td><td class=\"column-2\">Pacto Internacional de Derechos Civiles y Pol\u00edticos<\/td><td class=\"column-3\">16\/12\/1966<\/td><td class=\"column-4\"><\/td><td class=\"column-5\"><a target=\"_blank\" href=\"\/gubernatura\/wp-content\/uploads\/sites\/61\/2018\/11\/Pacto-Internacional-de-Derechos-Civiles.pdf\" rel=\"noopener\"><i class=\"far fa-file-pdf fa-2x\">\u00a0<\/i><\/a><\/td><td class=\"column-6\"><a target=\"_blank\" href=\"\/gubernatura\/wp-content\/uploads\/sites\/61\/2018\/11\/Pacto-Internacional-de-Derechos-Civiles-y-Pol\u00edticos.docx\" rel=\"noopener\"><i class=\"far fa-file-word fa-2x\">\u00a0<\/i><\/a><\/td>\n<\/tr>\n<tr class=\"row-3\">\n\t<td class=\"column-1\">Tratado internacional<\/td><td class=\"column-2\">Pacto Internacional de Derechos Econ\u00f3micos, Sociales y Culturales<\/td><td class=\"column-3\">16\/12\/1966<\/td><td class=\"column-4\"><\/td><td class=\"column-5\"><a target=\"_blank\" href=\"\/gubernatura\/wp-content\/uploads\/sites\/61\/2018\/11\/Pacto-Internacional-de-Derechos-Econ\u00f3micos-Sociales-y-Culturales.pdf\" rel=\"noopener\"><i class=\"far fa-file-pdf fa-2x\">\u00a0<\/i><\/a><\/td><td class=\"column-6\"><a target=\"_blank\" href=\"\/gubernatura\/wp-content\/uploads\/sites\/61\/2018\/11\/Pacto-Internacional-de-Derechos-Econ\u00f3micos.docx\" rel=\"noopener\"><i class=\"far fa-file-word fa-2x\">\u00a0<\/i><\/a><\/td>\n<\/tr>\n<tr class=\"row-4\">\n\t<td class=\"column-1\">Tratado internacional<\/td><td class=\"column-2\">Convenci\u00f3n Americana sobre Derechos Humanos suscrita en la Conferencia Especializada Interamericana sobre Derechos Humanos.<\/td><td class=\"column-3\">22\/11\/1969<\/td><td class=\"column-4\"><\/td><td class=\"column-5\"><a target=\"_blank\" href=\"\/gubernatura\/wp-content\/uploads\/sites\/61\/2018\/11\/Convencion-Americana-sobre-Derechos-Humanos.pdf\" rel=\"noopener\"><i class=\"far fa-file-pdf fa-2x\">\u00a0<\/i><\/a><\/td><td class=\"column-6\"><a target=\"_blank\" href=\"\/gubernatura\/wp-content\/uploads\/sites\/61\/2018\/11\/CONVENCION-AMERICANA-SOBRE-DERECHOS-HUMANOS-SUSCRITA-EN-LA-CONFERENCIA-ESPECIALIZADA-INTERAMERICANA-SOBRE-DERECHOS-HUMANOS.docx\" rel=\"noopener\"><i class=\"far fa-file-word fa-2x\">\u00a0<\/i><\/a><\/td>\n<\/tr>\n<tr class=\"row-5\">\n\t<td class=\"column-1\">Constituci\u00f3n Pol\u00edtica de los Estados Unidos Mexicanos<\/td><td class=\"column-2\">Constituci\u00f3n Pol\u00edtica de los Estados Unidos Mexicanos.<\/td><td class=\"column-3\">05\/02\/1917<\/td><td class=\"column-4\">27\/08\/2018<\/td><td class=\"column-5\"><a target=\"_blank\" href=\"http:\/\/www.diputados.gob.mx\/LeyesBiblio\/pdf\/1_270818.pdf\" rel=\"noopener\"><i class=\"far fa-file-pdf fa-2x\">\u00a0<\/i><\/a><\/td><td class=\"column-6\"><a target=\"_blank\" href=\"\/gubernatura\/wp-content\/uploads\/sites\/61\/2018\/11\/Constituci\u00f3n-politica.doc\" rel=\"noopener\"><i class=\"far fa-file-word fa-2x\">\u00a0<\/i><\/a><\/td>\n<\/tr>\n<tr class=\"row-6\">\n\t<td class=\"column-1\">Ley General<\/td><td class=\"column-2\">Ley General de Transparencia y Acceso a la Informaci\u00f3n P\u00fablica<\/td><td class=\"column-3\">04\/05\/2015<\/td><td class=\"column-4\"><\/td><td class=\"column-5\"><a target=\"_blank\" href=\"\/gubernatura\/wp-content\/uploads\/sites\/61\/2018\/11\/LEY-GENERAL-DE-TRANSPARENCIA-Y-ACCESO-A-LA-INFORMACI\u00d3N-P\u00daBLICA.pdf\" rel=\"noopener\"><i class=\"far fa-file-pdf fa-2x\">\u00a0<\/i><\/a><\/td><td class=\"column-6\"><a target=\"_blank\" href=\"\/gubernatura\/wp-content\/uploads\/sites\/61\/2018\/11\/Ley-gereral-de-transparencia.doc\" rel=\"noopener\"><i class=\"far fa-file-word fa-2x\">\u00a0<\/i><\/a><\/td>\n<\/tr>\n<tr class=\"row-7\">\n\t<td class=\"column-1\">Ley General<\/td><td class=\"column-2\">Ley General de Archivos<\/td><td class=\"column-3\">15\/06\/2018<\/td><td class=\"column-4\"><\/td><td class=\"column-5\"><a target=\"_blank\" href=\"\/gubernatura\/wp-content\/uploads\/sites\/61\/2018\/11\/LEY-GENERAL-DE-ARCHIVOS.pdf\" rel=\"noopener\"><i class=\"far fa-file-pdf fa-2x\">\u00a0<\/i><\/a><\/td><td class=\"column-6\"><a target=\"_blank\" href=\"\/gubernatura\/wp-content\/uploads\/sites\/61\/2018\/11\/LEY-DE-ARCHIVOS-DEL-ESTADO-DE-OAXACA.doc\" rel=\"noopener\"><i class=\"far fa-file-word fa-2x\">\u00a0<\/i><\/a><\/td>\n<\/tr>\n<tr class=\"row-8\">\n\t<td class=\"column-1\">Ley General<\/td><td class=\"column-2\">Ley General de Responsabilidades Administrativas<\/td><td class=\"column-3\">18\/07\/2016<\/td><td class=\"column-4\"><\/td><td class=\"column-5\"><a target=\"_blank\" href=\"\/gubernatura\/wp-content\/uploads\/sites\/61\/2018\/11\/LEY-GENERAL-DE-RESPONSABILIDADES-ADMINISTRATIVAS.pdf\" rel=\"noopener\"><i class=\"far fa-file-pdf fa-2x\">\u00a0<\/i><\/a><\/td><td class=\"column-6\"><a target=\"_blank\" href=\"\/gubernatura\/wp-content\/uploads\/sites\/61\/Ley-General-de-Responsabilidades-Administrativas.rtf\" rel=\"noopener\"><i class=\"far fa-file-word fa-2x\">\u00a0<\/i><\/a><\/td>\n<\/tr>\n<tr class=\"row-9\">\n\t<td class=\"column-1\">Ley General<\/td><td class=\"column-2\">Ley General de Protecci\u00f3n de Datos Personales en Posesi\u00f3n de Sujetos Obligados<\/td><td class=\"column-3\">26\/01\/2017<\/td><td class=\"column-4\"><\/td><td class=\"column-5\"><a target=\"_blank\" href=\"\/gubernatura\/wp-content\/uploads\/sites\/61\/2018\/11\/LEY-DE-PROTECCI\u00d3N-DE-DATOS-PERSONALES-EN-POSESI\u00d3N-DE.pdf\" rel=\"noopener\"><i class=\"far fa-file-pdf fa-2x\">\u00a0<\/i><\/a><\/td><td class=\"column-6\"><a target=\"_blank\" href=\"\/gubernatura\/wp-content\/uploads\/sites\/61\/2018\/11\/LEY-GENERAL-DE-PROTECCI\u00d3N-DE-DATOS-PERSONALES-EN-POSESI\u00d3N-DE-SUJETOS-OBLIGADOS.docx\" rel=\"noopener\"><i class=\"far fa-file-word fa-2x\">\u00a0<\/i><\/a><\/td>\n<\/tr>\n<tr class=\"row-10\">\n\t<td class=\"column-1\">Constituci\u00f3n Pol\u00edtica de los Estados Unidos Mexicanos<\/td><td class=\"column-2\">Constituci\u00f3n Pol\u00edtica del Estado Libre y Soberano de Oaxaca<\/td><td class=\"column-3\">04\/04\/1922<\/td><td class=\"column-4\">01\/08\/2018<\/td><td class=\"column-5\"><a target=\"_blank\" href=\"\/gubernatura\/wp-content\/uploads\/sites\/61\/2018\/11\/CONSTITUCI\u00d3N-POL\u00cdTICA-DEL-ESTADO-LIBRE-Y-SOBERANO-DE-OAXACA.pdf\" rel=\"noopener\"><i class=\"far fa-file-pdf fa-2x\">\u00a0<\/i><\/a><\/td><td class=\"column-6\"><a target=\"_blank\" href=\"\/gubernatura\/wp-content\/uploads\/sites\/61\/2018\/11\/CONSTITUCION_POLITICA_DEL_ESTADO_LIBRE_Y_SOBERANO_DE_OAXACA.docx\" rel=\"noopener\"><i class=\"far fa-file-word fa-2x\">\u00a0<\/i><\/a><\/td>\n<\/tr>\n<tr class=\"row-11\">\n\t<td class=\"column-1\">Ley Local<\/td><td class=\"column-2\">Ley Org\u00e1nica del Poder Ejecutivo del Estado de Oaxaca.<\/td><td class=\"column-3\">01\/12\/2010<\/td><td class=\"column-4\">10\/10\/2018<\/td><td class=\"column-5\"><a target=\"_blank\" href=\"\/gubernatura\/wp-content\/uploads\/sites\/61\/2018\/11\/Ley-Org\u00e1nica-del-Poder-Ejecutivo-del-Estado-de-Oaxaca.pdf\" rel=\"noopener\"><i class=\"far fa-file-pdf fa-2x\">\u00a0<\/i><\/a><\/td><td class=\"column-6\"><a target=\"_blank\" href=\"\/gubernatura\/wp-content\/uploads\/sites\/61\/2018\/11\/Ley-Org\u00e1nica-del-Poder-Ejecutivo-del-Estado-de-Oaxaca.docx\" rel=\"noopener\"><i class=\"far fa-file-word fa-2x\">\u00a0<\/i><\/a><\/td>\n<\/tr>\n<tr class=\"row-12\">\n\t<td class=\"column-1\">Ley Local<\/td><td class=\"column-2\">Ley del Servicio Civil para los Empleados del Gobierno del Estado.<\/td><td class=\"column-3\">28\/12\/1963<\/td><td class=\"column-4\">23\/06\/2018<\/td><td class=\"column-5\"><a target=\"_blank\" href=\"\/gubernatura\/wp-content\/uploads\/sites\/61\/2018\/11\/LEY-DEL-SERVICIO-CIVIL-PARA-LOS-EMPLEADOS-DEL-GOBIERNO-DEL-ESTADO..pdf\" rel=\"noopener\"><i class=\"far fa-file-pdf fa-2x\">\u00a0<\/i><\/a><\/td><td class=\"column-6\"><a target=\"_blank\" href=\"https:\/\/drive.google.com\/open?id=16Lj_wAcKSHvcjiMx_eCubogb1v4wrG-J\" rel=\"noopener\"><i class=\"far fa-file-word fa-2x\">\u00a0<\/i><\/a><\/td>\n<\/tr>\n<tr class=\"row-13\">\n\t<td class=\"column-1\">Ley Local<\/td><td class=\"column-2\">Ley de Transparencia y Acceso a la Informaci\u00f3n P\u00fablica para el Estado de Oaxaca.<\/td><td class=\"column-3\">11\/03\/2016<\/td><td class=\"column-4\">20\/10\/2017<\/td><td class=\"column-5\"><a target=\"_blank\" href=\"\/gubernatura\/wp-content\/uploads\/sites\/61\/2018\/11\/Ley_de_Transparencia_y_Acceso_a_la_Informaci\u00f3n_P\u00fablica_Ref_dto_705_aprob_30_ago_2017_PO_Extra_20_oct_2017.pdf\" rel=\"noopener\"><i class=\"far fa-file-pdf fa-2x\">\u00a0<\/i><\/a><\/td><td class=\"column-6\"><a target=\"_blank\" href=\"https:\/\/drive.google.com\/open?id=13UnqIp9D5uYOUzuqOcED2ZuryZTYSmk9\" rel=\"noopener\"><i class=\"far fa-file-word fa-2x\">\u00a0<\/i><\/a><\/td>\n<\/tr>\n<tr class=\"row-14\">\n\t<td class=\"column-1\">Ley Local<\/td><td class=\"column-2\">Ley de Bienes Pertenecientes al Estado de Oaxaca.<\/td><td class=\"column-3\">15\/12\/1951<\/td><td class=\"column-4\">11\/12\/2017<\/td><td class=\"column-5\"><a target=\"_blank\" href=\"\/gubernatura\/wp-content\/uploads\/sites\/61\/2018\/11\/LEY-DE-BIENES-PERTENECIENTES-AL-ESTADO-DE-OAXACA.pdf\" rel=\"noopener\"><i class=\"far fa-file-pdf fa-2x\">\u00a0<\/i><\/a><\/td><td class=\"column-6\"><a target=\"_blank\" href=\"https:\/\/drive.google.com\/open?id=1Rto4Q6E3NLeE3HPViAa4DFiumrSqB8zE\" rel=\"noopener\"><i class=\"far fa-file-word fa-2x\">\u00a0<\/i><\/a><\/td>\n<\/tr>\n<tr class=\"row-15\">\n\t<td class=\"column-1\">Ley Local<\/td><td class=\"column-2\">Ley de Responsabilidades Administrativas del Estado y Municipios de Oaxaca<\/td><td class=\"column-3\">03\/10\/2017<\/td><td class=\"column-4\"><\/td><td class=\"column-5\"><a target=\"_blank\" href=\"\/gubernatura\/wp-content\/uploads\/sites\/61\/2018\/11\/LEY-DE-RESPONSABILIDADES-ADMINISTRATIVAS-DEL-ESTADO-Y.pdf\" rel=\"noopener\"><i class=\"far fa-file-pdf fa-2x\">\u00a0<\/i><\/a><\/td><td class=\"column-6\"><a target=\"_blank\" href=\"\/gubernatura\/wp-content\/uploads\/sites\/61\/2018\/11\/LEY-DE-RESPONSABILIDADES-ADMINISTRATIVAS-DEL-ESTADO-Y-MUNICIPIOS-DE-OAXACA.docx\" rel=\"noopener\"><i class=\"far fa-file-word fa-2x\">\u00a0<\/i><\/a><\/td>\n<\/tr>\n<tr class=\"row-16\">\n\t<td class=\"column-1\">Ley Local<\/td><td class=\"column-2\">Ley de Justicia de Fiscalizaci\u00f3n y Rendici\u00f3n de Cuentas para el Estado de Oaxaca<\/td><td class=\"column-3\">01\/06\/2013<\/td><td class=\"column-4\">31\/12\/2015<\/td><td class=\"column-5\"><a target=\"_blank\" href=\"\/gubernatura\/wp-content\/uploads\/sites\/61\/2018\/11\/LEY-DE-JUSTICIA-DE-FISCALIZACI\u00d3N-Y-RENDICI\u00d3N-DE-CUENTAS-PARA-EL.pdf\" rel=\"noopener\"><i class=\"far fa-file-pdf fa-2x\">\u00a0<\/i><\/a><\/td><td class=\"column-6\"><a target=\"_blank\" href=\"\/gubernatura\/wp-content\/uploads\/sites\/61\/2018\/11\/LEY-DE-JUSTICIA-DE-FISCALIZACI\u00d3N-Y-RENDICI\u00d3N-DE-CUENTAS-PARA-EL-ESTADO-DE-OAXACA.doc\" rel=\"noopener\"><i class=\"far fa-file-word fa-2x\">\u00a0<\/i><\/a><\/td>\n<\/tr>\n<tr class=\"row-17\">\n\t<td class=\"column-1\">Ley Local<\/td><td class=\"column-2\">Ley de Protecci\u00f3n de Datos Personales en Posesi\u00f3n de Sujetos Obligados del Estado de Oaxaca.<\/td><td class=\"column-3\">29\/11\/2017<\/td><td class=\"column-4\"><\/td><td class=\"column-5\"><a target=\"_blank\" href=\"\/gubernatura\/wp-content\/uploads\/sites\/61\/2018\/11\/LEY-DE-PROTECCI\u00d3N-DE-DATOS-PERSONALES-EN-POSESI\u00d3N-DE-1.pdf\" rel=\"noopener\"><i class=\"far fa-file-pdf fa-2x\">\u00a0<\/i><\/a><\/td><td class=\"column-6\"><a target=\"_blank\" href=\"\/gubernatura\/wp-content\/uploads\/sites\/61\/2018\/11\/LEY-DE-PROTECCI\u00d3N-DE-DATOS-PERSONALES-EN-POSESI\u00d3N-DE-SUJETOS-OBLIGADOS-DEL-ESTADO-DE-OAXACA..docx\" rel=\"noopener\"><i class=\"far fa-file-word fa-2x\">\u00a0<\/i><\/a><\/td>\n<\/tr>\n<tr class=\"row-18\">\n\t<td class=\"column-1\">Ley Local<\/td><td class=\"column-2\">Ley de Pensiones para los Trabajadores del Gobierno del Estado de Oaxaca.<\/td><td class=\"column-3\">07\/06\/1958<\/td><td class=\"column-4\">28\/11\/2013<\/td><td class=\"column-5\"><a target=\"_blank\" href=\"\/gubernatura\/wp-content\/uploads\/sites\/61\/2018\/11\/LEY-DE-PENSIONES-PARA-LOS-TRABAJADORES-DEL.pdf\" rel=\"noopener\"><i class=\"far fa-file-pdf fa-2x\">\u00a0<\/i><\/a><\/td><td class=\"column-6\"><a target=\"_blank\" href=\"\/gubernatura\/wp-content\/uploads\/sites\/61\/2018\/11\/LEY-DE-PENSIONES-PARA-LOS-TRABAJADORES-DEL-GOBIERNO-DEL-ESTADO-DE-OAXACA.docx\" rel=\"noopener\"><i class=\"far fa-file-word fa-2x\">\u00a0<\/i><\/a><\/td>\n<\/tr>\n<tr class=\"row-19\">\n\t<td class=\"column-1\">Ley Local<\/td><td class=\"column-2\">Ley de Procedimiento y Justicia Administrativa para el Estado de Oaxaca.<\/td><td class=\"column-3\">20\/10\/2017<\/td><td class=\"column-4\"><\/td><td class=\"column-5\"><a target=\"_blank\" href=\"\/gubernatura\/wp-content\/uploads\/sites\/61\/2018\/11\/LEY-DE-PROCEDIMIENTO-Y-JUSTICIA-ADMINISTRATIVA-PARA-EL-ESTADO-DE.pdf\" rel=\"noopener\"><i class=\"far fa-file-pdf fa-2x\">\u00a0<\/i><\/a><\/td><td class=\"column-6\"><a target=\"_blank\" href=\"\/gubernatura\/wp-content\/uploads\/sites\/61\/2018\/11\/LEY-DE-PROCEDIMIENTO-Y-JUSTICIA-ADMINISTRATIVA-PARA-EL-ESTADO-DE-OAXACA..docx\" rel=\"noopener\"><i class=\"far fa-file-word fa-2x\">\u00a0<\/i><\/a><\/td>\n<\/tr>\n<tr class=\"row-20\">\n\t<td class=\"column-1\">Ley Local<\/td><td class=\"column-2\">Ley Estatal de Presupuesto y Responsabilidad Hacendar\u00eda<\/td><td class=\"column-3\">24\/12\/2011<\/td><td class=\"column-4\">30\/11\/2017<\/td><td class=\"column-5\"><a target=\"_blank\" href=\"\/gubernatura\/wp-content\/uploads\/sites\/61\/2018\/11\/LEY_ESTATAL_DE_PRESUPUESTO_Y_RESPONSABILIDAD_HACENDARIA.pdf\" rel=\"noopener\"><i class=\"far fa-file-pdf fa-2x\">\u00a0<\/i><\/a><\/td><td class=\"column-6\"><a target=\"_blank\" href=\"\/gubernatura\/wp-content\/uploads\/sites\/61\/2018\/11\/LEY_ESTATAL_DE_PRESUPUESTO_Y_RESPONSABILIDAD_HACENDARIA-1.doc\" rel=\"noopener\"><i class=\"far fa-file-word fa-2x\">\u00a0<\/i><\/a><\/td>\n<\/tr>\n<tr class=\"row-21\">\n\t<td class=\"column-1\">Ley Local<\/td><td class=\"column-2\">Ley de Archivos del Estado de Oaxaca.<\/td><td class=\"column-3\">03\/07\/2008<\/td><td class=\"column-4\">10\/03\/2012<\/td><td class=\"column-5\"><a target=\"_blank\" href=\"\/gubernatura\/wp-content\/uploads\/sites\/61\/2018\/11\/LEY-GENERAL-DE-ARCHIVOS-1.pdf\" rel=\"noopener\"><i class=\"far fa-file-pdf fa-2x\">\u00a0<\/i><\/a><\/td><td class=\"column-6\"><a target=\"_blank\" href=\"\/gubernatura\/wp-content\/uploads\/sites\/61\/2018\/11\/LEY-DE-ARCHIVOS-DEL-ESTADO-DE-OAXACA-1.doc\" rel=\"noopener\"><i class=\"far fa-file-word fa-2x\">\u00a0<\/i><\/a><\/td>\n<\/tr>\n<tr class=\"row-22\">\n\t<td class=\"column-1\">Ley Local<\/td><td class=\"column-2\">Ley de Adquisiciones, Enajenaciones, Arrendamientos, Prestaci\u00f3n de Servicios y Administraci\u00f3n de Bienes Muebles e Inmuebles del Estado de Oaxaca.<\/td><td class=\"column-3\">12\/11\/2016<\/td><td class=\"column-4\">20\/01\/2018<\/td><td class=\"column-5\"><a target=\"_blank\" href=\"\/gubernatura\/wp-content\/uploads\/sites\/61\/2018\/11\/Ley_de_Adquisiciones_enaj_arrend_prest_serv_adm\u00f3n_bienes_muebles_e_inmuebles_Ref_dto.pdf\" rel=\"noopener\"><i class=\"far fa-file-pdf fa-2x\">\u00a0<\/i><\/a><\/td><td class=\"column-6\"><a target=\"_blank\" href=\"\/gubernatura\/wp-content\/uploads\/sites\/61\/2018\/11\/LEY_ADQUISICIONES_ARRENDAMIENTOS_Y_SERVICIOS.docx\" rel=\"noopener\"><i class=\"far fa-file-word fa-2x\">\u00a0<\/i><\/a><\/td>\n<\/tr>\n<tr class=\"row-23\">\n\t<td class=\"column-1\">Decreto<\/td><td class=\"column-2\">Decreto de presupuesto de Egresos del Estado de Oaxaca para el Ejercicio Fiscal 2019<\/td><td class=\"column-3\">28\/12\/2018<\/td><td class=\"column-4\"><\/td><td class=\"column-5\"><a target=\"_blank\" href=\"\/gubernatura\/wp-content\/uploads\/sites\/61\/2019\/02\/PRESUPUESTO-DE-EGRESOS-DEL-ESTADO-DE-OAXACA-PARA-EL-EJERCICIO-FISCAL-2019..pdf\" rel=\"noopener\"><i class=\"far fa-file-pdf fa-2x\">\u00a0<\/i><\/a><\/td><td class=\"column-6\"><i class=\"far fa-file-word fa-2x\">\u00a0<\/i><\/td>\n<\/tr>\n<tr class=\"row-24\">\n\t<td class=\"column-1\">Reglamento<\/td><td class=\"column-2\">Reglamento para Regular el Uso de los Bienes Muebles de la Administraci\u00f3n P\u00fablica Estatal.<\/td><td class=\"column-3\">18\/11\/1989<\/td><td class=\"column-4\"><\/td><td class=\"column-5\"><a target=\"_blank\" href=\"\/gubernatura\/wp-content\/uploads\/sites\/61\/2018\/11\/REGLAMENTO-PARA-REGULAR-EL-USO-DE-LOS-BIENES-MUEBLES-DE.pdf\" rel=\"noopener\"><i class=\"far fa-file-pdf fa-2x\">\u00a0<\/i><\/a><\/td><td class=\"column-6\"><a target=\"_blank\" href=\"\/gubernatura\/wp-content\/uploads\/sites\/61\/2018\/11\/REGLAMENTO-PARA-REGULAR-EL-USO-DE-LOS-BIENES-MUEBLES-DE.doc\" rel=\"noopener\"><i class=\"far fa-file-word fa-2x\">\u00a0<\/i><\/a><\/td>\n<\/tr>\n<tr class=\"row-25\">\n\t<td class=\"column-1\">Reglamento<\/td><td class=\"column-2\">Reglamento de los Archivos del Poder Ejecutivo del Estado de Oaxaca.<\/td><td class=\"column-3\">22\/04\/2009<\/td><td class=\"column-4\"><\/td><td class=\"column-5\"><a target=\"_blank\" href=\"\/gubernatura\/wp-content\/uploads\/sites\/61\/2018\/11\/REGLAMENTO_ARCHIVOS_PODER_EJECUTIVO.pdf\" rel=\"noopener\"><i class=\"far fa-file-pdf fa-2x\">\u00a0<\/i><\/a><\/td><td class=\"column-6\"><a target=\"_blank\" href=\"\/gubernatura\/wp-content\/uploads\/sites\/61\/2018\/11\/REGLAMENTO-DE-LOS-ARCHIVOS-DEL-PODER-EJECUTIVO-DEL-ESTADO-DE-OAXACA.doc\" rel=\"noopener\"><i class=\"far fa-file-word fa-2x\">\u00a0<\/i><\/a><\/td>\n<\/tr>\n<tr class=\"row-26\">\n\t<td class=\"column-1\">Acuerdo<\/td><td class=\"column-2\">Acuerdo Que Crea La Secretaria Privada Y La Secretaria Particular Del Titular Del Poder Ejecutivo Del Estado De Oaxaca<\/td><td class=\"column-3\">29\/10\/2018<\/td><td class=\"column-4\"><\/td><td class=\"column-5\"><a target=\"_blank\" href=\"\/gubernatura\/wp-content\/uploads\/sites\/61\/2019\/02\/ACUERDO-QUE-CREA-LA-SECRETARIA-PRIVADA-Y-LA-SECRETARIA-PARTICULAR-DEL-TITULAR-DEL-PODER-EJECUTIVO-DEL-ESTADO-DE-OAXACA.pdf\" rel=\"noopener\"><i class=\"far fa-file-pdf fa-2x\">\u00a0<\/i><\/a><\/td><td class=\"column-6\"><a target=\"_blank\" href=\"\/gubernatura\/wp-content\/uploads\/sites\/61\/2019\/02\/AC.SECRETARIA-PRIVADA.docx\" rel=\"noopener\"><i class=\"far fa-file-word fa-2x\">\u00a0<\/i><\/a><\/td>\n<\/tr>\n<tr class=\"row-27\">\n\t<td class=\"column-1\">Acuerdo<\/td><td class=\"column-2\">Acuerdo por el que se crea la Coordinaci\u00f3n General de Asesores, dependiente directamente del Titular del Poder Ejecutivo del Estado.<\/td><td class=\"column-3\">08\/11\/2013<\/td><td class=\"column-4\">28\/11\/2013<\/td><td class=\"column-5\"><a target=\"_blank\" href=\"\/gubernatura\/wp-content\/uploads\/sites\/61\/2018\/11\/acuerdo-por-el-que-se-crea-la-cordinaci\u00f3n-general-de-asesores.pdf\" rel=\"noopener\"><i class=\"far fa-file-pdf fa-2x\">\u00a0<\/i><\/a><\/td><td class=\"column-6\"><a target=\"_blank\" href=\"https:\/\/drive.google.com\/open?id=1kuDcESmNpS8R6h3_-t494njx-JDHfRqm\" rel=\"noopener\"><i class=\"far fa-file-word fa-2x\">\u00a0<\/i><\/a><\/td>\n<\/tr>\n<tr class=\"row-28\">\n\t<td class=\"column-1\">Acuerdo<\/td><td class=\"column-2\">Acuerdo General: por el que se establece el Sistema de Control Interno de la Administraci\u00f3n P\u00fablica Estatal<\/td><td class=\"column-3\">16\/01\/2016<\/td><td class=\"column-4\">13\/02\/2016<\/td><td class=\"column-5\"><a target=\"_blank\" href=\"\/gubernatura\/wp-content\/uploads\/sites\/61\/2018\/11\/acuerdo-por-el-que-se-crea-la-cordinaci\u00f3n-general-de-asesores.pdf\" rel=\"noopener\"><i class=\"far fa-file-pdf fa-2x\">\u00a0<\/i><\/a><\/td><td class=\"column-6\"><\/td>\n<\/tr>\n<tr class=\"row-29\">\n\t<td class=\"column-1\">Acuerdo<\/td><td class=\"column-2\">C\u00f3digo de \u00c9tica del Poder Ejecutivo del estado de Oaxaca.<\/td><td class=\"column-3\">04\/10\/2018<\/td><td class=\"column-4\"><\/td><td class=\"column-5\"><a target=\"_blank\" href=\"\/gubernatura\/wp-content\/uploads\/sites\/61\/2018\/11\/codigo-de-etica.pdf\" rel=\"noopener\"><i class=\"far fa-file-pdf fa-2x\">\u00a0<\/i><\/a><\/td><td class=\"column-6\"><a target=\"_blank\" href=\"\/gubernatura\/wp-content\/uploads\/sites\/61\/2018\/11\/Acuerdo-que-tiene-por-objeto-expedir-el-C\u00f3digo-de-\u00c9tica-del-Poder-Ejecutivo-del-estado-de-Oaxaca.docx\" rel=\"noopener\"><i class=\"far fa-file-word fa-2x\">\u00a0<\/i><\/a><\/td>\n<\/tr>\n<tr class=\"row-30\">\n\t<td class=\"column-1\">Norma<\/td><td class=\"column-2\">Normatividad en Materia de Recursos Humanos para las Dependencias y Entidades de la Administraci\u00f3n P\u00fablica de Oaxaca.<\/td><td class=\"column-3\">09\/08\/2008<\/td><td class=\"column-4\">23\/05\/2009<\/td><td class=\"column-5\"><a target=\"_blank\" href=\"\/gubernatura\/wp-content\/uploads\/sites\/61\/2018\/11\/normativa-R.-H.pdf\" rel=\"noopener\"><i class=\"far fa-file-pdf fa-2x\">\u00a0<\/i><\/a><\/td><td class=\"column-6\"><\/td>\n<\/tr>\n<tr class=\"row-31\">\n\t<td class=\"column-1\">Manual<\/td><td class=\"column-2\">Manual de Organizaci\u00f3n de la Gubernatura.<\/td><td class=\"column-3\">29\/02\/2016<\/td><td class=\"column-4\">16\/04\/2016<\/td><td class=\"column-5\"><a target=\"_blank\" href=\"https:\/\/drive.google.com\/open?id=0B2Dmr-vLJZPMcXNwM0FEbWZtLTg\" rel=\"noopener\"><i class=\"far fa-file-pdf fa-2x\">\u00a0<\/i><\/a><\/td><td class=\"column-6\"><a target=\"_blank\" href=\"https:\/\/www.oaxaca.gob.mx\/gubernatura\/wp-content\/uploads\/sites\/61\/2021\/10\/Manual-de-Organizacion-_2021Final.pdf\" rel=\"noopener\"><i class=\"far fa-file-word fa-2x\">\u00a0<\/i><\/a><\/td>\n<\/tr>\n<tr class=\"row-32\">\n\t<td class=\"column-1\">Convenio<\/td><td class=\"column-2\">Convenio de Colaboraci\u00f3n Administrativa que celebran la Secretar\u00eda de Relaciones Exteriores y el Gobierno del Estado de Oaxaca<\/td><td class=\"column-3\">05\/07\/2012<\/td><td class=\"column-4\"><\/td><td class=\"column-5\"><a target=\"_blank\" href=\"https:\/\/drive.google.com\/open?id=0B8q8m2OIoHcddXVtV0pXNHA0SXM\" rel=\"noopener\"><i class=\"far fa-file-pdf fa-2x\">\u00a0<\/i><\/a><\/td><td class=\"column-6\"><\/td>\n<\/tr>\n<tr class=\"row-33\">\n\t<td class=\"column-1\">Lineamientos<\/td><td class=\"column-2\">Lineamientos para la Organizaci\u00f3n, conservaci\u00f3n y custodia de los archivos de la administraci\u00f3n p\u00fablica estatal de Oaxaca.<\/td><td class=\"column-3\">25\/07\/2015<\/td><td class=\"column-4\"><\/td><td class=\"column-5\"><a target=\"_blank\" href=\"\/gubernatura\/wp-content\/uploads\/sites\/61\/2018\/11\/Lineamientos-para-la-Organizacion-conservacion-y-custodia......pdf\" rel=\"noopener\"><i class=\"far fa-file-pdf fa-2x\">\u00a0<\/i><\/a><\/td><td class=\"column-6\"><a target=\"_blank\" href=\"\/gubernatura\/wp-content\/uploads\/sites\/61\/2018\/11\/Lineamientos-para-la-Organizaci\u00f3n-conservaci\u00f3n-y-custodia-de-los-archivos-de-la-administraci\u00f3n-p\u00fablica-estatal-de-Oaxaca.docx\" rel=\"noopener\"><i class=\"far fa-file-word fa-2x\">\u00a0<\/i><\/a><\/td>\n<\/tr>\n<\/tbody>\n<\/table>\n<!-- #tablepress-normatividad from cache -->\n","protected":false},"excerpt":{"rendered":"","protected":false},"author":1,"featured_media":0,"parent":0,"menu_order":0,"comment_status":"closed","ping_status":"closed","template":"","meta":{"episode_type":"","audio_file":"","podmotor_file_id":"","podmotor_episode_id":"","cover_image":"","cover_image_id":"","duration":"","filesize":"","filesize_raw":"","date_recorded":"","explicit":"","block":"","itunes_episode_number":"","itunes_title":"","itunes_season_number":"","itunes_episode_type":"","footnotes":""},"categories":[],"tags":[],"class_list":["post-1433","page","type-page","status-publish","hentry"],"acf":[],"publishpress_future_action":{"enabled":false,"date":"2026-04-24 11:54:27","action":"change-status","newStatus":"draft","terms":[],"taxonomy":"category","extraData":[]},"publishpress_future_workflow_manual_trigger":{"enabledWorkflows":[]},"_links":{"self":[{"href":"https:\/\/www.oaxaca.gob.mx\/gubernatura\/wp-json\/wp\/v2\/pages\/1433","targetHints":{"allow":["GET"]}}],"collection":[{"href":"https:\/\/www.oaxaca.gob.mx\/gubernatura\/wp-json\/wp\/v2\/pages"}],"about":[{"href":"https:\/\/www.oaxaca.gob.mx\/gubernatura\/wp-json\/wp\/v2\/types\/page"}],"author":[{"embeddable":true,"href":"https:\/\/www.oaxaca.gob.mx\/gubernatura\/wp-json\/wp\/v2\/users\/1"}],"replies":[{"embeddable":true,"href":"https:\/\/www.oaxaca.gob.mx\/gubernatura\/wp-json\/wp\/v2\/comments?post=1433"}],"version-history":[{"count":0,"href":"https:\/\/www.oaxaca.gob.mx\/gubernatura\/wp-json\/wp\/v2\/pages\/1433\/revisions"}],"wp:attachment":[{"href":"https:\/\/www.oaxaca.gob.mx\/gubernatura\/wp-json\/wp\/v2\/media?parent=1433"}],"wp:term":[{"taxonomy":"category","embeddable":true,"href":"https:\/\/www.oaxaca.gob.mx\/gubernatura\/wp-json\/wp\/v2\/categories?post=1433"},{"taxonomy":"post_tag","embeddable":true,"href":"https:\/\/www.oaxaca.gob.mx\/gubernatura\/wp-json\/wp\/v2\/tags?post=1433"}],"curies":[{"name":"wp","href":"https:\/\/api.w.org\/{rel}","templated":true}]}}