{"id":977,"date":"2018-09-21T11:48:26","date_gmt":"2018-09-21T17:48:26","guid":{"rendered":"https:\/\/www.oaxaca.gob.mx\/fifeo\/?page_id=977"},"modified":"2023-09-21T02:28:13","modified_gmt":"2023-09-21T08:28:13","slug":"esquema-locatarios-de-mercado","status":"publish","type":"page","link":"https:\/\/www.oaxaca.gob.mx\/fifeo\/programas\/nafin","title":{"rendered":"Programa Impulso NAFIN + Estados Oaxaca"},"content":{"rendered":"<h2><img loading=\"lazy\" decoding=\"async\" class=\"alignnone size-medium wp-image-3316\" src=\"https:\/\/www.oaxaca.gob.mx\/fifeo\/wp-content\/uploads\/sites\/33\/2020\/06\/unnamed-2-300x38.jpg\" alt=\"\" width=\"300\" height=\"38\" srcset=\"https:\/\/www.oaxaca.gob.mx\/fifeo\/wp-content\/uploads\/sites\/33\/2020\/06\/unnamed-2-300x38.jpg 300w, https:\/\/www.oaxaca.gob.mx\/fifeo\/wp-content\/uploads\/sites\/33\/2020\/06\/unnamed-2.jpg 390w\" sizes=\"auto, (max-width: 300px) 100vw, 300px\" \/><\/h2>\n<p style=\"text-align: justify\">Ofrecer a la comunidad empresarial una alternativa para cubrir sus necesidades de capital de trabajo a trav\u00e9s de cr\u00e9ditos en condiciones accesibles para personas f\u00edsicas y\/o morales, en apoyo a las Micro, Medianas y Peque\u00f1as empresas dentro del Estado de Oaxaca.<\/p>\n<p>&nbsp;<\/p>\n<h2><img loading=\"lazy\" decoding=\"async\" class=\"alignnone size-medium wp-image-3315\" src=\"https:\/\/www.oaxaca.gob.mx\/fifeo\/wp-content\/uploads\/sites\/33\/2020\/06\/unnamed-1-300x38.jpg\" alt=\"\" width=\"300\" height=\"38\" srcset=\"https:\/\/www.oaxaca.gob.mx\/fifeo\/wp-content\/uploads\/sites\/33\/2020\/06\/unnamed-1-300x38.jpg 300w, https:\/\/www.oaxaca.gob.mx\/fifeo\/wp-content\/uploads\/sites\/33\/2020\/06\/unnamed-1.jpg 390w\" sizes=\"auto, (max-width: 300px) 100vw, 300px\" \/><\/h2>\n<p style=\"text-align: justify\">Micro, peque\u00f1as y medianas empresas dadas de alta como: Personas F\u00edsicas con Actividad Empresarial (PFAE), incluyendo R\u00e9gimen de Incorporaci\u00f3n Fiscal (RIF) o Personas Morales vinculadas a las actividades estrat\u00e9gicas del Estado que cuenten con C\u00e9dula de Validaci\u00f3n emitida por la Direcci\u00f3n de Promoci\u00f3n Institucional de BanOaxaca.<\/p>\n<p>&nbsp;<\/p>\n<p><img loading=\"lazy\" decoding=\"async\" class=\"alignnone size-medium wp-image-3329\" src=\"https:\/\/www.oaxaca.gob.mx\/fifeo\/wp-content\/uploads\/sites\/33\/2020\/06\/requisitos-300x38.jpg\" alt=\"\" width=\"300\" height=\"38\" srcset=\"https:\/\/www.oaxaca.gob.mx\/fifeo\/wp-content\/uploads\/sites\/33\/2020\/06\/requisitos-300x38.jpg 300w, https:\/\/www.oaxaca.gob.mx\/fifeo\/wp-content\/uploads\/sites\/33\/2020\/06\/requisitos.jpg 390w\" sizes=\"auto, (max-width: 300px) 100vw, 300px\" \/><\/p>\n<ul class=\"listas-geo\">\n<li>C\u00e9dula de autorizaci\u00f3n de ingreso al programa firmada y validada por BanOaxaca<\/li>\n<li>Identificaci\u00f3n oficial<\/li>\n<li>CURP<\/li>\n<li>Acta de nacimiento y Matrimonio ( en su caso)<\/li>\n<li>Comprobante de domicilio<\/li>\n<li>C\u00e9dula de situaci\u00f3n fiscal<\/li>\n<li>Consulta de bur\u00f3 de cr\u00e9dito<\/li>\n<li>Estados de cuenta bancarios de los \u00faltimos seis meses<\/li>\n<li>Se\u00f1alar aval para el proyecto (con escrituras y predial vigente)<\/li>\n<li>En caso de ser personas morales anexar Acta Constitutiva y sus actualizaciones con la documentaci\u00f3n del representante legal<\/li>\n<\/ul>\n<p>&nbsp;<\/p>\n<p>&nbsp;<\/p>\n<p><a href=\"https:\/\/www.oaxaca.gob.mx\/fifeo\/wp-content\/uploads\/sites\/33\/2020\/06\/FIFEO-Cr\u00e9ditos-NAFIN-BANOAXACA-Mec\u00e1nica-Operativa-del-Programa-16069.pdf\"><img loading=\"lazy\" decoding=\"async\" class=\"alignnone size-medium wp-image-3506\" src=\"https:\/\/www.oaxaca.gob.mx\/fifeo\/wp-content\/uploads\/sites\/33\/2020\/06\/m\u00e9canica-operativa-18-300x38.png\" alt=\"\" width=\"300\" height=\"38\" srcset=\"https:\/\/www.oaxaca.gob.mx\/fifeo\/wp-content\/uploads\/sites\/33\/2020\/06\/m\u00e9canica-operativa-18-300x38.png 300w, https:\/\/www.oaxaca.gob.mx\/fifeo\/wp-content\/uploads\/sites\/33\/2020\/06\/m\u00e9canica-operativa-18-1024x131.png 1024w, https:\/\/www.oaxaca.gob.mx\/fifeo\/wp-content\/uploads\/sites\/33\/2020\/06\/m\u00e9canica-operativa-18-768x98.png 768w, https:\/\/www.oaxaca.gob.mx\/fifeo\/wp-content\/uploads\/sites\/33\/2020\/06\/m\u00e9canica-operativa-18-1536x196.png 1536w, https:\/\/www.oaxaca.gob.mx\/fifeo\/wp-content\/uploads\/sites\/33\/2020\/06\/m\u00e9canica-operativa-18.png 1889w\" sizes=\"auto, (max-width: 300px) 100vw, 300px\" \/><\/a><\/p>\n<p><img loading=\"lazy\" decoding=\"async\" class=\"alignnone wp-image-5067 size-large\" src=\"https:\/\/www.oaxaca.gob.mx\/fifeo\/wp-content\/uploads\/sites\/33\/2022\/01\/thumbnail_nafin-2021-09-1024x404.jpg\" alt=\"\" width=\"1024\" height=\"404\" srcset=\"https:\/\/www.oaxaca.gob.mx\/fifeo\/wp-content\/uploads\/sites\/33\/2022\/01\/thumbnail_nafin-2021-09-1024x404.jpg 1024w, https:\/\/www.oaxaca.gob.mx\/fifeo\/wp-content\/uploads\/sites\/33\/2022\/01\/thumbnail_nafin-2021-09-300x118.jpg 300w, https:\/\/www.oaxaca.gob.mx\/fifeo\/wp-content\/uploads\/sites\/33\/2022\/01\/thumbnail_nafin-2021-09-768x303.jpg 768w, https:\/\/www.oaxaca.gob.mx\/fifeo\/wp-content\/uploads\/sites\/33\/2022\/01\/thumbnail_nafin-2021-09.jpg 1280w\" sizes=\"auto, (max-width: 1024px) 100vw, 1024px\" \/><\/p>\n<p>&nbsp;<\/p>\n<p><a href=\"https:\/\/www.oaxaca.gob.mx\/fifeo\/wp-content\/uploads\/sites\/33\/2022\/01\/PADRO\u0301N-Impulso-Nafin-PW.pdf\" target=\"_blank\" rel=\"noopener noreferrer\"><img loading=\"lazy\" decoding=\"async\" class=\"alignnone wp-image-3319 size-medium\" src=\"https:\/\/www.oaxaca.gob.mx\/fifeo\/wp-content\/uploads\/sites\/33\/2020\/06\/unnamed-5-300x38.jpg\" alt=\"\" width=\"300\" height=\"38\" srcset=\"https:\/\/www.oaxaca.gob.mx\/fifeo\/wp-content\/uploads\/sites\/33\/2020\/06\/unnamed-5-300x38.jpg 300w, https:\/\/www.oaxaca.gob.mx\/fifeo\/wp-content\/uploads\/sites\/33\/2020\/06\/unnamed-5.jpg 390w\" sizes=\"auto, (max-width: 300px) 100vw, 300px\" \/><\/a><\/p>\n","protected":false},"excerpt":{"rendered":"<p>Ofrecer a la comunidad empresarial una alternativa para cubrir sus necesidades de capital de trabajo a trav\u00e9s de cr\u00e9ditos en condiciones accesibles para personas f\u00edsicas y\/o morales, en apoyo a las Micro, Medianas y Peque\u00f1as empresas dentro del Estado de Oaxaca. &nbsp; Micro, peque\u00f1as y medianas empresas dadas de alta como: Personas F\u00edsicas con Actividad [&hellip;]<\/p>\n","protected":false},"author":1,"featured_media":0,"parent":28,"menu_order":0,"comment_status":"closed","ping_status":"closed","template":"","meta":{"episode_type":"","audio_file":"","podmotor_file_id":"","podmotor_episode_id":"","cover_image":"","cover_image_id":"","duration":"","filesize":"","filesize_raw":"","date_recorded":"","explicit":"","block":"","itunes_episode_number":"","itunes_title":"","itunes_season_number":"","itunes_episode_type":"","footnotes":""},"categories":[],"tags":[],"class_list":["post-977","page","type-page","status-publish","hentry"],"acf":[],"publishpress_future_action":{"enabled":false,"date":"2026-05-12 03:13:26","action":"change-status","newStatus":"draft","terms":[],"taxonomy":"category","extraData":[]},"publishpress_future_workflow_manual_trigger":{"enabledWorkflows":[]},"_links":{"self":[{"href":"https:\/\/www.oaxaca.gob.mx\/fifeo\/wp-json\/wp\/v2\/pages\/977","targetHints":{"allow":["GET"]}}],"collection":[{"href":"https:\/\/www.oaxaca.gob.mx\/fifeo\/wp-json\/wp\/v2\/pages"}],"about":[{"href":"https:\/\/www.oaxaca.gob.mx\/fifeo\/wp-json\/wp\/v2\/types\/page"}],"author":[{"embeddable":true,"href":"https:\/\/www.oaxaca.gob.mx\/fifeo\/wp-json\/wp\/v2\/users\/1"}],"replies":[{"embeddable":true,"href":"https:\/\/www.oaxaca.gob.mx\/fifeo\/wp-json\/wp\/v2\/comments?post=977"}],"version-history":[{"count":39,"href":"https:\/\/www.oaxaca.gob.mx\/fifeo\/wp-json\/wp\/v2\/pages\/977\/revisions"}],"predecessor-version":[{"id":5068,"href":"https:\/\/www.oaxaca.gob.mx\/fifeo\/wp-json\/wp\/v2\/pages\/977\/revisions\/5068"}],"up":[{"embeddable":true,"href":"https:\/\/www.oaxaca.gob.mx\/fifeo\/wp-json\/wp\/v2\/pages\/28"}],"wp:attachment":[{"href":"https:\/\/www.oaxaca.gob.mx\/fifeo\/wp-json\/wp\/v2\/media?parent=977"}],"wp:term":[{"taxonomy":"category","embeddable":true,"href":"https:\/\/www.oaxaca.gob.mx\/fifeo\/wp-json\/wp\/v2\/categories?post=977"},{"taxonomy":"post_tag","embeddable":true,"href":"https:\/\/www.oaxaca.gob.mx\/fifeo\/wp-json\/wp\/v2\/tags?post=977"}],"curies":[{"name":"wp","href":"https:\/\/api.w.org\/{rel}","templated":true}]}}