{"id":796,"date":"2018-09-05T12:34:14","date_gmt":"2018-09-05T18:34:14","guid":{"rendered":"https:\/\/www.oaxaca.gob.mx\/fifeo\/?page_id=796"},"modified":"2018-09-05T12:34:14","modified_gmt":"2018-09-05T18:34:14","slug":"objetivos","status":"publish","type":"page","link":"https:\/\/www.oaxaca.gob.mx\/fifeo\/quienes-somos\/objetivos\/","title":{"rendered":"Objetivos"},"content":{"rendered":"<pre><span style=\"font-family: tahoma, arial, helvetica, sans-serif;font-size: 18pt\"><strong>Objetivo General.<\/strong><\/span><\/pre>\n<p style=\"text-align: justify\"><span style=\"font-size: 14pt;font-family: tahoma, arial, helvetica, sans-serif\">Auxiliar al ejecutivo en programas prioritarios de inclusi\u00f3n financiera y acceso al financiamiento que propicien la conservaci\u00f3n y\/o generaci\u00f3n de empleos y\/o formas de autoempleos, asi como generar esquemas de acceso competitivo para la poblaci\u00f3n en general, mediante la aplicaci\u00f3n de recursos para el desarrollo y la operaci\u00f3n de programas.<\/span><\/p>\n<p>&nbsp;<\/p>\n<pre><strong><span style=\"font-family: tahoma, arial, helvetica, sans-serif;font-size: 18pt\">Objetivo Estrat\u00e9gico.<\/span><\/strong><\/pre>\n<p style=\"text-align: justify\"><span style=\"font-family: tahoma, arial, helvetica, sans-serif;font-size: 14pt\">Operar garant\u00eda y contragarant\u00eda, los cuales ser\u00e1n el eje de la estrategia de financiamiento del Fideicomiso, as\u00ed como el dise\u00f1o y operaci\u00f3n de programas financieros que tengan por objeto contribuir a generar un mayor desarrollo econ\u00f3mico en la empresa y la econom\u00eda familiar.<\/span><\/p>\n","protected":false},"excerpt":{"rendered":"<p>Objetivo General. Auxiliar al ejecutivo en programas prioritarios de inclusi\u00f3n financiera y acceso al financiamiento que propicien la conservaci\u00f3n y\/o generaci\u00f3n de empleos y\/o formas de autoempleos, asi como generar esquemas de acceso competitivo para la poblaci\u00f3n en general, mediante la aplicaci\u00f3n de recursos para el desarrollo y la operaci\u00f3n de programas. &nbsp; Objetivo Estrat\u00e9gico. [&hellip;]<\/p>\n","protected":false},"author":1,"featured_media":0,"parent":203,"menu_order":0,"comment_status":"closed","ping_status":"closed","template":"","meta":{"episode_type":"","audio_file":"","podmotor_file_id":"","podmotor_episode_id":"","cover_image":"","cover_image_id":"","duration":"","filesize":"","filesize_raw":"","date_recorded":"","explicit":"","block":"","itunes_episode_number":"","itunes_title":"","itunes_season_number":"","itunes_episode_type":"","footnotes":""},"categories":[],"tags":[],"class_list":["post-796","page","type-page","status-publish","hentry"],"acf":[],"publishpress_future_action":{"enabled":false,"date":"2026-04-24 11:18:42","action":"change-status","newStatus":"draft","terms":[],"taxonomy":"category","extraData":[]},"publishpress_future_workflow_manual_trigger":{"enabledWorkflows":[]},"_links":{"self":[{"href":"https:\/\/www.oaxaca.gob.mx\/fifeo\/wp-json\/wp\/v2\/pages\/796","targetHints":{"allow":["GET"]}}],"collection":[{"href":"https:\/\/www.oaxaca.gob.mx\/fifeo\/wp-json\/wp\/v2\/pages"}],"about":[{"href":"https:\/\/www.oaxaca.gob.mx\/fifeo\/wp-json\/wp\/v2\/types\/page"}],"author":[{"embeddable":true,"href":"https:\/\/www.oaxaca.gob.mx\/fifeo\/wp-json\/wp\/v2\/users\/1"}],"replies":[{"embeddable":true,"href":"https:\/\/www.oaxaca.gob.mx\/fifeo\/wp-json\/wp\/v2\/comments?post=796"}],"version-history":[{"count":0,"href":"https:\/\/www.oaxaca.gob.mx\/fifeo\/wp-json\/wp\/v2\/pages\/796\/revisions"}],"up":[{"embeddable":true,"href":"https:\/\/www.oaxaca.gob.mx\/fifeo\/wp-json\/wp\/v2\/pages\/203"}],"wp:attachment":[{"href":"https:\/\/www.oaxaca.gob.mx\/fifeo\/wp-json\/wp\/v2\/media?parent=796"}],"wp:term":[{"taxonomy":"category","embeddable":true,"href":"https:\/\/www.oaxaca.gob.mx\/fifeo\/wp-json\/wp\/v2\/categories?post=796"},{"taxonomy":"post_tag","embeddable":true,"href":"https:\/\/www.oaxaca.gob.mx\/fifeo\/wp-json\/wp\/v2\/tags?post=796"}],"curies":[{"name":"wp","href":"https:\/\/api.w.org\/{rel}","templated":true}]}}