{"id":6288,"date":"2023-09-21T14:23:15","date_gmt":"2023-09-21T20:23:15","guid":{"rendered":"https:\/\/www.oaxaca.gob.mx\/fifeo\/?page_id=6288"},"modified":"2025-10-24T14:04:19","modified_gmt":"2025-10-24T20:04:19","slug":"programa-impulso-nafin-estados","status":"publish","type":"page","link":"https:\/\/www.oaxaca.gob.mx\/fifeo\/programa-impulso-nafin-estados\/","title":{"rendered":"Programa Impulso NAFIN + Estados"},"content":{"rendered":"<p><img loading=\"lazy\" decoding=\"async\" class=\"alignnone size-medium wp-image-6223\" src=\"https:\/\/www.oaxaca.gob.mx\/fifeo\/wp-content\/uploads\/sites\/33\/2023\/09\/Objetivo-300x38.png\" alt=\"\" width=\"300\" height=\"38\" srcset=\"https:\/\/www.oaxaca.gob.mx\/fifeo\/wp-content\/uploads\/sites\/33\/2023\/09\/Objetivo-300x38.png 300w, https:\/\/www.oaxaca.gob.mx\/fifeo\/wp-content\/uploads\/sites\/33\/2023\/09\/Objetivo.png 390w\" sizes=\"auto, (max-width: 300px) 100vw, 300px\" \/><\/p>\n<p style=\"text-align: justify\"><span style=\"font-size: 13pt;color: #b38e5d\">Apoyo financiero a MIPYMEs (persona f\u00edsica o moral) con actividad empresarial perteneciente a alguno de los sectores productivos del Estado de Oaxaca: manufactura, servicios, comercio y turismo, con 2 a\u00f1os de operaci\u00f3n como m\u00ednimo y con buen historial en Bur\u00f3 de Cr\u00e9dito.<\/span><\/p>\n<p>&nbsp;<\/p>\n<p><img loading=\"lazy\" decoding=\"async\" class=\"alignnone size-medium wp-image-6226\" src=\"https:\/\/www.oaxaca.gob.mx\/fifeo\/wp-content\/uploads\/sites\/33\/2023\/09\/Poblacion-300x38.png\" alt=\"\" width=\"300\" height=\"38\" srcset=\"https:\/\/www.oaxaca.gob.mx\/fifeo\/wp-content\/uploads\/sites\/33\/2023\/09\/Poblacion-300x38.png 300w, https:\/\/www.oaxaca.gob.mx\/fifeo\/wp-content\/uploads\/sites\/33\/2023\/09\/Poblacion.png 390w\" sizes=\"auto, (max-width: 300px) 100vw, 300px\" \/><\/p>\n<p style=\"text-align: justify\"><span style=\"font-size: 13pt;color: #b38e5d\">Son elegibles para acceder a los cr\u00e9ditos las personas mayores de 18 a\u00f1os para fortalecer o iniciar su actividad productiva licita en el estado y\/o se comprometan a realizarla y que no tengan historial negativo de cr\u00e9dito en el Fideicomiso.<\/span><\/p>\n<p>&nbsp;<\/p>\n<p><img loading=\"lazy\" decoding=\"async\" class=\"alignnone size-medium wp-image-6243\" src=\"https:\/\/www.oaxaca.gob.mx\/fifeo\/wp-content\/uploads\/sites\/33\/2023\/09\/Requisitos-300x38.png\" alt=\"\" width=\"300\" height=\"38\" srcset=\"https:\/\/www.oaxaca.gob.mx\/fifeo\/wp-content\/uploads\/sites\/33\/2023\/09\/Requisitos-300x38.png 300w, https:\/\/www.oaxaca.gob.mx\/fifeo\/wp-content\/uploads\/sites\/33\/2023\/09\/Requisitos.png 390w\" sizes=\"auto, (max-width: 300px) 100vw, 300px\" \/><\/p>\n<ul>\n<li style=\"text-align: justify;list-style-type: upper-roman;font-size: 13pt;color: #b38e5d\">Identificaci\u00f3n oficial.<\/li>\n<li style=\"list-style-type: upper-roman;font-size: 13pt;color: #b38e5d\">Comprobante de domicilio del negocio.<\/li>\n<li style=\"list-style-type: upper-roman;font-size: 13pt;color: #b38e5d\">Constancia de situaci\u00f3n fiscal.<\/li>\n<li style=\"list-style-type: upper-roman;font-size: 13pt;color: #b38e5d\">En caso de ser persona moral: Acta Constitutiva y Poderes Notariales.<\/li>\n<li style=\"list-style-type: upper-roman;font-size: 13pt;color: #b38e5d\">Propuesta de inversi\u00f3n.<\/li>\n<li style=\"list-style-type: upper-roman;font-size: 13pt;color: #b38e5d\">Ser una persona f\u00edsica o moral legalmente constituida e inscrita en el RFC.<\/li>\n<li style=\"list-style-type: upper-roman;font-size: 13pt;color: #b38e5d\">Que su domicilio fiscal se ubique dentro del territorio del Estado de Oaxaca.<\/li>\n<li style=\"list-style-type: upper-roman;font-size: 13pt;color: #b38e5d\">Contar con una antig\u00fcedad m\u00ednima de dos a\u00f1os desarrollando su actividad empresarial.<\/li>\n<li style=\"list-style-type: upper-roman;font-size: 13pt;color: #b38e5d\">Que su actividad empresarial se ubique en alguno de los sectores:<\/li>\n<\/ul>\n<p>&nbsp;<\/p>\n<p style=\"text-align: justify\"><span style=\"font-size: 13pt;color: #b38e5d\">Manufactura, Comercial, Servicios, y Tur\u00edstico.<\/span><\/p>\n<ul>\n<li style=\"list-style-type: none\">\n<ul>\n<li style=\"list-style-type: decimal;font-size: 13pt;color: #b38e5d\">Contar con buen historial crediticio.<\/li>\n<li style=\"list-style-type: decimal;font-size: 13pt;color: #b38e5d\">Los recursos del cr\u00e9dito podr\u00e1n destinarse para:<\/li>\n<\/ul>\n<\/li>\n<\/ul>\n<p>&nbsp;<\/p>\n<table style=\"border-color: #9D2449\" border=\"2px;\">\n<tbody>\n<tr>\n<th style=\"text-align: center\">Monto<\/th>\n<th style=\"text-align: center\">Destino del Cr\u00e9dito<\/th>\n<th style=\"text-align: center\">Plazo del Cr\u00e9dito<\/th>\n<th style=\"text-align: center\">Tasa de Inter\u00e9s<\/th>\n<\/tr>\n<tr>\n<td>\n<p style=\"text-align: center\">M\u00ednimo: de $50,000.00 (Cincuenta mil pesos 00\/100 M.N.)<\/p>\n<p style=\"text-align: center\">M\u00e1ximo hasta: $2,500,000.00 (Dos millones quinientos mil pesos 00\/100 M.N.)<\/p>\n<\/td>\n<td style=\"text-align: center\">Capital de Trabajo<\/td>\n<td style=\"text-align: center\">Hasta 36 meses para Capital de Trabajo<\/td>\n<td style=\"text-align: center\" rowspan=\"2\">14.75%<\/td>\n<\/tr>\n<tr>\n<td>\n<p style=\"text-align: center\">M\u00ednimo: de $50,000.00 (Cincuenta mil pesos 00\/100 M.N.)<\/p>\n<p style=\"text-align: center\">M\u00e1ximo hasta: $5,000,000.00 (Cinco millones de pesos 00\/100 M.N.)<\/p>\n<\/td>\n<td style=\"text-align: center\">Adquisici\u00f3n de Activos Fijos<\/td>\n<td style=\"text-align: center\">Hasta 60 meses para adquisici\u00f3n de Activos Fijos<\/td>\n<\/tr>\n<\/tbody>\n<\/table>\n<p>&nbsp;<\/p>\n<ul>\n<li style=\"list-style-type: none\">\n<ul>\n<li style=\"list-style-type: none\">\n<ul>\n<li style=\"list-style-type: none\">\n<ul>\n<li style=\"text-align: justify;list-style-type: decimal;font-size: 13pt;color: #b38e5d\">El periodo de gracia ser\u00e1 de hasta 6 meses para pago de capital e intereses, incluidos en el plazo del cr\u00e9dito.<\/li>\n<li style=\"text-align: justify;list-style-type: decimal;font-size: 13pt;color: #b38e5d\">Hasta 2.5 millones de pesos, \u00fanicamente aval y\/u obligado solidario.<\/li>\n<li style=\"text-align: justify;list-style-type: decimal;font-size: 13pt;color: #b38e5d\">En montos superiores a los 2.5 millones de pesos, aplicar\u00e1n las pol\u00edticas de cada Intermediario Bancario participante.<\/li>\n<li style=\"text-align: justify;list-style-type: decimal;font-size: 13pt;color: #b38e5d\">No aplica comisi\u00f3n por apertura de cr\u00e9dito ni penalizaci\u00f3n por pagos anticipados.<\/li>\n<li style=\"text-align: justify;list-style-type: decimal;font-size: 13pt;color: #b38e5d\">Intermediarios Bancarios participantes.<\/li>\n<\/ul>\n<\/li>\n<\/ul>\n<div class=\"su-table su-table-alternate\">\n<table>\n<tbody>\n<tr>\n<td>\n<p style=\"text-align: center;font-size: 13pt;color: #9d2449\">CITIBANAMEX<\/p>\n<p style=\"text-align: center\"><img decoding=\"async\" class=\"alignnone\" src=\"\/fifeo\/wp-content\/uploads\/sites\/33\/2024\/08\/CitiBanamex-e1725042545229.png\" alt=\"Citibanamex\" \/><\/p>\n<\/td>\n<td>\n<p style=\"text-align: center;font-size: 13pt;color: #9d2449\">BANORTE<\/p>\n<p style=\"text-align: center\"><img decoding=\"async\" class=\"alignnone\" src=\"\/fifeo\/wp-content\/uploads\/sites\/33\/2024\/08\/Banorte-1-e1725043180217.png\" alt=\"Banorte\" \/><\/p>\n<\/td>\n<td>\n<p style=\"text-align: center;font-size: 13pt;color: #9d2449\">BBVA<\/p>\n<p style=\"text-align: center\"><img decoding=\"async\" class=\"alignnone\" src=\"\/fifeo\/wp-content\/uploads\/sites\/33\/2024\/08\/BBVA-Emblem-e1725043342469.png\" alt=\"Bbva\" \/><\/p>\n<\/td>\n<td>\n<p style=\"text-align: center;font-size: 13pt;color: #9d2449\">HSBC<\/p>\n<p style=\"text-align: center\"><img decoding=\"async\" class=\"alignnone\" src=\"\/fifeo\/wp-content\/uploads\/sites\/33\/2024\/08\/HSBC-Simbolo-e1725043525192.png\" alt=\"HSBC\" \/><\/p>\n<\/td>\n<\/tr>\n<\/tbody>\n<\/table>\n<\/div>\n<ul>\n<li style=\"text-align: justify;list-style-type: decimal;font-size: 13pt;color: #b38e5d\">Los solicitantes interesados deber\u00e1n remitir su expediente digital al correo <span style=\"font-size: 13pt;color: #080808\">impulso.nafin.oaxaca@gmail.com<\/span> y <span style=\"font-size: 13pt;color: #080808\">fifeo.banoaxaca@oaxaca.gob.mx<\/span> del FIDEICOMISO junto con la informaci\u00f3n: Identificaci\u00f3n oficial vigente, Comprobante de domicilio, constancia de situaci\u00f3n Fiscal, en caso de ser persona moral: Acta constitutiva o poderes.<\/li>\n<\/ul>\n<p>&nbsp;<\/p>\n<p><img loading=\"lazy\" decoding=\"async\" class=\"alignnone size-medium wp-image-6263\" src=\"https:\/\/www.oaxaca.gob.mx\/fifeo\/wp-content\/uploads\/sites\/33\/2023\/09\/ROperacion-300x38.png\" alt=\"\" width=\"300\" height=\"38\" srcset=\"https:\/\/www.oaxaca.gob.mx\/fifeo\/wp-content\/uploads\/sites\/33\/2023\/09\/ROperacion-300x38.png 300w, https:\/\/www.oaxaca.gob.mx\/fifeo\/wp-content\/uploads\/sites\/33\/2023\/09\/ROperacion.png 390w\" sizes=\"auto, (max-width: 300px) 100vw, 300px\" \/><\/p>\n<p style=\"text-align: justify;font-size: 13pt;color: #b38e5d\">Reglas de Operaci\u00f3n Impulso NAFIN + Estados <a href=\"\/fifeo\/wp-content\/uploads\/sites\/33\/2023\/09\/Reglas-de-Operacion-Impulso-NAFIN-Estados.pdf\" target=\"_blank\" rel=\"noopener\"><img loading=\"lazy\" decoding=\"async\" class=\"alignnone wp-image-6306 \" src=\"\/fifeo\/wp-content\/uploads\/sites\/33\/2023\/09\/down-pdf-2-150x150.png\" alt=\"\" width=\"60\" height=\"60\" srcset=\"https:\/\/www.oaxaca.gob.mx\/fifeo\/wp-content\/uploads\/sites\/33\/2023\/09\/down-pdf-2-150x150.png 150w, https:\/\/www.oaxaca.gob.mx\/fifeo\/wp-content\/uploads\/sites\/33\/2023\/09\/down-pdf-2-300x300.png 300w, https:\/\/www.oaxaca.gob.mx\/fifeo\/wp-content\/uploads\/sites\/33\/2023\/09\/down-pdf-2.png 480w\" sizes=\"auto, (max-width: 60px) 100vw, 60px\" \/><\/a><\/p>\n<\/li>\n<\/ul>\n<div class=\"su-table table { border-width: 20px; background-color: #9D2449; } su-table-alternate\">\n<\/div><\/li>\n<\/ul>\n","protected":false},"excerpt":{"rendered":"<p>Apoyo financiero a MIPYMEs (persona f\u00edsica o moral) con actividad empresarial perteneciente a alguno de los sectores productivos del Estado de Oaxaca: manufactura, servicios, comercio y turismo, con 2 a\u00f1os de operaci\u00f3n como m\u00ednimo y con buen historial en Bur\u00f3 de Cr\u00e9dito. &nbsp; Son elegibles para acceder a los cr\u00e9ditos las personas mayores de 18 [&hellip;]<\/p>\n","protected":false},"author":40,"featured_media":0,"parent":0,"menu_order":0,"comment_status":"closed","ping_status":"closed","template":"","meta":{"episode_type":"","audio_file":"","podmotor_file_id":"","podmotor_episode_id":"","cover_image":"","cover_image_id":"","duration":"","filesize":"","filesize_raw":"","date_recorded":"","explicit":"","block":"","itunes_episode_number":"","itunes_title":"","itunes_season_number":"","itunes_episode_type":"","footnotes":""},"categories":[],"tags":[],"class_list":["post-6288","page","type-page","status-publish","hentry"],"acf":[],"publishpress_future_action":{"enabled":false,"date":"2026-05-15 21:39:48","action":"change-status","newStatus":"draft","terms":[],"taxonomy":"category","extraData":[]},"publishpress_future_workflow_manual_trigger":{"enabledWorkflows":[]},"_links":{"self":[{"href":"https:\/\/www.oaxaca.gob.mx\/fifeo\/wp-json\/wp\/v2\/pages\/6288","targetHints":{"allow":["GET"]}}],"collection":[{"href":"https:\/\/www.oaxaca.gob.mx\/fifeo\/wp-json\/wp\/v2\/pages"}],"about":[{"href":"https:\/\/www.oaxaca.gob.mx\/fifeo\/wp-json\/wp\/v2\/types\/page"}],"author":[{"embeddable":true,"href":"https:\/\/www.oaxaca.gob.mx\/fifeo\/wp-json\/wp\/v2\/users\/40"}],"replies":[{"embeddable":true,"href":"https:\/\/www.oaxaca.gob.mx\/fifeo\/wp-json\/wp\/v2\/comments?post=6288"}],"version-history":[{"count":2,"href":"https:\/\/www.oaxaca.gob.mx\/fifeo\/wp-json\/wp\/v2\/pages\/6288\/revisions"}],"predecessor-version":[{"id":7791,"href":"https:\/\/www.oaxaca.gob.mx\/fifeo\/wp-json\/wp\/v2\/pages\/6288\/revisions\/7791"}],"wp:attachment":[{"href":"https:\/\/www.oaxaca.gob.mx\/fifeo\/wp-json\/wp\/v2\/media?parent=6288"}],"wp:term":[{"taxonomy":"category","embeddable":true,"href":"https:\/\/www.oaxaca.gob.mx\/fifeo\/wp-json\/wp\/v2\/categories?post=6288"},{"taxonomy":"post_tag","embeddable":true,"href":"https:\/\/www.oaxaca.gob.mx\/fifeo\/wp-json\/wp\/v2\/tags?post=6288"}],"curies":[{"name":"wp","href":"https:\/\/api.w.org\/{rel}","templated":true}]}}