{"id":5962,"date":"2024-08-30T13:07:48","date_gmt":"2024-08-30T19:07:48","guid":{"rendered":"https:\/\/www.oaxaca.gob.mx\/fifeo\/?page_id=5962"},"modified":"2025-06-02T14:03:56","modified_gmt":"2025-06-02T20:03:56","slug":"5962-2","status":"publish","type":"page","link":"https:\/\/www.oaxaca.gob.mx\/fifeo\/5962-2\/","title":{"rendered":""},"content":{"rendered":"<iframe loading=\"lazy\" src=\"https:\/\/www.facebook.com\/plugins\/page.php?href=https%3A%2F%2Fwww.facebook.com%2FBanOaxacaOficial%2F&tabs=timeline&width=500&height=500&small_header=false&adapt_container_width=true&hide_cover=false&show_facepile=true&appId=535068210722480\" width=\"500\" height=\"500\" style=\"border:none;overflow:hidden\" scrolling=\"no\" frameborder=\"0\" allowTransparency=\"true\" allow=\"encrypted-media\"><\/iframe>\n<a class=\"twitter-timeline\" data-width=\"520\" data-height=\"500\" href=\"https:\/\/x.com\/BanOaxaca?ref_src=twsrc%5Etfw\">Tweets by FIFEO<\/a> <script async src=\"https:\/\/platform.x.com\/widgets.js\" charset=\"utf-8\"><\/script> \n<p style=\"text-align: center\">Plazo M\u00e1ximo<\/p>\n<a href=\"https:\/\/www.oaxaca.gob.mx\/fifeo\/wp-content\/uploads\/sites\/33\/2023\/09\/Reglas-de-Operacion-Impulso-NAFIN-Estados.pdf\" class=\"pdfemb-viewer\" style=\"\" data-width=\"max\" data-height=\"max\" data-toolbar=\"top\" data-toolbar-fixed=\"on\">Reglas-de-Operacion-Impulso-NAFIN-Estados<\/a>\n<a href=\"https:\/\/www.oaxaca.gob.mx\/fifeo\/wp-content\/uploads\/sites\/33\/2023\/09\/Reglas-de-Operacion-Impulso-NAFIN-Estados.pdf\" class=\"pdfemb-viewer\" style=\"\" data-width=\"max\" data-height=\"max\" data-toolbar=\"top\" data-toolbar-fixed=\"on\">Reglas-de-Operacion-Impulso-NAFIN-Estados<\/a>\n<a href=\"https:\/\/www.oaxaca.gob.mx\/fifeo\/wp-content\/uploads\/sites\/33\/2023\/09\/Reglas-de-Operacion-Impulso-NAFIN-Estados.pdf\" class=\"pdfemb-viewer\" style=\"\" data-width=\"max\" data-height=\"max\" data-toolbar=\"top\" data-toolbar-fixed=\"on\">Reglas-de-Operacion-Impulso-NAFIN-Estados<\/a>\n<p>&nbsp;<\/p>\n<div class=\"col-md-0 column\">\n<div class=\"post\">\n<nav style=\"margin-bottom: 30px\">\n<div id=\"nav-tab\" class=\"nav nav-tabs\" role=\"tablist\"><a id=\"nav_tab_uno\" class=\"nav-item nav-link active\" role=\"tab\" href=\"#nav_uno\" data-toggle=\"tab\">S.I.A.<\/a><br \/>\n<a id=\"nav_tab_dos\" class=\"nav-item nav-link\" role=\"tab\" href=\"#nav_dos\" data-toggle=\"tab\">Grupo Interdisciplinario<\/a><br \/>\n<a id=\"nav_tab_tres\" class=\"nav-item nav-link\" role=\"tab\" href=\"#nav_tres\" data-toggle=\"tab\">Cuadro General de Clasificaci\u00f3n Archiv\u00edstica<\/a><br \/>\n<a id=\"nav_tab_cuatro\" class=\"nav-item nav-link\" role=\"tab\" href=\"#nav_cuatro\" data-toggle=\"tab\">P.A.D.A.<\/a><br \/>\n<a id=\"nav_tab_cinco\" class=\"nav-item nav-link\" role=\"tab\" href=\"#nav_cinco\" data-toggle=\"tab\">R.N.A.<\/a><br \/>\n<a id=\"nav_tab_seis\" class=\"nav-item nav-link\" role=\"tab\" href=\"#nav_seis\" data-toggle=\"tab\">CADIDO<\/a><\/div>\n<\/nav>\n<div id=\"nav-tabContent\" class=\"tab-content\">\n<div id=\"nav_uno\" class=\"tab-pane fade show active\" role=\"tabpanel\" aria-labelledby=\"nav_tab_uno\">\n<h5 class=\"entry-title mt70\" style=\"width: 100%\"><b>SISTEMA INSTITUCIONAL DE ARCHIVOS<\/b><\/h5>\n<div class=\"row\">\n<div class=\"col-lg-0\">\n<div id=\"v-pills-sia\" class=\"nav flex-column nav-pills\" role=\"tablist\"><a id=\"pills-sia_2023\" class=\"nav-link active\" role=\"tab\" href=\"#pillsia_2023\" data-toggle=\"pill\">SIA 2023<\/a><br \/>\n<a id=\"pills-sia_2022\" class=\"nav-link\" role=\"tab\" href=\"#pillsia_2022\" data-toggle=\"pill\">SIA 2022<\/a><a id=\"pills-sia_2021\" class=\"nav-link\" role=\"tab\" href=\"#pillsia_2021\" data-toggle=\"pill\"><!--SIA 2021--><\/a><a id=\"pills-sia_2021\" class=\"nav-link\" role=\"tab\" href=\"#pillsia_2021\" data-toggle=\"pill\"><!--SIA 2021--><\/a><br \/>\n<a id=\"pills-sia_2020\" class=\"nav-link\" role=\"tab\" href=\"#pillsia_2020\" data-toggle=\"pill\"><!--SIA 2020--><\/a><br \/>\n<a id=\"pills-sia_2019\" class=\"nav-link\" role=\"tab\" href=\"#pillsia_2019\" data-toggle=\"pill\"><!--SIA 2019--><\/a><\/div>\n<\/div>\n<div class=\"col-lg-9\">\n<div id=\"v-pills-tabContent\" class=\"tab-content\">\n<div id=\"pillsia_2023\" class=\"tab-pane fade show active\" role=\"tabpanel\" aria-labelledby=\"pills-sia_2023\"><div class=\"su-tabs su-tabs-style-default su-tabs-mobile-scroll\" data-active=\"1\" data-scroll-offset=\"0\" data-anchor-in-url=\"no\"><div class=\"su-tabs-nav\"><span class=\"\" data-url=\"\" data-target=\"blank\" tabindex=\"0\" role=\"button\">Acta de Instalaci\u00f3n SIA 2023<\/span><\/div><div class=\"su-tabs-panes\"><div class=\"su-tabs-pane su-u-clearfix su-u-trim\" data-title=\"Acta de Instalaci\u00f3n SIA 2023\"><a href=\"https:\/\/www.oaxaca.gob.mx\/fifeo\/wp-content\/uploads\/sites\/33\/2023\/11\/Acta-Instalacion-SIA.pdf\" class=\"pdfemb-viewer\" style=\"\" data-width=\"max\" data-height=\"max\" data-toolbar=\"top\" data-toolbar-fixed=\"on\">Acta-Instalacion-SIA<\/a><\/div><\/div><\/div><\/div>\n<\/div>\n<div id=\"pillsia_2022\" class=\"tab-pane fade\" role=\"tabpanel\" aria-labelledby=\"pills-sia_2022\"><div class=\"su-tabs su-tabs-style-default su-tabs-mobile-scroll\" data-active=\"1\" data-scroll-offset=\"0\" data-anchor-in-url=\"no\"><div class=\"su-tabs-nav\"><span class=\"\" data-url=\"\" data-target=\"blank\" tabindex=\"0\" role=\"button\">Primera Sesi\u00f3n Ordinaria<\/span><span class=\"\" data-url=\"\" data-target=\"blank\" tabindex=\"0\" role=\"button\">Primera Sesi\u00f3n Extraordinaria<\/span><\/div><div class=\"su-tabs-panes\"><div class=\"su-tabs-pane su-u-clearfix su-u-trim\" data-title=\"Primera Sesi\u00f3n Ordinaria\"><a href=\"https:\/\/www.oaxaca.gob.mx\/fifeo\/wp-content\/uploads\/sites\/33\/2022\/08\/1a-Sesion-Ordinaria-SIA.pdf\" class=\"pdfemb-viewer\" style=\"\" data-width=\"max\" data-height=\"max\" data-toolbar=\"top\" data-toolbar-fixed=\"on\">1a-Sesion-Ordinaria-SIA<\/a><\/div>\n<div class=\"su-tabs-pane su-u-clearfix su-u-trim\" data-title=\"Primera Sesi\u00f3n Extraordinaria\"><a href=\"https:\/\/www.oaxaca.gob.mx\/fifeo\/wp-content\/uploads\/sites\/33\/2022\/08\/1a-Sesion-Extraordinaria-SIA.pdf\" class=\"pdfemb-viewer\" style=\"\" data-width=\"max\" data-height=\"max\" data-toolbar=\"top\" data-toolbar-fixed=\"on\">1a-Sesion-Extraordinaria-SIA<\/a><\/div><\/div><\/div><a href=\"https:\/\/www.oaxaca.gob.mx\/fifeo\/wp-content\/uploads\/sites\/33\/2022\/08\/1a-Sesion-Extraordinaria-SIA.pdf\"><!--Download the PDF file SIA 2022.--><\/a><\/p>\n<h4><b><!--Segunda Sesion Extraordinaria--><\/b><\/h4>\n<p><a href=\"https:\/\/www.oaxaca.gob.mx\/gubernatura\/wp-content\/uploads\/sites\/61\/2022\/08\/Segunda_extra_SIA_2022.pdf\"><!--Download the PDF file SIA 2022.--><\/a><\/p>\n<\/div>\n<div id=\"pillsia_2021\" class=\"tab-pane fade\" role=\"tabpanel\" aria-labelledby=\"pills-sia_2021\">\n<p><a href=\"https:\/\/www.oaxaca.gob.mx\/gubernatura\/wp-content\/uploads\/sites\/61\/2021\/11\/Primera-Sesion-Extraordinaria-2021-SIA.pdf\"><!--Download the PDF file SIA 2021.--><\/a><\/p>\n<\/div>\n<div id=\"pillsia_2020\" class=\"tab-pane fade\" role=\"tabpanel\" aria-labelledby=\"pills-sia_2020\">\n<p><a href=\"https:\/\/www.oaxaca.gob.mx\/gubernatura\/wp-content\/uploads\/sites\/61\/2020\/03\/Acta-SIA-1a-Sesi\u00f3n-Extraordinaria-2020.pdf\"><!--Download the PDF file SIA 2020.--><\/a><\/p>\n<\/div>\n<div id=\"pillsia_2019\" class=\"tab-pane fade\" role=\"tabpanel\" aria-labelledby=\"pills-sia_2019\">\n<p><a href=\"https:\/\/www.oaxaca.gob.mx\/gubernatura\/wp-content\/uploads\/sites\/61\/2019\/09\/Acta-del-Sistema-Institucional-de-Archivos.pdf\"><!--Download the PDF file SIA 2019.--><\/a><\/p>\n<\/div>\n<\/div>\n<\/div>\n<\/div>\n<\/div>\n<div id=\"nav_dos\" class=\"tab-pane fade\" role=\"tabpanel\" aria-labelledby=\"nav_tab_dos\">\n<h5 class=\"entry-title mt70\" style=\"width: 100%\"><b>GRUPO INTERDISCIPLINARIO<\/b><\/h5>\n<div class=\"row\">\n<div class=\"col-lg-0\">\n<div id=\"v-pills-gi\" class=\"nav flex-column nav-pills\" role=\"tablist\"><a id=\"pills-gi_2023\" class=\"nav-link active\" role=\"tab\" href=\"#pillgi_2023\" data-toggle=\"pill\">GI 2023<\/a><br \/>\n<a id=\"pills-gi_2022\" class=\"nav-link\" role=\"tab\" href=\"#pillgi_2022\" data-toggle=\"pill\">GI 2022<\/a><\/div>\n<\/div>\n<div class=\"col-lg-9\">\n<div id=\"v-pills-tabContent\" class=\"tab-content\">\n<div id=\"pillgi_2023\" class=\"tab-pane fade show active\" role=\"tabpanel\" aria-labelledby=\"pills-gi_2023\"><div class=\"su-tabs su-tabs-style-default su-tabs-mobile-scroll\" data-active=\"1\" data-scroll-offset=\"0\" data-anchor-in-url=\"no\"><div class=\"su-tabs-nav\"><span class=\"\" data-url=\"\" data-target=\"blank\" tabindex=\"0\" role=\"button\">Acta de Instalaci\u00f3n GI 2023<\/span><\/div><div class=\"su-tabs-panes\"><div class=\"su-tabs-pane su-u-clearfix su-u-trim\" data-title=\"Acta de Instalaci\u00f3n GI 2023\"><a href=\"https:\/\/www.oaxaca.gob.mx\/fifeo\/wp-content\/uploads\/sites\/33\/2023\/12\/Acta-Instalacion-GI.pdf\" class=\"pdfemb-viewer\" style=\"\" data-width=\"max\" data-height=\"max\" data-toolbar=\"top\" data-toolbar-fixed=\"on\">Acta-Instalacion-GI<\/a><\/div><\/div><\/div><\/div>\n<div id=\"pillgi_2022\" class=\"tab-pane fade\" role=\"tabpanel\" aria-labelledby=\"pills-gi_2022\"><div class=\"su-tabs su-tabs-style-default su-tabs-mobile-scroll\" data-active=\"1\" data-scroll-offset=\"0\" data-anchor-in-url=\"no\"><div class=\"su-tabs-nav\"><span class=\"\" data-url=\"\" data-target=\"blank\" tabindex=\"0\" role=\"button\">Acta 1a Sesi\u00f3n Ordinaria GI 2022<\/span><\/div><div class=\"su-tabs-panes\"><div class=\"su-tabs-pane su-u-clearfix su-u-trim\" data-title=\"Acta 1a Sesi\u00f3n Ordinaria GI 2022\"><a href=\"https:\/\/www.oaxaca.gob.mx\/fifeo\/wp-content\/uploads\/sites\/33\/2023\/12\/Acta-1a-Sesion-Ordinaria-GI.pdf\" class=\"pdfemb-viewer\" style=\"\" data-width=\"max\" data-height=\"max\" data-toolbar=\"top\" data-toolbar-fixed=\"on\">Acta-1a-Sesion-Ordinaria-GI<\/a><\/div><\/div><\/div><\/div>\n<\/div>\n<\/div>\n<\/div>\n<\/div>\n<div id=\"nav_tres\" class=\"tab-pane fade\" role=\"tabpanel\" aria-labelledby=\"nav_tab_tres\">\n<h5 class=\"entry-title mt70\" style=\"width: 100%\"><b>CLASIFICACI\u00d3N ARCHIV\u00cdSTICA<\/b><\/h5>\n<a href=\"\/fifeo\/wp-content\/uploads\/sites\/33\/2022\/09\/Cuadro-General-de-Clasificacion-Archivistica-2022.pdf\" class=\"pdfemb-viewer\" style=\"\" data-width=\"max\" data-height=\"max\" data-toolbar=\"top\" data-toolbar-fixed=\"on\">Cuadro-General-de-Clasificacion-Archivistica-2022<\/a> <iframe style=\"width: 800px;height: 400px\" frameborder=\"0\"><\/iframe><\/p>\n<\/div>\n<div id=\"nav_cuatro\" class=\"tab-pane fade\" role=\"tabpanel\" aria-labelledby=\"nav_tab_cuatro\">\n<h5 class=\"entry-title mt70\" style=\"width: 100%\"><b>PROGRAMA ANUAL DE DESARROLLO ARCHIV\u00cdSTICO<\/b><\/h5>\n<div class=\"row\">\n<div class=\"col-lg-0\">\n<div id=\"v-pills-pada\" class=\"nav flex-column nav-pills\" role=\"tablist\"><a id=\"pills-pada_2022\" class=\"nav-link active\" role=\"tab\" href=\"#pillpada_2022\" data-toggle=\"pill\">PADA 2022<\/a><\/div>\n<div role=\"tablist\"><\/div>\n<\/div>\n<div class=\"col-lg-9\">\n<div id=\"v-pills-tabContent\" class=\"tab-content\">\n<div id=\"pillpada_2022\" class=\"tab-pane fade show active\" role=\"tabpanel\" aria-labelledby=\"pills-pada_2022\"><a href=\"\/fifeo\/wp-content\/uploads\/sites\/33\/2022\/09\/Programa-Anual-de-Desarrollo-Archivistico-2022.pdf\" class=\"pdfemb-viewer\" style=\"\" data-width=\"max\" data-height=\"max\" data-toolbar=\"top\" data-toolbar-fixed=\"on\">Programa-Anual-de-Desarrollo-Archivistico-2022<\/a> <iframe style=\"width: 800px;height: 400px\" frameborder=\"0\"><\/iframe><\/div>\n<\/div>\n<\/div>\n<\/div>\n<\/div>\n<div id=\"nav_cinco\" class=\"tab-pane fade\" role=\"tabpanel\" aria-labelledby=\"nav_tab_cinco\">\n<h5 class=\"entry-title mt70\" style=\"width: 100%\"><b>CONSTANCIA DE INSCRIPCI\u00d3N AL REGISTRO NACIONAL DE ARCHIVOS<\/b><\/h5>\n<a href=\"\/fifeo\/wp-content\/uploads\/sites\/33\/2022\/08\/Oficio-Constancia.pdf\" class=\"pdfemb-viewer\" style=\"\" data-width=\"max\" data-height=\"max\" data-toolbar=\"top\" data-toolbar-fixed=\"on\">Oficio-Constancia<\/a> <iframe style=\"width: 800px;height: 400px\" frameborder=\"0\"><\/iframe><\/p>\n<\/div>\n<div id=\"nav_seis\" class=\"tab-pane fade\" role=\"tabpanel\" aria-labelledby=\"nav_tab_seis\">\n<h5 class=\"entry-title mt70\" style=\"width: 100%\"><b>CAT\u00c1LOGO DE DISPOSICI\u00d3N DOCUMENTAL<\/b><\/h5>\n<p>&nbsp;<\/p>\n<\/div>\n<\/div>\n<\/div>\n<div class=\"su-table {   border-width: 3px;   background-color: #b38e5d; } su-table-alternate\">\n<tr>\n<td>Tabla<\/td>\n<td>Tabla<\/td>\n<\/tr>\n<tr>\n<td>Tabla<\/td>\n<td>Tabla<\/td>\n<\/tr>\n<\/table>\n<\/div>\n","protected":false},"excerpt":{"rendered":"<p>Plazo M\u00e1ximo &nbsp; S.I.A. Grupo Interdisciplinario Cuadro General de Clasificaci\u00f3n Archiv\u00edstica P.A.D.A. R.N.A. CADIDO SISTEMA INSTITUCIONAL DE ARCHIVOS SIA 2023 SIA 2022 GRUPO INTERDISCIPLINARIO GI 2023 GI 2022 CLASIFICACI\u00d3N ARCHIV\u00cdSTICA PROGRAMA ANUAL DE DESARROLLO ARCHIV\u00cdSTICO PADA 2022 CONSTANCIA DE INSCRIPCI\u00d3N AL REGISTRO NACIONAL DE ARCHIVOS CAT\u00c1LOGO DE DISPOSICI\u00d3N DOCUMENTAL &nbsp;<\/p>\n","protected":false},"author":40,"featured_media":0,"parent":0,"menu_order":0,"comment_status":"closed","ping_status":"closed","template":"","meta":{"episode_type":"","audio_file":"","podmotor_file_id":"","podmotor_episode_id":"","cover_image":"","cover_image_id":"","duration":"","filesize":"","filesize_raw":"","date_recorded":"","explicit":"","block":"","itunes_episode_number":"","itunes_title":"","itunes_season_number":"","itunes_episode_type":"","footnotes":""},"categories":[],"tags":[],"class_list":["post-5962","page","type-page","status-publish","hentry"],"acf":[],"publishpress_future_action":{"enabled":false,"date":"2026-05-10 02:50:54","action":"change-status","newStatus":"draft","terms":[],"taxonomy":"category","extraData":[]},"publishpress_future_workflow_manual_trigger":{"enabledWorkflows":[]},"_links":{"self":[{"href":"https:\/\/www.oaxaca.gob.mx\/fifeo\/wp-json\/wp\/v2\/pages\/5962","targetHints":{"allow":["GET"]}}],"collection":[{"href":"https:\/\/www.oaxaca.gob.mx\/fifeo\/wp-json\/wp\/v2\/pages"}],"about":[{"href":"https:\/\/www.oaxaca.gob.mx\/fifeo\/wp-json\/wp\/v2\/types\/page"}],"author":[{"embeddable":true,"href":"https:\/\/www.oaxaca.gob.mx\/fifeo\/wp-json\/wp\/v2\/users\/40"}],"replies":[{"embeddable":true,"href":"https:\/\/www.oaxaca.gob.mx\/fifeo\/wp-json\/wp\/v2\/comments?post=5962"}],"version-history":[{"count":3,"href":"https:\/\/www.oaxaca.gob.mx\/fifeo\/wp-json\/wp\/v2\/pages\/5962\/revisions"}],"predecessor-version":[{"id":7714,"href":"https:\/\/www.oaxaca.gob.mx\/fifeo\/wp-json\/wp\/v2\/pages\/5962\/revisions\/7714"}],"wp:attachment":[{"href":"https:\/\/www.oaxaca.gob.mx\/fifeo\/wp-json\/wp\/v2\/media?parent=5962"}],"wp:term":[{"taxonomy":"category","embeddable":true,"href":"https:\/\/www.oaxaca.gob.mx\/fifeo\/wp-json\/wp\/v2\/categories?post=5962"},{"taxonomy":"post_tag","embeddable":true,"href":"https:\/\/www.oaxaca.gob.mx\/fifeo\/wp-json\/wp\/v2\/tags?post=5962"}],"curies":[{"name":"wp","href":"https:\/\/api.w.org\/{rel}","templated":true}]}}