{"id":5105,"date":"2022-04-13T12:58:48","date_gmt":"2022-04-13T17:58:48","guid":{"rendered":"https:\/\/www.oaxaca.gob.mx\/fifeo\/?page_id=5105"},"modified":"2022-04-26T11:21:06","modified_gmt":"2022-04-26T16:21:06","slug":"banoaxaca-te-capacita","status":"publish","type":"page","link":"https:\/\/www.oaxaca.gob.mx\/fifeo\/banoaxaca-te-capacita\/","title":{"rendered":"BanOaxaca te capacita"},"content":{"rendered":"<p><img loading=\"lazy\" decoding=\"async\" class=\"alignnone wp-image-5108 size-medium\" src=\"https:\/\/www.oaxaca.gob.mx\/fifeo\/wp-content\/uploads\/sites\/33\/2022\/04\/Botones-de-programas-27-1-300x38.png\" alt=\"\" width=\"300\" height=\"38\" srcset=\"https:\/\/www.oaxaca.gob.mx\/fifeo\/wp-content\/uploads\/sites\/33\/2022\/04\/Botones-de-programas-27-1-300x38.png 300w, https:\/\/www.oaxaca.gob.mx\/fifeo\/wp-content\/uploads\/sites\/33\/2022\/04\/Botones-de-programas-27-1-1024x131.png 1024w, https:\/\/www.oaxaca.gob.mx\/fifeo\/wp-content\/uploads\/sites\/33\/2022\/04\/Botones-de-programas-27-1-768x98.png 768w, https:\/\/www.oaxaca.gob.mx\/fifeo\/wp-content\/uploads\/sites\/33\/2022\/04\/Botones-de-programas-27-1-1536x197.png 1536w, https:\/\/www.oaxaca.gob.mx\/fifeo\/wp-content\/uploads\/sites\/33\/2022\/04\/Botones-de-programas-27-1.png 1889w\" sizes=\"auto, (max-width: 300px) 100vw, 300px\" \/><\/p>\n<div class=\"card-header\" style=\"font-weight: bold;color: #622779;border-bottom-color: #622779;font-size: 16px\">APRENDE A ENDEUDARTE:<\/div>\n<div>Identificar\u00e1s si tu empresa tiene la necesidad de acceder a alg\u00fan financiamiento o solo requiere cambios en su eficiencia operativa.<\/div>\n<div><\/div>\n<div>\n<div class=\"card-header\" style=\"font-weight: bold;color: #622779;border-bottom-color: #622779;font-size: 16px\">CONTABILIDAD B\u00c1SICA PARA MICRO Y PEQUE\u00d1AS EMPRESAS:<\/div>\n<div>Identificar\u00e1s los elementos b\u00e1sicos de contabilidad que se manejan en las micro y peque\u00f1as empresas.<\/div>\n<div><\/div>\n<\/div>\n<div>\n<div class=\"card-header\" style=\"font-weight: bold;color: #622779;border-bottom-color: #622779;font-size: 16px\">COMO PROMOCIONAR EFICIENTEMENTE MI PRODUCTO O SERVICIO:<\/div>\n<div>Conocer\u00e1s la importancia de la mercadotecnia como una herramienta eficaz para tu negocio.<\/div>\n<div><\/div>\n<div class=\"card-header\" style=\"font-weight: bold;color: #622779;border-bottom-color: #622779;font-size: 16px\">MUJERES EMPRENDEDORAS:<\/div>\n<\/div>\n<div>\n<div>Identificar\u00e1s los principales obst\u00e1culos que impiden el crecimiento de empresarias. Adem\u00e1s podr\u00e1s definir algunas acciones para tu desarrollo como empresaria.<\/div>\n<div><\/div>\n<\/div>\n<div>\n<div>\n<div class=\"card-header\" style=\"font-weight: bold;color: #622779;border-bottom-color: #622779;font-size: 16px\">PLANEACI\u00d3N ESTRAT\u00c9GICA, HACIA D\u00d3NDE QUIERO LLEGAR CON MI EMPRESA:<\/div>\n<\/div>\n<div>Te brindaremos los elementos necesarios para que puedas poner en marcha la planeaci\u00f3n estrat\u00e9gica en tu negocio.<\/div>\n<div><\/div>\n<\/div>\n<div>\n<div>\n<div class=\"card-header\" style=\"font-weight: bold;color: #622779;border-bottom-color: #622779;font-size: 16px\">REDES SOCIALES PARA MICRO Y PEQUE\u00d1AS EMPRESAS:<\/div>\n<\/div>\n<div>Obtendr\u00e1s las herramientas y conocimientos b\u00e1sicos para llevar a cabo una estrategia de posicionamiento y promoci\u00f3n en redes sociales para tu empresa.<\/div>\n<\/div>\n<div><\/div>\n<div>\n<div>\n<div class=\"card-header\" style=\"font-weight: bold;color: #622779;border-bottom-color: #622779;font-size: 16px\">SERVICIO AL CLIENTE. LOS 1O MANDAMIENTOS:<\/div>\n<\/div>\n<div>Un buen servicio al cliente hace crecer tu negocio, para lograrlo deber\u00e1s realizar una serie de reflexiones, tomar decisiones, llevar a cabo acciones y medir su impacto, para establecer modelos de mejora continua.<\/div>\n<div>\n<div><\/div>\n<div><\/div>\n<div><\/div>\n<div><a href=\"https:\/\/docs.google.com\/forms\/d\/1ddpMm_oJ4juuqJViJl0hmZNjcuBUkRs-ZChuO0GqTL4\/edit\" target=\"_blank\" rel=\"noopener\"><img loading=\"lazy\" decoding=\"async\" class=\"aligncenter wp-image-5107 size-medium\" src=\"https:\/\/www.oaxaca.gob.mx\/fifeo\/wp-content\/uploads\/sites\/33\/2022\/04\/Botones-de-programas-28-300x38.png\" alt=\"\" width=\"300\" height=\"38\" srcset=\"https:\/\/www.oaxaca.gob.mx\/fifeo\/wp-content\/uploads\/sites\/33\/2022\/04\/Botones-de-programas-28-300x38.png 300w, https:\/\/www.oaxaca.gob.mx\/fifeo\/wp-content\/uploads\/sites\/33\/2022\/04\/Botones-de-programas-28-1024x131.png 1024w, https:\/\/www.oaxaca.gob.mx\/fifeo\/wp-content\/uploads\/sites\/33\/2022\/04\/Botones-de-programas-28-768x98.png 768w, https:\/\/www.oaxaca.gob.mx\/fifeo\/wp-content\/uploads\/sites\/33\/2022\/04\/Botones-de-programas-28-1536x196.png 1536w, https:\/\/www.oaxaca.gob.mx\/fifeo\/wp-content\/uploads\/sites\/33\/2022\/04\/Botones-de-programas-28.png 1889w\" sizes=\"auto, (max-width: 300px) 100vw, 300px\" \/><\/a><\/div>\n<div><\/div>\n<div><\/div>\n<div><\/div>\n<\/div>\n<\/div>\n","protected":false},"excerpt":{"rendered":"<p>APRENDE A ENDEUDARTE: Identificar\u00e1s si tu empresa tiene la necesidad de acceder a alg\u00fan financiamiento o solo requiere cambios en su eficiencia operativa. CONTABILIDAD B\u00c1SICA PARA MICRO Y PEQUE\u00d1AS EMPRESAS: Identificar\u00e1s los elementos b\u00e1sicos de contabilidad que se manejan en las micro y peque\u00f1as empresas. COMO PROMOCIONAR EFICIENTEMENTE MI PRODUCTO O SERVICIO: Conocer\u00e1s la importancia [&hellip;]<\/p>\n","protected":false},"author":40,"featured_media":0,"parent":0,"menu_order":0,"comment_status":"closed","ping_status":"closed","template":"","meta":{"episode_type":"","audio_file":"","podmotor_file_id":"","podmotor_episode_id":"","cover_image":"","cover_image_id":"","duration":"","filesize":"","filesize_raw":"","date_recorded":"","explicit":"","block":"","itunes_episode_number":"","itunes_title":"","itunes_season_number":"","itunes_episode_type":"","footnotes":""},"categories":[],"tags":[],"class_list":["post-5105","page","type-page","status-publish","hentry"],"acf":[],"publishpress_future_action":{"enabled":false,"date":"2026-05-10 04:21:42","action":"change-status","newStatus":"draft","terms":[],"taxonomy":"category","extraData":[]},"publishpress_future_workflow_manual_trigger":{"enabledWorkflows":[]},"_links":{"self":[{"href":"https:\/\/www.oaxaca.gob.mx\/fifeo\/wp-json\/wp\/v2\/pages\/5105","targetHints":{"allow":["GET"]}}],"collection":[{"href":"https:\/\/www.oaxaca.gob.mx\/fifeo\/wp-json\/wp\/v2\/pages"}],"about":[{"href":"https:\/\/www.oaxaca.gob.mx\/fifeo\/wp-json\/wp\/v2\/types\/page"}],"author":[{"embeddable":true,"href":"https:\/\/www.oaxaca.gob.mx\/fifeo\/wp-json\/wp\/v2\/users\/40"}],"replies":[{"embeddable":true,"href":"https:\/\/www.oaxaca.gob.mx\/fifeo\/wp-json\/wp\/v2\/comments?post=5105"}],"version-history":[{"count":21,"href":"https:\/\/www.oaxaca.gob.mx\/fifeo\/wp-json\/wp\/v2\/pages\/5105\/revisions"}],"predecessor-version":[{"id":5241,"href":"https:\/\/www.oaxaca.gob.mx\/fifeo\/wp-json\/wp\/v2\/pages\/5105\/revisions\/5241"}],"wp:attachment":[{"href":"https:\/\/www.oaxaca.gob.mx\/fifeo\/wp-json\/wp\/v2\/media?parent=5105"}],"wp:term":[{"taxonomy":"category","embeddable":true,"href":"https:\/\/www.oaxaca.gob.mx\/fifeo\/wp-json\/wp\/v2\/categories?post=5105"},{"taxonomy":"post_tag","embeddable":true,"href":"https:\/\/www.oaxaca.gob.mx\/fifeo\/wp-json\/wp\/v2\/tags?post=5105"}],"curies":[{"name":"wp","href":"https:\/\/api.w.org\/{rel}","templated":true}]}}