{"id":4175,"date":"2020-10-07T11:15:27","date_gmt":"2020-10-07T16:15:27","guid":{"rendered":"https:\/\/www.oaxaca.gob.mx\/fifeo\/?page_id=4175"},"modified":"2020-10-07T14:24:29","modified_gmt":"2020-10-07T19:24:29","slug":"4175-2","status":"publish","type":"page","link":"https:\/\/www.oaxaca.gob.mx\/fifeo\/4175-2\/","title":{"rendered":"Marco Normativo de la Unidad de Transparencia"},"content":{"rendered":"<p><span style=\"color: #000000\">Art\u00edculo 24. <\/span>Para el cumplimiento de los objetivos de esta Ley, los sujetos obligados deber\u00e1n cumplir con las siguientes obligaciones, seg\u00fan corresponda, de acuerdo a su naturaleza:<\/p>\n\n<table id=\"tablepress-47\" class=\"tablepress tablepress-id-47\">\n<thead>\n<tr class=\"row-1\">\n\t<th class=\"column-1\">II<\/th><th class=\"column-2\">Designar en las Unidades de Transparencia a los titulares que dependan directamente del titular del sujeto obligado y que preferentemente cuenten con experiencia en la materia;<\/th>\n<\/tr>\n<\/thead>\n<tbody class=\"row-striping row-hover\">\n<\/tbody>\n<\/table>\n<!-- #tablepress-47 from cache -->\n<p>Art\u00edculo 45. Los sujetos obligados designar\u00e1n al responsable de la Unidad de Transparencia que tendr\u00e1 las siguientes funciones:<\/p>\n\n<table id=\"tablepress-48\" class=\"tablepress tablepress-id-48\">\n<tbody class=\"row-striping row-hover\">\n<tr class=\"row-1\">\n\t<td class=\"column-1\">I<\/td><td class=\"column-2\">Recabar y difundir la informaci\u00f3n a que se refieren los Cap\u00edtulos II, III, IV y V del T\u00edtulo Quinto de esta Ley, as\u00ed como la correspondiente de la Ley Federal y de las Entidades Federativas y propiciar que las \u00c1reas la actualicen peri\u00f3dicamente, conforme la normatividad aplicable;<\/td>\n<\/tr>\n<tr class=\"row-2\">\n\t<td class=\"column-1\">II<\/td><td class=\"column-2\">Recibir y dar tr\u00e1mite a las solicitudes de acceso a la informaci\u00f3n;<\/td>\n<\/tr>\n<tr class=\"row-3\">\n\t<td class=\"column-1\">III<\/td><td class=\"column-2\">Auxiliar a los particulares en la elaboraci\u00f3n de solicitudes de acceso a la informaci\u00f3n y, en su caso, orientarlos sobre los sujetos obligados competentes conforme a la normatividad aplicable;<\/td>\n<\/tr>\n<tr class=\"row-4\">\n\t<td class=\"column-1\">IV<\/td><td class=\"column-2\">Realizar los tr\u00e1mites internos necesarios para la atenci\u00f3n de las solicitudes de acceso a la informaci\u00f3n;<\/td>\n<\/tr>\n<tr class=\"row-5\">\n\t<td class=\"column-1\">V<\/td><td class=\"column-2\">Efectuar las notificaciones a los solicitantes;<\/td>\n<\/tr>\n<tr class=\"row-6\">\n\t<td class=\"column-1\">VI<\/td><td class=\"column-2\">Proponer al Comit\u00e9 de Transparencia los procedimientos internos que aseguren la mayor eficiencia en la gesti\u00f3n de las solicitudes de acceso a la informaci\u00f3n, conforme a la normatividad aplicable;<\/td>\n<\/tr>\n<tr class=\"row-7\">\n\t<td class=\"column-1\">VII<\/td><td class=\"column-2\">\tProponer personal habilitado que sea necesario para recibir y dar tr\u00e1mite a las solicitudes de acceso a la informaci\u00f3n;<\/td>\n<\/tr>\n<tr class=\"row-8\">\n\t<td class=\"column-1\">VIII<\/td><td class=\"column-2\">\tLlevar un registro de las solicitudes de acceso a la informaci\u00f3n, respuestas, resultados, costos de reproducci\u00f3n y env\u00edo;<\/td>\n<\/tr>\n<tr class=\"row-9\">\n\t<td class=\"column-1\">IX<\/td><td class=\"column-2\">Promover e implementar pol\u00edticas de transparencia proactiva procurando su accesibilidad;<\/td>\n<\/tr>\n<tr class=\"row-10\">\n\t<td class=\"column-1\">X<\/td><td class=\"column-2\">Fomentar la transparencia y accesibilidad al interior del sujeto obligado;<\/td>\n<\/tr>\n<tr class=\"row-11\">\n\t<td class=\"column-1\">XI<\/td><td class=\"column-2\">Hacer del conocimiento de la instancia competente la probable responsabilidad por el incumplimiento de las obligaciones previstas en la presente Ley y en las dem\u00e1s disposiciones aplicables.<\/td>\n<\/tr>\n<\/tbody>\n<\/table>\n<!-- #tablepress-48 from cache -->\n","protected":false},"excerpt":{"rendered":"<p>Art\u00edculo 24. Para el cumplimiento de los objetivos de esta Ley, los sujetos obligados deber\u00e1n cumplir con las siguientes obligaciones, seg\u00fan corresponda, de acuerdo a su naturaleza: Art\u00edculo 45. Los sujetos obligados designar\u00e1n al responsable de la Unidad de Transparencia que tendr\u00e1 las siguientes funciones:<\/p>\n","protected":false},"author":40,"featured_media":0,"parent":0,"menu_order":0,"comment_status":"closed","ping_status":"closed","template":"","meta":{"episode_type":"","audio_file":"","podmotor_file_id":"","podmotor_episode_id":"","cover_image":"","cover_image_id":"","duration":"","filesize":"","filesize_raw":"","date_recorded":"","explicit":"","block":"","itunes_episode_number":"","itunes_title":"","itunes_season_number":"","itunes_episode_type":"","footnotes":""},"categories":[],"tags":[],"class_list":["post-4175","page","type-page","status-publish","hentry"],"acf":[],"publishpress_future_action":{"enabled":false,"date":"2026-04-24 11:11:47","action":"change-status","newStatus":"draft","terms":[],"taxonomy":"category","extraData":[]},"publishpress_future_workflow_manual_trigger":{"enabledWorkflows":[]},"_links":{"self":[{"href":"https:\/\/www.oaxaca.gob.mx\/fifeo\/wp-json\/wp\/v2\/pages\/4175","targetHints":{"allow":["GET"]}}],"collection":[{"href":"https:\/\/www.oaxaca.gob.mx\/fifeo\/wp-json\/wp\/v2\/pages"}],"about":[{"href":"https:\/\/www.oaxaca.gob.mx\/fifeo\/wp-json\/wp\/v2\/types\/page"}],"author":[{"embeddable":true,"href":"https:\/\/www.oaxaca.gob.mx\/fifeo\/wp-json\/wp\/v2\/users\/40"}],"replies":[{"embeddable":true,"href":"https:\/\/www.oaxaca.gob.mx\/fifeo\/wp-json\/wp\/v2\/comments?post=4175"}],"version-history":[{"count":10,"href":"https:\/\/www.oaxaca.gob.mx\/fifeo\/wp-json\/wp\/v2\/pages\/4175\/revisions"}],"predecessor-version":[{"id":4190,"href":"https:\/\/www.oaxaca.gob.mx\/fifeo\/wp-json\/wp\/v2\/pages\/4175\/revisions\/4190"}],"wp:attachment":[{"href":"https:\/\/www.oaxaca.gob.mx\/fifeo\/wp-json\/wp\/v2\/media?parent=4175"}],"wp:term":[{"taxonomy":"category","embeddable":true,"href":"https:\/\/www.oaxaca.gob.mx\/fifeo\/wp-json\/wp\/v2\/categories?post=4175"},{"taxonomy":"post_tag","embeddable":true,"href":"https:\/\/www.oaxaca.gob.mx\/fifeo\/wp-json\/wp\/v2\/tags?post=4175"}],"curies":[{"name":"wp","href":"https:\/\/api.w.org\/{rel}","templated":true}]}}