{"id":4135,"date":"2020-10-02T17:32:14","date_gmt":"2020-10-02T22:32:14","guid":{"rendered":"https:\/\/www.oaxaca.gob.mx\/fifeo\/?page_id=4135"},"modified":"2020-10-07T14:49:44","modified_gmt":"2020-10-07T19:49:44","slug":"funciones-y-objetivos","status":"publish","type":"page","link":"https:\/\/www.oaxaca.gob.mx\/fifeo\/funciones-y-objetivos\/","title":{"rendered":"Funciones y Objetivos"},"content":{"rendered":"<p>La Unidad de Transparencia de conformidad en lo estipulado en el Art\u00edculo 66 de la Ley de Transparencia y Acceso a la Informaci\u00f3n P\u00fablica para el Estado de Oaxaca tendr\u00e1 las siguientes funciones:<\/p>\n\n<table id=\"tablepress-46\" class=\"tablepress tablepress-id-46\">\n<tbody class=\"row-striping row-hover\">\n<tr class=\"row-1\">\n\t<td class=\"column-1\">I<\/td><td class=\"column-2\">Recabar, publicar y actualizar los cat\u00e1logos de obligaciones de transparencia<br \/>\ncomunes y espec\u00edficas;<\/td>\n<\/tr>\n<tr class=\"row-2\">\n\t<td class=\"column-1\">II<\/td><td class=\"column-2\">Administrar, sistematizar, archivar y resguardar la informaci\u00f3n p\u00fablica, as\u00ed como los datos personales de los cuales dispongan;<\/td>\n<\/tr>\n<tr class=\"row-3\">\n\t<td class=\"column-1\">III<\/td><td class=\"column-2\">Auxiliar a las personas en la elaboraci\u00f3n de solicitudes de informaci\u00f3n o para la protecci\u00f3n de datos personales y, en su caso, orientarlos sobre los sujetos obligados a quien deban de dirigirlas;<\/td>\n<\/tr>\n<tr class=\"row-4\">\n\t<td class=\"column-1\">IV<\/td><td class=\"column-2\">Fomentar la cultura de la transparencia, el acceso a la informaci\u00f3n y la protecci\u00f3n de los datos personales, as\u00ed como promover pol\u00edticas de transparencia proactiva, procurando su accesibilidad;<\/td>\n<\/tr>\n<tr class=\"row-5\">\n\t<td class=\"column-1\">V<\/td><td class=\"column-2\">Establecer los procedimientos internos que contribuyan a la mayor eficiencia en la atenci\u00f3n de las solicitudes de acceso a la informaci\u00f3n;<\/td>\n<\/tr>\n<tr class=\"row-6\">\n\t<td class=\"column-1\">VI<\/td><td class=\"column-2\">Recibir, dar tr\u00e1mite y seguimiento hasta su conclusi\u00f3n, a las solicitudes de acceso a la informaci\u00f3n o para la protecci\u00f3n de datos personales, cumpliendo con las formalidades y plazos se\u00f1alados en esta ley y dem\u00e1s disposiciones aplicables;<\/td>\n<\/tr>\n<tr class=\"row-7\">\n\t<td class=\"column-1\">VII<\/td><td class=\"column-2\">Recibir y remitir al Instituto los Recursos de Revisi\u00f3n interpuestos por los particulares, a m\u00e1s tardar al d\u00eda siguiente al que se reciban.<\/td>\n<\/tr>\n<tr class=\"row-8\">\n\t<td class=\"column-1\">VIII<\/td><td class=\"column-2\">Operar, dentro del sujeto obligado correspondiente, los sistemas que integran la Plataforma Nacional de Transparencia;<\/td>\n<\/tr>\n<tr class=\"row-9\">\n\t<td class=\"column-1\">IX<\/td><td class=\"column-2\"> Registrar dentro del sistema de solicitudes de acceso a la informaci\u00f3n, las solicitudes de acceso a la informaci\u00f3n o de protecci\u00f3n de datos personales que no sean presentadas a trav\u00e9s del citado sistema;<\/td>\n<\/tr>\n<tr class=\"row-10\">\n\t<td class=\"column-1\">X<\/td><td class=\"column-2\">Efectuar las notificaciones que sean necesarias para el cumplimiento de sus<br \/>\nobligaciones y recibir las notificaciones del instituto;<\/td>\n<\/tr>\n<tr class=\"row-11\">\n\t<td class=\"column-1\">XI<\/td><td class=\"column-2\">Realizar los tr\u00e1mites internos de cada sujeto obligado, necesarios para entregar la informaci\u00f3n solicitada, o requerida por el Instituto, y proteger los datos personales;<\/td>\n<\/tr>\n<tr class=\"row-12\">\n\t<td class=\"column-1\">XII<\/td><td class=\"column-2\"> Llevar un registro actualizado de las solicitudes de acceso a la informaci\u00f3n y de protecci\u00f3n de datos personales y sus resultados;<\/td>\n<\/tr>\n<tr class=\"row-13\">\n\t<td class=\"column-1\">XIII<\/td><td class=\"column-2\">Establecer los procedimientos para asegurarse que, en el caso de datos personales, \u00e9stos se entreguen s\u00f3lo a su titular o su representante o a quienes se encuentren legitimados en t\u00e9rminos de esta Ley y de los lineamientos que para tal efecto emita el Instituto;<\/td>\n<\/tr>\n<tr class=\"row-14\">\n\t<td class=\"column-1\">XIV<\/td><td class=\"column-2\">Certificar los instrumentos que en materia de transparencia, sean necesarios para el cumplimiento de su objeto;<\/td>\n<\/tr>\n<tr class=\"row-15\">\n\t<td class=\"column-1\">XV<\/td><td class=\"column-2\">Dar cuenta, en su caso, al Comit\u00e9 de Transparencia del Sujeto Obligado en el \u00e1mbito de su competencia, y<\/td>\n<\/tr>\n<tr class=\"row-16\">\n\t<td class=\"column-1\">XVI<\/td><td class=\"column-2\">Hacer del conocimiento del Instituto y de los \u00f3rganos de control interno, la probable responsabilidad por el incumplimiento de las obligaciones previstas en la Ley General, Ley Federal y la presente ley.<\/td>\n<\/tr>\n<tr class=\"row-17\">\n\t<td class=\"column-1\">XVII<\/td><td class=\"column-2\">Verificar que los Sujetos Obligados, divulguen de manera proactiva, informaci\u00f3n socialmente \u00fatil o focalizada en los portales electr\u00f3nicos.<\/td>\n<\/tr>\n<\/tbody>\n<\/table>\n<!-- #tablepress-46 from cache -->\n<p>&nbsp;<\/p>\n","protected":false},"excerpt":{"rendered":"<p>La Unidad de Transparencia de conformidad en lo estipulado en el Art\u00edculo 66 de la Ley de Transparencia y Acceso a la Informaci\u00f3n P\u00fablica para el Estado de Oaxaca tendr\u00e1 las siguientes funciones: &nbsp;<\/p>\n","protected":false},"author":40,"featured_media":0,"parent":0,"menu_order":0,"comment_status":"closed","ping_status":"closed","template":"","meta":{"episode_type":"","audio_file":"","podmotor_file_id":"","podmotor_episode_id":"","cover_image":"","cover_image_id":"","duration":"","filesize":"","filesize_raw":"","date_recorded":"","explicit":"","block":"","itunes_episode_number":"","itunes_title":"","itunes_season_number":"","itunes_episode_type":"","footnotes":""},"categories":[],"tags":[],"class_list":["post-4135","page","type-page","status-publish","hentry"],"acf":[],"publishpress_future_action":{"enabled":false,"date":"2026-04-24 11:20:19","action":"change-status","newStatus":"draft","terms":[],"taxonomy":"category","extraData":[]},"publishpress_future_workflow_manual_trigger":{"enabledWorkflows":[]},"_links":{"self":[{"href":"https:\/\/www.oaxaca.gob.mx\/fifeo\/wp-json\/wp\/v2\/pages\/4135","targetHints":{"allow":["GET"]}}],"collection":[{"href":"https:\/\/www.oaxaca.gob.mx\/fifeo\/wp-json\/wp\/v2\/pages"}],"about":[{"href":"https:\/\/www.oaxaca.gob.mx\/fifeo\/wp-json\/wp\/v2\/types\/page"}],"author":[{"embeddable":true,"href":"https:\/\/www.oaxaca.gob.mx\/fifeo\/wp-json\/wp\/v2\/users\/40"}],"replies":[{"embeddable":true,"href":"https:\/\/www.oaxaca.gob.mx\/fifeo\/wp-json\/wp\/v2\/comments?post=4135"}],"version-history":[{"count":28,"href":"https:\/\/www.oaxaca.gob.mx\/fifeo\/wp-json\/wp\/v2\/pages\/4135\/revisions"}],"predecessor-version":[{"id":4192,"href":"https:\/\/www.oaxaca.gob.mx\/fifeo\/wp-json\/wp\/v2\/pages\/4135\/revisions\/4192"}],"wp:attachment":[{"href":"https:\/\/www.oaxaca.gob.mx\/fifeo\/wp-json\/wp\/v2\/media?parent=4135"}],"wp:term":[{"taxonomy":"category","embeddable":true,"href":"https:\/\/www.oaxaca.gob.mx\/fifeo\/wp-json\/wp\/v2\/categories?post=4135"},{"taxonomy":"post_tag","embeddable":true,"href":"https:\/\/www.oaxaca.gob.mx\/fifeo\/wp-json\/wp\/v2\/tags?post=4135"}],"curies":[{"name":"wp","href":"https:\/\/api.w.org\/{rel}","templated":true}]}}