{"id":171,"date":"2016-10-25T12:17:12","date_gmt":"2016-10-25T18:17:12","guid":{"rendered":"https:\/\/www.oaxaca.gob.mx\/fifeo\/?page_id=171"},"modified":"2025-03-03T11:55:33","modified_gmt":"2025-03-03T17:55:33","slug":"mision-y-vision","status":"publish","type":"page","link":"https:\/\/www.oaxaca.gob.mx\/fifeo\/quienes-somos\/mision-y-vision\/","title":{"rendered":"Misi\u00f3n, Visi\u00f3n y Objetivos"},"content":{"rendered":"<h3><img loading=\"lazy\" decoding=\"async\" class=\"alignnone size-medium wp-image-5858\" src=\"https:\/\/www.oaxaca.gob.mx\/fifeo\/wp-content\/uploads\/sites\/33\/2023\/04\/Mision-2-300x52.png\" alt=\"\" width=\"300\" height=\"52\" srcset=\"https:\/\/www.oaxaca.gob.mx\/fifeo\/wp-content\/uploads\/sites\/33\/2023\/04\/Mision-2-300x52.png 300w, https:\/\/www.oaxaca.gob.mx\/fifeo\/wp-content\/uploads\/sites\/33\/2023\/04\/Mision-2-1024x176.png 1024w, https:\/\/www.oaxaca.gob.mx\/fifeo\/wp-content\/uploads\/sites\/33\/2023\/04\/Mision-2-768x132.png 768w, https:\/\/www.oaxaca.gob.mx\/fifeo\/wp-content\/uploads\/sites\/33\/2023\/04\/Mision-2.png 1409w\" sizes=\"auto, (max-width: 300px) 100vw, 300px\" \/><\/h3>\n<p style=\"text-align: justify\"><span style=\"font-size: 14pt;color: #b38e5d\">Brindar y ejecutar de manera eficaz y transparente esquemas de financiamiento competitivos, programas para el otorgamiento de cr\u00e9ditos, apoyos, garant\u00eda, contragarant\u00eda, asistencia t\u00e9cnica, capacitaci\u00f3n, emergentes, factoraje financiero y financieros cuyo objeto contribuya a generar mayor desarrollo econ\u00f3mico en las empresas y en la econom\u00eda familiar de las y los oaxaque\u00f1os. <\/span><\/p>\n<p>&nbsp;<\/p>\n<h3><img loading=\"lazy\" decoding=\"async\" class=\"alignnone size-medium wp-image-5859\" src=\"https:\/\/www.oaxaca.gob.mx\/fifeo\/wp-content\/uploads\/sites\/33\/2023\/04\/Vision-2-300x52.png\" alt=\"\" width=\"300\" height=\"52\" srcset=\"https:\/\/www.oaxaca.gob.mx\/fifeo\/wp-content\/uploads\/sites\/33\/2023\/04\/Vision-2-300x52.png 300w, https:\/\/www.oaxaca.gob.mx\/fifeo\/wp-content\/uploads\/sites\/33\/2023\/04\/Vision-2.png 400w\" sizes=\"auto, (max-width: 300px) 100vw, 300px\" \/><\/h3>\n<p style=\"text-align: justify\"><span style=\"font-size: 14pt;color: #b38e5d\">Ser una entidad paraestatal de altos est\u00e1ndares de calidad que ofrece productos y servicios financieros de calidad, acorde a las necesidades de los sectores econ\u00f3micos con el objeto de impulsar el desarrollo econ\u00f3mico y el fortalecimiento empresarial de las y los empresarios oaxaque\u00f1os.<\/span><\/p>\n<p>&nbsp;<\/p>\n<h3><img loading=\"lazy\" decoding=\"async\" class=\"alignnone wp-image-5863 size-medium\" src=\"https:\/\/www.oaxaca.gob.mx\/fifeo\/wp-content\/uploads\/sites\/33\/2023\/04\/Objetivo-General-2-1-300x52.png\" alt=\"\" width=\"300\" height=\"52\" srcset=\"https:\/\/www.oaxaca.gob.mx\/fifeo\/wp-content\/uploads\/sites\/33\/2023\/04\/Objetivo-General-2-1-300x52.png 300w, https:\/\/www.oaxaca.gob.mx\/fifeo\/wp-content\/uploads\/sites\/33\/2023\/04\/Objetivo-General-2-1-1024x176.png 1024w, https:\/\/www.oaxaca.gob.mx\/fifeo\/wp-content\/uploads\/sites\/33\/2023\/04\/Objetivo-General-2-1-768x132.png 768w, https:\/\/www.oaxaca.gob.mx\/fifeo\/wp-content\/uploads\/sites\/33\/2023\/04\/Objetivo-General-2-1.png 1409w\" sizes=\"auto, (max-width: 300px) 100vw, 300px\" \/><\/h3>\n<p style=\"text-align: justify\"><span style=\"font-size: 14pt;color: #b38e5d\">Auxiliar al ejecutivo en programas prioritarios de inclusi\u00f3n financiera y acceso al financiamiento que propicien la conservaci\u00f3n y\/o generaci\u00f3n de empleos y\/o formas de autoempleos, as\u00ed como generar esquemas de acceso competitivo para la poblaci\u00f3n en general, mediante la aplicaci\u00f3n de recursos para el desarrollo y la operaci\u00f3n de programas.<\/span><\/p>\n<p>&nbsp;<\/p>\n<h3><img loading=\"lazy\" decoding=\"async\" class=\"alignnone wp-image-5864 size-medium\" src=\"https:\/\/www.oaxaca.gob.mx\/fifeo\/wp-content\/uploads\/sites\/33\/2023\/04\/Objetivo-Estrategico-2-1-300x52.png\" alt=\"\" width=\"300\" height=\"52\" srcset=\"https:\/\/www.oaxaca.gob.mx\/fifeo\/wp-content\/uploads\/sites\/33\/2023\/04\/Objetivo-Estrategico-2-1-300x52.png 300w, https:\/\/www.oaxaca.gob.mx\/fifeo\/wp-content\/uploads\/sites\/33\/2023\/04\/Objetivo-Estrategico-2-1-1024x176.png 1024w, https:\/\/www.oaxaca.gob.mx\/fifeo\/wp-content\/uploads\/sites\/33\/2023\/04\/Objetivo-Estrategico-2-1-768x132.png 768w, https:\/\/www.oaxaca.gob.mx\/fifeo\/wp-content\/uploads\/sites\/33\/2023\/04\/Objetivo-Estrategico-2-1.png 1409w\" sizes=\"auto, (max-width: 300px) 100vw, 300px\" \/><\/h3>\n<p style=\"text-align: justify\"><span style=\"font-size: 14pt;color: #b38e5d\">Operar garant\u00eda y contragarant\u00eda, los cuales ser\u00e1n el eje de la estrategia de financiamiento del Fideicomiso, as\u00ed como el dise\u00f1o y operaci\u00f3n de programas financieros que tengan por objeto contribuir a generar un mayor desarrollo econ\u00f3mico en la empresa y la econom\u00eda familiar.<\/span><\/p>\n","protected":false},"excerpt":{"rendered":"<p>Brindar y ejecutar de manera eficaz y transparente esquemas de financiamiento competitivos, programas para el otorgamiento de cr\u00e9ditos, apoyos, garant\u00eda, contragarant\u00eda, asistencia t\u00e9cnica, capacitaci\u00f3n, emergentes, factoraje financiero y financieros cuyo objeto contribuya a generar mayor desarrollo econ\u00f3mico en las empresas y en la econom\u00eda familiar de las y los oaxaque\u00f1os. &nbsp; Ser una entidad paraestatal [&hellip;]<\/p>\n","protected":false},"author":1,"featured_media":0,"parent":203,"menu_order":0,"comment_status":"closed","ping_status":"closed","template":"","meta":{"episode_type":"","audio_file":"","podmotor_file_id":"","podmotor_episode_id":"","cover_image":"","cover_image_id":"","duration":"","filesize":"","filesize_raw":"","date_recorded":"","explicit":"","block":"","itunes_episode_number":"","itunes_title":"","itunes_season_number":"","itunes_episode_type":"","footnotes":""},"categories":[],"tags":[],"class_list":["post-171","page","type-page","status-publish","hentry"],"acf":[],"publishpress_future_action":{"enabled":false,"date":"2026-05-15 23:26:34","action":"change-status","newStatus":"draft","terms":[],"taxonomy":"category","extraData":[]},"publishpress_future_workflow_manual_trigger":{"enabledWorkflows":[]},"_links":{"self":[{"href":"https:\/\/www.oaxaca.gob.mx\/fifeo\/wp-json\/wp\/v2\/pages\/171","targetHints":{"allow":["GET"]}}],"collection":[{"href":"https:\/\/www.oaxaca.gob.mx\/fifeo\/wp-json\/wp\/v2\/pages"}],"about":[{"href":"https:\/\/www.oaxaca.gob.mx\/fifeo\/wp-json\/wp\/v2\/types\/page"}],"author":[{"embeddable":true,"href":"https:\/\/www.oaxaca.gob.mx\/fifeo\/wp-json\/wp\/v2\/users\/1"}],"replies":[{"embeddable":true,"href":"https:\/\/www.oaxaca.gob.mx\/fifeo\/wp-json\/wp\/v2\/comments?post=171"}],"version-history":[{"count":2,"href":"https:\/\/www.oaxaca.gob.mx\/fifeo\/wp-json\/wp\/v2\/pages\/171\/revisions"}],"predecessor-version":[{"id":7597,"href":"https:\/\/www.oaxaca.gob.mx\/fifeo\/wp-json\/wp\/v2\/pages\/171\/revisions\/7597"}],"up":[{"embeddable":true,"href":"https:\/\/www.oaxaca.gob.mx\/fifeo\/wp-json\/wp\/v2\/pages\/203"}],"wp:attachment":[{"href":"https:\/\/www.oaxaca.gob.mx\/fifeo\/wp-json\/wp\/v2\/media?parent=171"}],"wp:term":[{"taxonomy":"category","embeddable":true,"href":"https:\/\/www.oaxaca.gob.mx\/fifeo\/wp-json\/wp\/v2\/categories?post=171"},{"taxonomy":"post_tag","embeddable":true,"href":"https:\/\/www.oaxaca.gob.mx\/fifeo\/wp-json\/wp\/v2\/tags?post=171"}],"curies":[{"name":"wp","href":"https:\/\/api.w.org\/{rel}","templated":true}]}}