{"id":7649,"date":"2023-02-10T10:07:34","date_gmt":"2023-02-10T16:07:34","guid":{"rendered":"https:\/\/www.oaxaca.gob.mx\/fidelo\/?page_id=7649"},"modified":"2025-12-05T12:02:10","modified_gmt":"2025-12-05T18:02:10","slug":"marco-juridico","status":"publish","type":"page","link":"https:\/\/www.oaxaca.gob.mx\/fidelo\/marco-juridico\/","title":{"rendered":"Marco J\u00faridico"},"content":{"rendered":"<div class=\"su-tabs su-tabs-style-default su-tabs-mobile-stack\" data-active=\"1\" data-scroll-offset=\"0\" data-anchor-in-url=\"no\"><div class=\"su-tabs-nav\"><span class=\"\" data-url=\"\" data-target=\"blank\" tabindex=\"0\" role=\"button\">Federal<\/span><span class=\"\" data-url=\"\" data-target=\"blank\" tabindex=\"0\" role=\"button\">Estatal<\/span><span class=\"\" data-url=\"\" data-target=\"blank\" tabindex=\"0\" role=\"button\">Fidelo<\/span><\/div><div class=\"su-tabs-panes\"><div class=\"su-tabs-pane su-u-clearfix su-u-trim\" data-title=\"Federal\">\n\n<table id=\"tablepress-49\" class=\"tablepress tablepress-id-49\">\n<thead>\n<tr class=\"row-1\">\n\t<th class=\"column-1\">TITULO DE LA LEY <\/th><th class=\"column-2\">PUBLICACION<\/th><th class=\"column-3\">ULTIMA REFORMA<\/th><th class=\"column-4\">DESCARGA<\/th>\n<\/tr>\n<\/thead>\n<tbody class=\"row-striping row-hover\">\n<tr class=\"row-2\">\n\t<td class=\"column-1\"><p style=\"text-align: justify;width: 600px\">Ley de Obras P\u00fablicas y Servicios Relacionados con las Mismas<\/p><\/td><td class=\"column-2\"><p align=\"justify\">04\/01\/2000<\/p><\/td><td class=\"column-3\"><p align=\"justify\">16\/04\/2025<\/p><\/td><td class=\"column-4\"><a href=\"https:\/\/www.oaxaca.gob.mx\/fidelo\/wp-content\/uploads\/sites\/24\/2025\/12\/Ley-de-Obras-Publicas-y-Servicios-Relacionados-con-las-Mismas.pdf\" target=\"_blank\"><img decoding=\"async\" src=\"https:\/\/www.oaxaca.gob.mx\/fidelo\/wp-content\/uploads\/sites\/24\/2025\/12\/Descargar.png\" alt=\"Haz clic para descargar\" width=\"30\"><\/a><\/td>\n<\/tr>\n<tr class=\"row-3\">\n\t<td class=\"column-1\"><p style=\"text-align: justify;width: 600px\"><br \/>\n<br \/>\nC\u00f3digo Civil Federal<\/p><\/td><td class=\"column-2\"><p align=\"justify\">24\/05\/1928<br \/>\n14\/07\/1928<br \/>\n03\/08\/1928<br \/>\n31\/08\/1928<\/p><\/td><td class=\"column-3\"><p align=\"justify\"><br \/>\n<br \/>\n14\/11\/2025<\/p><\/td><td class=\"column-4\"><br \/>\n<br \/>\n<a href=\"https:\/\/www.oaxaca.gob.mx\/fidelo\/wp-content\/uploads\/sites\/24\/2025\/12\/CODIGO-CIVIL-FEDERAL.pdf\" target=\"_blank\"><img decoding=\"async\" src=\"https:\/\/www.oaxaca.gob.mx\/fidelo\/wp-content\/uploads\/sites\/24\/2025\/12\/Descargar.png\" alt=\"Haz clic para descargar\" width=\"30\"><\/a><\/td>\n<\/tr>\n<tr class=\"row-4\">\n\t<td class=\"column-1\"><p style=\"text-align: justify;width: 600px\">Ley General de Protecci\u00f3n de Datos Personales en Posesi\u00f3n de Sujetos Obligados                                                                                                                                                                             <\/p><\/td><td class=\"column-2\"><p align=\"justify\">15\/04\/2016<\/p><\/td><td class=\"column-3\"><p align=\"justify\">05\/04\/2021<\/p><\/td><td class=\"column-4\"><a href=\"https:\/\/www.oaxaca.gob.mx\/fidelo\/wp-content\/uploads\/sites\/24\/2025\/12\/LGPDPPSO.pdf\" target=\"_blank\"><img decoding=\"async\" src=\"https:\/\/www.oaxaca.gob.mx\/fidelo\/wp-content\/uploads\/sites\/24\/2025\/12\/Descargar.png\" alt=\"Haz clic para descargar\" width=\"30\"><\/a><\/td>\n<\/tr>\n<tr class=\"row-5\">\n\t<td class=\"column-1\"><p style=\"text-align: justify;width: 600px\">Ley General de Archivos<\/p><\/td><td class=\"column-2\"><p align=\"justify\">15\/06\/2018<\/p><\/td><td class=\"column-3\"><p align=\"justify\">19\/01\/2023<\/p><\/td><td class=\"column-4\"><a href=\"https:\/\/www.oaxaca.gob.mx\/fidelo\/wp-content\/uploads\/sites\/24\/2025\/12\/LGA.pdf\" target=\"_blank\"><img decoding=\"async\" src=\"https:\/\/www.oaxaca.gob.mx\/fidelo\/wp-content\/uploads\/sites\/24\/2025\/12\/Descargar.png\" alt=\"Haz clic para descargar\" width=\"30\"><\/a><\/td>\n<\/tr>\n<tr class=\"row-6\">\n\t<td class=\"column-1\"><p style=\"text-align: justify;width: 600px\">Ley General de Transparencia y Acceso a la Informaci\u00f3n P\u00fablica<\/p><\/td><td class=\"column-2\"><p align=\"justify\">20\/03\/2025<\/p><\/td><td class=\"column-3\"><p align=\"justify\">20\/03\/2025<\/p><\/td><td class=\"column-4\"><a href=\"https:\/\/www.oaxaca.gob.mx\/fidelo\/wp-content\/uploads\/sites\/24\/2025\/12\/LGTAIP.pdf\" target=\"_blank\"><img decoding=\"async\" src=\"https:\/\/www.oaxaca.gob.mx\/fidelo\/wp-content\/uploads\/sites\/24\/2025\/12\/Descargar.png\" alt=\"Haz clic para descargar\" width=\"30\"><\/a><\/td>\n<\/tr>\n<tr class=\"row-7\">\n\t<td class=\"column-1\"><p style=\"text-align: justify;width: 600px\">Ley General de Titulos y Operaciones de Cr\u00e9dito<\/p><\/td><td class=\"column-2\"><p align=\"justify\">27\/08\/1932<\/p><\/td><td class=\"column-3\"><p align=\"justify\">26\/03\/2024<\/p><\/td><td class=\"column-4\"><a href=\"https:\/\/www.oaxaca.gob.mx\/fidelo\/wp-content\/uploads\/sites\/24\/2025\/12\/LGTOC.pdf\" target=\"_blank\"><img decoding=\"async\" src=\"https:\/\/www.oaxaca.gob.mx\/fidelo\/wp-content\/uploads\/sites\/24\/2025\/12\/Descargar.png\" alt=\"Haz clic para descargar\" width=\"30\"><\/a><\/td>\n<\/tr>\n<\/tbody>\n<\/table>\n\n<\/div>\n<div class=\"su-tabs-pane su-u-clearfix su-u-trim\" data-title=\"Estatal\">\n\n<table id=\"tablepress-51\" class=\"tablepress tablepress-id-51\">\n<thead>\n<tr class=\"row-1\">\n\t<th class=\"column-1\">TITULO DE LA LEY <\/th><th class=\"column-2\">PUBLICACION<\/th><th class=\"column-3\">ULTIMA REFORMA<\/th><th class=\"column-4\">DESCARGA<\/th>\n<\/tr>\n<\/thead>\n<tbody class=\"row-striping row-hover\">\n<tr class=\"row-2\">\n\t<td class=\"column-1\"><p style=\"text-align: justify;width: 600px\">Constituci\u00f3n Pol\u00edtica del Estado Libre y Soberano de Oaxaca<\/p><br \/>\n<\/td><td class=\"column-2\"><p align=\"justify\">04\/04\/1922<\/p><\/td><td class=\"column-3\"><p align=\"justify\">09\/10\/2025<\/p><\/td><td class=\"column-4\"><a href=\"https:\/\/www.oaxaca.gob.mx\/fidelo\/wp-content\/uploads\/sites\/24\/2025\/12\/Constitucion_Politica_del_Estado_Libre_y_Soberano_de_Oaxaca_Ref_dto_753_aprob_LXVI_Legis_9_septiembre_2025_PO_Extra_10_septiembre_2025.pdf\" target=\"_blank\"><img decoding=\"async\" src=\"https:\/\/www.oaxaca.gob.mx\/fidelo\/wp-content\/uploads\/sites\/24\/2025\/12\/Descargar.png\" alt=\"Haz clic para descargar\" width=\"30\"><\/a><\/td>\n<\/tr>\n<tr class=\"row-3\">\n\t<td class=\"column-1\"><p style=\"text-align: justify;width: 600px\">Constituci\u00f3n Pol\u00edtica del Estado Libre y Soberano de Oaxaca<\/p><\/td><td class=\"column-2\"><p align=\"justify\">12\/11\/2016<\/p><\/td><td class=\"column-3\"><p align=\"justify\">16\/03\/2024<\/p><\/td><td class=\"column-4\"><a href=\"https:\/\/www.oaxaca.gob.mx\/fidelo\/wp-content\/uploads\/sites\/24\/2025\/12\/Ley_de_Adq_enaj_arrend_prest_serv_admon_bienes_muebles_e_inmuebles_Ref_dto_1865_LXV_Legis_28_febrero_2024_PO_11_10a_secc_16_marzo_2024.pdf\" target=\"_blank\"><img decoding=\"async\" src=\"https:\/\/www.oaxaca.gob.mx\/fidelo\/wp-content\/uploads\/sites\/24\/2025\/12\/Descargar.png\" alt=\"Haz clic para descargar\" width=\"30\"><\/a><\/td>\n<\/tr>\n<tr class=\"row-4\">\n\t<td class=\"column-1\"><p style=\"text-align: justify;width: 600px\">Ley de Entidades Paraestatales del Estado de Oaxaca<\/p><\/td><td class=\"column-2\"><p align=\"justify\">28\/02\/2016<\/p><\/td><td class=\"column-3\"><p align=\"justify\">17\/08\/2023<\/p><\/td><td class=\"column-4\"><a href=\"https:\/\/www.oaxaca.gob.mx\/fidelo\/wp-content\/uploads\/sites\/24\/2025\/12\/Ley_de_Entidades_Paraestatales_del_Estado_de_Oaxaca_Ref_Dto_1513_aprob_LXV_Legis_16_agosto_2023_PO_Extra_17_agosto_2023.pdf\" target=\"_blank\"><img decoding=\"async\" src=\"https:\/\/www.oaxaca.gob.mx\/fidelo\/wp-content\/uploads\/sites\/24\/2025\/12\/Descargar.png\" alt=\"Haz clic para descargar\" width=\"30\"><\/a><\/td>\n<\/tr>\n<tr class=\"row-5\">\n\t<td class=\"column-1\"><p style=\"text-align: justify;width: 600px\">C\u00f3digo Civil para el Estado de Oaxaca<\/p><\/td><td class=\"column-2\"><p align=\"justify\">25\/11\/1944<\/p><\/td><td class=\"column-3\"><p align=\"justify\">22\/10\/2022<\/p><\/td><td class=\"column-4\"><a href=\"https:\/\/www.oaxaca.gob.mx\/fidelo\/wp-content\/uploads\/sites\/24\/2025\/12\/Codigo_Civil_del_Estado_de_Oaxaca_Ref_dto_696_aprob_LXV_Legis_28_sep_2022_PO_43_3a_secc_22_oct_2022.pdf\" target=\"_blank\"><img decoding=\"async\" src=\"https:\/\/www.oaxaca.gob.mx\/fidelo\/wp-content\/uploads\/sites\/24\/2025\/12\/Descargar.png\" alt=\"Haz clic para descargar\" width=\"30\"><\/a><\/td>\n<\/tr>\n<tr class=\"row-6\">\n\t<td class=\"column-1\"><p style=\"text-align: justify;width: 600px\">Ley de Transparencia y Acceso a la Informaci\u00f3n P\u00fablica y Buen Gobierno del Estado de Oaxaca<\/p><\/td><td class=\"column-2\"><p align=\"justify\">09\/10\/2021<\/p><\/td><td class=\"column-3\"><p align=\"justify\">28\/08\/2024<\/p><\/td><td class=\"column-4\"><a href=\"https:\/\/www.oaxaca.gob.mx\/fidelo\/wp-content\/uploads\/sites\/24\/2025\/12\/Ley_de_Transparencia_Acceso_a_la_informacion_publica_y_Buen_Gobierno_del_Est_de_Oax_Ref_dto_2339_aprob_LXV_Legis_17_julio_2024_PO_Extra_28_ago_2024.pdf\" target=\"_blank\"><img decoding=\"async\" src=\"https:\/\/www.oaxaca.gob.mx\/fidelo\/wp-content\/uploads\/sites\/24\/2025\/12\/Descargar.png\" alt=\"Haz clic para descargar\" width=\"30\"><\/a><\/td>\n<\/tr>\n<tr class=\"row-7\">\n\t<td class=\"column-1\"><p style=\"text-align: justify;width: 600px\">Ley de Responsabilidades Administrativas del Estado y Municipios de Oaxaca<\/p><\/td><td class=\"column-2\"><p align=\"justify\">03\/10\/2017<\/p><\/td><td class=\"column-3\"><p align=\"justify\">08\/03\/2024<\/p><\/td><td class=\"column-4\"><a href=\"https:\/\/www.oaxaca.gob.mx\/fidelo\/wp-content\/uploads\/sites\/24\/2025\/12\/Ley_de_Responsabilidades_Administrativas_del_Estado_y_Municipios_de_Oaxaca_Dto_ref_1926_aprob_LXV_Legis_6_marzo_2024_PO_Extra_8_marzo_2024.pdf\" target=\"_blank\"><img decoding=\"async\" src=\"https:\/\/www.oaxaca.gob.mx\/fidelo\/wp-content\/uploads\/sites\/24\/2025\/12\/Descargar.png\" alt=\"Haz clic para descargar\" width=\"30\"><\/a><\/td>\n<\/tr>\n<tr class=\"row-8\">\n\t<td class=\"column-1\"><p style=\"text-align: justify;width: 600px\">Lineamientos del Procedimiento de Denuncia<\/p><\/td><td class=\"column-2\"><p align=\"justify\">03\/06\/2017<\/p><\/td><td class=\"column-3\"><p align=\"justify\"><\/p><\/td><td class=\"column-4\"><a href=\"https:\/\/www.oaxaca.gob.mx\/fidelo\/wp-content\/uploads\/sites\/24\/2025\/12\/LINEAMIENTOS_DEL_PROCEDIMIENTO_DE_DENUNCIA.pdf\" target=\"_blank\"><img decoding=\"async\" src=\"https:\/\/www.oaxaca.gob.mx\/fidelo\/wp-content\/uploads\/sites\/24\/2025\/12\/Descargar.png\" alt=\"Haz clic para descargar\" width=\"30\"><\/a><\/td>\n<\/tr>\n<\/tbody>\n<\/table>\n\n<\/div>\n<div class=\"su-tabs-pane su-u-clearfix su-u-trim\" data-title=\"Fidelo\">\n\n<table id=\"tablepress-52\" class=\"tablepress tablepress-id-52\">\n<thead>\n<tr class=\"row-1\">\n\t<th class=\"column-1\">TITULO DE LA LEY <\/th><th class=\"column-2\">PUBLICACION<\/th><th class=\"column-3\">ULTIMA REFORMA<\/th><th class=\"column-4\">DESCARGA<\/th>\n<\/tr>\n<\/thead>\n<tbody class=\"row-striping row-hover\">\n<tr class=\"row-2\">\n\t<td class=\"column-1\"><p style=\"text-align: justify;width: 600px\">Convenio Modificatorio al Contrato de Fideicomiso Irrevocable Traslativo de Dominio y de Administraci\u00f3n para el Desarrollo Log\u00edstico<\/p><\/td><td class=\"column-2\"><p align=\"justify\">19\/12\/2018<\/p><\/td><td class=\"column-3\"><p align=\"justify\"><\/p><\/td><td class=\"column-4\"><a href=\"https:\/\/www.oaxaca.gob.mx\/fidelo\/wp-content\/uploads\/sites\/24\/2025\/12\/CONVENIO-MODIFICATORIO-191218-4.pdf\" target=\"_blank\"><img decoding=\"async\" src=\"https:\/\/www.oaxaca.gob.mx\/fidelo\/wp-content\/uploads\/sites\/24\/2025\/12\/Descargar.png\" alt=\"Haz clic para descargar\" width=\"30\"><\/a><\/td>\n<\/tr>\n<tr class=\"row-3\">\n\t<td class=\"column-1\"><p style=\"text-align: justify;width: 600px\">Manual de Procedimientos del Fideicomiso para el Desarrollo Log\u00edstico del Estado de Oaxaca.<\/p><\/td><td class=\"column-2\"><p align=\"justify\">28\/10\/2016<\/p><\/td><td class=\"column-3\"><p align=\"justify\"><\/p><\/td><td class=\"column-4\"><a href=\"https:\/\/www.oaxaca.gob.mx\/fidelo\/wp-content\/uploads\/sites\/24\/2025\/12\/13.-MANUAL-DE-PROCEDIMIENTOS-FIDELO-1.pdf\" target=\"_blank\"><img decoding=\"async\" src=\"https:\/\/www.oaxaca.gob.mx\/fidelo\/wp-content\/uploads\/sites\/24\/2025\/12\/Descargar.png\" alt=\"Haz clic para descargar\" width=\"30\"><\/a><\/td>\n<\/tr>\n<tr class=\"row-4\">\n\t<td class=\"column-1\"><p style=\"text-align: justify;width: 600px\">Primer Convenio Modificatorio al Contrato de Fideicomiso Irrevocable Traslativo de Dominio y de Administraci\u00f3n para e Desarrollo Log\u00edstico n\u00famero F\/28537-9<\/p><\/td><td class=\"column-2\"><p align=\"justify\">27\/08\/2012<\/p><\/td><td class=\"column-3\"><p align=\"justify\"><\/p><\/td><td class=\"column-4\"><a href=\"https:\/\/www.oaxaca.gob.mx\/fidelo\/wp-content\/uploads\/sites\/24\/2025\/12\/PRIMER-CONVENIO-MODIFICATORIO-270812-1.pdf\" target=\"_blank\"><img decoding=\"async\" src=\"https:\/\/www.oaxaca.gob.mx\/fidelo\/wp-content\/uploads\/sites\/24\/2025\/12\/Descargar.png\" alt=\"Haz clic para descargar\" width=\"30\"><\/a><\/td>\n<\/tr>\n<tr class=\"row-5\">\n\t<td class=\"column-1\"><p style=\"text-align: justify;width: 600px\">Reglamento Interno del Fideicomiso para el Desarrollo Log\u00edstico del Estado de Oaxaca<\/p><\/td><td class=\"column-2\"><p align=\"justify\">27\/06\/2009<\/p><\/td><td class=\"column-3\"><p align=\"justify\">12\/11\/2016<\/p><\/td><td class=\"column-4\"><a href=\"https:\/\/www.oaxaca.gob.mx\/fidelo\/wp-content\/uploads\/sites\/24\/2025\/12\/REGLAMENTO-INTERNO-DEL-FIDEICOMISO-PARA-EL-DESARROLLO-LOGISTICO-DEL-ESTADO-DE-OAXACA-2-1.pdf\" target=\"_blank\"><img decoding=\"async\" src=\"https:\/\/www.oaxaca.gob.mx\/fidelo\/wp-content\/uploads\/sites\/24\/2025\/12\/Descargar.png\" alt=\"Haz clic para descargar\" width=\"30\"><\/a><\/td>\n<\/tr>\n<tr class=\"row-6\">\n\t<td class=\"column-1\"><p style=\"text-align: justify;width: 600px\">Manual de Organizaci\u00f3n del Fideicomiso para el Desarrollo Log\u00edstico del Estado de Oaxaca<\/p><\/td><td class=\"column-2\"><p align=\"justify\">28\/10\/2016<\/p><\/td><td class=\"column-3\"><p align=\"justify\"><\/p><\/td><td class=\"column-4\"><a href=\"https:\/\/www.oaxaca.gob.mx\/fidelo\/wp-content\/uploads\/sites\/24\/2025\/12\/12.-MANUAL-DE-ORGANIZACION-FIDELO-1.pdf\" target=\"_blank\"><img decoding=\"async\" src=\"https:\/\/www.oaxaca.gob.mx\/fidelo\/wp-content\/uploads\/sites\/24\/2025\/12\/Descargar.png\" alt=\"Haz clic para descargar\" width=\"30\"><\/a><\/td>\n<\/tr>\n<tr class=\"row-7\">\n\t<td class=\"column-1\"><p style=\"text-align: justify;width: 600px\">Convenio Modificatorio al Contrato de Fideicomiso Irrevocable Traslativo de Dominio y de Administraci\u00f3n para el Desarrollo Log\u00edstico<\/p><\/td><td class=\"column-2\"><p align=\"justify\">14\/10\/2016<\/p><\/td><td class=\"column-3\"><p align=\"justify\"><\/p><\/td><td class=\"column-4\"><a href=\"https:\/\/www.oaxaca.gob.mx\/fidelo\/wp-content\/uploads\/sites\/24\/2025\/12\/CONVENIO-MODIFICATORIO-141016-3.pdf\" target=\"_blank\"><img decoding=\"async\" src=\"https:\/\/www.oaxaca.gob.mx\/fidelo\/wp-content\/uploads\/sites\/24\/2025\/12\/Descargar.png\" alt=\"Haz clic para descargar\" width=\"30\"><\/a><\/td>\n<\/tr>\n<tr class=\"row-8\">\n\t<td class=\"column-1\"><p style=\"text-align: justify;width: 600px\">Convenio de Sustituci\u00f3n Fiduciaria que respecto del Contrato de Fideicomiso Irrevocable Traslativo de Dominio y de Administraci\u00f3n para el Desarrollo Log\u00edstico F\/28537-9<\/p><\/td><td class=\"column-2\"><p align=\"justify\">15\/10\/2013<\/p><\/td><td class=\"column-3\"><p align=\"justify\"><\/p><\/td><td class=\"column-4\"><a href=\"https:\/\/www.oaxaca.gob.mx\/fidelo\/wp-content\/uploads\/sites\/24\/2025\/12\/CONVENIO-DE-SUSTITUCION-FIDUCIARIA-151013.pdf\" target=\"_blank\"><img decoding=\"async\" src=\"https:\/\/www.oaxaca.gob.mx\/fidelo\/wp-content\/uploads\/sites\/24\/2025\/12\/Descargar.png\" alt=\"Haz clic para descargar\" width=\"30\"><\/a><\/td>\n<\/tr>\n<tr class=\"row-9\">\n\t<td class=\"column-1\"><p style=\"text-align: justify;width: 600px\">Convenio Modificatorio del Fideicomiso Irrevocable Traslativo de Dominio y de Administraci\u00f3n para el Desarrollo Log\u00edstico<\/p><\/td><td class=\"column-2\"><p align=\"justify\">25\/08\/2016<\/p><\/td><td class=\"column-3\"><p align=\"justify\"><\/p><\/td><td class=\"column-4\"><a href=\"https:\/\/www.oaxaca.gob.mx\/fidelo\/wp-content\/uploads\/sites\/24\/2025\/12\/CONVENIO-MODIFICATORIO-250816-2.pdf\" target=\"_blank\"><img decoding=\"async\" src=\"https:\/\/www.oaxaca.gob.mx\/fidelo\/wp-content\/uploads\/sites\/24\/2025\/12\/Descargar.png\" alt=\"Haz clic para descargar\" width=\"30\"><\/a><\/td>\n<\/tr>\n<tr class=\"row-10\">\n\t<td class=\"column-1\"><p style=\"text-align: justify;width: 600px\">Convenio Modificatorio al Contrato de Fideicomiso Irrevocable Traslativo de Dominio y de Administraci\u00f3n para el Desarrollo Log\u00edstico<\/p><\/td><td class=\"column-2\"><p align=\"justify\">05\/08\/2021<\/p><\/td><td class=\"column-3\"><p align=\"justify\"><\/p><\/td><td class=\"column-4\"><a href=\"https:\/\/www.oaxaca.gob.mx\/fidelo\/wp-content\/uploads\/sites\/24\/2025\/12\/CONVENIO-MODIFICATORIO-050821-5.pdf\" target=\"_blank\"><img decoding=\"async\" src=\"https:\/\/www.oaxaca.gob.mx\/fidelo\/wp-content\/uploads\/sites\/24\/2025\/12\/Descargar.png\" alt=\"Haz clic para descargar\" width=\"30\"><\/a><\/td>\n<\/tr>\n<tr class=\"row-11\">\n\t<td class=\"column-1\"><p style=\"text-align: justify;width: 600px\">Contrato de Fideicomiso Irrevocable Traslativo de Dominio y de Administraci\u00f3n para el Desarrollo Log\u00edstico n\u00famero F\/28537-9<\/p><\/td><td class=\"column-2\"><p align=\"justify\">12\/11\/1997<\/p><\/td><td class=\"column-3\"><p align=\"justify\"><\/p><\/td><td class=\"column-4\"><a href=\"https:\/\/www.oaxaca.gob.mx\/fidelo\/wp-content\/uploads\/sites\/24\/2025\/12\/CONTRATO-FIDELO-1.pdf\" target=\"_blank\"><img decoding=\"async\" src=\"https:\/\/www.oaxaca.gob.mx\/fidelo\/wp-content\/uploads\/sites\/24\/2025\/12\/Descargar.png\" alt=\"Haz clic para descargar\" width=\"30\"><\/a><\/td>\n<\/tr>\n<tr class=\"row-12\">\n\t<td class=\"column-1\"><p style=\"text-align: justify;width: 600px\">Decreto n\u00famero 649: Mediante el cual se reforman los numerales 1 y 3; y se deroga el numeral 5 todo el art\u00edculo tercero del decreto No. 140 por el que se faculta al titular del poder ejecutivo, para que por conducto de la secretar\u00eda de finanzas constituya el fideicomiso para el desarrollo log\u00edstico del estado de Oaxaca, publicado el 15 de febrero de 1997, en el peri\u00f3dico oficial del gobierno del Estado de Oaxaca<\/p><\/td><td class=\"column-2\"><p align=\"justify\">26\/04\/2025<\/p><\/td><td class=\"column-3\"><p align=\"justify\"><\/p><\/td><td class=\"column-4\"><a href=\"https:\/\/www.oaxaca.gob.mx\/fidelo\/wp-content\/uploads\/sites\/24\/2025\/12\/DECRETO-649-1.pdf\" target=\"_blank\"><img decoding=\"async\" src=\"https:\/\/www.oaxaca.gob.mx\/fidelo\/wp-content\/uploads\/sites\/24\/2025\/12\/Descargar.png\" alt=\"Haz clic para descargar\" width=\"30\"><\/a><\/td>\n<\/tr>\n<tr class=\"row-13\">\n\t<td class=\"column-1\"><p style=\"text-align: justify;width: 600px\">Decreto Num. 2323: Mediante el cual se reforman el numeral 1, el incisio f) del <\/p><\/td><td class=\"column-2\"><p align=\"justify\">03\/07\/2024<\/p><\/td><td class=\"column-3\"><p align=\"justify\"><\/p><\/td><td class=\"column-4\"><a href=\"https:\/\/www.oaxaca.gob.mx\/fidelo\/wp-content\/uploads\/sites\/24\/2025\/12\/DECRETO-2323-1.pdf\" target=\"_blank\"><img decoding=\"async\" src=\"https:\/\/www.oaxaca.gob.mx\/fidelo\/wp-content\/uploads\/sites\/24\/2025\/12\/Descargar.png\" alt=\"Haz clic para descargar\" width=\"30\"><\/a><\/td>\n<\/tr>\n<\/tbody>\n<\/table>\n\n<\/div><\/div><\/div>\n","protected":false},"excerpt":{"rendered":"","protected":false},"author":25,"featured_media":0,"parent":0,"menu_order":0,"comment_status":"closed","ping_status":"closed","template":"","meta":{"episode_type":"","audio_file":"","podmotor_file_id":"","podmotor_episode_id":"","cover_image":"","cover_image_id":"","duration":"","filesize":"","filesize_raw":"","date_recorded":"","explicit":"","block":"","itunes_episode_number":"","itunes_title":"","itunes_season_number":"","itunes_episode_type":"","footnotes":""},"categories":[],"tags":[],"class_list":["post-7649","page","type-page","status-publish","hentry"],"acf":[],"publishpress_future_action":{"enabled":false,"date":"2026-05-12 13:41:37","action":"change-status","newStatus":"draft","terms":[],"taxonomy":"category","extraData":[]},"publishpress_future_workflow_manual_trigger":{"enabledWorkflows":[]},"_links":{"self":[{"href":"https:\/\/www.oaxaca.gob.mx\/fidelo\/wp-json\/wp\/v2\/pages\/7649","targetHints":{"allow":["GET"]}}],"collection":[{"href":"https:\/\/www.oaxaca.gob.mx\/fidelo\/wp-json\/wp\/v2\/pages"}],"about":[{"href":"https:\/\/www.oaxaca.gob.mx\/fidelo\/wp-json\/wp\/v2\/types\/page"}],"author":[{"embeddable":true,"href":"https:\/\/www.oaxaca.gob.mx\/fidelo\/wp-json\/wp\/v2\/users\/25"}],"replies":[{"embeddable":true,"href":"https:\/\/www.oaxaca.gob.mx\/fidelo\/wp-json\/wp\/v2\/comments?post=7649"}],"version-history":[{"count":2,"href":"https:\/\/www.oaxaca.gob.mx\/fidelo\/wp-json\/wp\/v2\/pages\/7649\/revisions"}],"predecessor-version":[{"id":8836,"href":"https:\/\/www.oaxaca.gob.mx\/fidelo\/wp-json\/wp\/v2\/pages\/7649\/revisions\/8836"}],"wp:attachment":[{"href":"https:\/\/www.oaxaca.gob.mx\/fidelo\/wp-json\/wp\/v2\/media?parent=7649"}],"wp:term":[{"taxonomy":"category","embeddable":true,"href":"https:\/\/www.oaxaca.gob.mx\/fidelo\/wp-json\/wp\/v2\/categories?post=7649"},{"taxonomy":"post_tag","embeddable":true,"href":"https:\/\/www.oaxaca.gob.mx\/fidelo\/wp-json\/wp\/v2\/tags?post=7649"}],"curies":[{"name":"wp","href":"https:\/\/api.w.org\/{rel}","templated":true}]}}