{"id":68,"date":"2016-02-16T11:07:07","date_gmt":"2016-02-16T17:07:07","guid":{"rendered":"http:\/\/www.fidelo.oaxaca.gob.mx\/?page_id=68"},"modified":"2016-02-16T11:07:07","modified_gmt":"2016-02-16T17:07:07","slug":"giro-de-empresas-instaladas","status":"publish","type":"page","link":"https:\/\/www.oaxaca.gob.mx\/fidelo\/giro-de-empresas-instaladas\/","title":{"rendered":"Giro de Empresas Instaladas"},"content":{"rendered":"<p align=\"justify\">La clasificaci\u00f3n del giro de las empresas activas en el Parque Industrial, de acuerdo al Sistema de Clasificaci\u00f3n Industrial de Am\u00e9rica del Norte (SCIAN), es predominante industrial (65%), seguido por el sector servicios (20%) y el comercial (15%).<\/p>\n<p align=\"center\">\n<a href=\"\/fidelo\/wp-content\/uploads\/sites\/24\/2016\/02\/clasificador-de-las-empresas.jpg\"><\/p>\n<p><img decoding=\"async\" src=\"\/fidelo\/wp-content\/uploads\/sites\/24\/2016\/02\/clasificador-de-las-empresas.jpg\" alt=\"clasificaci\u00f3n de las empresas en fidelo\" class=\"img-responsive\" \/><\/a><\/p>\n","protected":false},"excerpt":{"rendered":"<p>La clasificaci\u00f3n del giro de las empresas activas en el Parque Industrial, de acuerdo al Sistema de Clasificaci\u00f3n Industrial de Am\u00e9rica del Norte (SCIAN), es predominante industrial (65%), seguido por el sector servicios (20%) y el comercial (15%).<\/p>\n","protected":false},"author":1,"featured_media":0,"parent":0,"menu_order":0,"comment_status":"closed","ping_status":"closed","template":"","meta":{"episode_type":"","audio_file":"","podmotor_file_id":"","podmotor_episode_id":"","cover_image":"","cover_image_id":"","duration":"","filesize":"","filesize_raw":"","date_recorded":"","explicit":"","block":"","itunes_episode_number":"","itunes_title":"","itunes_season_number":"","itunes_episode_type":"","footnotes":""},"categories":[],"tags":[],"class_list":["post-68","page","type-page","status-publish","hentry"],"acf":[],"publishpress_future_action":{"enabled":false,"date":"2026-04-21 23:51:18","action":"change-status","newStatus":"draft","terms":[],"taxonomy":"category","extraData":[]},"publishpress_future_workflow_manual_trigger":{"enabledWorkflows":[]},"_links":{"self":[{"href":"https:\/\/www.oaxaca.gob.mx\/fidelo\/wp-json\/wp\/v2\/pages\/68","targetHints":{"allow":["GET"]}}],"collection":[{"href":"https:\/\/www.oaxaca.gob.mx\/fidelo\/wp-json\/wp\/v2\/pages"}],"about":[{"href":"https:\/\/www.oaxaca.gob.mx\/fidelo\/wp-json\/wp\/v2\/types\/page"}],"author":[{"embeddable":true,"href":"https:\/\/www.oaxaca.gob.mx\/fidelo\/wp-json\/wp\/v2\/users\/1"}],"replies":[{"embeddable":true,"href":"https:\/\/www.oaxaca.gob.mx\/fidelo\/wp-json\/wp\/v2\/comments?post=68"}],"version-history":[{"count":0,"href":"https:\/\/www.oaxaca.gob.mx\/fidelo\/wp-json\/wp\/v2\/pages\/68\/revisions"}],"wp:attachment":[{"href":"https:\/\/www.oaxaca.gob.mx\/fidelo\/wp-json\/wp\/v2\/media?parent=68"}],"wp:term":[{"taxonomy":"category","embeddable":true,"href":"https:\/\/www.oaxaca.gob.mx\/fidelo\/wp-json\/wp\/v2\/categories?post=68"},{"taxonomy":"post_tag","embeddable":true,"href":"https:\/\/www.oaxaca.gob.mx\/fidelo\/wp-json\/wp\/v2\/tags?post=68"}],"curies":[{"name":"wp","href":"https:\/\/api.w.org\/{rel}","templated":true}]}}