{"id":59,"date":"2016-02-12T16:52:39","date_gmt":"2016-02-12T22:52:39","guid":{"rendered":"http:\/\/www.fidelo.oaxaca.gob.mx\/?page_id=59"},"modified":"2016-02-12T16:52:39","modified_gmt":"2016-02-12T22:52:39","slug":"servicios","status":"publish","type":"page","link":"https:\/\/www.oaxaca.gob.mx\/fidelo\/servicios\/","title":{"rendered":"Servicios"},"content":{"rendered":"<p>\t\t\t\tLos servicios con los que cuenta el Parque Industrial son:<\/p>\n<ul>\n<li>Protecci\u00f3n per\u00edmetral<\/li>\n<li>Accesos controlados y vigilancia permanente<\/li>\n<li>Accesibilidad para el transporte de carga pesada<\/li>\n<li>Pavimentaci\u00f3n de vialidad con carpeta asf\u00e1ltica<\/li>\n<li>Banquetas<\/li>\n<li>Abastecimientos de agua para uso industrial<\/li>\n<li>Electricidad de alta tensi\u00f3n<\/li>\n<li>Instalaci\u00f3n telef\u00f3nica subterr\u00e1nea con Internet de 20MB<\/li>\n<li>Red de alumbrado p\u00fablico<\/li>\n<li>Planta de tratamiento de aguas residuales<\/li>\n<li>Tanque elevado de 50 m3 y cisterna con capacidad de 150m3<\/li>\n<li>Mantenimiento de \u00e1reas comunes y \u00e1reas verdes<\/li>\n<\/ul>\n<p>Adicional a los servicios b\u00e1sicos se garantiza la certeza jur\u00eddica en la tenencia de la tierra, se brinda el acompa\u00f1amiento en gesti\u00f3n de licencias y permiso, y se cuenta con servicio de guarder\u00eda.\t\t<\/p>\n","protected":false},"excerpt":{"rendered":"<p>Los servicios con los que cuenta el Parque Industrial son: Protecci\u00f3n per\u00edmetral Accesos controlados y vigilancia permanente Accesibilidad para el transporte de carga pesada Pavimentaci\u00f3n de vialidad con carpeta asf\u00e1ltica Banquetas Abastecimientos de agua para uso industrial Electricidad de alta tensi\u00f3n Instalaci\u00f3n telef\u00f3nica subterr\u00e1nea con Internet de 20MB Red de alumbrado p\u00fablico Planta de tratamiento [&hellip;]<\/p>\n","protected":false},"author":1,"featured_media":0,"parent":0,"menu_order":0,"comment_status":"closed","ping_status":"closed","template":"","meta":{"episode_type":"","audio_file":"","podmotor_file_id":"","podmotor_episode_id":"","cover_image":"","cover_image_id":"","duration":"","filesize":"","filesize_raw":"","date_recorded":"","explicit":"","block":"","itunes_episode_number":"","itunes_title":"","itunes_season_number":"","itunes_episode_type":"","footnotes":""},"categories":[],"tags":[],"class_list":["post-59","page","type-page","status-publish","hentry"],"acf":[],"publishpress_future_action":{"enabled":false,"date":"2026-04-21 23:51:17","action":"change-status","newStatus":"draft","terms":[],"taxonomy":"category","extraData":[]},"publishpress_future_workflow_manual_trigger":{"enabledWorkflows":[]},"_links":{"self":[{"href":"https:\/\/www.oaxaca.gob.mx\/fidelo\/wp-json\/wp\/v2\/pages\/59","targetHints":{"allow":["GET"]}}],"collection":[{"href":"https:\/\/www.oaxaca.gob.mx\/fidelo\/wp-json\/wp\/v2\/pages"}],"about":[{"href":"https:\/\/www.oaxaca.gob.mx\/fidelo\/wp-json\/wp\/v2\/types\/page"}],"author":[{"embeddable":true,"href":"https:\/\/www.oaxaca.gob.mx\/fidelo\/wp-json\/wp\/v2\/users\/1"}],"replies":[{"embeddable":true,"href":"https:\/\/www.oaxaca.gob.mx\/fidelo\/wp-json\/wp\/v2\/comments?post=59"}],"version-history":[{"count":0,"href":"https:\/\/www.oaxaca.gob.mx\/fidelo\/wp-json\/wp\/v2\/pages\/59\/revisions"}],"wp:attachment":[{"href":"https:\/\/www.oaxaca.gob.mx\/fidelo\/wp-json\/wp\/v2\/media?parent=59"}],"wp:term":[{"taxonomy":"category","embeddable":true,"href":"https:\/\/www.oaxaca.gob.mx\/fidelo\/wp-json\/wp\/v2\/categories?post=59"},{"taxonomy":"post_tag","embeddable":true,"href":"https:\/\/www.oaxaca.gob.mx\/fidelo\/wp-json\/wp\/v2\/tags?post=59"}],"curies":[{"name":"wp","href":"https:\/\/api.w.org\/{rel}","templated":true}]}}