{"id":5110,"date":"2019-04-11T17:47:47","date_gmt":"2019-04-11T15:47:47","guid":{"rendered":"https:\/\/www.oaxaca.gob.mx\/fidelo\/?page_id=5110"},"modified":"2024-12-06T14:29:59","modified_gmt":"2024-12-06T20:29:59","slug":"tramites-y-servicios","status":"publish","type":"page","link":"https:\/\/www.oaxaca.gob.mx\/fidelo\/tramites-y-servicios\/","title":{"rendered":"Tr\u00e1mites y Servicios"},"content":{"rendered":"<div class=\"su-tabs su-tabs-style-default su-tabs-mobile-stack\" data-active=\"1\" data-scroll-offset=\"0\" data-anchor-in-url=\"no\"><div class=\"su-tabs-nav\"><span class=\"\" data-url=\"\" data-target=\"blank\" tabindex=\"0\" role=\"button\">LICITACIONES<\/span><span class=\"\" data-url=\"\" data-target=\"blank\" tabindex=\"0\" role=\"button\">RESERVA TERRITORIAL<\/span><\/div><div class=\"su-tabs-panes\"><div class=\"su-tabs-pane su-u-clearfix su-u-trim\" data-title=\"LICITACIONES\">\n\n<table id=\"tablepress-42\" class=\"tablepress tablepress-id-42\">\n<thead>\n<tr class=\"row-1\">\n\t<th class=\"column-1\">FECHA<\/th><th class=\"column-2\">NUMERO<\/th><th class=\"column-3\">TITULO<\/th><th class=\"column-4\">ARCHIVOS<\/th>\n<\/tr>\n<\/thead>\n<tbody class=\"row-striping row-hover\">\n<tr class=\"row-2\">\n\t<td class=\"column-1\">27\/09\/2024<\/td><td class=\"column-2\">FIDELO-01-2024<\/td><td class=\"column-3\">Licitaci\u00f3n P\u00fablica Estatal No. LPE-920052973-E01-2024 Rehabilitaci\u00f3n de Planta Purificadora de Agua Potable de San Miguel\u00a0Mixtepec.<\/td><td class=\"column-4\"><div align='left'><li><a href=\"https:\/\/www.oaxaca.gob.mx\/fidelo\/wp-content\/uploads\/sites\/24\/2024\/09\/Convocatoria-LPE-920052973-E01-2024.pdf \" target=\"_blank\" title=\"Convocatoria\" rel=\"noopener\">CONVOCATORIA<\/a><\/li><li><a href=\"https:\/\/www.oaxaca.gob.mx\/fidelo\/wp-content\/uploads\/sites\/24\/2024\/10\/Acta-apertura-tecnica.pdf\">ACTA DE APERTURA T\u00c9CNICA<\/a><\/li><li><a href=\"https:\/\/www.oaxaca.gob.mx\/fidelo\/wp-content\/uploads\/sites\/24\/2024\/10\/Acta-Junta-de-Aclaraciones.pdf\">JUNTA DE ACLARACIONES<\/a><\/li><li><a href=\"https:\/\/www.oaxaca.gob.mx\/fidelo\/wp-content\/uploads\/sites\/24\/2024\/10\/Minuta-de-Visita-de-Obra.pdf\">MINUTA DE VISITA DE OBRA<\/a><\/li><li><a href=\"https:\/\/www.oaxaca.gob.mx\/fidelo\/wp-content\/uploads\/sites\/24\/2024\/10\/Acta-apertura-economica.pdf\">ACTA DE APERTURA ECONOMICA<\/a><\/li><br \/>\n<\/div><br \/>\n<\/td>\n<\/tr>\n<tr class=\"row-3\">\n\t<td class=\"column-1\">19\/10\/2024<\/td><td class=\"column-2\">FIDELO-02-2024<\/td><td class=\"column-3\">Licitaci\u00f3nP\u00fablica Estatal No. LPE-920052973-E04-2024 Rehabilitaci\u00f3n de Planta Purificadora de San\u00a0MIguel\u00a0Mixtepec.<\/td><td class=\"column-4\"><div align='left'><li><a href=\"https:\/\/www.oaxaca.gob.mx\/fidelo\/wp-content\/uploads\/sites\/24\/2024\/10\/convocatoria-FIDELO-02-2024.pdf\" target=\"_blank\" title=\"Convocatoria\" rel=\"noopener\">CONVOCATORIA<\/a><\/li><li><a href=\"https:\/\/www.oaxaca.gob.mx\/fidelo\/wp-content\/uploads\/sites\/24\/2024\/10\/Junta-de-Aclaraciones.pdf\">JUNTA DE ACLARACIONES<\/a><\/li><li><a href=\"https:\/\/www.oaxaca.gob.mx\/fidelo\/wp-content\/uploads\/sites\/24\/2024\/10\/Minuta-Visita.pdf\">MINUTA VISITA<\/a><\/li><li><a href=\"https:\/\/www.oaxaca.gob.mx\/fidelo\/wp-content\/uploads\/sites\/24\/2024\/11\/acta-apertura-tec-eco-Fidelo.pdf\" target=\"_blank\" title=\"Convocatoria\" rel=\"noopener\">ACTA DE APERTURA<\/a><\/li><li><a href=\"https:\/\/www.oaxaca.gob.mx\/fidelo\/wp-content\/uploads\/sites\/24\/2024\/11\/acta-fallo.pdf\" target=\"_blank\" title=\"Convocatoria\" rel=\"noopener\">ACTA DE FALLO<\/a><\/li><\/div><br \/>\n<\/td>\n<\/tr>\n<\/tbody>\n<\/table>\n<!-- #tablepress-42 from cache -->\n<\/div>\n<div class=\"su-tabs-pane su-u-clearfix su-u-trim\" data-title=\"RESERVA TERRITORIAL\">\n<div class=\"su-spoiler su-spoiler-style-default su-spoiler-icon-plus su-spoiler-closed\" data-scroll-offset=\"0\" data-anchor-in-url=\"no\"><div class=\"su-spoiler-title\" tabindex=\"0\" role=\"button\"><span class=\"su-spoiler-icon\"><\/span>Anexo A: Carta de intenci\u00f3n de compra<\/div><div class=\"su-spoiler-content su-u-clearfix su-u-trim\">\n<a href=\"https:\/\/www.oaxaca.gob.mx\/fidelo\/wp-content\/uploads\/sites\/24\/2024\/12\/Anexo-A-Carta-de-Intencion.pdf\" class=\"pdfemb-viewer\" style=\"\" data-width=\"max\" data-height=\"max\" data-toolbar=\"top\" data-toolbar-fixed=\"on\">C\u00f3digo de Conducta<\/a>\n <\/div><\/div>\n<div class=\"su-spoiler su-spoiler-style-default su-spoiler-icon-plus su-spoiler-closed\" data-scroll-offset=\"0\" data-anchor-in-url=\"no\"><div class=\"su-spoiler-title\" tabindex=\"0\" role=\"button\"><span class=\"su-spoiler-icon\"><\/span>Anexo B: Ficha de proyecto<\/div><div class=\"su-spoiler-content su-u-clearfix su-u-trim\">\n<a href=\"https:\/\/www.oaxaca.gob.mx\/fidelo\/wp-content\/uploads\/sites\/24\/2024\/12\/Anexo-B-Ficha-del-Proyecto.pdf\" class=\"pdfemb-viewer\" style=\"\" data-width=\"max\" data-height=\"max\" data-toolbar=\"top\" data-toolbar-fixed=\"on\">Validacion de Codigo de Conducta<\/a>\n <\/div><\/div>\n<div class=\"su-spoiler su-spoiler-style-default su-spoiler-icon-plus su-spoiler-closed\" data-scroll-offset=\"0\" data-anchor-in-url=\"no\"><div class=\"su-spoiler-title\" tabindex=\"0\" role=\"button\"><span class=\"su-spoiler-icon\"><\/span>Requisitos para la compraventa con reserva de dominio<\/div><div class=\"su-spoiler-content su-u-clearfix su-u-trim\">\n<a href=\"https:\/\/www.oaxaca.gob.mx\/fidelo\/wp-content\/uploads\/sites\/24\/2024\/12\/Check-list-Comercializacion.pdf\" class=\"pdfemb-viewer\" style=\"\" data-width=\"max\" data-height=\"max\" data-toolbar=\"top\" data-toolbar-fixed=\"on\">Validacion de Codigo de Conducta<\/a>\n <\/div><\/div>\n<\/div><\/div><\/div>\n","protected":false},"excerpt":{"rendered":"","protected":false},"author":1,"featured_media":0,"parent":0,"menu_order":0,"comment_status":"closed","ping_status":"closed","template":"","meta":{"episode_type":"","audio_file":"","podmotor_file_id":"","podmotor_episode_id":"","cover_image":"","cover_image_id":"","duration":"","filesize":"","filesize_raw":"","date_recorded":"","explicit":"","block":"","itunes_episode_number":"","itunes_title":"","itunes_season_number":"","itunes_episode_type":"","footnotes":""},"categories":[],"tags":[],"class_list":["post-5110","page","type-page","status-publish","hentry"],"acf":[],"publishpress_future_action":{"enabled":false,"date":"2026-05-12 12:10:52","action":"change-status","newStatus":"draft","terms":[],"taxonomy":"category","extraData":[]},"publishpress_future_workflow_manual_trigger":{"enabledWorkflows":[]},"_links":{"self":[{"href":"https:\/\/www.oaxaca.gob.mx\/fidelo\/wp-json\/wp\/v2\/pages\/5110","targetHints":{"allow":["GET"]}}],"collection":[{"href":"https:\/\/www.oaxaca.gob.mx\/fidelo\/wp-json\/wp\/v2\/pages"}],"about":[{"href":"https:\/\/www.oaxaca.gob.mx\/fidelo\/wp-json\/wp\/v2\/types\/page"}],"author":[{"embeddable":true,"href":"https:\/\/www.oaxaca.gob.mx\/fidelo\/wp-json\/wp\/v2\/users\/1"}],"replies":[{"embeddable":true,"href":"https:\/\/www.oaxaca.gob.mx\/fidelo\/wp-json\/wp\/v2\/comments?post=5110"}],"version-history":[{"count":3,"href":"https:\/\/www.oaxaca.gob.mx\/fidelo\/wp-json\/wp\/v2\/pages\/5110\/revisions"}],"predecessor-version":[{"id":8485,"href":"https:\/\/www.oaxaca.gob.mx\/fidelo\/wp-json\/wp\/v2\/pages\/5110\/revisions\/8485"}],"wp:attachment":[{"href":"https:\/\/www.oaxaca.gob.mx\/fidelo\/wp-json\/wp\/v2\/media?parent=5110"}],"wp:term":[{"taxonomy":"category","embeddable":true,"href":"https:\/\/www.oaxaca.gob.mx\/fidelo\/wp-json\/wp\/v2\/categories?post=5110"},{"taxonomy":"post_tag","embeddable":true,"href":"https:\/\/www.oaxaca.gob.mx\/fidelo\/wp-json\/wp\/v2\/tags?post=5110"}],"curies":[{"name":"wp","href":"https:\/\/api.w.org\/{rel}","templated":true}]}}