{"id":425,"date":"2017-04-17T11:02:18","date_gmt":"2017-04-17T17:02:18","guid":{"rendered":"http:\/\/www.fidelo.oaxaca.gob.mx\/?page_id=425"},"modified":"2017-04-17T11:02:18","modified_gmt":"2017-04-17T17:02:18","slug":"cumplimiento-lgtaip2","status":"publish","type":"page","link":"https:\/\/www.oaxaca.gob.mx\/fidelo\/cumplimiento-lgtaip2\/","title":{"rendered":"Cumplimiento LGTAIP"},"content":{"rendered":"<p>      table, tr, th, td {<br \/>\n        border:1px solid black;<br \/>\n      }<br \/>\n      table {<br \/>\n        width:130%;<br \/>\n      }<br \/>\n      tr {<br \/>\n        padding:0px;<br \/>\n        border:1px solid black;<br \/>\n      }<br \/>\n      th {<br \/>\n        padding:5px;<br \/>\n        font-size: 12px;<br \/>\n        font-face:arial;<br \/>\n        color:white;<br \/>\n        text-align: center;<br \/>\n      }<br \/>\n      td {<br \/>\n        border:1px solid black;<br \/>\n        text-align: justify;<br \/>\n        font-size: 12px;<br \/>\n        font-face:arial;<br \/>\n         padding:5px;<br \/>\n      }<\/p>\n<table>\n<tr bgcolor=\"#E341F5\">\n<th WIDTH=\"60%\">FRACCI\u00d3N<\/th>\n<th WIDTH=\"15%\">APLICA\/NO APLICA<\/th>\n<th WIDTH=\"24%\">UNIDAD ADMINISTRATIVA RESPONSABLE DE GENERAR LA INFORMACI\u00d3N<\/th>\n<th WIDTH=\"23%\">DESCARGAR<\/th>\n<\/tr>\n<tr>\n<td>\nFracci\u00f3n I El marco normativo aplicable al sujeto obligado, en el que deber\u00e1 incluirse leyes, c\u00f3digos, reglamentos, decretos de creaci\u00f3n, manuales administrativos, reglas de operaci\u00f3n, criterios, pol\u00edticas, entre otros;<\/td>\n<td>Aplica<\/td>\n<td>Procuradur\u00eda Fiscal.<\/td>\n<td><\/td>\n<\/tr>\n<tr>\n<td>Fracci\u00f3n II Su estructura org\u00e1nica completa, en un formato que permita vincular cada parte de la estructura, las atribuciones y responsabilidades que le corresponden a cada servidor p\u00fablico, prestador de servicios profesionales o miembro de los sujetos obligados, de conformidad con las disposiciones aplicables;<\/td>\n<td>Aplica \t<\/td>\n<td>Procuradur\u00eda Fiscal.<\/td>\n<td><\/td>\n<\/tr>\n<tr>\n<td>Fracci\u00f3n III Las facultades de cada \u00c1rea;<\/td>\n<td>Aplica \t<\/td>\n<td>Procuradur\u00eda Fiscal.<\/td>\n<td><\/td>\n<\/tr>\n<tr>\n<td>Fracci\u00f3n IV Las metas y objetivos de las \u00c1reas de conformidad con sus programas operativos;<\/td>\n<td>Aplica \t<\/td>\n<td>Direcci\u00f3n Administrativa.<\/td>\n<td><\/td>\n<\/tr>\n<tr>\n<td>Fracci\u00f3n V  Los indicadores relacionados con temas de inter\u00e9s p\u00fablico o trascendencia social que conforme a sus funciones, deban establecer;<\/td>\n<td>Aplica \t<\/td>\n<td>-Direcci\u00f3n Administrativa.<br \/>\n    -Direcci\u00f3n de lo Contencioso.<br \/>\n    -Direcci\u00f3n de Presupuesto.<br \/>\n    -Direcci\u00f3n de Ingresos.<br \/>\n    -Direcci\u00f3n de Auditoria e Inspecci\u00f3n Fiscal. -Subsecretar\u00eda de Planeaci\u00f3n e Inversi\u00f3n P\u00fablica<\/td>\n<td><\/td>\n<\/tr>\n<tr>\n<td>Fracci\u00f3n VI Los indicadores que permitan rendir cuenta de sus objetivos y resultados;<\/td>\n<td>Aplica \t<\/td>\n<td>-Direcci\u00f3n Administrativa.<br \/>\n-Subsecretar\u00eda de Planeaci\u00f3n e Inversi\u00f3n P\u00fablica.\n<\/td>\n<td><\/td>\n<\/tr>\n<tr>\n<td>Fracci\u00f3n VII El directorio de todos los Servidores P\u00fablicos, a partir del nivel de jefe de departamento o su equivalente, o de menor nivel, cuando se brinde atenci\u00f3n al p\u00fablico; manejen o apliquen recursos p\u00fablicos; realicen actos de autoridad o presten servicios profesionales bajo el r\u00e9gimen de confianza u honorarios y personal de base. El directorio deber\u00e1 incluir, al menos el nombre, cargo o nombramiento asignado, nivel del puesto en la estructura org\u00e1nica, fecha de alta en el cargo, n\u00famero telef\u00f3nico, domicilio para recibir correspondencia y direcci\u00f3n de correo electr\u00f3nico oficiales;<\/td>\n<td>Aplica \t<\/td>\n<td>Direcci\u00f3n Administrativa.<\/td>\n<td><\/td>\n<\/tr>\n<tr>\n<td>Fracci\u00f3n VIII La remuneraci\u00f3n bruta y neta de todos los Servidores P\u00fablicos de base o de confianza, de todas las percepciones, incluyendo sueldos, prestaciones, gratificaciones, primas, comisiones, dietas, bonos, est\u00edmulos, ingresos y sistemas de compensaci\u00f3n, se\u00f1alando la periodicidad de dicha remuneraci\u00f3n;<\/td>\n<td>Aplica \t<\/td>\n<td>Direcci\u00f3n Administrativa.<\/td>\n<td><\/td>\n<\/tr>\n<tr>\n<td>Fracci\u00f3n IX Los gastos de representaci\u00f3n y vi\u00e1ticos, as\u00ed como el objeto e informe de comisi\u00f3n correspondiente;<\/td>\n<td>Aplica \t<\/td>\n<td>Direcci\u00f3n Administrativa.<\/td>\n<td><\/td>\n<\/tr>\n<tr>\n<td>Fracci\u00f3n X El n\u00famero total de las plazas y del personal de base y confianza, especificando el total de las vacantes, por nivel de puesto, para cada unidad administrativa;<\/td>\n<td>Aplica \t<\/td>\n<td>Direcci\u00f3n Administrativa.<\/td>\n<td><\/td>\n<\/tr>\n<tr>\n<td>Fracci\u00f3n XI Las contrataciones de servicios profesionales por honorarios, se\u00f1alando los nombres de los prestadores de servicios, los servicios contratados, el monto de los honorarios y el periodo de contrataci\u00f3n;<\/td>\n<td>Aplica \t<\/td>\n<td>Direcci\u00f3n Administrativa.<\/td>\n<td><\/td>\n<\/tr>\n<tr>\n<td>Fracci\u00f3n XII La informaci\u00f3n en Versi\u00f3n P\u00fablica de las declaraciones patrimoniales de los Servidores P\u00fablicos que as\u00ed lo determinen, en los sistemas habilitados para ello, de acuerdo a la normatividad aplicable;<\/td>\n<td>No Aplica<\/td>\n<td>Secretar\u00eda de la Contralor\u00eda y Transparencia Gubernamental.<\/td>\n<td><\/td>\n<\/tr>\n<tr>\n<td>Fracci\u00f3n XIII El domicilio de la Unidad de Transparencia, adem\u00e1s de la direcci\u00f3n electr\u00f3nica donde podr\u00e1n recibirse las solicitudes para obtener la informaci\u00f3n;<\/td>\n<td>Aplica<\/td>\n<td>Procuradur\u00eda Fiscal.<\/td>\n<td><\/td>\n<\/tr>\n<tr>\n<td>Fracci\u00f3n XIV Las convocatorias a concursos para ocupar cargos p\u00fablicos y los resultados de los mismos;<\/td>\n<td>Aplica<\/td>\n<td>Direcci\u00f3n Administrativa.<\/td>\n<td><\/td>\n<\/tr>\n<tr>\n<td>Fracci\u00f3n XV La informaci\u00f3n de los programas de subsidios, est\u00edmulos y apoyos, en el que se deber\u00e1 informar respecto de los programas de transferencia, de servicios, de infraestructura social y de subsidio, en los que se deber\u00e1 contener lo siguiente:<\/td>\n<td>Aplica<\/td>\n<td>-Direcci\u00f3n de Ingresos.<br \/>\n-Direcci\u00f3n de Contabilidad Gubernamental.\n<\/td>\n<td><\/td>\n<\/tr>\n<tr>\n<td>Fracci\u00f3n XVI Las condiciones generales de trabajo, contratos o convenios que regulen las relaciones laborales del personal de base o de confianza, as\u00ed como los recursos p\u00fablicos econ\u00f3micos, en especie o donativos, que sean entregados a los sindicatos y ejerzan como recursos p\u00fablicos;<\/td>\n<td>Aplica<\/td>\n<td>Direcci\u00f3n Administrativa.<\/td>\n<td><\/td>\n<\/tr>\n<tr>\n<td>Fracci\u00f3n XVII La informaci\u00f3n curricular, desde el nivel de jefe de departamento o equivalente, hasta el titular del sujeto obligado, as\u00ed como, en su caso, las sanciones administrativas de que haya sido objeto;<\/td>\n<td>Aplica<\/td>\n<td>Direcci\u00f3n Administrativa.<\/td>\n<td><\/td>\n<\/tr>\n<tr>\n<td>Fracci\u00f3n XVIII El listado de Servidores P\u00fablicos con sanciones administrativas definitivas, especificando la causa de sanci\u00f3n y la disposici\u00f3n;<\/td>\n<td>Aplica<\/td>\n<td>Direcci\u00f3n Administrativa.<\/td>\n<td><\/td>\n<\/tr>\n<tr>\n<td>Fracci\u00f3n XIX Los servicios que ofrecen se\u00f1alando los requisitos para acceder a ellos;<\/td>\n<td>Aplica<\/td>\n<td>Procuradur\u00eda Fiscal (Portal de esta Secretaria de Finanzas).<\/td>\n<td><\/td>\n<\/tr>\n<tr>\n<td>Fracci\u00f3n XX Los tr\u00e1mites, requisitos y formatos que ofrecen;<\/td>\n<td>Aplica<\/td>\n<td>Portal de esta Secretaria de Finanzas.<\/td>\n<td><\/td>\n<\/tr>\n<tr>\n<td>Fracci\u00f3n XXI La informaci\u00f3n financiera sobre el presupuesto asignado, as\u00ed como los informes del ejercicio trimestral del gasto, en t\u00e9rminos de la Ley General de Contabilidad Gubernamental y dem\u00e1s normatividad aplicable;<\/td>\n<td>Aplica<\/td>\n<td>Direcci\u00f3n Administrativa.<\/td>\n<td><\/td>\n<\/tr>\n<tr>\n<td>Fracci\u00f3n XXII La informaci\u00f3n relativa a la deuda p\u00fablica, en t\u00e9rminos de la normatividad aplicable;<\/td>\n<td>Aplica<\/td>\n<td>Tesorer\u00eda.<\/td>\n<td><\/td>\n<\/tr>\n<tr>\n<td>3Fracci\u00f3n XXIII Los montos destinados a gastos relativos a comunicaci\u00f3n social y publicidad oficial desglosada por tipo de medio, proveedores, n\u00famero de contrato y concepto o campa\u00f1a;<\/td>\n<td>Aplica<\/td>\n<td>Direcci\u00f3n Administrativa.<\/td>\n<td><\/td>\n<\/tr>\n<tr>\n<td>Fracci\u00f3n XXIV Los informes de resultados de las auditor\u00edas al ejercicio presupuestal de cada sujeto obligado que se realicen y, en su caso, las aclaraciones que correspondan;<\/td>\n<td>Aplica<\/td>\n<td>Direcci\u00f3n Administrativa.<\/td>\n<td><\/td>\n<\/tr>\n<tr>\n<td>Fracci\u00f3n XXV El resultado de la dictaminaci\u00f3n de los estados financieros<\/td>\n<td>Aplica<\/td>\n<td>Direcci\u00f3n de Contabilidad Gubernamental.<\/td>\n<td><\/td>\n<\/tr>\n<tr>\n<td>Fracci\u00f3n XXVI Los montos, criterios, convocatorias y listado de personas f\u00edsicas o morales a quienes, por cualquier motivo, se les asigne o permita usar recursos p\u00fablicos o, en los t\u00e9rminos de las disposiciones aplicables, realicen actos de autoridad. Asimismo, los informes que dichas personas les entreguen sobre el uso y destino de dichos recursos;<\/td>\n<td>No Aplica<\/td>\n<td>No Aplica.<\/td>\n<td><\/td>\n<\/tr>\n<tr>\n<td>Fracci\u00f3n XXVII Las concesiones, contratos, convenios, permisos, licencias o autorizaciones otorgados, especificando los titulares de aqu\u00e9llos, debiendo publicarse su objeto, nombre o raz\u00f3n social del titular, vigencia, tipo, t\u00e9rminos, condiciones, monto y modificaciones, as\u00ed como si el procedimiento involucra el aprovechamiento de bienes, servicios y\/o recursos p\u00fablicos;<\/td>\n<td>Aplica<\/td>\n<td>Subsecretaria de Planeaci\u00f3n e Inversi\u00f3n P\u00fablica, y<br \/>\nTesorer\u00eda.<\/td>\n<td><\/td>\n<\/tr>\n<tr>\n<td>8Fracci\u00f3n XXVIII La informaci\u00f3n sobre los resultados sobre procedimientos de adjudicaci\u00f3n directa, invitaci\u00f3n restringida y licitaci\u00f3n de cualquier naturaleza, incluyendo la Versi\u00f3n P\u00fablica del Expediente respectivo y de los contratos celebrados, que deber\u00e1 contener, por lo menos, lo siguiente:\u2026<\/td>\n<td>Aplica<\/td>\n<td>Direcci\u00f3n Administrativa.<\/td>\n<td><\/td>\n<\/tr>\n<tr>\n<td>Fracci\u00f3n XXIX Los informes que por disposici\u00f3n legal generen los sujetos obligados; <\/td>\n<td>Aplica<\/td>\n<td>-Tesorer\u00eda.<br \/>\n-Direcci\u00f3n de Contabilidad Gubernamental.\n<\/td>\n<td><\/td>\n<\/tr>\n<tr>\n<td>Fracci\u00f3n XXX Las estad\u00edsticas que generen en cumplimiento de sus facultades, competencias o funciones con la mayor desagregaci\u00f3n posible;<\/td>\n<td>Aplica<\/td>\n<td>-Direcci\u00f3n de lo Contencioso.<br \/>\n-Direcci\u00f3n de Contabilidad Gubernamental.<br \/>\n-Direcci\u00f3n de Ingresos.<br \/>\n-Direcci\u00f3n de Auditoria e Inspecci\u00f3n Fiscal.<br \/>\n-Subsecretar\u00eda de Planeaci\u00f3n e Inversi\u00f3n P\u00fablica.<br \/>\n-Tesorer\u00eda\n<\/td>\n<td><\/td>\n<\/tr>\n<tr>\n<td>Fracci\u00f3n XXXI Informe de avances program\u00e1ticos o presupuestales, balances generales y su estado financiero;<\/td>\n<td>Aplica<\/td>\n<td>Direcci\u00f3n Administrativa.<\/td>\n<td><\/td>\n<\/tr>\n<tr>\n<td>Fracci\u00f3n XXXII Padr\u00f3n de proveedores y contratistas;<\/td>\n<td>Aplica<\/td>\n<td>Direcci\u00f3n Administrativa.<\/td>\n<td><\/td>\n<\/tr>\n<tr>\n<td>Fracci\u00f3n XXXIII Los convenios de coordinaci\u00f3n de concertaci\u00f3n con los sectores social y privado;<\/td>\n<td>Aplica<\/td>\n<td>Subsecretar\u00eda de Planeaci\u00f3n e Inversi\u00f3n P\u00fablica.<\/td>\n<td><\/td>\n<\/tr>\n<tr>\n<td>Fracci\u00f3n XXXIV El inventario de bienes muebles e inmuebles en posesi\u00f3n y propiedad;<\/td>\n<td>Aplica<\/td>\n<td>Direcci\u00f3n Administrativa.<\/td>\n<td><\/td>\n<\/tr>\n<tr>\n<td>Fracci\u00f3n XXXV Las recomendaciones emitidas por los \u00f3rganos p\u00fablicos del Estado mexicano u organismos internacionales garantes de los derechos humanos, as\u00ed como las acciones que han llevado a cabo para su atenci\u00f3n;<\/td>\n<td>Aplica<\/td>\n<td>Direcci\u00f3n de lo Contencioso.<\/td>\n<td><\/td>\n<\/tr>\n<tr>\n<td>Fracci\u00f3n XXXVI Las resoluciones y laudos que se emitan en procesos o procedimientos seguidos en forma de juicio;<\/td>\n<td>Aplica<\/td>\n<td>Direcci\u00f3n de lo Contencioso.<\/td>\n<td><\/td>\n<\/tr>\n<tr>\n<td>Fracci\u00f3n XXXVII Los mecanismos de participaci\u00f3n ciudadana;<\/td>\n<td>No Aplica<\/td>\n<td>No Aplica.<\/td>\n<td><\/td>\n<\/tr>\n<tr>\n<td>Fracci\u00f3n XXXVIII Los programas que ofrecen, incluyendo informaci\u00f3n sobre la poblaci\u00f3n, objetivo y destino, as\u00ed como los tr\u00e1mites, tiempos de respuesta, requisitos y formatos para acceder a los mismos;<\/td>\n<td>Aplica<\/td>\n<td>Direcci\u00f3n de Ingresos.<\/td>\n<td><\/td>\n<\/tr>\n<tr>\n<td>Fracci\u00f3n XXXIX Las actas y resoluciones del Comit\u00e9 de Transparencia de los sujetos obligados;<\/td>\n<td>Aplica<\/td>\n<td>Procuradur\u00eda Fiscal.<\/td>\n<td><\/td>\n<\/tr>\n<tr>\n<td>Fracci\u00f3n XL Todas las evaluaciones y encuestas que hagan los sujetos obligados a programas financiados con recursos p\u00fablicos;<\/td>\n<td>Aplica<\/td>\n<td>Direcci\u00f3n de Evaluaci\u00f3n de la Inversi\u00f3n P\u00fablica.<\/td>\n<td><\/td>\n<\/tr>\n<tr>\n<td>Fracci\u00f3n XLI Los estudios financiados con recursos p\u00fablicos;<\/td>\n<td>Aplica<\/td>\n<td>Direcci\u00f3n Administrativa.<\/td>\n<td><\/td>\n<\/tr>\n<tr>\n<td>Fracci\u00f3n XLII El listado de jubilados y pensionados y el monto que reciben;<\/td>\n<td>Aplica<\/td>\n<td>Direcci\u00f3n Administrativa.<\/td>\n<td><\/td>\n<\/tr>\n<tr>\n<td>Fracci\u00f3n XLIII Los ingresos recibidos por cualquier concepto se\u00f1alando el nombre de los responsables de recibirlos, administrarlos y ejercerlos, as\u00ed como su destino, indicando el destino de cada uno de ellos;<\/td>\n<td>Aplica<\/td>\n<td>Direcci\u00f3n de Ingresos.<\/td>\n<td><\/td>\n<\/tr>\n<tr>\n<td>Fracci\u00f3n XLIV Donaciones hechas a terceros en dinero o en especie;<\/td>\n<td>Aplica<\/td>\n<td>Direcci\u00f3n Administrativa<\/td>\n<td><\/td>\n<\/tr>\n<tr>\n<td>Fracci\u00f3n XLV El cat\u00e1logo de disposici\u00f3n y gu\u00eda de archivo documental;<\/td>\n<td>Aplica<\/td>\n<td>Direcci\u00f3n de Legislaci\u00f3n, Consulta, Asuntos Jur\u00eddicos y Transparencia.<\/td>\n<td><\/td>\n<\/tr>\n<tr>\n<td>Fracci\u00f3n XLVI Las actas de sesiones ordinarias y extraordinarias, as\u00ed como las opiniones y recomendaciones que emitan, en su caso, los consejos consultivos;<\/td>\n<td>Aplica<\/td>\n<td>Direcci\u00f3n de Contabilidad.<\/td>\n<td><\/td>\n<\/tr>\n<tr>\n<td>Fracci\u00f3n XLVII Para efectos estad\u00edsticos, el listado de solicitudes a las empresas concesionarias de telecomunicaciones y proveedores de servicios o aplicaciones de Internet para la intervenci\u00f3n de comunicaciones privadas, el acceso al registro de comunicaciones y la localizaci\u00f3n geogr\u00e1fica en tiempo real de equipos de comunicaci\u00f3n, que contenga exclusivamente el objeto, el alcance temporal y los fundamentos legales del requerimiento, as\u00ed como, en su caso, la menci\u00f3n de que cuenta con la autorizaci\u00f3n judicial correspondiente, y<\/td>\n<td>No Aplica<\/td>\n<td>No Aplica.<\/td>\n<td><\/td>\n<\/tr>\n<tr>\n<td>Fracci\u00f3n XLVIII Cualquier otra informaci\u00f3n que sea de utilidad o se considere relevante, adem\u00e1s de la que, con base en la informaci\u00f3n estad\u00edstica, responda a las preguntas hechas con m\u00e1s frecuencia por el p\u00fablico.<\/td>\n<td>Aplica<\/td>\n<td>Procuradur\u00eda Fiscal.<\/td>\n<td><\/td>\n<\/tr>\n<\/table>\n","protected":false},"excerpt":{"rendered":"<p>table, tr, th, td { border:1px solid black; } table { width:130%; } tr { padding:0px; border:1px solid black; } th { padding:5px; font-size: 12px; font-face:arial; color:white; text-align: center; } td { border:1px solid black; text-align: justify; font-size: 12px; font-face:arial; padding:5px; } FRACCI\u00d3N APLICA\/NO APLICA UNIDAD ADMINISTRATIVA RESPONSABLE DE GENERAR LA INFORMACI\u00d3N DESCARGAR Fracci\u00f3n I [&hellip;]<\/p>\n","protected":false},"author":1,"featured_media":0,"parent":0,"menu_order":0,"comment_status":"closed","ping_status":"closed","template":"","meta":{"episode_type":"","audio_file":"","podmotor_file_id":"","podmotor_episode_id":"","cover_image":"","cover_image_id":"","duration":"","filesize":"","filesize_raw":"","date_recorded":"","explicit":"","block":"","itunes_episode_number":"","itunes_title":"","itunes_season_number":"","itunes_episode_type":"","footnotes":""},"categories":[],"tags":[],"class_list":["post-425","page","type-page","status-publish","hentry"],"acf":[],"publishpress_future_action":{"enabled":false,"date":"2026-04-22 00:10:04","action":"change-status","newStatus":"draft","terms":[],"taxonomy":"category","extraData":[]},"publishpress_future_workflow_manual_trigger":{"enabledWorkflows":[]},"_links":{"self":[{"href":"https:\/\/www.oaxaca.gob.mx\/fidelo\/wp-json\/wp\/v2\/pages\/425","targetHints":{"allow":["GET"]}}],"collection":[{"href":"https:\/\/www.oaxaca.gob.mx\/fidelo\/wp-json\/wp\/v2\/pages"}],"about":[{"href":"https:\/\/www.oaxaca.gob.mx\/fidelo\/wp-json\/wp\/v2\/types\/page"}],"author":[{"embeddable":true,"href":"https:\/\/www.oaxaca.gob.mx\/fidelo\/wp-json\/wp\/v2\/users\/1"}],"replies":[{"embeddable":true,"href":"https:\/\/www.oaxaca.gob.mx\/fidelo\/wp-json\/wp\/v2\/comments?post=425"}],"version-history":[{"count":0,"href":"https:\/\/www.oaxaca.gob.mx\/fidelo\/wp-json\/wp\/v2\/pages\/425\/revisions"}],"wp:attachment":[{"href":"https:\/\/www.oaxaca.gob.mx\/fidelo\/wp-json\/wp\/v2\/media?parent=425"}],"wp:term":[{"taxonomy":"category","embeddable":true,"href":"https:\/\/www.oaxaca.gob.mx\/fidelo\/wp-json\/wp\/v2\/categories?post=425"},{"taxonomy":"post_tag","embeddable":true,"href":"https:\/\/www.oaxaca.gob.mx\/fidelo\/wp-json\/wp\/v2\/tags?post=425"}],"curies":[{"name":"wp","href":"https:\/\/api.w.org\/{rel}","templated":true}]}}