{"id":41,"date":"2016-02-12T15:47:50","date_gmt":"2016-02-12T21:47:50","guid":{"rendered":"http:\/\/www.fidelo.oaxaca.gob.mx\/?page_id=41"},"modified":"2016-02-12T15:47:50","modified_gmt":"2016-02-12T21:47:50","slug":"ubicacion","status":"publish","type":"page","link":"https:\/\/www.oaxaca.gob.mx\/fidelo\/ubicacion\/","title":{"rendered":"Ubicaci\u00f3n"},"content":{"rendered":"<p>\t\t\t\tEl Parque Industrial y Maquilador \u00abOaxaca 2000\u00bb se ubica en el km.52 Cristobal Col\u00f3n en el municipio de Magdalena Apasco, Etla, Oaxaca, M\u00e9xico, a 22 km de la Ciudad de Oaxaca de Ju\u00e1rez.<\/p>\n<p align=\"center\"><a href=\"\/fidelo\/wp-content\/uploads\/sites\/24\/2016\/02\/mapa.png\"><img decoding=\"async\" class=\"alignnone size-medium wp-image-131\" src=\"http:\/\/www.fidelo.oaxaca.gob.mx\/wp-content\/uploads\/2016\/02\/ubicacion-parq.png\" alt=\"mapa\" \/><\/a><\/p>\n","protected":false},"excerpt":{"rendered":"<p>El Parque Industrial y Maquilador \u00abOaxaca 2000\u00bb se ubica en el km.52 Cristobal Col\u00f3n en el municipio de Magdalena Apasco, Etla, Oaxaca, M\u00e9xico, a 22 km de la Ciudad de Oaxaca de Ju\u00e1rez.<\/p>\n","protected":false},"author":1,"featured_media":0,"parent":0,"menu_order":0,"comment_status":"closed","ping_status":"closed","template":"","meta":{"episode_type":"","audio_file":"","podmotor_file_id":"","podmotor_episode_id":"","cover_image":"","cover_image_id":"","duration":"","filesize":"","filesize_raw":"","date_recorded":"","explicit":"","block":"","itunes_episode_number":"","itunes_title":"","itunes_season_number":"","itunes_episode_type":"","footnotes":""},"categories":[],"tags":[],"class_list":["post-41","page","type-page","status-publish","hentry"],"acf":[],"publishpress_future_action":{"enabled":false,"date":"2026-04-21 23:51:08","action":"change-status","newStatus":"draft","terms":[],"taxonomy":"category","extraData":[]},"publishpress_future_workflow_manual_trigger":{"enabledWorkflows":[]},"_links":{"self":[{"href":"https:\/\/www.oaxaca.gob.mx\/fidelo\/wp-json\/wp\/v2\/pages\/41","targetHints":{"allow":["GET"]}}],"collection":[{"href":"https:\/\/www.oaxaca.gob.mx\/fidelo\/wp-json\/wp\/v2\/pages"}],"about":[{"href":"https:\/\/www.oaxaca.gob.mx\/fidelo\/wp-json\/wp\/v2\/types\/page"}],"author":[{"embeddable":true,"href":"https:\/\/www.oaxaca.gob.mx\/fidelo\/wp-json\/wp\/v2\/users\/1"}],"replies":[{"embeddable":true,"href":"https:\/\/www.oaxaca.gob.mx\/fidelo\/wp-json\/wp\/v2\/comments?post=41"}],"version-history":[{"count":0,"href":"https:\/\/www.oaxaca.gob.mx\/fidelo\/wp-json\/wp\/v2\/pages\/41\/revisions"}],"wp:attachment":[{"href":"https:\/\/www.oaxaca.gob.mx\/fidelo\/wp-json\/wp\/v2\/media?parent=41"}],"wp:term":[{"taxonomy":"category","embeddable":true,"href":"https:\/\/www.oaxaca.gob.mx\/fidelo\/wp-json\/wp\/v2\/categories?post=41"},{"taxonomy":"post_tag","embeddable":true,"href":"https:\/\/www.oaxaca.gob.mx\/fidelo\/wp-json\/wp\/v2\/tags?post=41"}],"curies":[{"name":"wp","href":"https:\/\/api.w.org\/{rel}","templated":true}]}}