{"id":3823,"date":"2018-10-26T13:19:05","date_gmt":"2018-10-26T19:19:05","guid":{"rendered":"http:\/\/www.fidelo.oaxaca.gob.mx\/?page_id=3823"},"modified":"2018-10-26T13:19:05","modified_gmt":"2018-10-26T19:19:05","slug":"articulo-80-transparencia","status":"publish","type":"page","link":"https:\/\/www.oaxaca.gob.mx\/fidelo\/articulo-80-transparencia\/","title":{"rendered":"Articulo 80 Transparencia"},"content":{"rendered":"<p>#cssmenu,<br \/>\n#cssmenu ul,<br \/>\n#cssmenu ul li,<br \/>\n#cssmenu ul li a,<br \/>\n#cssmenu #menu-button {<br \/>\n  margin: 0;<br \/>\n  padding: 0;<br \/>\n  border: 0;<br \/>\n  list-style: none;<br \/>\n  line-height: 1;<br \/>\n  display: block;<br \/>\n  position: relative;<br \/>\n  -webkit-box-sizing: border-box;<br \/>\n  -moz-box-sizing: border-box;<br \/>\n  box-sizing: border-box;<br \/>\n}<br \/>\n#cssmenu:after,<br \/>\n#cssmenu &gt; ul:after {<br \/>\n  content: \u00ab.\u00bb;<br \/>\n  display: block;<br \/>\n  clear: both;<br \/>\n  visibility: hidden;<br \/>\n  line-height: 0;<br \/>\n  height: 0;<br \/>\n  align:center;<br \/>\n}<br \/>\n#cssmenu #menu-button {<br \/>\n  display: none;<br \/>\n}<br \/>\n#cssmenu {<br \/>\n  align:center;<br \/>\n  width: auto;<br \/>\n  font-family: &#8216;Open Sans&#8217;, Helvetica, sans-serif;<br \/>\n  background: #39b1cc;<br \/>\n  background: -moz-linear-gradient(top, #6c4487 0%, #6a3e88 100%);<br \/>\n  background: -webkit-gradient(linear, left top, left bottom, color-stop(0%, #6c4487), color-stop(100%, #6a3e88));<br \/>\n  background: -webkit-linear-gradient(top, #6c4487 0%, #6a3e88 100%);<br \/>\n  background: -o-linear-gradient(top, #6c4487 0%, #6a3e88 100%);<br \/>\n  background: -ms-linear-gradient(top, #6c4487 0%, #6a3e88 100%);<br \/>\n  background: linear-gradient(to bottom, #6c4487 0%, #6a3e88 100%);<br \/>\n}<br \/>\n#cssmenu &gt; ul {<br \/>\n  background: url(&#8216;images\/bg.png&#8217;);<br \/>\n  box-shadow: inset 0 -3px 0 rgba(0, 0, 0, 0.05);<br \/>\n}<br \/>\n#cssmenu.align-right &gt; ul &gt; li {<br \/>\n  float: right;<br \/>\n}<br \/>\n#cssmenu &gt; ul &gt; li {<br \/>\n  float: left;<br \/>\n  display: inline-block;<br \/>\n}<br \/>\n#cssmenu.align-center &gt; ul {<br \/>\n  float: none;<br \/>\n  text-align: center;<br \/>\n}<br \/>\n#cssmenu.align-center &gt; ul &gt; li {<br \/>\n  float: none;<br \/>\n}<br \/>\n#cssmenu.align-center ul ul {<br \/>\n  text-align: left;<br \/>\n}<br \/>\n#cssmenu &gt; ul &gt; li &gt; a {<br \/>\n  padding: 18px 25px 21px 25px;<br \/>\n  border-right: 1px solid rgba(80, 80, 80, 0.12);<br \/>\n  text-decoration: none;<br \/>\n  font-size: 13px;<br \/>\n  font-weight: 700;<br \/>\n  color: #b1b1b1;                                        \/\/Color de Letras de Menu principal<br \/>\n  text-transform: uppercase;<br \/>\n  letter-spacing: 1px;<br \/>\n}<br \/>\n#cssmenu &gt; ul &gt; li:hover &gt; a,<br \/>\n#cssmenu &gt; ul &gt; li &gt; a:hover,<br \/>\n#cssmenu &gt; ul &gt; li.active &gt; a {<br \/>\n  color: #ffffff;<br \/>\n  background: #777678;                                  \/\/Color de menu al pasar mouse<br \/>\n  background: rgba(0, 0, 0, 0.1);<br \/>\n}<br \/>\n#cssmenu &gt; ul &gt; li.has-sub &gt; a {<br \/>\n  padding-right: 45px;<br \/>\n}<br \/>\n#cssmenu &gt; ul &gt; li.has-sub &gt; a::after {<br \/>\n  content: \u00ab\u00bb;<br \/>\n  position: absolute;<br \/>\n  width: 0;<br \/>\n  height: 0;<br \/>\n  border: 6px solid transparent;<br \/>\n  border-top-color: #d3eced;<br \/>\n  right: 17px;<br \/>\n  top: 22px;<br \/>\n}<br \/>\n#cssmenu &gt; ul &gt; li.has-sub.active &gt; a::after,<br \/>\n#cssmenu &gt; ul &gt; li.has-sub:hover &gt; a {<br \/>\n  border-top-color: #ffffff;<br \/>\n}<br \/>\n#cssmenu ul ul {<br \/>\n  position: absolute;<br \/>\n  left: -9999px;<br \/>\n  top: 60px;<br \/>\n  padding-top: 6px;<br \/>\n  font-size: 13px;<br \/>\n  opacity: 0;<br \/>\n  -webkit-transition: top 0.2s ease, opacity 0.2s ease-in;<br \/>\n  -moz-transition: top 0.2s ease, opacity 0.2s ease-in;<br \/>\n  -ms-transition: top 0.2s ease, opacity 0.2s ease-in;<br \/>\n  -o-transition: top 0.2s ease, opacity 0.2s ease-in;<br \/>\n  transition: top 0.2s ease, opacity 0.2s ease-in;<br \/>\n}<br \/>\n#cssmenu.align-right ul ul {<br \/>\n  text-align: right;<br \/>\n}<br \/>\n#cssmenu &gt; ul &gt; li &gt; ul::after {<br \/>\n  content: \u00ab\u00bb;<br \/>\n  position: absolute;<br \/>\n  width: 0;<br \/>\n  height: 0;<br \/>\n  border: 5px solid transparent;<br \/>\n  border-bottom-color: #ffffff;<br \/>\n  top: -4px;<br \/>\n  left: 20px;<br \/>\n}<br \/>\n#cssmenu.align-right &gt; ul &gt; li &gt; ul::after {<br \/>\n  left: auto;<br \/>\n  right: 20px;<br \/>\n}<br \/>\n#cssmenu ul ul ul::after {<br \/>\n  content: \u00ab\u00bb;<br \/>\n  position: absolute;<br \/>\n  width: 0;<br \/>\n  height: 0;<br \/>\n  border: 5px solid transparent;<br \/>\n  border-right-color: #ffffff;<br \/>\n  top: 11px;<br \/>\n  left: -4px;<br \/>\n}<br \/>\n#cssmenu.align-right ul ul ul::after {<br \/>\n  border-right-color: transparent;<br \/>\n  border-left-color: #ffffff;<br \/>\n  left: auto;<br \/>\n  right: -4px;<br \/>\n}<br \/>\n#cssmenu &gt; ul &gt; li &gt; ul {<br \/>\n  top: 120px;<br \/>\n}<br \/>\n#cssmenu &gt; ul &gt; li:hover &gt; ul {<br \/>\n  top: 52px;<br \/>\n  left: 0;<br \/>\n  opacity: 1;<br \/>\n}<br \/>\n#cssmenu.align-right &gt; ul &gt; li:hover &gt; ul {<br \/>\n  left: auto;<br \/>\n  right: 0;<br \/>\n}<br \/>\n#cssmenu ul ul ul {<br \/>\n  padding-top: 0;<br \/>\n  padding-left: 6px;<br \/>\n}<br \/>\n#cssmenu.align-right ul ul ul {<br \/>\n  padding-right: 6px;<br \/>\n}<br \/>\n#cssmenu ul ul &gt; li:hover &gt; ul {<br \/>\n  left: 180px;<br \/>\n  top: 0;<br \/>\n  opacity: 1;<br \/>\n}<br \/>\n#cssmenu.align-right ul ul &gt; li:hover &gt; ul {<br \/>\n  left: auto;<br \/>\n  right: 100%;<br \/>\n  opacity: 1;<br \/>\n}<br \/>\n#cssmenu ul ul li a {<br \/>\n  text-decoration: none;<br \/>\n  font-weight: 400;<br \/>\n  padding: 11px 25px;<br \/>\n  width: 180px;<br \/>\n  color: #777777;<br \/>\n  background: #ffffff;<br \/>\n  box-shadow: 0 2px 2px rgba(0, 0, 0, 0.1), 1px 1px 1px rgba(0, 0, 0, 0.1), -1px 1px 1px rgba(0, 0, 0, 0.1);<br \/>\n}<br \/>\n#cssmenu ul ul li:hover &gt; a,<br \/>\n#cssmenu ul ul li.active &gt; a {<br \/>\n  color: #333333;<br \/>\n}<br \/>\n#cssmenu ul ul li:first-child &gt; a {<br \/>\n  border-top-left-radius: 3px;<br \/>\n  border-top-right-radius: 3px;<br \/>\n}<br \/>\n#cssmenu ul ul li:last-child &gt; a {<br \/>\n  border-bottom-left-radius: 3px;<br \/>\n  border-bottom-right-radius: 3px;<br \/>\n}<br \/>\n#cssmenu &gt; ul &gt; li &gt; ul::after {<br \/>\n  position: absolute;<br \/>\n  display: block;<br \/>\n}<br \/>\n#cssmenu ul ul li.has-sub &gt; a::after {<br \/>\n  content: \u00ab\u00bb;<br \/>\n  position: absolute;<br \/>\n  width: 0;<br \/>\n  height: 0;<br \/>\n  border: 4px solid transparent;<br \/>\n  border-left-color: #777777;<br \/>\n  right: 17px;<br \/>\n  top: 14px;<br \/>\n}<br \/>\n#cssmenu.align-right ul ul li.has-sub &gt; a::after {<br \/>\n  border-left-color: transparent;<br \/>\n  border-right-color: #777777;<br \/>\n  right: auto;<br \/>\n  left: 17px;<br \/>\n}<br \/>\n#cssmenu ul ul li.has-sub.active &gt; a::after,<br \/>\n#cssmenu ul ul li.has-sub:hover &gt; a::after {<br \/>\n  border-left-color: #333333;<br \/>\n}<br \/>\n#cssmenu.align-right ul ul li.has-sub.active &gt; a::after,<br \/>\n#cssmenu.align-right ul ul li.has-sub:hover &gt; a::after {<br \/>\n  border-right-color: #333333;<br \/>\n  border-left-color: transparent;<br \/>\n}<br \/>\n@media all and (max-width: 800px), only screen and (-webkit-min-device-pixel-ratio: 2) and (max-width: 1024px), only screen and (min&#8211;moz-device-pixel-ratio: 2) and (max-width: 1024px), only screen and (-o-min-device-pixel-ratio: 2\/1) and (max-width: 1024px), only screen and (min-device-pixel-ratio: 2) and (max-width: 1024px), only screen and (min-resolution: 192dpi) and (max-width: 1024px), only screen and (min-resolution: 2dppx) and (max-width: 1024px) {<br \/>\n  #cssmenu {<br \/>\n    background: #39b1cc;<br \/>\n  }<br \/>\n  #cssmenu &gt; ul {<br \/>\n    display: none;<br \/>\n  }<br \/>\n  #cssmenu &gt; ul.open {<br \/>\n    display: block;<br \/>\n    border-top: 1px solid rgba(0, 0, 0, 0.1);<br \/>\n  }<br \/>\n  #cssmenu.align-right &gt; ul {<br \/>\n    float: none;<br \/>\n  }<br \/>\n  #cssmenu.align-center &gt; ul {<br \/>\n    text-align: left;<br \/>\n  }<br \/>\n  #cssmenu &gt; ul &gt; li,<br \/>\n  #cssmenu.align-right &gt; ul &gt; li {<br \/>\n    float: none;<br \/>\n    display: block;<br \/>\n  }<br \/>\n  #cssmenu &gt; ul &gt; li &gt; a {<br \/>\n    padding: 18px 25px 18px 25px;<br \/>\n    border-right: 0;<br \/>\n  }<br \/>\n  #cssmenu &gt; ul &gt; li:hover &gt; a,<br \/>\n  #cssmenu &gt; ul &gt; li.active &gt; a {<br \/>\n    background: rgba(0, 0, 0, 0.1);<br \/>\n  }<br \/>\n  #cssmenu #menu-button {<br \/>\n    display: block;<br \/>\n    text-decoration: none;<br \/>\n    font-size: 13px;<br \/>\n    font-weight: 700;<br \/>\n    color: #d3eced;<br \/>\n    padding: 18px 25px 18px 25px;<br \/>\n    text-transform: uppercase;<br \/>\n    letter-spacing: 1px;<br \/>\n    background: url(&#8216;images\/bg.png&#8217;);<br \/>\n    cursor: pointer;<br \/>\n  }<br \/>\n  #cssmenu ul ul,<br \/>\n  #cssmenu ul li:hover &gt; ul,<br \/>\n  #cssmenu &gt; ul &gt; li &gt; ul,<br \/>\n  #cssmenu ul ul ul,<br \/>\n  #cssmenu ul ul li:hover &gt; ul,<br \/>\n  #cssmenu.align-right ul ul,<br \/>\n  #cssmenu.align-right ul li:hover &gt; ul,<br \/>\n  #cssmenu.align-right &gt; ul &gt; li &gt; ul,<br \/>\n  #cssmenu.align-right ul ul ul,<br \/>\n  #cssmenu.align-right ul ul li:hover &gt; ul {<br \/>\n    left: 0;<br \/>\n    right: auto;<br \/>\n    top: auto;<br \/>\n    opacity: 1;<br \/>\n    width: 100%;<br \/>\n    padding: 0;<br \/>\n    position: relative;<br \/>\n    text-align: left;<br \/>\n  }<br \/>\n  #cssmenu ul ul li {<br \/>\n    width: 100%;<br \/>\n  }<br \/>\n  #cssmenu ul ul li a {<br \/>\n    width: 100%;<br \/>\n    box-shadow: none;<br \/>\n    padding-left: 35px;<br \/>\n  }<br \/>\n  #cssmenu ul ul ul li a {<br \/>\n    padding-left: 45px;<br \/>\n  }<br \/>\n  #cssmenu ul ul li:first-child &gt; a,<br \/>\n  #cssmenu ul ul li:last-child &gt; a {<br \/>\n    border-radius: 0;<br \/>\n  }<br \/>\n  #cssmenu #menu-button::after {<br \/>\n    display: block;<br \/>\n    content: \u00bb;<br \/>\n    position: absolute;<br \/>\n    height: 3px;<br \/>\n    width: 22px;<br \/>\n    border-top: 2px solid #d3eced;<br \/>\n    border-bottom: 2px solid #d3eced;<br \/>\n    right: 25px;<br \/>\n    top: 18px;<br \/>\n  }<br \/>\n  #cssmenu #menu-button::before {<br \/>\n    display: block;<br \/>\n    content: \u00bb;<br \/>\n    position: absolute;<br \/>\n    height: 3px;<br \/>\n    width: 22px;<br \/>\n    border-top: 2px solid #d3eced;<br \/>\n    right: 25px;<br \/>\n    top: 28px;<br \/>\n  }<br \/>\n  #cssmenu &gt; ul &gt; li.has-sub &gt; a::after,<br \/>\n  #cssmenu ul ul li.has-sub &gt; a::after {<br \/>\n    display: none;<br \/>\n  }<br \/>\n}<\/p>\n<div id=\"cssmenu\">\n<ul>\n<li class=\"has-sub\"><a href=\"#\">Articulos<\/a>\n<ul>\n<li class=\"has-sub\"><a href=\"#\">LGTAIP<\/a>\n<ul>\n<li><a href=\"http:\/\/www.fidelo.oaxaca.gob.mx\/articulo-70-transparencia\/\">Articulo 70<\/a><\/li>\n<li class=\"last\"><a href=\"http:\/\/www.fidelo.oaxaca.gob.mx\/articulo-77-transparencia\/\">Articulo 77<\/a><\/li>\n<li class=\"last\"><a href=\"http:\/\/www.fidelo.oaxaca.gob.mx\/articulo-80-transparencia\/\">Articulo 80<\/a><\/li>\n<\/ul>\n<\/li>\n<li class=\"has-sub\"><a href=\"#\">LTAIPO<\/a>\n<ul>\n<li><a href=\"http:\/\/www.fidelo.oaxaca.gob.mx\/articulo-32-transparencia\/\">Articulo 32<\/a><\/li>\n<li class=\"last\"><a href=\"http:\/\/www.fidelo.oaxaca.gob.mx\/articulo-36-transparencia\/\">Articulo 36<\/a><\/li>\n<\/ul>\n<\/li>\n<\/ul>\n<\/li>\n<li class=\"has-sub\"><a href=\"#\">Tablas<\/a>\n<ul>\n<li class=\"last\"><a href=\"http:\/\/www.fidelo.oaxaca.gob.mx\/tabla-de-aplicabilidad-2\/\">Tabla de Aplicabilidad<\/a><\/li>\n<li class=\"last\"><a href=\"http:\/\/www.fidelo.oaxaca.gob.mx\/tabla-de-actualizacion-y-conservacion\/\">Tabla de Actualizaci\u00f3n y Conservaci\u00f3n de la Informaci\u00f3n<\/a><\/li>\n<\/ul>\n<\/li>\n<li><a href=\"http:\/\/iaipoaxaca.org.mx\/transparencia\/denuncia\">Denuncia por incumplimiento<\/a><\/li>\n<li><a href=\"https:\/\/consultapublicamx.inai.org.mx\/vut-web\/?idSujetoObigadoParametro=11893&amp;idEntidadParametro=20&amp;idSectorParametro=25\">SIPOT<\/a><\/li>\n<li class=\"has-sub\"><a href=\"#\">IECR<\/a>\n<ul>\n<li class=\"last\"><a href=\"\/fidelo\/wp-content\/uploads\/sites\/24\/2018\/10\/4-SESION-ORDINARIA-CT-2018.pdf\">\u00cdndice de Expedientes Clasificados como Reservados<\/a><\/li>\n<\/ul>\n<\/li>\n<\/ul>\n<\/div>\n<p><\/br><br \/><\/br><\/p>\n\n<table id=\"tablepress-42\" class=\"tablepress tablepress-id-42\">\n<thead>\n<tr class=\"row-1\">\n\t<th class=\"column-1\">FECHA<\/th><th class=\"column-2\">NUMERO<\/th><th class=\"column-3\">TITULO<\/th><th class=\"column-4\">ARCHIVOS<\/th>\n<\/tr>\n<\/thead>\n<tbody class=\"row-striping row-hover\">\n<tr class=\"row-2\">\n\t<td class=\"column-1\">27\/09\/2024<\/td><td class=\"column-2\">FIDELO-01-2024<\/td><td class=\"column-3\">Licitaci\u00f3n P\u00fablica Estatal No. LPE-920052973-E01-2024 Rehabilitaci\u00f3n de Planta Purificadora de Agua Potable de San Miguel\u00a0Mixtepec.<\/td><td class=\"column-4\"><div align='left'><li><a href=\"https:\/\/www.oaxaca.gob.mx\/fidelo\/wp-content\/uploads\/sites\/24\/2024\/09\/Convocatoria-LPE-920052973-E01-2024.pdf \" target=\"_blank\" title=\"Convocatoria\" rel=\"noopener\">CONVOCATORIA<\/a><\/li><li><a href=\"https:\/\/www.oaxaca.gob.mx\/fidelo\/wp-content\/uploads\/sites\/24\/2024\/10\/Acta-apertura-tecnica.pdf\">ACTA DE APERTURA T\u00c9CNICA<\/a><\/li><li><a href=\"https:\/\/www.oaxaca.gob.mx\/fidelo\/wp-content\/uploads\/sites\/24\/2024\/10\/Acta-Junta-de-Aclaraciones.pdf\">JUNTA DE ACLARACIONES<\/a><\/li><li><a href=\"https:\/\/www.oaxaca.gob.mx\/fidelo\/wp-content\/uploads\/sites\/24\/2024\/10\/Minuta-de-Visita-de-Obra.pdf\">MINUTA DE VISITA DE OBRA<\/a><\/li><li><a href=\"https:\/\/www.oaxaca.gob.mx\/fidelo\/wp-content\/uploads\/sites\/24\/2024\/10\/Acta-apertura-economica.pdf\">ACTA DE APERTURA ECONOMICA<\/a><\/li><br \/>\n<\/div><br \/>\n<\/td>\n<\/tr>\n<tr class=\"row-3\">\n\t<td class=\"column-1\">19\/10\/2024<\/td><td class=\"column-2\">FIDELO-02-2024<\/td><td class=\"column-3\">Licitaci\u00f3nP\u00fablica Estatal No. LPE-920052973-E04-2024 Rehabilitaci\u00f3n de Planta Purificadora de San\u00a0MIguel\u00a0Mixtepec.<\/td><td class=\"column-4\"><div align='left'><li><a href=\"https:\/\/www.oaxaca.gob.mx\/fidelo\/wp-content\/uploads\/sites\/24\/2024\/10\/convocatoria-FIDELO-02-2024.pdf\" target=\"_blank\" title=\"Convocatoria\" rel=\"noopener\">CONVOCATORIA<\/a><\/li><li><a href=\"https:\/\/www.oaxaca.gob.mx\/fidelo\/wp-content\/uploads\/sites\/24\/2024\/10\/Junta-de-Aclaraciones.pdf\">JUNTA DE ACLARACIONES<\/a><\/li><li><a href=\"https:\/\/www.oaxaca.gob.mx\/fidelo\/wp-content\/uploads\/sites\/24\/2024\/10\/Minuta-Visita.pdf\">MINUTA VISITA<\/a><\/li><li><a href=\"https:\/\/www.oaxaca.gob.mx\/fidelo\/wp-content\/uploads\/sites\/24\/2024\/11\/acta-apertura-tec-eco-Fidelo.pdf\" target=\"_blank\" title=\"Convocatoria\" rel=\"noopener\">ACTA DE APERTURA<\/a><\/li><li><a href=\"https:\/\/www.oaxaca.gob.mx\/fidelo\/wp-content\/uploads\/sites\/24\/2024\/11\/acta-fallo.pdf\" target=\"_blank\" title=\"Convocatoria\" rel=\"noopener\">ACTA DE FALLO<\/a><\/li><\/div><br \/>\n<\/td>\n<\/tr>\n<\/tbody>\n<\/table>\n<!-- #tablepress-42 from cache -->\n","protected":false},"excerpt":{"rendered":"<p>#cssmenu, #cssmenu ul, #cssmenu ul li, #cssmenu ul li a, #cssmenu #menu-button { margin: 0; padding: 0; border: 0; list-style: none; line-height: 1; display: block; position: relative; -webkit-box-sizing: border-box; -moz-box-sizing: border-box; box-sizing: border-box; } #cssmenu:after, #cssmenu &gt; ul:after { content: \u00ab.\u00bb; display: block; clear: both; visibility: hidden; line-height: 0; height: 0; align:center; } #cssmenu #menu-button [&hellip;]<\/p>\n","protected":false},"author":1,"featured_media":0,"parent":0,"menu_order":0,"comment_status":"closed","ping_status":"closed","template":"","meta":{"episode_type":"","audio_file":"","podmotor_file_id":"","podmotor_episode_id":"","cover_image":"","cover_image_id":"","duration":"","filesize":"","filesize_raw":"","date_recorded":"","explicit":"","block":"","itunes_episode_number":"","itunes_title":"","itunes_season_number":"","itunes_episode_type":"","footnotes":""},"categories":[],"tags":[],"class_list":["post-3823","page","type-page","status-publish","hentry"],"acf":[],"publishpress_future_action":{"enabled":false,"date":"2026-04-22 00:16:14","action":"change-status","newStatus":"draft","terms":[],"taxonomy":"category","extraData":[]},"publishpress_future_workflow_manual_trigger":{"enabledWorkflows":[]},"_links":{"self":[{"href":"https:\/\/www.oaxaca.gob.mx\/fidelo\/wp-json\/wp\/v2\/pages\/3823","targetHints":{"allow":["GET"]}}],"collection":[{"href":"https:\/\/www.oaxaca.gob.mx\/fidelo\/wp-json\/wp\/v2\/pages"}],"about":[{"href":"https:\/\/www.oaxaca.gob.mx\/fidelo\/wp-json\/wp\/v2\/types\/page"}],"author":[{"embeddable":true,"href":"https:\/\/www.oaxaca.gob.mx\/fidelo\/wp-json\/wp\/v2\/users\/1"}],"replies":[{"embeddable":true,"href":"https:\/\/www.oaxaca.gob.mx\/fidelo\/wp-json\/wp\/v2\/comments?post=3823"}],"version-history":[{"count":0,"href":"https:\/\/www.oaxaca.gob.mx\/fidelo\/wp-json\/wp\/v2\/pages\/3823\/revisions"}],"wp:attachment":[{"href":"https:\/\/www.oaxaca.gob.mx\/fidelo\/wp-json\/wp\/v2\/media?parent=3823"}],"wp:term":[{"taxonomy":"category","embeddable":true,"href":"https:\/\/www.oaxaca.gob.mx\/fidelo\/wp-json\/wp\/v2\/categories?post=3823"},{"taxonomy":"post_tag","embeddable":true,"href":"https:\/\/www.oaxaca.gob.mx\/fidelo\/wp-json\/wp\/v2\/tags?post=3823"}],"curies":[{"name":"wp","href":"https:\/\/api.w.org\/{rel}","templated":true}]}}