{"id":31,"date":"2016-02-12T15:02:39","date_gmt":"2016-02-12T21:02:39","guid":{"rendered":"http:\/\/www.fidelo.oaxaca.gob.mx\/?page_id=31"},"modified":"2016-02-12T15:02:39","modified_gmt":"2016-02-12T21:02:39","slug":"quienes-somos","status":"publish","type":"page","link":"https:\/\/www.oaxaca.gob.mx\/fidelo\/quienes-somos\/","title":{"rendered":"\u00bfQui\u00e9nes Somos?"},"content":{"rendered":"<hr \/>\n<hr \/>\n<p><strong>EL FIDEICOMISO PARA EL DESARROLLO LOGISTICO DEL ESTADO DE OAXACA<\/strong>, es una Entidad Paraestatal del Gobierno del Estado de Oaxaca, que se constituy\u00f3 el 15 de febrero de 1997, formalizado mediante contrato de Fideicomiso Irrevocable Traslativo de Dominio y de Administraci\u00f3n para el Desarrollo Log\u00edstico n\u00famero F\/28537-9 de fecha 12 de noviembre de 1997, con la finalidad de impulsar iniciativas empresariales e institucionales generadoras de empleos, promoviendo actividades de inversi\u00f3n en parques industriales, centros de convenciones y centros comerciales, entre otros.\t\t<\/p>\n","protected":false},"excerpt":{"rendered":"<p>EL FIDEICOMISO PARA EL DESARROLLO LOGISTICO DEL ESTADO DE OAXACA, es una Entidad Paraestatal del Gobierno del Estado de Oaxaca, que se constituy\u00f3 el 15 de febrero de 1997, formalizado mediante contrato de Fideicomiso Irrevocable Traslativo de Dominio y de Administraci\u00f3n para el Desarrollo Log\u00edstico n\u00famero F\/28537-9 de fecha 12 de noviembre de 1997, con [&hellip;]<\/p>\n","protected":false},"author":1,"featured_media":0,"parent":0,"menu_order":0,"comment_status":"closed","ping_status":"closed","template":"","meta":{"episode_type":"","audio_file":"","podmotor_file_id":"","podmotor_episode_id":"","cover_image":"","cover_image_id":"","duration":"","filesize":"","filesize_raw":"","date_recorded":"","explicit":"","block":"","itunes_episode_number":"","itunes_title":"","itunes_season_number":"","itunes_episode_type":"","footnotes":""},"categories":[],"tags":[],"class_list":["post-31","page","type-page","status-publish","hentry"],"acf":[],"publishpress_future_action":{"enabled":false,"date":"2026-04-21 23:52:39","action":"change-status","newStatus":"draft","terms":[],"taxonomy":"category","extraData":[]},"publishpress_future_workflow_manual_trigger":{"enabledWorkflows":[]},"_links":{"self":[{"href":"https:\/\/www.oaxaca.gob.mx\/fidelo\/wp-json\/wp\/v2\/pages\/31","targetHints":{"allow":["GET"]}}],"collection":[{"href":"https:\/\/www.oaxaca.gob.mx\/fidelo\/wp-json\/wp\/v2\/pages"}],"about":[{"href":"https:\/\/www.oaxaca.gob.mx\/fidelo\/wp-json\/wp\/v2\/types\/page"}],"author":[{"embeddable":true,"href":"https:\/\/www.oaxaca.gob.mx\/fidelo\/wp-json\/wp\/v2\/users\/1"}],"replies":[{"embeddable":true,"href":"https:\/\/www.oaxaca.gob.mx\/fidelo\/wp-json\/wp\/v2\/comments?post=31"}],"version-history":[{"count":0,"href":"https:\/\/www.oaxaca.gob.mx\/fidelo\/wp-json\/wp\/v2\/pages\/31\/revisions"}],"wp:attachment":[{"href":"https:\/\/www.oaxaca.gob.mx\/fidelo\/wp-json\/wp\/v2\/media?parent=31"}],"wp:term":[{"taxonomy":"category","embeddable":true,"href":"https:\/\/www.oaxaca.gob.mx\/fidelo\/wp-json\/wp\/v2\/categories?post=31"},{"taxonomy":"post_tag","embeddable":true,"href":"https:\/\/www.oaxaca.gob.mx\/fidelo\/wp-json\/wp\/v2\/tags?post=31"}],"curies":[{"name":"wp","href":"https:\/\/api.w.org\/{rel}","templated":true}]}}