{"id":1416,"date":"2017-09-12T21:57:05","date_gmt":"2017-09-13T03:57:05","guid":{"rendered":"http:\/\/www.fidelo.oaxaca.gob.mx\/?page_id=1416"},"modified":"2017-09-12T21:57:05","modified_gmt":"2017-09-13T03:57:05","slug":"cumplimiento-lgtaip","status":"publish","type":"page","link":"https:\/\/www.oaxaca.gob.mx\/fidelo\/cumplimiento-lgtaip\/","title":{"rendered":"Cumplimiento LGTAIP"},"content":{"rendered":"<p>\t\t\t\t[restabs alignment=\u00bbosc-tabs-center\u00bb pills=\u00bbnav-pills\u00bb responsive=\u00bbfalse\u00bb class=\u00bbArtticulos\u00bb tabcolor=\u00bb#662e83&#8243; tabheadcolor=\u00bb#000000&#8243; seltabcolor=\u00bb#ffffff\u00bb tabhovercolor=\u00bb#a63f98&#8243;]\n[restab title=\u00bb<\/p>\n<h5><strong> Articulo 32 LTAIP <\/strong><\/h5>\n<p>\u00bb ]\n<table id=\"tablepress-2\" class=\"tablepress tablepress-id-2\">\n<thead>\n<tr class=\"row-1\">\n\t<th class=\"column-1\">NOMBRE<\/th><th class=\"column-2\">1ER TRIMESTRE<\/th><th class=\"column-3\">2DO TRIMESTRE<\/th><th class=\"column-4\">3ER TRIMESTRE<\/th><th class=\"column-5\">4TO TRIMESTRE<\/th>\n<\/tr>\n<\/thead>\n<tbody class=\"row-striping row-hover\">\n<tr class=\"row-2\">\n\t<td class=\"column-1\"><p align=\"justify\">Estado de Actividades<\/p><\/td><td class=\"column-2\"><a href=\"https:\/\/www.oaxaca.gob.mx\/fidelo\/wp-content\/uploads\/sites\/24\/2019\/07\/1.Estado-de-Actividades.pdf\" target=\"_blank\"><i class=\"far fa-file-pdf fa-2x\">\u00a0<\/i><\/a><\/td><td class=\"column-3\"><a href=\"https:\/\/www.oaxaca.gob.mx\/fidelo\/wp-content\/uploads\/sites\/24\/2019\/07\/1.Estado-de-actividades.pdf\" target=\"_blank\"><i class=\"far fa-file-pdf fa-2x\">\u00a0<\/i><\/a><\/td><td class=\"column-4\"><a href=\"https:\/\/www.oaxaca.gob.mx\/fidelo\/wp-content\/uploads\/sites\/24\/2019\/10\/1.Estado-de-actividades.pdf\" target=\"_blank\"><i class=\"far fa-file-pdf fa-2x\">\u00a0<\/i><\/a><\/td><td class=\"column-5\"><a href=\"https:\/\/www.oaxaca.gob.mx\/fidelo\/wp-content\/uploads\/sites\/24\/2020\/01\/1.Estado-de-Actividades.pdf\" target=\"_blank\"><i class=\"far fa-file-pdf fa-2x\">\u00a0<\/i><\/a><\/td>\n<\/tr>\n<tr class=\"row-3\">\n\t<td class=\"column-1\"><p align=\"justify\">Estado de Situaci\u00f3n Financiera<\/p><\/td><td class=\"column-2\"><a href=\"https:\/\/www.oaxaca.gob.mx\/fidelo\/wp-content\/uploads\/sites\/24\/2019\/07\/2.Estado-de-Situaci\u00f3n-Financiera.pdf\" target=\"_blank\"><i class=\"far fa-file-pdf fa-2x\">\u00a0<\/i><\/a><\/td><td class=\"column-3\"><a href=\"https:\/\/www.oaxaca.gob.mx\/fidelo\/wp-content\/uploads\/sites\/24\/2019\/07\/2.Estado-de-situacion-financiera.pdf\" target=\"_blank\"><i class=\"far fa-file-pdf fa-2x\">\u00a0<\/i><\/a><\/td><td class=\"column-4\"><a href=\"https:\/\/www.oaxaca.gob.mx\/fidelo\/wp-content\/uploads\/sites\/24\/2019\/10\/2.Estado-de-Situaci\u00f3n-Financiera.pdf\" target=\"_blank\"><i class=\"far fa-file-pdf fa-2x\">\u00a0<\/i><\/a><\/td><td class=\"column-5\"><a href=\"https:\/\/www.oaxaca.gob.mx\/fidelo\/wp-content\/uploads\/sites\/24\/2020\/01\/2.Estado-de-Situaci\u00f3n-Financiera.pdf\" target=\"_blank\"><i class=\"far fa-file-pdf fa-2x\">\u00a0<\/i><\/a><\/td>\n<\/tr>\n<tr class=\"row-4\">\n\t<td class=\"column-1\"><p align=\"justify\">Estado de Variaci\u00f3n en la Hacienda P\u00fablica<\/p><\/td><td class=\"column-2\"><a href=\"https:\/\/www.oaxaca.gob.mx\/fidelo\/wp-content\/uploads\/sites\/24\/2019\/07\/3.Estado-de-Variaci\u00f3n-en-la-Hacienda-P\u00fablica.pdf\" target=\"_blank\"><i class=\"far fa-file-pdf fa-2x\">\u00a0<\/i><\/a><\/td><td class=\"column-3\"><a href=\"https:\/\/www.oaxaca.gob.mx\/fidelo\/wp-content\/uploads\/sites\/24\/2019\/07\/3.Estado-de-Variacion.pdf\" target=\"_blank\"><i class=\"far fa-file-pdf fa-2x\">\u00a0<\/i><\/a><\/td><td class=\"column-4\"><a href=\"https:\/\/www.oaxaca.gob.mx\/fidelo\/wp-content\/uploads\/sites\/24\/2019\/10\/3.Estado-de-Variaci\u00f3n-en-la-Hacienda-P\u00fablica.pdf\" target=\"_blank\"><i class=\"far fa-file-pdf fa-2x\">\u00a0<\/i><\/a><\/td><td class=\"column-5\"><a href=\"https:\/\/www.oaxaca.gob.mx\/fidelo\/wp-content\/uploads\/sites\/24\/2020\/01\/3.Estado-de-Variaci\u00f3n-en-la-Hacienda-P\u00fablica.pdf\" target=\"_blank\"><i class=\"far fa-file-pdf fa-2x\">\u00a0<\/i><\/a><\/td>\n<\/tr>\n<tr class=\"row-5\">\n\t<td class=\"column-1\"><p align=\"justify\">Estado de Cambios en la Situaci\u00f3n Financiera<\/p><\/td><td class=\"column-2\"><a href=\"https:\/\/www.oaxaca.gob.mx\/fidelo\/wp-content\/uploads\/sites\/24\/2019\/07\/4.Estado-de-Cambios.pdf\" target=\"_blank\"><i class=\"far fa-file-pdf fa-2x\">\u00a0<\/i><\/a><\/td><td class=\"column-3\"><a href=\"https:\/\/www.oaxaca.gob.mx\/fidelo\/wp-content\/uploads\/sites\/24\/2019\/07\/4.Estado-de-cambios.pdf\" target=\"_blank\"><i class=\"far fa-file-pdf fa-2x\">\u00a0<\/i><\/a><\/td><td class=\"column-4\"><a href=\"https:\/\/www.oaxaca.gob.mx\/fidelo\/wp-content\/uploads\/sites\/24\/2019\/10\/4.Estado-de-Cambios-en-la-Situaci\u00f3n-Financiera.pdf\" target=\"_blank\"><i class=\"far fa-file-pdf fa-2x\">\u00a0<\/i><\/a><\/td><td class=\"column-5\"><a href=\"https:\/\/www.oaxaca.gob.mx\/fidelo\/wp-content\/uploads\/sites\/24\/2020\/01\/4.Estado-de-Cambios-en-la-Situaci\u00f3n-Financiera.pdf\" target=\"_blank\"><i class=\"far fa-file-pdf fa-2x\">\u00a0<\/i><\/a><\/td>\n<\/tr>\n<tr class=\"row-6\">\n\t<td class=\"column-1\"><p align=\"justify\">Estado de Flujos de Efectivo<\/p><\/td><td class=\"column-2\"><a href=\"https:\/\/www.oaxaca.gob.mx\/fidelo\/wp-content\/uploads\/sites\/24\/2019\/07\/5.Estado-de-FLUJO.pdf\" target=\"_blank\"><i class=\"far fa-file-pdf fa-2x\">\u00a0<\/i><\/a><\/td><td class=\"column-3\"><a href=\"https:\/\/www.oaxaca.gob.mx\/fidelo\/wp-content\/uploads\/sites\/24\/2019\/07\/5.flujo_.pdf\" target=\"_blank\"><i class=\"far fa-file-pdf fa-2x\">\u00a0<\/i><\/a><\/td><td class=\"column-4\"><a href=\"https:\/\/www.oaxaca.gob.mx\/fidelo\/wp-content\/uploads\/sites\/24\/2019\/10\/5.FLUJO_.pdf\" target=\"_blank\"><i class=\"far fa-file-pdf fa-2x\">\u00a0<\/i><\/a><\/td><td class=\"column-5\"><a href=\"https:\/\/www.oaxaca.gob.mx\/fidelo\/wp-content\/uploads\/sites\/24\/2020\/01\/5.-Estado-de-Fujos-de-Efectivo.pdf\" target=\"_blank\"><i class=\"far fa-file-pdf fa-2x\">\u00a0<\/i><\/a><\/td>\n<\/tr>\n<tr class=\"row-7\">\n\t<td class=\"column-1\"><p align=\"justify\">Informe sobre Pasivos Contingente<\/p><\/td><td class=\"column-2\"><a href=\"https:\/\/www.oaxaca.gob.mx\/fidelo\/wp-content\/uploads\/sites\/24\/2019\/07\/6.Informe-sobre-Pasivos-Contingente.pdf\" target=\"_blank\"><i class=\"far fa-file-pdf fa-2x\">\u00a0<\/i><\/a><\/td><td class=\"column-3\"><a href=\"https:\/\/www.oaxaca.gob.mx\/fidelo\/wp-content\/uploads\/sites\/24\/2019\/07\/6.informe-sobre-pasivos-contingentes.pdf\" target=\"_blank\"><i class=\"far fa-file-pdf fa-2x\">\u00a0<\/i><\/a><\/td><td class=\"column-4\"><a href=\"https:\/\/www.oaxaca.gob.mx\/fidelo\/wp-content\/uploads\/sites\/24\/2019\/10\/6.Informe-sobre-Pasivos-Contingentes.pdf\" target=\"_blank\"><i class=\"far fa-file-pdf fa-2x\">\u00a0<\/i><\/a><\/td><td class=\"column-5\"><a href=\"https:\/\/www.oaxaca.gob.mx\/fidelo\/wp-content\/uploads\/sites\/24\/2020\/01\/6.Informe-sobre-Pasivos-Contingentes.pdf\" target=\"_blank\"><i class=\"far fa-file-pdf fa-2x\">\u00a0<\/i><\/a><\/td>\n<\/tr>\n<tr class=\"row-8\">\n\t<td class=\"column-1\"><p align=\"justify\">Notas a los Estados Financieros<\/p><\/td><td class=\"column-2\"><a href=\"https:\/\/www.oaxaca.gob.mx\/fidelo\/wp-content\/uploads\/sites\/24\/2019\/07\/7.NOTAS_.pdf\" target=\"_blank\"><i class=\"far fa-file-pdf fa-2x\">\u00a0<\/i><\/a><\/td><td class=\"column-3\"><a href=\"https:\/\/www.oaxaca.gob.mx\/fidelo\/wp-content\/uploads\/sites\/24\/2019\/07\/7.notas_.pdf\" target=\"_blank\"><i class=\"far fa-file-pdf fa-2x\">\u00a0<\/i><\/a><\/td><td class=\"column-4\"><a href=\"https:\/\/www.oaxaca.gob.mx\/fidelo\/wp-content\/uploads\/sites\/24\/2019\/10\/7.Notas-a-los-Estados-Financieros.pdf\" target=\"_blank\"><i class=\"far fa-file-pdf fa-2x\">\u00a0<\/i><\/a><\/td><td class=\"column-5\"><a href=\"https:\/\/www.oaxaca.gob.mx\/fidelo\/wp-content\/uploads\/sites\/24\/2020\/01\/7.Notas-a-los-Estados-Financieros.pdf\" target=\"_blank\"><i class=\"far fa-file-pdf fa-2x\">\u00a0<\/i><\/a><\/td>\n<\/tr>\n<tr class=\"row-9\">\n\t<td class=\"column-1\"><p align=\"justify\">Estado Anal\u00edtico del Activo<\/p><\/td><td class=\"column-2\"><a href=\"https:\/\/www.oaxaca.gob.mx\/fidelo\/wp-content\/uploads\/sites\/24\/2019\/07\/8.Estado-Anal\u00edtico-del-Activo.pdf\" target=\"_blank\"><i class=\"far fa-file-pdf fa-2x\">\u00a0<\/i><\/a><\/td><td class=\"column-3\"><a href=\"https:\/\/www.oaxaca.gob.mx\/fidelo\/wp-content\/uploads\/sites\/24\/2019\/07\/8.estado-analitico-del-activo.pdf\" target=\"_blank\"><i class=\"far fa-file-pdf fa-2x\">\u00a0<\/i><\/a><\/td><td class=\"column-4\"><a href=\"https:\/\/www.oaxaca.gob.mx\/fidelo\/wp-content\/uploads\/sites\/24\/2019\/10\/8.Estado-Anal\u00edtico-del-Activo.pdf\" target=\"_blank\"><i class=\"far fa-file-pdf fa-2x\">\u00a0<\/i><\/a><\/td><td class=\"column-5\"><a href=\"https:\/\/www.oaxaca.gob.mx\/fidelo\/wp-content\/uploads\/sites\/24\/2020\/01\/8.Estado-Analitico-del-Activo.pdf\" target=\"_blank\"><i class=\"far fa-file-pdf fa-2x\">\u00a0<\/i><\/a><\/td>\n<\/tr>\n<tr class=\"row-10\">\n\t<td class=\"column-1\"><p align=\"justify\">Estado Anal\u00edtico de la Deuda y Otros Pasivo<\/p><\/td><td class=\"column-2\"><a href=\"https:\/\/www.oaxaca.gob.mx\/fidelo\/wp-content\/uploads\/sites\/24\/2019\/07\/9.Estado-Anal\u00edtico-de-la-Deuda-y-Otros-Pasivos.pdf\" target=\"_blank\"><i class=\"far fa-file-pdf fa-2x\">\u00a0<\/i><\/a><\/td><td class=\"column-3\"><a href=\"https:\/\/www.oaxaca.gob.mx\/fidelo\/wp-content\/uploads\/sites\/24\/2019\/07\/9.Estado-analitico-de-la-Deuda.pdf\" target=\"_blank\"><i class=\"far fa-file-pdf fa-2x\">\u00a0<\/i><\/a><\/td><td class=\"column-4\"><a href=\"https:\/\/www.oaxaca.gob.mx\/fidelo\/wp-content\/uploads\/sites\/24\/2019\/10\/9.Estado-Anal\u00edtico-de-la-Deuda-y-Otros-Pasivos.pdf\" target=\"_blank\"><i class=\"far fa-file-pdf fa-2x\">\u00a0<\/i><\/a><\/td><td class=\"column-5\"><a href=\"https:\/\/www.oaxaca.gob.mx\/fidelo\/wp-content\/uploads\/sites\/24\/2020\/01\/9.Estado-Analitico-de-la-Deuda.pdf\" target=\"_blank\"><i class=\"far fa-file-pdf fa-2x\">\u00a0<\/i><\/a><\/td>\n<\/tr>\n<\/tbody>\n<\/table>\n<!-- #tablepress-2 from cache -->[\/restab]\n[restab title=\u00bb<\/p>\n<h5><strong> Articulo 36 LTAIP <\/strong><\/h5>\n<p>\u00ab]\n<table id=\"tablepress-3\" class=\"tablepress tablepress-id-3\">\n<thead>\n<tr class=\"row-1\">\n\t<th class=\"column-1\">NOMBRE<\/th><th class=\"column-2\">1ER TRIMESTRE<\/th><th class=\"column-3\">2DO TRIMESTRE<\/th><th class=\"column-4\">3ER TRIMESTRE<\/th><th class=\"column-5\">4TO TRIMESTRE<\/th>\n<\/tr>\n<\/thead>\n<tbody class=\"row-striping row-hover\">\n<tr class=\"row-2\">\n\t<td class=\"column-1\"><p align=\"justify\">Estado Anal\u00edtico de Ingresos<\/p><\/td><td class=\"column-2\"><a href=\"https:\/\/www.oaxaca.gob.mx\/fidelo\/wp-content\/uploads\/sites\/24\/2019\/07\/10.analitico-ingresos.pdf\" target=\"_blank\"><i class=\"far fa-file-pdf fa-2x\">\u00a0<\/i><\/a><\/td><td class=\"column-3\"><a href=\"https:\/\/www.oaxaca.gob.mx\/fidelo\/wp-content\/uploads\/sites\/24\/2019\/07\/10.Estado-analitico-de-ingresos.pdf\" target=\"_blank\"><i class=\"far fa-file-pdf fa-2x\">\u00a0<\/i><\/a><\/td><td class=\"column-4\"><a href=\"https:\/\/www.oaxaca.gob.mx\/fidelo\/wp-content\/uploads\/sites\/24\/2019\/10\/10.Estado-Anal\u00edtico-de-Ingresos.pdf\" target=\"_blank\"><i class=\"far fa-file-pdf fa-2x\">\u00a0<\/i><\/a><\/td><td class=\"column-5\"><a href=\"https:\/\/www.oaxaca.gob.mx\/fidelo\/wp-content\/uploads\/sites\/24\/2020\/01\/10.Anal\u00edtico-de-Ingresos.pdf\" target=\"_blank\"><i class=\"far fa-file-pdf fa-2x\">\u00a0<\/i><\/a><\/td>\n<\/tr>\n<tr class=\"row-3\">\n\t<td class=\"column-1\"><p align=\"justify\">Estado Anal\u00edtico del Ejercicio del Presupuesto de Egresos con Clasificaci\u00f3n Administrativa<\/p><\/td><td class=\"column-2\"><a href=\"https:\/\/www.oaxaca.gob.mx\/fidelo\/wp-content\/uploads\/sites\/24\/2019\/07\/11.clasificaci\u00f3n-administrativa.pdf\" target=\"_blank\"><i class=\"far fa-file-pdf fa-2x\">\u00a0<\/i><\/a><\/td><td class=\"column-3\"><a href=\"https:\/\/www.oaxaca.gob.mx\/fidelo\/wp-content\/uploads\/sites\/24\/2019\/07\/11.CLASIFICACION_ADMINISTRATIVA.pdf\" target=\"_blank\"><i class=\"far fa-file-pdf fa-2x\">\u00a0<\/i><\/a><\/td><td class=\"column-4\"><a href=\"https:\/\/www.oaxaca.gob.mx\/fidelo\/wp-content\/uploads\/sites\/24\/2019\/10\/11.CLASIFICACION_ADMINISTRATIVA.pdf\" target=\"_blank\"><i class=\"far fa-file-pdf fa-2x\">\u00a0<\/i><\/a><\/td><td class=\"column-5\"><a href=\"https:\/\/www.oaxaca.gob.mx\/fidelo\/wp-content\/uploads\/sites\/24\/2020\/01\/11.Clasificaci\u00f3n-Administrativa.pdf\" target=\"_blank\"><i class=\"far fa-file-pdf fa-2x\">\u00a0<\/i><\/a><\/td>\n<\/tr>\n<tr class=\"row-4\">\n\t<td class=\"column-1\"><p align=\"justify\">Estado Anal\u00edtico del Ejercicio del Presupuesto de Egresos con Clasificaci\u00f3n Econ\u00f3mica (por Tipo de Gasto)<\/p><\/td><td class=\"column-2\"><a href=\"https:\/\/www.oaxaca.gob.mx\/fidelo\/wp-content\/uploads\/sites\/24\/2019\/07\/12.Clasificacion-economica.pdf\" target=\"_blank\"><i class=\"far fa-file-pdf fa-2x\">\u00a0<\/i><\/a><\/td><td class=\"column-3\"><a href=\"https:\/\/www.oaxaca.gob.mx\/fidelo\/wp-content\/uploads\/sites\/24\/2019\/07\/12.CLASIFICACION_ECONOMICA.pdf\" target=\"_blank\"><i class=\"far fa-file-pdf fa-2x\">\u00a0<\/i><\/a><\/td><td class=\"column-4\"><a href=\"https:\/\/www.oaxaca.gob.mx\/fidelo\/wp-content\/uploads\/sites\/24\/2019\/10\/12.CLASIFICACION_ECONOMICA.pdf\" target=\"_blank\"><i class=\"far fa-file-pdf fa-2x\">\u00a0<\/i><\/a><\/td><td class=\"column-5\"><a href=\"https:\/\/www.oaxaca.gob.mx\/fidelo\/wp-content\/uploads\/sites\/24\/2020\/01\/12.Clasificaci\u00f3n-Economica.pdf\" target=\"_blank\"><i class=\"far fa-file-pdf fa-2x\">\u00a0<\/i><\/a><\/td>\n<\/tr>\n<tr class=\"row-5\">\n\t<td class=\"column-1\"><p align=\"justify\">Estado Anal\u00edtico del Ejercicio del Presupuesto de Egresos con Clasificaci\u00f3n por Objeto del Gasto<\/p><\/td><td class=\"column-2\"><a href=\"https:\/\/www.oaxaca.gob.mx\/fidelo\/wp-content\/uploads\/sites\/24\/2019\/07\/13.COG_.pdf\" target=\"_blank\"><i class=\"far fa-file-pdf fa-2x\">\u00a0<\/i><\/a><\/td><td class=\"column-3\"><a href=\"https:\/\/www.oaxaca.gob.mx\/fidelo\/wp-content\/uploads\/sites\/24\/2019\/07\/13.COG_-1.pdf\" target=\"_blank\"><i class=\"far fa-file-pdf fa-2x\">\u00a0<\/i><\/a><\/td><td class=\"column-4\"><a href=\"https:\/\/www.oaxaca.gob.mx\/fidelo\/wp-content\/uploads\/sites\/24\/2019\/10\/13.Clasificaci\u00f3n-por-Objeto-del-Gasto.pdf\" target=\"_blank\"><i class=\"far fa-file-pdf fa-2x\">\u00a0<\/i><\/a><\/td><td class=\"column-5\"><a href=\"https:\/\/www.oaxaca.gob.mx\/fidelo\/wp-content\/uploads\/sites\/24\/2020\/01\/13.Clasificaci\u00f3n-por-objeto-del-gasto.pdf\" target=\"_blank\"><i class=\"far fa-file-pdf fa-2x\">\u00a0<\/i><\/a><\/td>\n<\/tr>\n<tr class=\"row-6\">\n\t<td class=\"column-1\"><p align=\"justify\">Estado Anal\u00edtico del Ejercicio del Presupuesto de Egresos con Clasificaci\u00f3n Funcional<\/p><\/td><td class=\"column-2\"><a href=\"https:\/\/www.oaxaca.gob.mx\/fidelo\/wp-content\/uploads\/sites\/24\/2019\/07\/14.-Funcional.pdf\" target=\"_blank\"><i class=\"far fa-file-pdf fa-2x\">\u00a0<\/i><\/a><\/td><td class=\"column-3\"><a href=\"https:\/\/www.oaxaca.gob.mx\/fidelo\/wp-content\/uploads\/sites\/24\/2019\/07\/14.Clasificaci\u00f3n-funcional.pdf\" target=\"_blank\"><i class=\"far fa-file-pdf fa-2x\">\u00a0<\/i><\/a><\/td><td class=\"column-4\"><a href=\"https:\/\/www.oaxaca.gob.mx\/fidelo\/wp-content\/uploads\/sites\/24\/2019\/10\/14.-Clasificaci\u00f3n-funcional.pdf\" target=\"_blank\"><i class=\"far fa-file-pdf fa-2x\">\u00a0<\/i><\/a><\/td><td class=\"column-5\"><a href=\"https:\/\/www.oaxaca.gob.mx\/fidelo\/wp-content\/uploads\/sites\/24\/2020\/01\/14.Clasificaci\u00f3n-Funcional.pdf\" target=\"_blank\"><i class=\"far fa-file-pdf fa-2x\">\u00a0<\/i><\/a><\/td>\n<\/tr>\n<\/tbody>\n<\/table>\n<!-- #tablepress-3 from cache -->[\/restab]\n[restab title=\u00bb<\/p>\n<h5><strong> Articulo 70 <\/strong><\/h5>\n<p>\u00bb active=\u00bbactive\u00bb] [TABS_R id=1456] [\/restab]\n[restab title=\u00bb<\/p>\n<h5><strong> Articulo 77 <\/strong><\/h5>\n<p>\u00ab][TABS_R id=1572][\/restab]\n[restab title=\u00bb<\/p>\n<h5><strong> Articulo 80 <\/strong><\/h5>\n<p>\u00ab]\n<table id=\"tablepress-8\" class=\"tablepress tablepress-id-8\">\n<thead>\n<tr class=\"row-1\">\n\t<th class=\"column-1\">Nombre<\/th><th class=\"column-2\">Documento<\/th>\n<\/tr>\n<\/thead>\n<tbody class=\"row-striping row-hover\">\n<tr class=\"row-2\">\n\t<td class=\"column-1\">Bases y anexos<\/td><td class=\"column-2\"><a href=\"https:\/\/www.oaxaca.gob.mx\/fidelo\/wp-content\/uploads\/sites\/24\/2019\/08\/Bases-y-Anexos.zip\"><i class=\"far fa-file-archive fa-2x\" \/><\/a><\/td>\n<\/tr>\n<tr class=\"row-3\">\n\t<td class=\"column-1\">Junta de aclaracion<\/td><td class=\"column-2\"><a href=\"https:\/\/www.oaxaca.gob.mx\/fidelo\/wp-content\/uploads\/sites\/24\/2019\/08\/junta-de-aclaracion.pdf\" target=\"_blank\"><i class=\"far fa-file-pdf fa-2x\" \/><\/a><\/td>\n<\/tr>\n<tr class=\"row-4\">\n\t<td class=\"column-1\">Acta de visita pimo<\/td><td class=\"column-2\"><a href=\"https:\/\/www.oaxaca.gob.mx\/fidelo\/wp-content\/uploads\/sites\/24\/2019\/08\/acta-de-visita-pimo.pdf\" target=\"_blank\"><i class=\"far fa-file-pdf fa-2x\" \/><\/a><\/td>\n<\/tr>\n<tr class=\"row-5\">\n\t<td class=\"column-1\">Catalogo derivado de Junta de Aclaraciones<\/td><td class=\"column-2\"><a href=\"https:\/\/www.oaxaca.gob.mx\/fidelo\/wp-content\/uploads\/sites\/24\/2019\/08\/Catalogo-derivado-de-Junta-de-Aclaraciones.pdf\" target=\"_blank\"><i class=\"far fa-file-pdf fa-2x\" \/><\/a><\/td>\n<\/tr>\n<tr class=\"row-6\">\n\t<td class=\"column-1\">FIDELO-E01-19-AE<\/td><td class=\"column-2\"><a href=\"https:\/\/www.oaxaca.gob.mx\/fidelo\/wp-content\/uploads\/sites\/24\/2019\/08\/FIDELO-E01-19-AE.pdf\" target=\"_blank\"><i class=\"far fa-file-pdf fa-2x\" \/><\/a><\/td>\n<\/tr>\n<tr class=\"row-7\">\n\t<td class=\"column-1\">FIDELO-E01-19-AF<\/td><td class=\"column-2\"><a href=\"https:\/\/www.oaxaca.gob.mx\/fidelo\/wp-content\/uploads\/sites\/24\/2019\/08\/FIDELO-E01-19-AF.pdf\" target=\"_blank\"><i class=\"far fa-file-pdf fa-2x\" \/><\/a><\/td>\n<\/tr>\n<tr class=\"row-8\">\n\t<td class=\"column-1\">FIDELO-E01-19-AT<\/td><td class=\"column-2\"><a href=\"https:\/\/www.oaxaca.gob.mx\/fidelo\/wp-content\/uploads\/sites\/24\/2019\/08\/FIDELO-E01-19-AT.pdf\" target=\"_blank\"><i class=\"far fa-file-pdf fa-2x\" \/><\/a><\/td>\n<\/tr>\n<\/tbody>\n<\/table>\n<!-- #tablepress-8 from cache -->[\/restab][\/restabs]\t\t<\/p>\n","protected":false},"excerpt":{"rendered":"<p>[restabs alignment=\u00bbosc-tabs-center\u00bb pills=\u00bbnav-pills\u00bb responsive=\u00bbfalse\u00bb class=\u00bbArtticulos\u00bb tabcolor=\u00bb#662e83&#8243; tabheadcolor=\u00bb#000000&#8243; seltabcolor=\u00bb#ffffff\u00bb tabhovercolor=\u00bb#a63f98&#8243;] [restab title=\u00bb Articulo 32 LTAIP \u00bb ][\/restab] [restab title=\u00bb Articulo 36 LTAIP \u00ab][\/restab] [restab title=\u00bb Articulo 70 \u00bb active=\u00bbactive\u00bb] [TABS_R id=1456] [\/restab] [restab title=\u00bb Articulo 77 \u00ab][TABS_R id=1572][\/restab] [restab title=\u00bb Articulo 80 \u00ab][\/restab][\/restabs]<\/p>\n","protected":false},"author":1,"featured_media":0,"parent":0,"menu_order":0,"comment_status":"closed","ping_status":"closed","template":"","meta":{"episode_type":"","audio_file":"","podmotor_file_id":"","podmotor_episode_id":"","cover_image":"","cover_image_id":"","duration":"","filesize":"","filesize_raw":"","date_recorded":"","explicit":"","block":"","itunes_episode_number":"","itunes_title":"","itunes_season_number":"","itunes_episode_type":"","footnotes":""},"categories":[],"tags":[],"class_list":["post-1416","page","type-page","status-publish","hentry"],"acf":[],"publishpress_future_action":{"enabled":false,"date":"2026-04-21 23:54:57","action":"change-status","newStatus":"draft","terms":[],"taxonomy":"category","extraData":[]},"publishpress_future_workflow_manual_trigger":{"enabledWorkflows":[]},"_links":{"self":[{"href":"https:\/\/www.oaxaca.gob.mx\/fidelo\/wp-json\/wp\/v2\/pages\/1416","targetHints":{"allow":["GET"]}}],"collection":[{"href":"https:\/\/www.oaxaca.gob.mx\/fidelo\/wp-json\/wp\/v2\/pages"}],"about":[{"href":"https:\/\/www.oaxaca.gob.mx\/fidelo\/wp-json\/wp\/v2\/types\/page"}],"author":[{"embeddable":true,"href":"https:\/\/www.oaxaca.gob.mx\/fidelo\/wp-json\/wp\/v2\/users\/1"}],"replies":[{"embeddable":true,"href":"https:\/\/www.oaxaca.gob.mx\/fidelo\/wp-json\/wp\/v2\/comments?post=1416"}],"version-history":[{"count":0,"href":"https:\/\/www.oaxaca.gob.mx\/fidelo\/wp-json\/wp\/v2\/pages\/1416\/revisions"}],"wp:attachment":[{"href":"https:\/\/www.oaxaca.gob.mx\/fidelo\/wp-json\/wp\/v2\/media?parent=1416"}],"wp:term":[{"taxonomy":"category","embeddable":true,"href":"https:\/\/www.oaxaca.gob.mx\/fidelo\/wp-json\/wp\/v2\/categories?post=1416"},{"taxonomy":"post_tag","embeddable":true,"href":"https:\/\/www.oaxaca.gob.mx\/fidelo\/wp-json\/wp\/v2\/tags?post=1416"}],"curies":[{"name":"wp","href":"https:\/\/api.w.org\/{rel}","templated":true}]}}