{"id":4094,"date":"2023-11-27T11:12:13","date_gmt":"2023-11-27T17:12:13","guid":{"rendered":"https:\/\/www.oaxaca.gob.mx\/digepo\/?page_id=4094"},"modified":"2024-02-12T13:59:57","modified_gmt":"2024-02-12T19:59:57","slug":"viaticos","status":"publish","type":"page","link":"https:\/\/www.oaxaca.gob.mx\/digepo\/viaticos\/","title":{"rendered":"Viaticos"},"content":{"rendered":"<p>Fundamentos:<\/p>\n<ul>\n<li><a href=\"https:\/\/productosdigepo.oaxaca.gob.mx\/recursos\/transparencia\/viaticos\/REGLAMENTO-DE-LA-LEY-ESTATAL-DE-PRESUPUESTO-Y-RESPONSABILIDAD-HACENDARIA-2023.pdf\" target=\"_blank\" rel=\"noopener\">Reglamento de la Ley Estatal de Presupuesto y Responsabilidad Hacendaria<\/a><\/li>\n<li><a href=\"https:\/\/productosdigepo.oaxaca.gob.mx\/recursos\/transparencia\/viaticos\/JUSTIFICACION.pdf\" target=\"_blank\" rel=\"noopener\">Justificaci\u00f3n Viaticos<\/a><\/li>\n<\/ul>\n<hr \/>\n<ul class=\"nav nav-tabs\">\n<li class=\"nav-item\">\n\t\t<a class=\"nav-link\" data-bs-toggle=\"tab\" href=\"#viaticos2022\">Comisiones 2022<\/a>\n\t<\/li>\n<li class=\"nav-item\">\n\t\t<a class=\"nav-link\" data-bs-toggle=\"tab\" href=\"#comprobacion2022\">Comprobaci\u00f3n 2022<\/a>\n\t<\/li>\n<li class=\"nav-item\">\n\t\t<a class=\"nav-link\" data-bs-toggle=\"tab\" href=\"#viaticos2023\">Comisiones 2023<\/a>\n\t<\/li>\n<li class=\"nav-item\">\n\t\t<a class=\"nav-link active\" data-bs-toggle=\"tab\" href=\"#comprobacion2023\">Comprobaci\u00f3n 2023<\/a>\n\t<\/li>\n<\/ul>\n<div class=\"tab-content\">\n<div class=\"tab-pane container\" id=\"viaticos2022\">\n<table id=\"tablepress-60\" class=\"tablepress tablepress-id-60\">\n<thead>\n<tr class=\"row-1\">\n\t<th class=\"column-1\">N\u00famero Viatico<\/th><th class=\"column-2\">Soporte<\/th>\n<\/tr>\n<\/thead>\n<tbody class=\"row-striping row-hover\">\n<tr class=\"row-2\">\n\t<td class=\"column-1\">2<\/td><td class=\"column-2\"><a href=\"https:\/\/productosdigepo.oaxaca.gob.mx\/recursos\/transparencia\/viaticos\/2022\/2.pdf\" target=\"_blank\" rel=\"noopener noreferrer\"><i class=\"far fa-file-pdf fa-2x\"><\/i><\/a><\/td>\n<\/tr>\n<tr class=\"row-3\">\n\t<td class=\"column-1\">3<\/td><td class=\"column-2\"><a href=\"https:\/\/productosdigepo.oaxaca.gob.mx\/recursos\/transparencia\/viaticos\/2022\/3.pdf\" target=\"_blank\" rel=\"noopener noreferrer\"><i class=\"far fa-file-pdf fa-2x\"><\/i><\/a><\/td>\n<\/tr>\n<tr class=\"row-4\">\n\t<td class=\"column-1\">4<\/td><td class=\"column-2\"><a href=\"https:\/\/productosdigepo.oaxaca.gob.mx\/recursos\/transparencia\/viaticos\/2022\/4.pdf\" target=\"_blank\" rel=\"noopener noreferrer\"><i class=\"far fa-file-pdf fa-2x\"><\/i><\/a><\/td>\n<\/tr>\n<tr class=\"row-5\">\n\t<td class=\"column-1\">5<\/td><td class=\"column-2\"><a href=\"https:\/\/productosdigepo.oaxaca.gob.mx\/recursos\/transparencia\/viaticos\/2022\/5.pdf\" target=\"_blank\" rel=\"noopener noreferrer\"><i class=\"far fa-file-pdf fa-2x\"><\/i><\/a><\/td>\n<\/tr>\n<tr class=\"row-6\">\n\t<td class=\"column-1\">6<\/td><td class=\"column-2\"><a href=\"https:\/\/productosdigepo.oaxaca.gob.mx\/recursos\/transparencia\/viaticos\/2022\/6.pdf\" target=\"_blank\" rel=\"noopener noreferrer\"><i class=\"far fa-file-pdf fa-2x\"><\/i><\/a><\/td>\n<\/tr>\n<tr class=\"row-7\">\n\t<td class=\"column-1\">7<\/td><td class=\"column-2\"><a href=\"https:\/\/productosdigepo.oaxaca.gob.mx\/recursos\/transparencia\/viaticos\/2022\/7.pdf\" target=\"_blank\" rel=\"noopener noreferrer\"><i class=\"far fa-file-pdf fa-2x\"><\/i><\/a><\/td>\n<\/tr>\n<tr class=\"row-8\">\n\t<td class=\"column-1\">8<\/td><td class=\"column-2\"><a href=\"https:\/\/productosdigepo.oaxaca.gob.mx\/recursos\/transparencia\/viaticos\/2022\/8.pdf\" target=\"_blank\" rel=\"noopener noreferrer\"><i class=\"far fa-file-pdf fa-2x\"><\/i><\/a><\/td>\n<\/tr>\n<tr class=\"row-9\">\n\t<td class=\"column-1\">9<\/td><td class=\"column-2\"><a href=\"https:\/\/productosdigepo.oaxaca.gob.mx\/recursos\/transparencia\/viaticos\/2022\/9.pdf\" target=\"_blank\" rel=\"noopener noreferrer\"><i class=\"far fa-file-pdf fa-2x\"><\/i><\/a><\/td>\n<\/tr>\n<tr class=\"row-10\">\n\t<td class=\"column-1\">10<\/td><td class=\"column-2\"><a href=\"https:\/\/productosdigepo.oaxaca.gob.mx\/recursos\/transparencia\/viaticos\/2022\/10.pdf\" target=\"_blank\" rel=\"noopener noreferrer\"><i class=\"far fa-file-pdf fa-2x\"><\/i><\/a><\/td>\n<\/tr>\n<tr class=\"row-11\">\n\t<td class=\"column-1\">12<\/td><td class=\"column-2\"><a href=\"https:\/\/productosdigepo.oaxaca.gob.mx\/recursos\/transparencia\/viaticos\/2022\/12.pdf\" target=\"_blank\" rel=\"noopener noreferrer\"><i class=\"far fa-file-pdf fa-2x\"><\/i><\/a><\/td>\n<\/tr>\n<tr class=\"row-12\">\n\t<td class=\"column-1\">13<\/td><td class=\"column-2\"><a href=\"https:\/\/productosdigepo.oaxaca.gob.mx\/recursos\/transparencia\/viaticos\/2022\/13.pdf\" target=\"_blank\" rel=\"noopener noreferrer\"><i class=\"far fa-file-pdf fa-2x\"><\/i><\/a><\/td>\n<\/tr>\n<tr class=\"row-13\">\n\t<td class=\"column-1\">14<\/td><td class=\"column-2\"><a href=\"https:\/\/productosdigepo.oaxaca.gob.mx\/recursos\/transparencia\/viaticos\/2022\/14.pdf\" target=\"_blank\" rel=\"noopener noreferrer\"><i class=\"far fa-file-pdf fa-2x\"><\/i><\/a><\/td>\n<\/tr>\n<tr class=\"row-14\">\n\t<td class=\"column-1\">15<\/td><td class=\"column-2\"><a href=\"https:\/\/productosdigepo.oaxaca.gob.mx\/recursos\/transparencia\/viaticos\/2022\/15.pdf\" target=\"_blank\" rel=\"noopener noreferrer\"><i class=\"far fa-file-pdf fa-2x\"><\/i><\/a><\/td>\n<\/tr>\n<tr class=\"row-15\">\n\t<td class=\"column-1\">16<\/td><td class=\"column-2\"><a href=\"https:\/\/productosdigepo.oaxaca.gob.mx\/recursos\/transparencia\/viaticos\/2022\/16.pdf\" target=\"_blank\" rel=\"noopener noreferrer\"><i class=\"far fa-file-pdf fa-2x\"><\/i><\/a><\/td>\n<\/tr>\n<tr class=\"row-16\">\n\t<td class=\"column-1\">17<\/td><td class=\"column-2\"><a href=\"https:\/\/productosdigepo.oaxaca.gob.mx\/recursos\/transparencia\/viaticos\/2022\/17.pdf\" target=\"_blank\" rel=\"noopener noreferrer\"><i class=\"far fa-file-pdf fa-2x\"><\/i><\/a><\/td>\n<\/tr>\n<tr class=\"row-17\">\n\t<td class=\"column-1\">18<\/td><td class=\"column-2\"><a href=\"https:\/\/productosdigepo.oaxaca.gob.mx\/recursos\/transparencia\/viaticos\/2022\/18.pdf\" target=\"_blank\" rel=\"noopener noreferrer\"><i class=\"far fa-file-pdf fa-2x\"><\/i><\/a><\/td>\n<\/tr>\n<tr class=\"row-18\">\n\t<td class=\"column-1\">19<\/td><td class=\"column-2\"><a href=\"https:\/\/productosdigepo.oaxaca.gob.mx\/recursos\/transparencia\/viaticos\/2022\/19.pdf\" target=\"_blank\" rel=\"noopener noreferrer\"><i class=\"far fa-file-pdf fa-2x\"><\/i><\/a><\/td>\n<\/tr>\n<tr class=\"row-19\">\n\t<td class=\"column-1\">20<\/td><td class=\"column-2\"><a href=\"https:\/\/productosdigepo.oaxaca.gob.mx\/recursos\/transparencia\/viaticos\/2022\/20.pdf\" target=\"_blank\" rel=\"noopener noreferrer\"><i class=\"far fa-file-pdf fa-2x\"><\/i><\/a><\/td>\n<\/tr>\n<tr class=\"row-20\">\n\t<td class=\"column-1\">21<\/td><td class=\"column-2\"><a href=\"https:\/\/productosdigepo.oaxaca.gob.mx\/recursos\/transparencia\/viaticos\/2022\/21.pdf\" target=\"_blank\" rel=\"noopener noreferrer\"><i class=\"far fa-file-pdf fa-2x\"><\/i><\/a><\/td>\n<\/tr>\n<tr class=\"row-21\">\n\t<td class=\"column-1\">22<\/td><td class=\"column-2\"><a href=\"https:\/\/productosdigepo.oaxaca.gob.mx\/recursos\/transparencia\/viaticos\/2022\/22.pdf\" target=\"_blank\" rel=\"noopener noreferrer\"><i class=\"far fa-file-pdf fa-2x\"><\/i><\/a><\/td>\n<\/tr>\n<tr class=\"row-22\">\n\t<td class=\"column-1\">23<\/td><td class=\"column-2\"><a href=\"https:\/\/productosdigepo.oaxaca.gob.mx\/recursos\/transparencia\/viaticos\/2022\/23.pdf\" target=\"_blank\" rel=\"noopener noreferrer\"><i class=\"far fa-file-pdf fa-2x\"><\/i><\/a><\/td>\n<\/tr>\n<tr class=\"row-23\">\n\t<td class=\"column-1\">24<\/td><td class=\"column-2\"><a href=\"https:\/\/productosdigepo.oaxaca.gob.mx\/recursos\/transparencia\/viaticos\/2022\/24.pdf\" target=\"_blank\" rel=\"noopener noreferrer\"><i class=\"far fa-file-pdf fa-2x\"><\/i><\/a><\/td>\n<\/tr>\n<tr class=\"row-24\">\n\t<td class=\"column-1\">25<\/td><td class=\"column-2\"><a href=\"https:\/\/productosdigepo.oaxaca.gob.mx\/recursos\/transparencia\/viaticos\/2022\/25.pdf\" target=\"_blank\" rel=\"noopener noreferrer\"><i class=\"far fa-file-pdf fa-2x\"><\/i><\/a><\/td>\n<\/tr>\n<tr class=\"row-25\">\n\t<td class=\"column-1\">26<\/td><td class=\"column-2\"><a href=\"https:\/\/productosdigepo.oaxaca.gob.mx\/recursos\/transparencia\/viaticos\/2022\/26.pdf\" target=\"_blank\" rel=\"noopener noreferrer\"><i class=\"far fa-file-pdf fa-2x\"><\/i><\/a><\/td>\n<\/tr>\n<\/tbody>\n<\/table>\n<!-- #tablepress-60 from cache --><\/div>\n<div class=\"tab-pane container\" id=\"comprobacion2022\">\n<table id=\"tablepress-62\" class=\"tablepress tablepress-id-62\">\n<thead>\n<tr class=\"row-1\">\n\t<th class=\"column-1\">Factura<\/th><th class=\"column-2\">Periodo<\/th><th class=\"column-3\">Soporte<\/th>\n<\/tr>\n<\/thead>\n<tbody class=\"row-striping row-hover\">\n<tr class=\"row-2\">\n\t<td class=\"column-1\">2<\/td><td class=\"column-2\">PRIMER TIMESTRE<\/td><td class=\"column-3\"><a href=\"https:\/\/productosdigepo.oaxaca.gob.mx\/recursos\/transparencia\/viaticos\/2022\/2_1ER_TRIM_2022.pdf\" target=\"_blank\" rel=\"noopener\"><i class=\"far fa-file-pdf fa-2x\"><\/i><\/a><\/td>\n<\/tr>\n<tr class=\"row-3\">\n\t<td class=\"column-1\">7<\/td><td class=\"column-2\">SEGUNDO TRIMESTRE<\/td><td class=\"column-3\"><a href=\"https:\/\/productosdigepo.oaxaca.gob.mx\/recursos\/transparencia\/viaticos\/2022\/7_2DO_TRIM_2022.pdf\" target=\"_blank\" rel=\"noopener\"><i class=\"far fa-file-pdf fa-2x\"><\/i><\/a><\/td>\n<\/tr>\n<tr class=\"row-4\">\n\t<td class=\"column-1\">8<\/td><td class=\"column-2\">SEGUNDO TRIMESTRE<\/td><td class=\"column-3\"><a href=\"https:\/\/productosdigepo.oaxaca.gob.mx\/recursos\/transparencia\/viaticos\/2022\/8_2DO_TRIM_2022.pdf\" target=\"_blank\" rel=\"noopener\"><i class=\"far fa-file-pdf fa-2x\"><\/i><\/a><\/td>\n<\/tr>\n<tr class=\"row-5\">\n\t<td class=\"column-1\">9<\/td><td class=\"column-2\">SEGUNDO TRIMESTRE<\/td><td class=\"column-3\"><a href=\"https:\/\/productosdigepo.oaxaca.gob.mx\/recursos\/transparencia\/viaticos\/2022\/9_2DO_TRIM_2022.pdf\" target=\"_blank\" rel=\"noopener\"><i class=\"far fa-file-pdf fa-2x\"><\/i><\/a><\/td>\n<\/tr>\n<tr class=\"row-6\">\n\t<td class=\"column-1\">10<\/td><td class=\"column-2\">SEGUNDO TRIMESTRE<\/td><td class=\"column-3\"><a href=\"https:\/\/productosdigepo.oaxaca.gob.mx\/recursos\/transparencia\/viaticos\/2022\/10_2DO_TRIM_2022.pdf\" target=\"_blank\" rel=\"noopener\"><i class=\"far fa-file-pdf fa-2x\"><\/i><\/a><\/td>\n<\/tr>\n<tr class=\"row-7\">\n\t<td class=\"column-1\">12<\/td><td class=\"column-2\">SEGUNDO TRIMESTRE<\/td><td class=\"column-3\"><a href=\"https:\/\/productosdigepo.oaxaca.gob.mx\/recursos\/transparencia\/viaticos\/2022\/12_2DO_TRIM_2022.pdf\" target=\"_blank\" rel=\"noopener\"><i class=\"far fa-file-pdf fa-2x\"><\/i><\/a><\/td>\n<\/tr>\n<tr class=\"row-8\">\n\t<td class=\"column-1\">13<\/td><td class=\"column-2\">SEGUNDO TRIMESTRE<\/td><td class=\"column-3\"><a href=\"https:\/\/productosdigepo.oaxaca.gob.mx\/recursos\/transparencia\/viaticos\/2022\/13_2DO_TRIM_2022.pdf\" target=\"_blank\" rel=\"noopener\"><i class=\"far fa-file-pdf fa-2x\"><\/i><\/a><\/td>\n<\/tr>\n<tr class=\"row-9\">\n\t<td class=\"column-1\">14<\/td><td class=\"column-2\">SEGUNDO TRIMESTRE<\/td><td class=\"column-3\"><a href=\"https:\/\/productosdigepo.oaxaca.gob.mx\/recursos\/transparencia\/viaticos\/2022\/14_2DO_TRIM_2022.pdf\" target=\"_blank\" rel=\"noopener\"><i class=\"far fa-file-pdf fa-2x\"><\/i><\/a><\/td>\n<\/tr>\n<tr class=\"row-10\">\n\t<td class=\"column-1\">15<\/td><td class=\"column-2\">SEGUNDO TRIMESTRE<\/td><td class=\"column-3\"><a href=\"https:\/\/productosdigepo.oaxaca.gob.mx\/recursos\/transparencia\/viaticos\/2022\/15_2DO_TRIM_2022.pdf\" target=\"_blank\" rel=\"noopener\"><i class=\"far fa-file-pdf fa-2x\"><\/i><\/a><\/td>\n<\/tr>\n<tr class=\"row-11\">\n\t<td class=\"column-1\">16<\/td><td class=\"column-2\">SEGUNDO TRIMESTRE<\/td><td class=\"column-3\"><a href=\"https:\/\/productosdigepo.oaxaca.gob.mx\/recursos\/transparencia\/viaticos\/2022\/16_2DO_TRIM_2022.pdf\" target=\"_blank\" rel=\"noopener\"><i class=\"far fa-file-pdf fa-2x\"><\/i><\/a><\/td>\n<\/tr>\n<tr class=\"row-12\">\n\t<td class=\"column-1\">17<\/td><td class=\"column-2\">SEGUNDO TRIMESTRE<\/td><td class=\"column-3\"><a href=\"https:\/\/productosdigepo.oaxaca.gob.mx\/recursos\/transparencia\/viaticos\/2022\/17_2DO_TRIM_2022.pdf\" target=\"_blank\" rel=\"noopener\"><i class=\"far fa-file-pdf fa-2x\"><\/i><\/a><\/td>\n<\/tr>\n<tr class=\"row-13\">\n\t<td class=\"column-1\">19<\/td><td class=\"column-2\">TERCER TRIMESTRE<\/td><td class=\"column-3\"><a href=\"https:\/\/productosdigepo.oaxaca.gob.mx\/recursos\/transparencia\/viaticos\/2022\/19_3ER_TRIM_2022.pdf\" target=\"_blank\" rel=\"noopener\"><i class=\"far fa-file-pdf fa-2x\"><\/i><\/a><\/td>\n<\/tr>\n<tr class=\"row-14\">\n\t<td class=\"column-1\">26<\/td><td class=\"column-2\">CUARTO TRIMESTRE<\/td><td class=\"column-3\"><a href=\"https:\/\/productosdigepo.oaxaca.gob.mx\/recursos\/transparencia\/viaticos\/2022\/26_4TO_TRIM_2022.pdf\" target=\"_blank\" rel=\"noopener\"><i class=\"far fa-file-pdf fa-2x\"><\/i><\/a><\/td>\n<\/tr>\n<tr class=\"row-15\">\n\t<td class=\"column-1\">REGLAMENTO DE LA LEY ESTATAL DE PRESUPUESTO Y RESPONSABILIDAD HACENDARIA 2023<\/td><td class=\"column-2\"><\/td><td class=\"column-3\"><a href=\"https:\/\/productosdigepo.oaxaca.gob.mx\/recursos\/transparencia\/viaticos\/REGLAMENTO-DE-LA-LEY-ESTATAL-DE-PRESUPUESTO-Y-RESPONSABILIDAD-HACENDARIA-2023.pdf\" target=\"_blank\" rel=\"noopener\"><i class=\"far fa-file-pdf fa-2x\"><\/i><\/a><\/td>\n<\/tr>\n<\/tbody>\n<\/table>\n<!-- #tablepress-62 from cache --><\/div>\n<div class=\"tab-pane container\" id=\"viaticos2023\">\n<table id=\"tablepress-63\" class=\"tablepress tablepress-id-63\">\n<thead>\n<tr class=\"row-1\">\n\t<th class=\"column-1\">N\u00famero Viatico<\/th><th class=\"column-2\">Soporte<\/th>\n<\/tr>\n<\/thead>\n<tbody class=\"row-striping row-hover\">\n<tr class=\"row-2\">\n\t<td class=\"column-1\">32<\/td><td class=\"column-2\"><a href=\"https:\/\/productosdigepo.oaxaca.gob.mx\/recursos\/transparencia\/viaticos\/2023\/32.pdf\" target=\"_blank\" rel=\"noopener noreferrer\"><i class=\"far fa-file-pdf fa-2x\"><\/i><\/a><\/td>\n<\/tr>\n<tr class=\"row-3\">\n\t<td class=\"column-1\">33<\/td><td class=\"column-2\"><a href=\"https:\/\/productosdigepo.oaxaca.gob.mx\/recursos\/transparencia\/viaticos\/2023\/33.pdf\" target=\"_blank\" rel=\"noopener noreferrer\"><i class=\"far fa-file-pdf fa-2x\"><\/i><\/a><\/td>\n<\/tr>\n<tr class=\"row-4\">\n\t<td class=\"column-1\">34<\/td><td class=\"column-2\"><a href=\"https:\/\/productosdigepo.oaxaca.gob.mx\/recursos\/transparencia\/viaticos\/2023\/34.pdf\" target=\"_blank\" rel=\"noopener noreferrer\"><i class=\"far fa-file-pdf fa-2x\"><\/i><\/a><\/td>\n<\/tr>\n<tr class=\"row-5\">\n\t<td class=\"column-1\">35<\/td><td class=\"column-2\"><a href=\"https:\/\/productosdigepo.oaxaca.gob.mx\/recursos\/transparencia\/viaticos\/2023\/35.pdf\" target=\"_blank\" rel=\"noopener noreferrer\"><i class=\"far fa-file-pdf fa-2x\"><\/i><\/a><\/td>\n<\/tr>\n<tr class=\"row-6\">\n\t<td class=\"column-1\">36<\/td><td class=\"column-2\"><a href=\"https:\/\/productosdigepo.oaxaca.gob.mx\/recursos\/transparencia\/viaticos\/2023\/36.pdf\" target=\"_blank\" rel=\"noopener noreferrer\"><i class=\"far fa-file-pdf fa-2x\"><\/i><\/a><\/td>\n<\/tr>\n<tr class=\"row-7\">\n\t<td class=\"column-1\">37<\/td><td class=\"column-2\"><a href=\"https:\/\/productosdigepo.oaxaca.gob.mx\/recursos\/transparencia\/viaticos\/2023\/37.pdf\" target=\"_blank\" rel=\"noopener noreferrer\"><i class=\"far fa-file-pdf fa-2x\"><\/i><\/a><\/td>\n<\/tr>\n<tr class=\"row-8\">\n\t<td class=\"column-1\">38<\/td><td class=\"column-2\"><a href=\"https:\/\/productosdigepo.oaxaca.gob.mx\/recursos\/transparencia\/viaticos\/2023\/38.pdf\" target=\"_blank\" rel=\"noopener noreferrer\"><i class=\"far fa-file-pdf fa-2x\"><\/i><\/a><\/td>\n<\/tr>\n<tr class=\"row-9\">\n\t<td class=\"column-1\">39<\/td><td class=\"column-2\"><a href=\"https:\/\/productosdigepo.oaxaca.gob.mx\/recursos\/transparencia\/viaticos\/2023\/39.pdf\" target=\"_blank\" rel=\"noopener noreferrer\"><i class=\"far fa-file-pdf fa-2x\"><\/i><\/a><\/td>\n<\/tr>\n<tr class=\"row-10\">\n\t<td class=\"column-1\">40<\/td><td class=\"column-2\"><a href=\"https:\/\/productosdigepo.oaxaca.gob.mx\/recursos\/transparencia\/viaticos\/2023\/40.pdf\" target=\"_blank\" rel=\"noopener noreferrer\"><i class=\"far fa-file-pdf fa-2x\"><\/i><\/a><\/td>\n<\/tr>\n<tr class=\"row-11\">\n\t<td class=\"column-1\">41<\/td><td class=\"column-2\"><a href=\"https:\/\/productosdigepo.oaxaca.gob.mx\/recursos\/transparencia\/viaticos\/2023\/41.pdf\" target=\"_blank\" rel=\"noopener noreferrer\"><i class=\"far fa-file-pdf fa-2x\"><\/i><\/a><\/td>\n<\/tr>\n<\/tbody>\n<\/table>\n<!-- #tablepress-63 from cache --><\/div>\n<div class=\"tab-pane container active\" id=\"comprobacion2023\">\n<table id=\"tablepress-61\" class=\"tablepress tablepress-id-61\">\n<thead>\n<tr class=\"row-1\">\n\t<th class=\"column-1\">N\u00famero<\/th><th class=\"column-2\">Trimestre<\/th><th class=\"column-3\">Soporte<\/th>\n<\/tr>\n<\/thead>\n<tbody class=\"row-striping row-hover\">\n<tr class=\"row-2\">\n\t<td class=\"column-1\">2<\/td><td class=\"column-2\">Primero<\/td><td class=\"column-3\"><a href=\"https:\/\/productosdigepo.oaxaca.gob.mx\/recursos\/transparencia\/viaticos\/2023\/2_1ER_TRIM.pdf\" target=\"_blank\" rel=\"noopener noreferrer\"><i class=\"far fa-file-pdf fa-2x\"><\/i><\/a><\/td>\n<\/tr>\n<tr class=\"row-3\">\n\t<td class=\"column-1\">3<\/td><td class=\"column-2\">Primero<\/td><td class=\"column-3\"><a href=\"https:\/\/productosdigepo.oaxaca.gob.mx\/recursos\/transparencia\/viaticos\/2023\/3_1ER_TRIM.pdf\" target=\"_blank\" rel=\"noopener noreferrer\"><i class=\"far fa-file-pdf fa-2x\"><\/i><\/a><\/td>\n<\/tr>\n<tr class=\"row-4\">\n\t<td class=\"column-1\">4<\/td><td class=\"column-2\">Primero<\/td><td class=\"column-3\"><a href=\"https:\/\/productosdigepo.oaxaca.gob.mx\/recursos\/transparencia\/viaticos\/2023\/4_1ER_TRIM.pdf\" target=\"_blank\" rel=\"noopener noreferrer\"><i class=\"far fa-file-pdf fa-2x\"><\/i><\/a><\/td>\n<\/tr>\n<tr class=\"row-5\">\n\t<td class=\"column-1\">5<\/td><td class=\"column-2\">Primero<\/td><td class=\"column-3\"><a href=\"https:\/\/productosdigepo.oaxaca.gob.mx\/recursos\/transparencia\/viaticos\/2023\/5_1ER_TRIM.pdf\" target=\"_blank\" rel=\"noopener noreferrer\"><i class=\"far fa-file-pdf fa-2x\"><\/i><\/a><\/td>\n<\/tr>\n<tr class=\"row-6\">\n\t<td class=\"column-1\">6<\/td><td class=\"column-2\">Primero<\/td><td class=\"column-3\"><a href=\"https:\/\/productosdigepo.oaxaca.gob.mx\/recursos\/transparencia\/viaticos\/2023\/6_1ER_TRIM.pdf\" target=\"_blank\" rel=\"noopener noreferrer\"><i class=\"far fa-file-pdf fa-2x\"><\/i><\/a><\/td>\n<\/tr>\n<tr class=\"row-7\">\n\t<td class=\"column-1\">7<\/td><td class=\"column-2\">Primero<\/td><td class=\"column-3\"><a href=\"https:\/\/productosdigepo.oaxaca.gob.mx\/recursos\/transparencia\/viaticos\/2023\/7_1ER_TRIM.pdf\" target=\"_blank\" rel=\"noopener noreferrer\"><i class=\"far fa-file-pdf fa-2x\"><\/i><\/a><\/td>\n<\/tr>\n<tr class=\"row-8\">\n\t<td class=\"column-1\">8<\/td><td class=\"column-2\">Primero<\/td><td class=\"column-3\"><a href=\"https:\/\/productosdigepo.oaxaca.gob.mx\/recursos\/transparencia\/viaticos\/2023\/8_1ER_TRIM.pdf\" target=\"_blank\" rel=\"noopener noreferrer\"><i class=\"far fa-file-pdf fa-2x\"><\/i><\/a><\/td>\n<\/tr>\n<tr class=\"row-9\">\n\t<td class=\"column-1\">9<\/td><td class=\"column-2\">Primero<\/td><td class=\"column-3\"><a href=\"https:\/\/productosdigepo.oaxaca.gob.mx\/recursos\/transparencia\/viaticos\/2023\/9_1ER_TRIM.pdf\" target=\"_blank\" rel=\"noopener noreferrer\"><i class=\"far fa-file-pdf fa-2x\"><\/i><\/a><\/td>\n<\/tr>\n<tr class=\"row-10\">\n\t<td class=\"column-1\">10<\/td><td class=\"column-2\">Primero<\/td><td class=\"column-3\"><a href=\"https:\/\/productosdigepo.oaxaca.gob.mx\/recursos\/transparencia\/viaticos\/2023\/10_1ER_TRIM.pdf\" target=\"_blank\" rel=\"noopener noreferrer\"><i class=\"far fa-file-pdf fa-2x\"><\/i><\/a><\/td>\n<\/tr>\n<tr class=\"row-11\">\n\t<td class=\"column-1\">11<\/td><td class=\"column-2\">Primero<\/td><td class=\"column-3\"><a href=\"https:\/\/productosdigepo.oaxaca.gob.mx\/recursos\/transparencia\/viaticos\/2023\/11_1ER_TRIM.pdf\" target=\"_blank\" rel=\"noopener noreferrer\"><i class=\"far fa-file-pdf fa-2x\"><\/i><\/a><\/td>\n<\/tr>\n<tr class=\"row-12\">\n\t<td class=\"column-1\">12<\/td><td class=\"column-2\">Primero<\/td><td class=\"column-3\"><a href=\"https:\/\/productosdigepo.oaxaca.gob.mx\/recursos\/transparencia\/viaticos\/2023\/12_1ER_TRIM.pdf\" target=\"_blank\" rel=\"noopener noreferrer\"><i class=\"far fa-file-pdf fa-2x\"><\/i><\/a><\/td>\n<\/tr>\n<tr class=\"row-13\">\n\t<td class=\"column-1\">22<\/td><td class=\"column-2\">Segundo<\/td><td class=\"column-3\"><a href=\"https:\/\/productosdigepo.oaxaca.gob.mx\/recursos\/transparencia\/viaticos\/2023\/22_2DO_TRIM.pdf\" target=\"_blank\" rel=\"noopener noreferrer\"><i class=\"far fa-file-pdf fa-2x\"><\/i><\/a><\/td>\n<\/tr>\n<tr class=\"row-14\">\n\t<td class=\"column-1\">23<\/td><td class=\"column-2\">Segundo<\/td><td class=\"column-3\"><a href=\"https:\/\/productosdigepo.oaxaca.gob.mx\/recursos\/transparencia\/viaticos\/2023\/23_2DO_TRIM.pdf\" target=\"_blank\" rel=\"noopener noreferrer\"><i class=\"far fa-file-pdf fa-2x\"><\/i><\/a><\/td>\n<\/tr>\n<tr class=\"row-15\">\n\t<td class=\"column-1\">25<\/td><td class=\"column-2\">Segundo<\/td><td class=\"column-3\"><a href=\"https:\/\/productosdigepo.oaxaca.gob.mx\/recursos\/transparencia\/viaticos\/2023\/25_2DO_TRIM.pdf\" target=\"_blank\" rel=\"noopener noreferrer\"><i class=\"far fa-file-pdf fa-2x\"><\/i><\/a><\/td>\n<\/tr>\n<tr class=\"row-16\">\n\t<td class=\"column-1\">26<\/td><td class=\"column-2\">Segundo<\/td><td class=\"column-3\"><a href=\"https:\/\/productosdigepo.oaxaca.gob.mx\/recursos\/transparencia\/viaticos\/2023\/26_2DO_TRIM.pdf\" target=\"_blank\" rel=\"noopener noreferrer\"><i class=\"far fa-file-pdf fa-2x\"><\/i><\/a><\/td>\n<\/tr>\n<tr class=\"row-17\">\n\t<td class=\"column-1\">27<\/td><td class=\"column-2\">Segundo<\/td><td class=\"column-3\"><a href=\"https:\/\/productosdigepo.oaxaca.gob.mx\/recursos\/transparencia\/viaticos\/2023\/27_2DO_TRIM.pdf\" target=\"_blank\" rel=\"noopener noreferrer\"><i class=\"far fa-file-pdf fa-2x\"><\/i><\/a><\/td>\n<\/tr>\n<tr class=\"row-18\">\n\t<td class=\"column-1\">28<\/td><td class=\"column-2\">Tercero<\/td><td class=\"column-3\"><a href=\"https:\/\/productosdigepo.oaxaca.gob.mx\/recursos\/transparencia\/viaticos\/2023\/28_3ER_TRIM.pdf\" target=\"_blank\" rel=\"noopener noreferrer\"><i class=\"far fa-file-pdf fa-2x\"><\/i><\/a><\/td>\n<\/tr>\n<tr class=\"row-19\">\n\t<td class=\"column-1\">29<\/td><td class=\"column-2\">Tercero<\/td><td class=\"column-3\"><a href=\"https:\/\/productosdigepo.oaxaca.gob.mx\/recursos\/transparencia\/viaticos\/2023\/29_3ER_TRIM.pdf\" target=\"_blank\" rel=\"noopener noreferrer\"><i class=\"far fa-file-pdf fa-2x\"><\/i><\/a><\/td>\n<\/tr>\n<tr class=\"row-20\">\n\t<td class=\"column-1\">30<\/td><td class=\"column-2\">Tercero<\/td><td class=\"column-3\"><a href=\"https:\/\/productosdigepo.oaxaca.gob.mx\/recursos\/transparencia\/viaticos\/2023\/30_3ER_TRIM.pdf \" target=\"_blank\" rel=\"noopener noreferrer\"><i class=\"far fa-file-pdf fa-2x\"><\/i><\/a><\/td>\n<\/tr>\n<tr class=\"row-21\">\n\t<td class=\"column-1\">31<\/td><td class=\"column-2\">Tercero<\/td><td class=\"column-3\"><a href=\"https:\/\/productosdigepo.oaxaca.gob.mx\/recursos\/transparencia\/viaticos\/2023\/31_3ER_TRIM.pdf\" target=\"_blank\" rel=\"noopener noreferrer\"><i class=\"far fa-file-pdf fa-2x\"><\/i><\/a><\/td>\n<\/tr>\n<\/tbody>\n<\/table>\n<!-- #tablepress-61 from cache --><\/div>\n<\/div>\n","protected":false},"excerpt":{"rendered":"<p>Fundamentos: Reglamento de la Ley Estatal de Presupuesto y Responsabilidad Hacendaria Justificaci\u00f3n Viaticos Comisiones 2022 Comprobaci\u00f3n 2022 Comisiones 2023 Comprobaci\u00f3n 2023<\/p>\n","protected":false},"author":13,"featured_media":0,"parent":0,"menu_order":0,"comment_status":"closed","ping_status":"closed","template":"","meta":{"episode_type":"","audio_file":"","podmotor_file_id":"","podmotor_episode_id":"","cover_image":"","cover_image_id":"","duration":"","filesize":"","filesize_raw":"","date_recorded":"","explicit":"","block":"","itunes_episode_number":"","itunes_title":"","itunes_season_number":"","itunes_episode_type":"","footnotes":""},"categories":[],"tags":[],"class_list":["post-4094","page","type-page","status-publish","hentry"],"acf":[],"publishpress_future_action":{"enabled":false,"date":"2026-04-27 09:05:55","action":"change-status","newStatus":"draft","terms":[],"taxonomy":"category","extraData":[]},"publishpress_future_workflow_manual_trigger":{"enabledWorkflows":[]},"_links":{"self":[{"href":"https:\/\/www.oaxaca.gob.mx\/digepo\/wp-json\/wp\/v2\/pages\/4094","targetHints":{"allow":["GET"]}}],"collection":[{"href":"https:\/\/www.oaxaca.gob.mx\/digepo\/wp-json\/wp\/v2\/pages"}],"about":[{"href":"https:\/\/www.oaxaca.gob.mx\/digepo\/wp-json\/wp\/v2\/types\/page"}],"author":[{"embeddable":true,"href":"https:\/\/www.oaxaca.gob.mx\/digepo\/wp-json\/wp\/v2\/users\/13"}],"replies":[{"embeddable":true,"href":"https:\/\/www.oaxaca.gob.mx\/digepo\/wp-json\/wp\/v2\/comments?post=4094"}],"version-history":[{"count":3,"href":"https:\/\/www.oaxaca.gob.mx\/digepo\/wp-json\/wp\/v2\/pages\/4094\/revisions"}],"predecessor-version":[{"id":4244,"href":"https:\/\/www.oaxaca.gob.mx\/digepo\/wp-json\/wp\/v2\/pages\/4094\/revisions\/4244"}],"wp:attachment":[{"href":"https:\/\/www.oaxaca.gob.mx\/digepo\/wp-json\/wp\/v2\/media?parent=4094"}],"wp:term":[{"taxonomy":"category","embeddable":true,"href":"https:\/\/www.oaxaca.gob.mx\/digepo\/wp-json\/wp\/v2\/categories?post=4094"},{"taxonomy":"post_tag","embeddable":true,"href":"https:\/\/www.oaxaca.gob.mx\/digepo\/wp-json\/wp\/v2\/tags?post=4094"}],"curies":[{"name":"wp","href":"https:\/\/api.w.org\/{rel}","templated":true}]}}