{"id":408,"date":"2017-04-20T15:09:28","date_gmt":"2017-04-20T20:09:28","guid":{"rendered":"http:\/\/www.digepo.oaxaca.gob.mx\/?page_id=408"},"modified":"2019-08-08T15:23:25","modified_gmt":"2019-08-08T20:23:25","slug":"contacto","status":"publish","type":"page","link":"https:\/\/www.oaxaca.gob.mx\/digepo\/contacto\/","title":{"rendered":"Contacto"},"content":{"rendered":"<h4 class=\"text text-center\"><strong>Aviso de Privacidad<\/strong><\/h4>\n<p class=\"text text-justify\">La Direcci\u00f3n General de Poblaci\u00f3n de Oaxaca, con domicilio en el Centro Administrativo del Poder Ejecutivo Judicial \u00abGeneral Porfirio D\u00edaz, Soldado de la Patria\u00bb, Edificio \u00abMar\u00eda Sabina\u00bb, planta baja, ala izquierda, en avenida Gerardo Pandal Graff, n\u00famero 1, colonia Centro, c.p. 71256, Reyes Mantec\u00f3n, San Bartolo Coyotepec, Oaxaca, es el responsable del tratamiento de los datos personales que se obtengan, los cuales ser\u00e1n protegidos conforme a lo dispuesto por la Ley de Datos Personales en Posesi\u00f3n de Sujetos Obligados del Estado de Oaxaca, y dem\u00e1s normatividad que resulte aplicable.<\/p>\n<p class=\"text text-justify\">Usted podr\u00e1 ejercer los derechos de Acceso, Rectificaci\u00f3n, Cancelaci\u00f3n y Oposici\u00f3n del tratamiento de sus datos personales ante la Unidad de Transparencia de la DIGEPO, la cual est\u00e1 ubicada en el Centro Administrativo del Poder Ejecutivo Judicial \u00abGeneral Porfirio D\u00edaz, Soldado de la Patria\u00bb, Edificio \u00abMar\u00eda Sabina\u00bb, planta baja, ala izquierda, en avenida Gerardo Pandal Graff, n\u00famero 1, colonia Centro, c.p. 71256, Reyes Mantec\u00f3n, San Bartolo Coyotepec, Oaxaca, o bien, a trav\u00e9s de la Plataforma Nacional de Transparencia, en la p\u00e1gina: <a href=\"http:\/\/www.plataformadetransparencia.org.mx\">http:\/\/www.plataformadetransparencia.org.mx<\/a> o en el correo electr\u00f3nico <strong>adrian.fierro@oaxaca.gob.mx.<\/strong><\/p>\n<p class=\"text text-justify\">En caso de quieras consultar el aviso de privacidad integral, ingresa a: <a href=\"\/digepo\/aviso-de-privacidad\" target=\"_blank\" rel=\"noopener noreferrer\">https:\/\/www.oaxaca.gob.mx\/digepo\/aviso-de-privacidad\/<\/a><\/p>\n","protected":false},"excerpt":{"rendered":"<p>Aviso de Privacidad La Direcci\u00f3n General de Poblaci\u00f3n de Oaxaca, con domicilio en el Centro Administrativo del Poder Ejecutivo Judicial \u00abGeneral Porfirio D\u00edaz, Soldado de la Patria\u00bb, Edificio \u00abMar\u00eda Sabina\u00bb, planta baja, ala izquierda, en avenida Gerardo Pandal Graff, n\u00famero 1, colonia Centro, c.p. 71256, Reyes Mantec\u00f3n, San Bartolo Coyotepec, Oaxaca, es el responsable del [&hellip;]<\/p>\n","protected":false},"author":13,"featured_media":0,"parent":0,"menu_order":0,"comment_status":"closed","ping_status":"closed","template":"plantillas\/template-contacto.php","meta":{"episode_type":"","audio_file":"","podmotor_file_id":"","podmotor_episode_id":"","cover_image":"","cover_image_id":"","duration":"","filesize":"","filesize_raw":"","date_recorded":"","explicit":"","block":"","itunes_episode_number":"","itunes_title":"","itunes_season_number":"","itunes_episode_type":"","footnotes":""},"categories":[],"tags":[],"class_list":["post-408","page","type-page","status-publish","hentry"],"acf":[],"publishpress_future_action":{"enabled":false,"date":"2026-04-27 09:05:56","action":"change-status","newStatus":"draft","terms":[],"taxonomy":"category","extraData":[]},"publishpress_future_workflow_manual_trigger":{"enabledWorkflows":[]},"_links":{"self":[{"href":"https:\/\/www.oaxaca.gob.mx\/digepo\/wp-json\/wp\/v2\/pages\/408","targetHints":{"allow":["GET"]}}],"collection":[{"href":"https:\/\/www.oaxaca.gob.mx\/digepo\/wp-json\/wp\/v2\/pages"}],"about":[{"href":"https:\/\/www.oaxaca.gob.mx\/digepo\/wp-json\/wp\/v2\/types\/page"}],"author":[{"embeddable":true,"href":"https:\/\/www.oaxaca.gob.mx\/digepo\/wp-json\/wp\/v2\/users\/13"}],"replies":[{"embeddable":true,"href":"https:\/\/www.oaxaca.gob.mx\/digepo\/wp-json\/wp\/v2\/comments?post=408"}],"version-history":[{"count":3,"href":"https:\/\/www.oaxaca.gob.mx\/digepo\/wp-json\/wp\/v2\/pages\/408\/revisions"}],"predecessor-version":[{"id":2500,"href":"https:\/\/www.oaxaca.gob.mx\/digepo\/wp-json\/wp\/v2\/pages\/408\/revisions\/2500"}],"wp:attachment":[{"href":"https:\/\/www.oaxaca.gob.mx\/digepo\/wp-json\/wp\/v2\/media?parent=408"}],"wp:term":[{"taxonomy":"category","embeddable":true,"href":"https:\/\/www.oaxaca.gob.mx\/digepo\/wp-json\/wp\/v2\/categories?post=408"},{"taxonomy":"post_tag","embeddable":true,"href":"https:\/\/www.oaxaca.gob.mx\/digepo\/wp-json\/wp\/v2\/tags?post=408"}],"curies":[{"name":"wp","href":"https:\/\/api.w.org\/{rel}","templated":true}]}}