{"id":3699,"date":"2023-02-14T11:49:02","date_gmt":"2023-02-14T17:49:02","guid":{"rendered":"https:\/\/www.oaxaca.gob.mx\/digepo\/?page_id=3699"},"modified":"2023-02-14T11:49:02","modified_gmt":"2023-02-14T17:49:02","slug":"convocatoria-para-elegir-a-los-integrantes-del-comite-de-etica-y-prevencion-de-conflicto-de-interes-cepci-de-la-direccion-general-de-poblacion-de-oaxaca","status":"publish","type":"page","link":"https:\/\/www.oaxaca.gob.mx\/digepo\/convocatoria-para-elegir-a-los-integrantes-del-comite-de-etica-y-prevencion-de-conflicto-de-interes-cepci-de-la-direccion-general-de-poblacion-de-oaxaca\/","title":{"rendered":"CONVOCATORIA PARA ELEGIR A LOS INTEGRANTES DEL COMIT\u00c9 DE \u00c9TICA Y PREVENCI\u00d3N DE CONFLICTO DE INTER\u00c9S (CEPCI) DE LA DIRECCI\u00d3N GENERAL DE POBLACI\u00d3N DE OAXACA."},"content":{"rendered":"<a href=\"https:\/\/www.oaxaca.gob.mx\/digepo\/wp-content\/uploads\/sites\/13\/2023\/02\/Convocatoria-CEPCI.pdf\" class=\"pdfemb-viewer\" style=\"\" data-width=\"max\" data-height=\"max\" data-toolbar=\"top\" data-toolbar-fixed=\"on\">Convocatoria CEPCI<\/a>\n","protected":false},"excerpt":{"rendered":"","protected":false},"author":13,"featured_media":0,"parent":0,"menu_order":0,"comment_status":"closed","ping_status":"closed","template":"","meta":{"episode_type":"","audio_file":"","podmotor_file_id":"","podmotor_episode_id":"","cover_image":"","cover_image_id":"","duration":"","filesize":"","filesize_raw":"","date_recorded":"","explicit":"","block":"","itunes_episode_number":"","itunes_title":"","itunes_season_number":"","itunes_episode_type":"","footnotes":""},"categories":[8],"tags":[],"class_list":["post-3699","page","type-page","status-publish","hentry","category-noticias"],"acf":[],"publishpress_future_action":{"enabled":false,"date":"2026-04-15 05:38:08","action":"change-status","newStatus":"draft","terms":[],"taxonomy":"category","extraData":[]},"publishpress_future_workflow_manual_trigger":{"enabledWorkflows":[]},"_links":{"self":[{"href":"https:\/\/www.oaxaca.gob.mx\/digepo\/wp-json\/wp\/v2\/pages\/3699","targetHints":{"allow":["GET"]}}],"collection":[{"href":"https:\/\/www.oaxaca.gob.mx\/digepo\/wp-json\/wp\/v2\/pages"}],"about":[{"href":"https:\/\/www.oaxaca.gob.mx\/digepo\/wp-json\/wp\/v2\/types\/page"}],"author":[{"embeddable":true,"href":"https:\/\/www.oaxaca.gob.mx\/digepo\/wp-json\/wp\/v2\/users\/13"}],"replies":[{"embeddable":true,"href":"https:\/\/www.oaxaca.gob.mx\/digepo\/wp-json\/wp\/v2\/comments?post=3699"}],"version-history":[{"count":1,"href":"https:\/\/www.oaxaca.gob.mx\/digepo\/wp-json\/wp\/v2\/pages\/3699\/revisions"}],"predecessor-version":[{"id":3700,"href":"https:\/\/www.oaxaca.gob.mx\/digepo\/wp-json\/wp\/v2\/pages\/3699\/revisions\/3700"}],"wp:attachment":[{"href":"https:\/\/www.oaxaca.gob.mx\/digepo\/wp-json\/wp\/v2\/media?parent=3699"}],"wp:term":[{"taxonomy":"category","embeddable":true,"href":"https:\/\/www.oaxaca.gob.mx\/digepo\/wp-json\/wp\/v2\/categories?post=3699"},{"taxonomy":"post_tag","embeddable":true,"href":"https:\/\/www.oaxaca.gob.mx\/digepo\/wp-json\/wp\/v2\/tags?post=3699"}],"curies":[{"name":"wp","href":"https:\/\/api.w.org\/{rel}","templated":true}]}}