{"id":163,"date":"2016-03-31T12:47:26","date_gmt":"2016-03-31T18:47:26","guid":{"rendered":"http:\/\/www.digepo.oaxaca.gob.mx\/?page_id=163"},"modified":"2022-12-26T10:48:53","modified_gmt":"2022-12-26T16:48:53","slug":"banco-de-informacion","status":"publish","type":"page","link":"https:\/\/www.oaxaca.gob.mx\/digepo\/banco-de-informacion\/","title":{"rendered":"Banco de informaci\u00f3n"},"content":{"rendered":"<table style=\"font-size: 14px\" width=\"100%\">\n<tbody>\n<tr>\n<td>\n      <a href=\"\/digepo\/wp-content\/uploads\/sites\/13\/recursos\/banco_info\/Ponencia_Merida_migracion_merida.pdf\" target=\"_blank\" rel=\"noopener noreferrer\"><img loading=\"lazy\" decoding=\"async\" class=\"alignnone size-full wp-image-104\" src=\"\/digepo\/wp-content\/uploads\/sites\/13\/2016\/03\/archivo.png\" alt=\"archivo\" width=\"48\" height=\"48\" \/><\/a><\/td>\n<td>\n      Ponencia M\u00e9rida Yucat\u00e1n \u00abMigraci\u00f3n\u00bb<\/td>\n<td>\n      2013<\/td>\n<td>\n      \u00abLolt\u00fan\u00bb del Centro de convenciones Siglo XXI, M\u00e9rida Yucat\u00e1n<\/td>\n<\/tr>\n<tr>\n<td>\n      <a href=\"\/digepo\/wp-content\/uploads\/sites\/13\/recursos\/banco_info\/Ponencia_Merida_11-10-2013_Perspectivas_PNP.pdf\" target=\"_blank\" rel=\"noopener noreferrer\"><img loading=\"lazy\" decoding=\"async\" class=\"alignnone size-full wp-image-104\" src=\"\/digepo\/wp-content\/uploads\/sites\/13\/2016\/03\/archivo.png\" alt=\"archivo\" width=\"48\" height=\"48\" \/><\/a><\/td>\n<td>\n      Ponencia M\u00e9rida Yucat\u00e1n \u00abPerspectivas PNP\u00bb<\/td>\n<td>\n      2013<\/td>\n<td>\n      \u00abLolt\u00fan\u00bb del Centro de convenciones Siglo XXI, M\u00e9rida Yucat\u00e1n<\/td>\n<\/tr>\n<tr>\n<td>\n<div><a href=\"\/digepo\/wp-content\/uploads\/sites\/13\/recursos\/banco_info\/Ponencia_Merida_10-10-2013_Salud_sexual_y_Reproductiva.pdf\" target=\"_blank\" rel=\"noopener noreferrer\"><img loading=\"lazy\" decoding=\"async\" class=\"alignnone size-full wp-image-104\" src=\"\/digepo\/wp-content\/uploads\/sites\/13\/2016\/03\/archivo.png\" alt=\"archivo\" width=\"48\" height=\"48\" \/><\/a><\/div>\n<\/td>\n<td>\n<div>Ponencia M\u00e9rida Yucat\u00e1n \u00abSalud Sexual y Reproductiva\u00bb<\/div>\n<\/td>\n<td>\n<div>2013<\/div>\n<\/td>\n<td>\n<div>\u00abLolt\u00fan\u00bb del Centro de convenciones Siglo XXI, M\u00e9rida Yucat\u00e1n<\/div>\n<\/td>\n<\/tr>\n<tr>\n<td>\n<div><a href=\"\/digepo\/wp-content\/uploads\/sites\/13\/recursos\/banco_info\/Indice_de_Desarrollo_Humano.pdf\" target=\"_blank\" rel=\"noopener noreferrer\"><img loading=\"lazy\" decoding=\"async\" class=\"alignnone size-full wp-image-104\" src=\"\/digepo\/wp-content\/uploads\/sites\/13\/2016\/03\/archivo.png\" alt=\"archivo\" width=\"48\" height=\"48\" \/><\/a><\/div>\n<\/td>\n<td>\n<div>\u00cdndice de Desarrollo Humano<\/div>\n<\/td>\n<td>\n<div>2005<\/div>\n<\/td>\n<td>\n<div>Oficina Nacional de Desarrollo Humano PNUD-M\u00e9xico<\/div>\n<\/td>\n<\/tr>\n<tr>\n<td>\n      <a href=\"\/digepo\/wp-content\/uploads\/sites\/13\/recursos\/banco_info\/Indice_de_Intensidad_Migratoria.pdf\" target=\"_blank\" rel=\"noopener noreferrer\"><img loading=\"lazy\" decoding=\"async\" class=\"alignnone size-full wp-image-104\" src=\"\/digepo\/wp-content\/uploads\/sites\/13\/2016\/03\/archivo.png\" alt=\"archivo\" width=\"48\" height=\"48\" \/><\/a><\/td>\n<td>\n      \u00cdndice de Intensidad Migratoria<\/td>\n<td>\n      2010<\/td>\n<td>\n      Estimaciones del CONAPO con base en el INEGI, muestra del diez por ciento del Censo de Poblaci\u00f3n y Vivienda 2010<\/td>\n<\/tr>\n<tr>\n<td>\n      <a href=\"\/digepo\/wp-content\/uploads\/sites\/13\/recursos\/banco_info\/Indice_de_Rezago_Social.pdf\" target=\"_blank\" rel=\"noopener noreferrer\"><img loading=\"lazy\" decoding=\"async\" class=\"alignnone size-full wp-image-104\" src=\"\/digepo\/wp-content\/uploads\/sites\/13\/2016\/03\/archivo.png\" alt=\"archivo\" width=\"48\" height=\"48\" \/><\/a><\/td>\n<td>\n      \u00cdndice de Rezago Social<\/td>\n<td>\n      2005<\/td>\n<td>\n      Indicadores, \u00edndice y grado de rezago social, estimaciones del CONEVAL con base en el II Conteo de Poblaci\u00f3n y Vivienda 2005<\/td>\n<\/tr>\n<tr>\n<td>\n      <a href=\"\/digepo\/wp-content\/uploads\/sites\/13\/recursos\/banco_info\/Indice_de_Marginacion.pdf\" target=\"_blank\" rel=\"noopener noreferrer\"><img loading=\"lazy\" decoding=\"async\" class=\"alignnone size-full wp-image-104\" src=\"\/digepo\/wp-content\/uploads\/sites\/13\/2016\/03\/archivo.png\" alt=\"archivo\" width=\"48\" height=\"48\" \/><\/a><\/td>\n<td>\n      \u00cdndice de Marginaci\u00f3n<\/td>\n<td>2010<\/td>\n<td>\n      Estimaciones del CONAPO con base en INEGI, Censo de Poblaci\u00f3n y Vivienda 2010<\/td>\n<\/tr>\n<\/tbody>\n<\/table>\n","protected":false},"excerpt":{"rendered":"<p>Ponencia M\u00e9rida Yucat\u00e1n \u00abMigraci\u00f3n\u00bb 2013 \u00abLolt\u00fan\u00bb del Centro de convenciones Siglo XXI, M\u00e9rida Yucat\u00e1n Ponencia M\u00e9rida Yucat\u00e1n \u00abPerspectivas PNP\u00bb 2013 \u00abLolt\u00fan\u00bb del Centro de convenciones Siglo XXI, M\u00e9rida Yucat\u00e1n Ponencia M\u00e9rida Yucat\u00e1n \u00abSalud Sexual y Reproductiva\u00bb 2013 \u00abLolt\u00fan\u00bb del Centro de convenciones Siglo XXI, M\u00e9rida Yucat\u00e1n \u00cdndice de Desarrollo Humano 2005 Oficina Nacional de Desarrollo [&hellip;]<\/p>\n","protected":false},"author":1,"featured_media":0,"parent":0,"menu_order":0,"comment_status":"closed","ping_status":"closed","template":"","meta":{"episode_type":"","audio_file":"","podmotor_file_id":"","podmotor_episode_id":"","cover_image":"","cover_image_id":"","duration":"","filesize":"","filesize_raw":"","date_recorded":"","explicit":"","block":"","itunes_episode_number":"","itunes_title":"","itunes_season_number":"","itunes_episode_type":"","footnotes":""},"categories":[],"tags":[],"class_list":["post-163","page","type-page","status-publish","hentry"],"acf":[],"publishpress_future_action":{"enabled":false,"date":"2026-04-27 07:16:22","action":"change-status","newStatus":"draft","terms":[],"taxonomy":"category","extraData":[]},"publishpress_future_workflow_manual_trigger":{"enabledWorkflows":[]},"_links":{"self":[{"href":"https:\/\/www.oaxaca.gob.mx\/digepo\/wp-json\/wp\/v2\/pages\/163","targetHints":{"allow":["GET"]}}],"collection":[{"href":"https:\/\/www.oaxaca.gob.mx\/digepo\/wp-json\/wp\/v2\/pages"}],"about":[{"href":"https:\/\/www.oaxaca.gob.mx\/digepo\/wp-json\/wp\/v2\/types\/page"}],"author":[{"embeddable":true,"href":"https:\/\/www.oaxaca.gob.mx\/digepo\/wp-json\/wp\/v2\/users\/1"}],"replies":[{"embeddable":true,"href":"https:\/\/www.oaxaca.gob.mx\/digepo\/wp-json\/wp\/v2\/comments?post=163"}],"version-history":[{"count":1,"href":"https:\/\/www.oaxaca.gob.mx\/digepo\/wp-json\/wp\/v2\/pages\/163\/revisions"}],"predecessor-version":[{"id":3618,"href":"https:\/\/www.oaxaca.gob.mx\/digepo\/wp-json\/wp\/v2\/pages\/163\/revisions\/3618"}],"wp:attachment":[{"href":"https:\/\/www.oaxaca.gob.mx\/digepo\/wp-json\/wp\/v2\/media?parent=163"}],"wp:term":[{"taxonomy":"category","embeddable":true,"href":"https:\/\/www.oaxaca.gob.mx\/digepo\/wp-json\/wp\/v2\/categories?post=163"},{"taxonomy":"post_tag","embeddable":true,"href":"https:\/\/www.oaxaca.gob.mx\/digepo\/wp-json\/wp\/v2\/tags?post=163"}],"curies":[{"name":"wp","href":"https:\/\/api.w.org\/{rel}","templated":true}]}}