{"id":8150,"date":"2025-01-08T09:57:23","date_gmt":"2025-01-08T15:57:23","guid":{"rendered":"https:\/\/www.oaxaca.gob.mx\/deporte\/?page_id=8150"},"modified":"2025-01-08T11:01:40","modified_gmt":"2025-01-08T17:01:40","slug":"documentos-basicos-nacionales-conade-2025","status":"publish","type":"page","link":"https:\/\/www.oaxaca.gob.mx\/deporte\/documentos-basicos-nacionales-conade-2025-etapa-estatal","title":{"rendered":"Documentos B\u00e1sicos Nacionales CONADE 2025, Etapa Estatal"},"content":{"rendered":"<ul>\n<li>\n<h5><a href=\"https:\/\/www.oaxaca.gob.mx\/deporte\/convocatoria-nacionales-conade-2025-etapa-estatal\/\" target=\"_blank\" rel=\"noopener\">Convocatoria Nacionales CONADE 2025, Etapa Estatal<\/a><\/h5>\n<\/li>\n<li>\n<h5><a href=\"\/deporte\/wp-content\/uploads\/sites\/76\/2025\/01\/Cedula-de-inscripcion-Nacionales-CONADE-2025-Deportes-de-conjunto.pdf\" target=\"_blank\" rel=\"noopener\">C\u00e9dula de Inscripci\u00f3n para Deportes de Conjunto<\/a><\/h5>\n<\/li>\n<li>\n<h5><a href=\"\/deporte\/wp-content\/uploads\/sites\/76\/2025\/01\/Cedula-de-inscripcion-Nacionales-CONADE-2025-Deportes-de-combate.pdf\" target=\"_blank\" rel=\"noopener\">C\u00e9dula de Inscripci\u00f3n para Deportes de Combate<\/a><\/h5>\n<\/li>\n<li>\n<h5><a href=\"\/deporte\/wp-content\/uploads\/sites\/76\/2025\/01\/Cedula-de-inscripcion-Nacionales-CONADE-2025-Deportes-individuales.pdf\" target=\"_blank\" rel=\"noopener\">C\u00e9dula de Inscripci\u00f3n para Deportes Individuales<\/a><\/h5>\n<\/li>\n<li>\n<h5><a href=\"\/deporte\/wp-content\/uploads\/sites\/76\/2025\/01\/Carta-responsiva-de-menores-de-edad-Nacionales-CONADE-2025-Oaxaca.pdf\" target=\"_blank\" rel=\"noopener\">Carta responsiva para Menores de Edad<\/a><\/h5>\n<\/li>\n<li>\n<h5><a href=\"\/deporte\/wp-content\/uploads\/sites\/76\/2025\/01\/Carta-responsiva-de-mayores-de-edad-Nacionales-CONADE-2025-Oaxaca.pdf\" target=\"_blank\" rel=\"noopener\">Carta responsiva para Mayores de Edad<\/a><\/h5>\n<\/li>\n<li>\n<h5><a href=\"\/deporte\/wp-content\/uploads\/sites\/76\/2025\/01\/Documentos-Basicos-Nacionales-CONADE-2025-Etapa-Estatal.zip\" target=\"_blank\" rel=\"noopener\">Descargar todos los Documentos B\u00e1sicos Nacionales CONADE 2025, Etapa Estatal [.zip]<\/a><\/h5>\n<\/li>\n<\/ul>\n","protected":false},"excerpt":{"rendered":"<p>Convocatoria Nacionales CONADE 2025, Etapa Estatal C\u00e9dula de Inscripci\u00f3n para Deportes de Conjunto C\u00e9dula de Inscripci\u00f3n para Deportes de Combate C\u00e9dula de Inscripci\u00f3n para Deportes Individuales Carta responsiva para Menores de Edad Carta responsiva para Mayores de Edad Descargar todos los Documentos B\u00e1sicos Nacionales CONADE 2025, Etapa Estatal [.zip]<\/p>\n","protected":false},"author":90,"featured_media":0,"parent":0,"menu_order":0,"comment_status":"closed","ping_status":"closed","template":"","meta":{"episode_type":"","audio_file":"","podmotor_file_id":"","podmotor_episode_id":"","cover_image":"","cover_image_id":"","duration":"","filesize":"","filesize_raw":"","date_recorded":"","explicit":"","block":"","itunes_episode_number":"","itunes_title":"","itunes_season_number":"","itunes_episode_type":"","footnotes":""},"categories":[],"tags":[],"class_list":["post-8150","page","type-page","status-publish","hentry"],"acf":[],"publishpress_future_action":{"enabled":false,"date":"2026-04-30 10:06:02","action":"change-status","newStatus":"draft","terms":[],"taxonomy":"category","extraData":[]},"publishpress_future_workflow_manual_trigger":{"enabledWorkflows":[]},"_links":{"self":[{"href":"https:\/\/www.oaxaca.gob.mx\/deporte\/wp-json\/wp\/v2\/pages\/8150","targetHints":{"allow":["GET"]}}],"collection":[{"href":"https:\/\/www.oaxaca.gob.mx\/deporte\/wp-json\/wp\/v2\/pages"}],"about":[{"href":"https:\/\/www.oaxaca.gob.mx\/deporte\/wp-json\/wp\/v2\/types\/page"}],"author":[{"embeddable":true,"href":"https:\/\/www.oaxaca.gob.mx\/deporte\/wp-json\/wp\/v2\/users\/90"}],"replies":[{"embeddable":true,"href":"https:\/\/www.oaxaca.gob.mx\/deporte\/wp-json\/wp\/v2\/comments?post=8150"}],"version-history":[{"count":2,"href":"https:\/\/www.oaxaca.gob.mx\/deporte\/wp-json\/wp\/v2\/pages\/8150\/revisions"}],"predecessor-version":[{"id":8188,"href":"https:\/\/www.oaxaca.gob.mx\/deporte\/wp-json\/wp\/v2\/pages\/8150\/revisions\/8188"}],"wp:attachment":[{"href":"https:\/\/www.oaxaca.gob.mx\/deporte\/wp-json\/wp\/v2\/media?parent=8150"}],"wp:term":[{"taxonomy":"category","embeddable":true,"href":"https:\/\/www.oaxaca.gob.mx\/deporte\/wp-json\/wp\/v2\/categories?post=8150"},{"taxonomy":"post_tag","embeddable":true,"href":"https:\/\/www.oaxaca.gob.mx\/deporte\/wp-json\/wp\/v2\/tags?post=8150"}],"curies":[{"name":"wp","href":"https:\/\/api.w.org\/{rel}","templated":true}]}}