{"id":7944,"date":"2024-10-25T11:29:54","date_gmt":"2024-10-25T17:29:54","guid":{"rendered":"https:\/\/www.oaxaca.gob.mx\/deporte\/?page_id=7944"},"modified":"2024-10-25T11:47:47","modified_gmt":"2024-10-25T17:47:47","slug":"curriculum-vitae-mmys","status":"publish","type":"page","link":"https:\/\/www.oaxaca.gob.mx\/deporte\/curriculum-vitae-mmys\/","title":{"rendered":"Curr\u00edculum Vitae MMyS"},"content":{"rendered":"\n<table id=\"tablepress-32\" class=\"tablepress tablepress-id-32\">\n<thead>\n<tr class=\"row-1\">\n\t<th class=\"column-1\">\u00c1rea<\/th><th class=\"column-2\">Nombre del Titular<\/th><th class=\"column-3\">Consultar Curr\u00edculum Vitae<\/th>\n<\/tr>\n<\/thead>\n<tbody class=\"row-striping row-hover\">\n<tr class=\"row-2\">\n\t<td class=\"column-1\"><strong>Direcci\u00f3n General<\/strong><\/td><td class=\"column-2\"><strong>Licdo. Arturo de Jes\u00fas Ch\u00e1vez Ram\u00edrez<\/strong><\/td><td class=\"column-3\"><a href=\"\/deporte\/wp-content\/uploads\/sites\/76\/2024\/10\/01_cv_dg.pdf\" rel=\"noopener noreferrer\" target=\"_blank\"><img loading=\"lazy\" decoding=\"async\" src=\"\/deporte\/wp-content\/uploads\/sites\/76\/2023\/11\/pdf-icon.png\" alt=\"\" width=\"35\" height=\"38\" class=\"alignnone size-full wp-image-1189\" \/><\/a><\/td>\n<\/tr>\n<tr class=\"row-3\">\n\t<td class=\"column-1\"><strong>Unidad Administrativa<\/strong><\/td><td class=\"column-2\"><strong>Licdo. Julio C\u00e9sar Matus Pastor<\/strong><\/td><td class=\"column-3\"><a href=\"\/deporte\/wp-content\/uploads\/sites\/76\/2024\/10\/02_0_cv_ua.pdf\" rel=\"noopener noreferrer\" target=\"_blank\"><img loading=\"lazy\" decoding=\"async\" src=\"\/deporte\/wp-content\/uploads\/sites\/76\/2023\/11\/pdf-icon.png\" alt=\"\" width=\"35\" height=\"38\" class=\"alignnone size-full wp-image-1189\" \/><\/a><\/td>\n<\/tr>\n<tr class=\"row-4\">\n\t<td class=\"column-1\"><strong>Departamento de Recursos Humanos<\/strong><\/td><td class=\"column-2\"><strong>L.N.I. Daniela Noem\u00ed Solis Yescas<\/strong><\/td><td class=\"column-3\"><a href=\"\/deporte\/wp-content\/uploads\/sites\/76\/2024\/10\/02_1_cv_drh.pdf\" rel=\"noopener noreferrer\" target=\"_blank\"><img loading=\"lazy\" decoding=\"async\" src=\"\/deporte\/wp-content\/uploads\/sites\/76\/2023\/11\/pdf-icon.png\" alt=\"\" width=\"35\" height=\"38\" class=\"alignnone size-full wp-image-1189\" \/><\/a><\/td>\n<\/tr>\n<tr class=\"row-5\">\n\t<td class=\"column-1\"><strong>Departamento de Contabilidad y Finanzas<\/strong><\/td><td class=\"column-2\"><strong>L.C.P. Guadalupe Rosario Garc\u00eda Santiago<\/strong><\/td><td class=\"column-3\"><a href=\"\/deporte\/wp-content\/uploads\/sites\/76\/2024\/10\/02_2_cv_dcf.pdf\" rel=\"noopener noreferrer\" target=\"_blank\"><img loading=\"lazy\" decoding=\"async\" src=\"\/deporte\/wp-content\/uploads\/sites\/76\/2023\/11\/pdf-icon.png\" alt=\"\" width=\"35\" height=\"38\" class=\"alignnone size-full wp-image-1189\" \/><\/a><\/td>\n<\/tr>\n<tr class=\"row-6\">\n\t<td class=\"column-1\"><strong>Departamento de Recursos Materiales y Servicios Generales<\/strong><\/td><td class=\"column-2\"><strong>Licdo. Jhovany \u00c1ngel Hern\u00e1ndez<\/strong><\/td><td class=\"column-3\"><a href=\"\/deporte\/wp-content\/uploads\/sites\/76\/2024\/10\/02_3_cv_dsgyrm.pdf\" rel=\"noopener noreferrer\" target=\"_blank\"><img loading=\"lazy\" decoding=\"async\" src=\"\/deporte\/wp-content\/uploads\/sites\/76\/2023\/11\/pdf-icon.png\" alt=\"\" width=\"35\" height=\"38\" class=\"alignnone size-full wp-image-1189\" \/><\/a><\/td>\n<\/tr>\n<tr class=\"row-7\">\n\t<td class=\"column-1\"><strong>Unidad de Cultura F\u00edsica<\/strong><\/td><td class=\"column-2\"><strong>L.C.P. Socorro Santiago Villalobos<\/strong><\/td><td class=\"column-3\"><a href=\"\/deporte\/wp-content\/uploads\/sites\/76\/2024\/10\/03_0_cv_ucf.pdf\" rel=\"noopener noreferrer\" target=\"_blank\"><img loading=\"lazy\" decoding=\"async\" src=\"\/deporte\/wp-content\/uploads\/sites\/76\/2023\/11\/pdf-icon.png\" alt=\"\" width=\"35\" height=\"38\" class=\"alignnone size-full wp-image-1189\" \/><\/a><\/td>\n<\/tr>\n<tr class=\"row-8\">\n\t<td class=\"column-1\"><strong>Departamento de Vinculaci\u00f3n y Capacitaci\u00f3n<\/strong><\/td><td class=\"column-2\"><strong>M.P. Blanca Areli Aquino Sosa<\/strong><\/td><td class=\"column-3\"><a href=\"\/deporte\/wp-content\/uploads\/sites\/76\/2024\/10\/03_1_cv_dvyc.pdf\" rel=\"noopener noreferrer\" target=\"_blank\"><img loading=\"lazy\" decoding=\"async\" src=\"\/deporte\/wp-content\/uploads\/sites\/76\/2023\/11\/pdf-icon.png\" alt=\"\" width=\"35\" height=\"38\" class=\"alignnone size-full wp-image-1189\" \/><\/a><\/td>\n<\/tr>\n<tr class=\"row-9\">\n\t<td class=\"column-1\"><strong>Departamento de Activaci\u00f3n F\u00edsica y Recreaci\u00f3n<\/strong><\/td><td class=\"column-2\"><strong>Licda. Gisela Reyes Alvarado<\/strong><\/td><td class=\"column-3\"><a href=\"\/deporte\/wp-content\/uploads\/sites\/76\/2024\/10\/03_2_cv_dafyr.pdf\" rel=\"noopener noreferrer\" target=\"_blank\"><img loading=\"lazy\" decoding=\"async\" src=\"\/deporte\/wp-content\/uploads\/sites\/76\/2023\/11\/pdf-icon.png\" alt=\"\" width=\"35\" height=\"38\" class=\"alignnone size-full wp-image-1189\" \/><\/a><\/td>\n<\/tr>\n<tr class=\"row-10\">\n\t<td class=\"column-1\"><strong>Unidad de Desarrollo del Deporte<\/strong><\/td><td class=\"column-2\"><strong>Prof. Marcelino Albuerne Ronquillo<\/strong><\/td><td class=\"column-3\"><a href=\"\/deporte\/wp-content\/uploads\/sites\/76\/2024\/10\/04_0_cv_udd.pdf\" rel=\"noopener noreferrer\" target=\"_blank\"><img loading=\"lazy\" decoding=\"async\" src=\"\/deporte\/wp-content\/uploads\/sites\/76\/2023\/11\/pdf-icon.png\" alt=\"\" width=\"35\" height=\"38\" class=\"alignnone size-full wp-image-1189\" \/><\/a><\/td>\n<\/tr>\n<tr class=\"row-11\">\n\t<td class=\"column-1\"><strong>Departamento de Deporte Competitivo<\/strong><\/td><td class=\"column-2\"><strong>Licda. Jael Alejandra Ram\u00edrez Garc\u00eda<\/strong><\/td><td class=\"column-3\"><a href=\"\/deporte\/wp-content\/uploads\/sites\/76\/2024\/10\/04_1_cv_ddc.pdf\" rel=\"noopener noreferrer\" target=\"_blank\"><img loading=\"lazy\" decoding=\"async\" src=\"\/deporte\/wp-content\/uploads\/sites\/76\/2023\/11\/pdf-icon.png\" alt=\"\" width=\"35\" height=\"38\" class=\"alignnone size-full wp-image-1189\" \/><\/a><\/td>\n<\/tr>\n<tr class=\"row-12\">\n\t<td class=\"column-1\"><strong>Departamento de Deporte Adaptado<\/strong><\/td><td class=\"column-2\"><strong>LED. Josafat Mart\u00ednez Gonz\u00e1lez<\/strong><\/td><td class=\"column-3\"><a href=\"\/deporte\/wp-content\/uploads\/sites\/76\/2024\/10\/04_2_cv_dda.pdf\" rel=\"noopener noreferrer\" target=\"_blank\"><img loading=\"lazy\" decoding=\"async\" src=\"\/deporte\/wp-content\/uploads\/sites\/76\/2023\/11\/pdf-icon.png\" alt=\"\" width=\"35\" height=\"38\" class=\"alignnone size-full wp-image-1189\" \/><\/a><\/td>\n<\/tr>\n<tr class=\"row-13\">\n\t<td class=\"column-1\"><strong>Departamento de Deporte Social<\/strong><\/td><td class=\"column-2\"><strong>LED. Ulises Le\u00f3n Avenda\u00f1o<\/strong><\/td><td class=\"column-3\"><a href=\"\/deporte\/wp-content\/uploads\/sites\/76\/2024\/10\/04_3_cv_dds.pdf\" rel=\"noopener noreferrer\" target=\"_blank\"><img loading=\"lazy\" decoding=\"async\" src=\"\/deporte\/wp-content\/uploads\/sites\/76\/2023\/11\/pdf-icon.png\" alt=\"\" width=\"35\" height=\"38\" class=\"alignnone size-full wp-image-1189\" \/><\/a><\/td>\n<\/tr>\n<tr class=\"row-14\">\n\t<td class=\"column-1\"><strong>Departamento Jur\u00eddico<\/strong><\/td><td class=\"column-2\"><strong>Licda. Abril del Carmen Ojeda Garc\u00eda<\/strong><\/td><td class=\"column-3\"><a href=\"\/deporte\/wp-content\/uploads\/sites\/76\/2024\/10\/05_cv_dj.pdf\" rel=\"noopener noreferrer\" target=\"_blank\"><img loading=\"lazy\" decoding=\"async\" src=\"\/deporte\/wp-content\/uploads\/sites\/76\/2023\/11\/pdf-icon.png\" alt=\"\" width=\"35\" height=\"38\" class=\"alignnone size-full wp-image-1189\" \/><\/a><\/td>\n<\/tr>\n<tr class=\"row-15\">\n\t<td class=\"column-1\"><strong>Departamento de Infraestructura Deportiva<\/strong><\/td><td class=\"column-2\"><strong>Arq. V\u00edctor Alan R\u00edos Figueroa<\/strong><\/td><td class=\"column-3\"><a href=\"\/deporte\/wp-content\/uploads\/sites\/76\/2024\/10\/06_cv_did.pdf\" rel=\"noopener noreferrer\" target=\"_blank\"><img loading=\"lazy\" decoding=\"async\" src=\"\/deporte\/wp-content\/uploads\/sites\/76\/2023\/11\/pdf-icon.png\" alt=\"\" width=\"35\" height=\"38\" class=\"alignnone size-full wp-image-1189\" \/><\/a><\/td>\n<\/tr>\n<\/tbody>\n<\/table>\n<!-- #tablepress-32 from cache -->\n","protected":false},"excerpt":{"rendered":"","protected":false},"author":90,"featured_media":0,"parent":0,"menu_order":0,"comment_status":"closed","ping_status":"closed","template":"","meta":{"episode_type":"","audio_file":"","podmotor_file_id":"","podmotor_episode_id":"","cover_image":"","cover_image_id":"","duration":"","filesize":"","filesize_raw":"","date_recorded":"","explicit":"","block":"","itunes_episode_number":"","itunes_title":"","itunes_season_number":"","itunes_episode_type":"","footnotes":""},"categories":[],"tags":[],"class_list":["post-7944","page","type-page","status-publish","hentry"],"acf":[],"publishpress_future_action":{"enabled":false,"date":"2026-04-24 01:49:24","action":"change-status","newStatus":"draft","terms":[],"taxonomy":"category","extraData":[]},"publishpress_future_workflow_manual_trigger":{"enabledWorkflows":[]},"_links":{"self":[{"href":"https:\/\/www.oaxaca.gob.mx\/deporte\/wp-json\/wp\/v2\/pages\/7944","targetHints":{"allow":["GET"]}}],"collection":[{"href":"https:\/\/www.oaxaca.gob.mx\/deporte\/wp-json\/wp\/v2\/pages"}],"about":[{"href":"https:\/\/www.oaxaca.gob.mx\/deporte\/wp-json\/wp\/v2\/types\/page"}],"author":[{"embeddable":true,"href":"https:\/\/www.oaxaca.gob.mx\/deporte\/wp-json\/wp\/v2\/users\/90"}],"replies":[{"embeddable":true,"href":"https:\/\/www.oaxaca.gob.mx\/deporte\/wp-json\/wp\/v2\/comments?post=7944"}],"version-history":[{"count":2,"href":"https:\/\/www.oaxaca.gob.mx\/deporte\/wp-json\/wp\/v2\/pages\/7944\/revisions"}],"predecessor-version":[{"id":7968,"href":"https:\/\/www.oaxaca.gob.mx\/deporte\/wp-json\/wp\/v2\/pages\/7944\/revisions\/7968"}],"wp:attachment":[{"href":"https:\/\/www.oaxaca.gob.mx\/deporte\/wp-json\/wp\/v2\/media?parent=7944"}],"wp:term":[{"taxonomy":"category","embeddable":true,"href":"https:\/\/www.oaxaca.gob.mx\/deporte\/wp-json\/wp\/v2\/categories?post=7944"},{"taxonomy":"post_tag","embeddable":true,"href":"https:\/\/www.oaxaca.gob.mx\/deporte\/wp-json\/wp\/v2\/tags?post=7944"}],"curies":[{"name":"wp","href":"https:\/\/api.w.org\/{rel}","templated":true}]}}