{"id":5083,"date":"2022-02-01T16:15:24","date_gmt":"2022-02-01T22:15:24","guid":{"rendered":"https:\/\/www.oaxaca.gob.mx\/incude\/?page_id=5083"},"modified":"2025-02-06T20:55:42","modified_gmt":"2025-02-07T02:55:42","slug":"sistema-institucional-de-archivos","status":"publish","type":"page","link":"https:\/\/www.oaxaca.gob.mx\/deporte\/sistema-institucional-de-archivos\/","title":{"rendered":"Sistema Institucional de Archivos"},"content":{"rendered":"<p><!-- Tab panes --><\/p>\n<div class=\"tab-content\">\n<div id=\"sistema_archivo\" class=\"tab-pane active\" role=\"tabpanel\" aria-labelledby=\"sistema_archivo-tab\">\n<div id=\"ActaInstalacion\" class=\"accordion accordion-flush\">\n<div class=\"accordion-item\">\n<h5 class=\"accordion-header\"><button class=\"accordion-button collapsed\" type=\"button\" data-bs-toggle=\"collapse\" data-bs-target=\"#flush-collapse01\" aria-expanded=\"false\" aria-controls=\"flush-collapse01\">Acta de la Instalaci\u00f3n del Sistema Institucional de Archivos<\/button><\/h5>\n<div id=\"flush-collapse01\" class=\"accordion-collapse collapse\" data-bs-parent=\"#ActaInstalacion\">\n<div class=\"accordion-body\"><a href=\"\/deporte\/wp-content\/uploads\/sites\/76\/2024\/07\/acta_sistema_institucional_deporte.pdf\" class=\"pdfemb-viewer\" style=\"width:1080px;\" data-width=\"1080\" data-height=\"max\" data-toolbar=\"top\" data-toolbar-fixed=\"on\">acta_sistema_institucional_deporte<\/a><\/div>\n<\/div>\n<\/div>\n<div class=\"accordion-item\">\n<h5 class=\"accordion-header\"><button class=\"accordion-button collapsed\" type=\"button\" data-bs-toggle=\"collapse\" data-bs-target=\"#flush-collapse02\" aria-expanded=\"false\" aria-controls=\"flush-collapse02\">Acta de la Instalaci\u00f3n del Grupo Interdisciplinario<\/button><\/h5>\n<div id=\"flush-collapse02\" class=\"accordion-collapse collapse\" data-bs-parent=\"#ActaInstalacion\">\n<div class=\"accordion-body\"><a href=\"\/deporte\/wp-content\/uploads\/sites\/76\/2024\/07\/acta_grupo_interdisciplinario_deporte.pdf\" class=\"pdfemb-viewer\" style=\"width:1080px;\" data-width=\"1080\" data-height=\"max\" data-toolbar=\"top\" data-toolbar-fixed=\"on\">acta_grupo_interdisciplinario_deporte<\/a><\/div>\n<\/div>\n<\/div>\n<div class=\"accordion-item\">\n<h5 class=\"accordion-header\"><button class=\"accordion-button collapsed\" type=\"button\" data-bs-toggle=\"collapse\" data-bs-target=\"#flush-collapse03\" aria-expanded=\"false\" aria-controls=\"flush-collapse03\">Informe del Programa Anual de Desarrollo Archiv\u00edstico 2024<\/button><\/h5>\n<div id=\"flush-collapse03\" class=\"accordion-collapse collapse\" data-bs-parent=\"#ActaInstalacion\">\n<div class=\"accordion-body\"><a href=\"\/deporte\/wp-content\/uploads\/sites\/76\/2025\/02\/Informe-Anual-2024-Archivo.pdf\" class=\"pdfemb-viewer\" style=\"width:1080px;\" data-width=\"1080\" data-height=\"max\" data-toolbar=\"top\" data-toolbar-fixed=\"on\">Informe-Anual-2024-Archivo<\/a><\/div>\n<\/div>\n<\/div>\n<div class=\"accordion-item\">\n<h5 class=\"accordion-header\"><button class=\"accordion-button collapsed\" type=\"button\" data-bs-toggle=\"collapse\" data-bs-target=\"#flush-collapse04\" aria-expanded=\"false\" aria-controls=\"flush-collapse04\">Programa Anual de Desarrollo Archiv\u00edstico 2025<\/button><\/h5>\n<div id=\"flush-collapse04\" class=\"accordion-collapse collapse\" data-bs-parent=\"#ActaInstalacion\">\n<div class=\"accordion-body\"><a href=\"\/deporte\/wp-content\/uploads\/sites\/76\/2025\/02\/Programa-Anual-2025-Archivo.pdf\" class=\"pdfemb-viewer\" style=\"width:1080px;\" data-width=\"1080\" data-height=\"max\" data-toolbar=\"top\" data-toolbar-fixed=\"on\">Programa-Anual-2025-Archivo<\/a><\/div>\n<\/div>\n<\/div>\n<\/div>\n<\/div>\n<\/div>\n","protected":false},"excerpt":{"rendered":"<p>Acta de la Instalaci\u00f3n del Sistema Institucional de Archivos Acta de la Instalaci\u00f3n del Grupo Interdisciplinario Informe del Programa Anual de Desarrollo Archiv\u00edstico 2024 Programa Anual de Desarrollo Archiv\u00edstico 2025<\/p>\n","protected":false},"author":90,"featured_media":0,"parent":0,"menu_order":0,"comment_status":"closed","ping_status":"closed","template":"","meta":{"episode_type":"","audio_file":"","podmotor_file_id":"","podmotor_episode_id":"","cover_image":"","cover_image_id":"","duration":"","filesize":"","filesize_raw":"","date_recorded":"","explicit":"","block":"","itunes_episode_number":"","itunes_title":"","itunes_season_number":"","itunes_episode_type":"","footnotes":""},"categories":[],"tags":[],"class_list":["post-5083","page","type-page","status-publish","hentry"],"acf":[],"publishpress_future_action":{"enabled":false,"date":"2026-05-13 07:03:17","action":"change-status","newStatus":"draft","terms":[],"taxonomy":"category","extraData":[]},"publishpress_future_workflow_manual_trigger":{"enabledWorkflows":[]},"_links":{"self":[{"href":"https:\/\/www.oaxaca.gob.mx\/deporte\/wp-json\/wp\/v2\/pages\/5083","targetHints":{"allow":["GET"]}}],"collection":[{"href":"https:\/\/www.oaxaca.gob.mx\/deporte\/wp-json\/wp\/v2\/pages"}],"about":[{"href":"https:\/\/www.oaxaca.gob.mx\/deporte\/wp-json\/wp\/v2\/types\/page"}],"author":[{"embeddable":true,"href":"https:\/\/www.oaxaca.gob.mx\/deporte\/wp-json\/wp\/v2\/users\/90"}],"replies":[{"embeddable":true,"href":"https:\/\/www.oaxaca.gob.mx\/deporte\/wp-json\/wp\/v2\/comments?post=5083"}],"version-history":[{"count":2,"href":"https:\/\/www.oaxaca.gob.mx\/deporte\/wp-json\/wp\/v2\/pages\/5083\/revisions"}],"predecessor-version":[{"id":5085,"href":"https:\/\/www.oaxaca.gob.mx\/deporte\/wp-json\/wp\/v2\/pages\/5083\/revisions\/5085"}],"wp:attachment":[{"href":"https:\/\/www.oaxaca.gob.mx\/deporte\/wp-json\/wp\/v2\/media?parent=5083"}],"wp:term":[{"taxonomy":"category","embeddable":true,"href":"https:\/\/www.oaxaca.gob.mx\/deporte\/wp-json\/wp\/v2\/categories?post=5083"},{"taxonomy":"post_tag","embeddable":true,"href":"https:\/\/www.oaxaca.gob.mx\/deporte\/wp-json\/wp\/v2\/tags?post=5083"}],"curies":[{"name":"wp","href":"https:\/\/api.w.org\/{rel}","templated":true}]}}