{"id":5039,"date":"2022-01-28T16:52:00","date_gmt":"2022-01-28T22:52:00","guid":{"rendered":"https:\/\/www.oaxaca.gob.mx\/incude\/?page_id=5039"},"modified":"2022-01-28T17:43:07","modified_gmt":"2022-01-28T23:43:07","slug":"test","status":"publish","type":"page","link":"https:\/\/www.oaxaca.gob.mx\/deporte\/test\/","title":{"rendered":"Test"},"content":{"rendered":"<div class=\"post\">\n<nav style=\"margin-bottom: 30px\">\n<div id=\"nav-tab\" class=\"nav nav-tabs\" role=\"tablist\"><a class=\"nav-item nav-link\" role=\"tab\" href=\"#panel-0\" data-toggle=\"tab\">Convocatoria Etapa Estatal<\/a><br \/>\n<a class=\"nav-item nav-link\" role=\"tab\" href=\"#panel-1\" data-toggle=\"tab\">C\u00e9dula de Inscripci\u00f3n para Deportes Individuales<\/a><br \/>\n<a class=\"nav-item nav-link\" role=\"tab\" href=\"#panel-2\" data-toggle=\"tab\">C\u00e9dula de Inscripci\u00f3n para Deportes de Conjunto<\/a><br \/>\n<a class=\"nav-item nav-link\" role=\"tab\" href=\"#panel-3\" data-toggle=\"tab\">Carta Responsiva para Deportistas<\/a><br \/>\n<a class=\"nav-item nav-link\" role=\"tab\" href=\"#panel-4\" data-toggle=\"tab\">Carta Responsiva para Entrenadores<\/a><\/div>\n<div role=\"tablist\"><\/div>\n<\/nav>\n<div id=\"nav-tabContent\" class=\"tab-content\">\n<div id=\"panel-0\" class=\"tab-pane fade show active\" role=\"tabpanel\" aria-labelledby=\"nav_tab_uno\">\n<h3>Convocatoria Etapa Estatal<\/h3>\n[pdf]\/incude\/wp-content\/uploads\/sites\/76\/2022\/01\/conv_estatal_nal_conade_2022.pdf[\/pdf]\n<\/div>\n<div id=\"panel-1\" class=\"tab-pane fade\" role=\"tabpanel\" aria-labelledby=\"nav_tab_tres\">\n<h3>C\u00e9dula de Inscripci\u00f3n para Deportes Individuales<\/h3>\n[pdf]\/incude\/wp-content\/uploads\/sites\/76\/2022\/01\/cedula_individual.pdf[\/pdf]\n<\/div>\n<div id=\"panel-2\" class=\"tab-pane fade\" role=\"tabpanel\" aria-labelledby=\"nav_tab_cuatro\">\n<h3>C\u00e9dula de Inscripci\u00f3n para Deportes de Conjunto<\/h3>\n[pdf]\/incude\/wp-content\/uploads\/sites\/76\/2022\/01\/cedula_conjunto.pdf[\/pdf]\n<\/div>\n<div id=\"panel-3\" class=\"tab-pane fade\" role=\"tabpanel\" aria-labelledby=\"nav_tab_cinco\">\n<h3>Carta Responsiva para Deportistas<\/h3>\n[pdf]\/incude\/wp-content\/uploads\/sites\/76\/2022\/01\/responsiva_deportista.pdf[\/pdf]\n<\/div>\n<div id=\"panel-4\" class=\"tab-pane fade\" role=\"tabpanel\" aria-labelledby=\"nav_tab_cinco\">\n<h3>Carta Responsiva para Entrenadores<\/h3>\n[pdf]\/incude\/wp-content\/uploads\/sites\/76\/2022\/01\/responsiva_entrenador.pdf[\/pdf]\n<\/div>\n<\/div>\n<\/div>\n","protected":false},"excerpt":{"rendered":"<p>Convocatoria Etapa Estatal C\u00e9dula de Inscripci\u00f3n para Deportes Individuales C\u00e9dula de Inscripci\u00f3n para Deportes de Conjunto Carta Responsiva para Deportistas Carta Responsiva para Entrenadores Convocatoria Etapa Estatal [pdf]\/incude\/wp-content\/uploads\/sites\/76\/2022\/01\/conv_estatal_nal_conade_2022.pdf[\/pdf] C\u00e9dula de Inscripci\u00f3n para Deportes Individuales [pdf]\/incude\/wp-content\/uploads\/sites\/76\/2022\/01\/cedula_individual.pdf[\/pdf] C\u00e9dula de Inscripci\u00f3n para Deportes de Conjunto [pdf]\/incude\/wp-content\/uploads\/sites\/76\/2022\/01\/cedula_conjunto.pdf[\/pdf] Carta Responsiva para Deportistas [pdf]\/incude\/wp-content\/uploads\/sites\/76\/2022\/01\/responsiva_deportista.pdf[\/pdf] Carta Responsiva para Entrenadores [pdf]\/incude\/wp-content\/uploads\/sites\/76\/2022\/01\/responsiva_entrenador.pdf[\/pdf]<\/p>\n","protected":false},"author":90,"featured_media":0,"parent":0,"menu_order":0,"comment_status":"closed","ping_status":"closed","template":"","meta":{"episode_type":"","audio_file":"","podmotor_file_id":"","podmotor_episode_id":"","cover_image":"","cover_image_id":"","duration":"","filesize":"","filesize_raw":"","date_recorded":"","explicit":"","block":"","itunes_episode_number":"","itunes_title":"","itunes_season_number":"","itunes_episode_type":"","footnotes":""},"categories":[],"tags":[],"class_list":["post-5039","page","type-page","status-publish","hentry"],"acf":[],"publishpress_future_action":{"enabled":false,"date":"2026-04-24 01:46:45","action":"change-status","newStatus":"draft","terms":[],"taxonomy":"category","extraData":[]},"publishpress_future_workflow_manual_trigger":{"enabledWorkflows":[]},"_links":{"self":[{"href":"https:\/\/www.oaxaca.gob.mx\/deporte\/wp-json\/wp\/v2\/pages\/5039","targetHints":{"allow":["GET"]}}],"collection":[{"href":"https:\/\/www.oaxaca.gob.mx\/deporte\/wp-json\/wp\/v2\/pages"}],"about":[{"href":"https:\/\/www.oaxaca.gob.mx\/deporte\/wp-json\/wp\/v2\/types\/page"}],"author":[{"embeddable":true,"href":"https:\/\/www.oaxaca.gob.mx\/deporte\/wp-json\/wp\/v2\/users\/90"}],"replies":[{"embeddable":true,"href":"https:\/\/www.oaxaca.gob.mx\/deporte\/wp-json\/wp\/v2\/comments?post=5039"}],"version-history":[{"count":19,"href":"https:\/\/www.oaxaca.gob.mx\/deporte\/wp-json\/wp\/v2\/pages\/5039\/revisions"}],"predecessor-version":[{"id":5042,"href":"https:\/\/www.oaxaca.gob.mx\/deporte\/wp-json\/wp\/v2\/pages\/5039\/revisions\/5042"}],"wp:attachment":[{"href":"https:\/\/www.oaxaca.gob.mx\/deporte\/wp-json\/wp\/v2\/media?parent=5039"}],"wp:term":[{"taxonomy":"category","embeddable":true,"href":"https:\/\/www.oaxaca.gob.mx\/deporte\/wp-json\/wp\/v2\/categories?post=5039"},{"taxonomy":"post_tag","embeddable":true,"href":"https:\/\/www.oaxaca.gob.mx\/deporte\/wp-json\/wp\/v2\/tags?post=5039"}],"curies":[{"name":"wp","href":"https:\/\/api.w.org\/{rel}","templated":true}]}}