{"id":415,"date":"2018-01-30T14:42:29","date_gmt":"2018-01-30T20:42:29","guid":{"rendered":"http:\/\/www.deportes.oaxaca.gob.mx\/?page_id=415"},"modified":"2025-10-31T12:24:13","modified_gmt":"2025-10-31T18:24:13","slug":"mision","status":"publish","type":"page","link":"https:\/\/www.oaxaca.gob.mx\/deporte\/mision\/","title":{"rendered":"Misi\u00f3n, Visi\u00f3n y Objetivos"},"content":{"rendered":"<h5>Misi\u00f3n<\/h5>\n<p>Impulsar el desarrollo sustentable de la Cultura F\u00edsica y el Deporte a trav\u00e9s de Pol\u00edticas P\u00fablicas que fomenten la participaci\u00f3n masiva de la poblaci\u00f3n y la integraci\u00f3n corresponsable de los diversos sectores, para contribuir a una mejor calidad de vida de la sociedad, enfocando nuestros recursos como una inversi\u00f3n orientada a promover la excelencia del deporte oaxaque\u00f1o.<\/p>\n<h5><\/h5>\n<h5>Visi\u00f3n<\/h5>\n<p>En Oaxaca, la Cultura F\u00edsica y el Deporte est\u00e1n al alcance de toda la sociedad, formando parte integral de su forma de vida, a trav\u00e9s de programas permanentes y sistem\u00e1ticos que permiten mejores niveles de salud y bienestar en la poblaci\u00f3n, lo cual se traduce en tener deportistas competentes y competitivos, que ubicar\u00e1n a la entidad entre los cinco primeros estados en competencias de nivel nacional e internacional.<\/p>\n<h5><\/h5>\n<h5>Objetivo General<\/h5>\n<p>Dirigir y coordinar la Pol\u00edtica Estatal en materia de Cultura F\u00edsica y Deporte, promoviendo en esta actividad la participaci\u00f3n de los sectores p\u00fablico y privado, a fin de propiciar su colaboraci\u00f3n, desarrollo e integraci\u00f3n social.<\/p>\n","protected":false},"excerpt":{"rendered":"<p>Misi\u00f3n Impulsar el desarrollo sustentable de la Cultura F\u00edsica y el Deporte a trav\u00e9s de Pol\u00edticas P\u00fablicas que fomenten la participaci\u00f3n masiva de la poblaci\u00f3n y la integraci\u00f3n corresponsable de los diversos sectores, para contribuir a una mejor calidad de vida de la sociedad, enfocando nuestros recursos como una inversi\u00f3n orientada a promover la excelencia [&hellip;]<\/p>\n","protected":false},"author":1,"featured_media":0,"parent":0,"menu_order":0,"comment_status":"closed","ping_status":"closed","template":"","meta":{"episode_type":"","audio_file":"","podmotor_file_id":"","podmotor_episode_id":"","cover_image":"","cover_image_id":"","duration":"","filesize":"","filesize_raw":"","date_recorded":"","explicit":"","block":"","itunes_episode_number":"","itunes_title":"","itunes_season_number":"","itunes_episode_type":"","footnotes":""},"categories":[],"tags":[],"class_list":["post-415","page","type-page","status-publish","hentry"],"acf":[],"publishpress_future_action":{"enabled":false,"date":"2026-05-19 10:23:24","action":"change-status","newStatus":"draft","terms":[],"taxonomy":"category","extraData":[]},"publishpress_future_workflow_manual_trigger":{"enabledWorkflows":[]},"_links":{"self":[{"href":"https:\/\/www.oaxaca.gob.mx\/deporte\/wp-json\/wp\/v2\/pages\/415","targetHints":{"allow":["GET"]}}],"collection":[{"href":"https:\/\/www.oaxaca.gob.mx\/deporte\/wp-json\/wp\/v2\/pages"}],"about":[{"href":"https:\/\/www.oaxaca.gob.mx\/deporte\/wp-json\/wp\/v2\/types\/page"}],"author":[{"embeddable":true,"href":"https:\/\/www.oaxaca.gob.mx\/deporte\/wp-json\/wp\/v2\/users\/1"}],"replies":[{"embeddable":true,"href":"https:\/\/www.oaxaca.gob.mx\/deporte\/wp-json\/wp\/v2\/comments?post=415"}],"version-history":[{"count":1,"href":"https:\/\/www.oaxaca.gob.mx\/deporte\/wp-json\/wp\/v2\/pages\/415\/revisions"}],"predecessor-version":[{"id":7938,"href":"https:\/\/www.oaxaca.gob.mx\/deporte\/wp-json\/wp\/v2\/pages\/415\/revisions\/7938"}],"wp:attachment":[{"href":"https:\/\/www.oaxaca.gob.mx\/deporte\/wp-json\/wp\/v2\/media?parent=415"}],"wp:term":[{"taxonomy":"category","embeddable":true,"href":"https:\/\/www.oaxaca.gob.mx\/deporte\/wp-json\/wp\/v2\/categories?post=415"},{"taxonomy":"post_tag","embeddable":true,"href":"https:\/\/www.oaxaca.gob.mx\/deporte\/wp-json\/wp\/v2\/tags?post=415"}],"curies":[{"name":"wp","href":"https:\/\/api.w.org\/{rel}","templated":true}]}}