{"id":40,"date":"2016-02-09T10:59:30","date_gmt":"2016-02-09T16:59:30","guid":{"rendered":"http:\/\/www.deportes.oaxaca.gob.mx\/?page_id=40"},"modified":"2024-10-10T14:49:38","modified_gmt":"2024-10-10T20:49:38","slug":"sala-de-prensa","status":"publish","type":"page","link":"https:\/\/www.oaxaca.gob.mx\/deporte\/sala-de-prensa\/","title":{"rendered":"Noticias"},"content":{"rendered":"\r\n<section class=\"section\">\r\n  <div class=\"container-md\">\r\n    <div class=\"row\">\r\n      <div class=\"col-md-8\">\r\n                <div class=\"row\">\r\n          \r\n          <!-- \/*\r\n          $paged = ( get_query_var('paged') ) ? absint(get_query_var('paged')) : 1;\r\n          \/\/$query = new WP_Query( array( 'post_type' =>  'post', 'category_name' => 'noticias', 'posts_per_page' => 10 , 'paged' => $paged ) );\r\n          $query = new WP_Query( array( 'post_type' =>  'post', 'post_status' => 'publish', 'posts_per_page' => 10 , 'paged' => $paged ) );\r\n          if ( $query->have_posts() ) :\r\n            while ( $query->have_posts() ) : $query->the_post(); *\/ \r\n          ?> -->\r\n            <div class=\"card border-0 mb-3\" style=\"width: 100%;\">\r\n              <div class=\"row g-0\">\r\n                <div class=\"col-md-4\">\r\n                                      <img decoding=\"async\" src=\"https:\/\/www.oaxaca.gob.mx\/deporte\/wp-content\/uploads\/sites\/76\/2025\/11\/main-reconocimientoconade-scaled.jpg\" class=\"img-fluid\" style=\"width:300px; height:200px;\" alt=\"Reconoce Conade a Oaxaca por ser la entidad con mayor incremento de medallas en Olimpiada Nacional 2025\">\r\n                                  <\/div>\r\n                <div class=\"col-md-8\">\r\n                  <div class=\"card-body py-1\">\r\n                    <a href=\"https:\/\/www.oaxaca.gob.mx\/deporte\/reconoce-conade-a-oaxaca-por-ser-la-entidad-con-mayor-incremento-de-medallas-en-olimpiada-nacional-2025\/\" title=\"Reconoce Conade a Oaxaca por ser la entidad con mayor incremento de medallas en Olimpiada Nacional 2025\">\r\n                      <h5 class=\"card-title\">Reconoce Conade a Oaxaca por ser la entidad con mayor incremento de medallas en Olimpiada Nacional 2025<\/h5>\r\n                    <\/a>\r\n                    <p class=\"card-text\"><p>Durante este a\u00f1o, las y los deportistas de la entidad obtuvieron 134 preseas en total, 25 m\u00e1s que el a\u00f1o anterior Ciudad de M\u00e9xico, 27 de noviembre de 2025.-\u00a0La Comisi\u00f3n Nacional de Cultura F\u00edsica y Deporte (Conade) otorg\u00f3 un reconocimiento al Instituto del Deporte del Estado de Oaxaca (Indeporte), por ser la entidad federativa con [&hellip;]<\/p>\n<\/p>\r\n                  <\/div>\r\n                <\/div>\r\n              <\/div>\r\n            <\/div>\r\n            \r\n          <!-- \/*\r\n          $paged = ( get_query_var('paged') ) ? absint(get_query_var('paged')) : 1;\r\n          \/\/$query = new WP_Query( array( 'post_type' =>  'post', 'category_name' => 'noticias', 'posts_per_page' => 10 , 'paged' => $paged ) );\r\n          $query = new WP_Query( array( 'post_type' =>  'post', 'post_status' => 'publish', 'posts_per_page' => 10 , 'paged' => $paged ) );\r\n          if ( $query->have_posts() ) :\r\n            while ( $query->have_posts() ) : $query->the_post(); *\/ \r\n          ?> -->\r\n            <div class=\"card border-0 mb-3\" style=\"width: 100%;\">\r\n              <div class=\"row g-0\">\r\n                <div class=\"col-md-4\">\r\n                                      <img decoding=\"async\" src=\"https:\/\/www.oaxaca.gob.mx\/deporte\/wp-content\/uploads\/sites\/76\/2025\/11\/gantelmextelcel-WebSite-scaled.jpg\" class=\"img-fluid\" style=\"width:300px; height:200px;\" alt=\"Oaxaca define a sus ocho equipos representativos para la etapa nacional de la Liga Telmex Telcel de B\u00e1squetbol\">\r\n                                  <\/div>\r\n                <div class=\"col-md-8\">\r\n                  <div class=\"card-body py-1\">\r\n                    <a href=\"https:\/\/www.oaxaca.gob.mx\/deporte\/oaxaca-define-a-sus-ocho-equipos-representativos-para-la-etapa-nacional-de-la-liga-telmex-telcel-de-basquetbol\/\" title=\"Oaxaca define a sus ocho equipos representativos para la etapa nacional de la Liga Telmex Telcel de B\u00e1squetbol\">\r\n                      <h5 class=\"card-title\">Oaxaca define a sus ocho equipos representativos para la etapa nacional de la Liga Telmex Telcel de B\u00e1squetbol<\/h5>\r\n                    <\/a>\r\n                    <p class=\"card-text\"><p>Se celebrar\u00e1 del 4 al 7 de diciembre en la entidad Oaxaca de Ju\u00e1rez, Oax. 18 de noviembre de 2025.-\u00a0El Instituto del Deporte (Indeporte) inform\u00f3 que, tras la realizaci\u00f3n de las finales estatales de la Liga Telmex Telcel de B\u00e1squetbol, quedaron definidos los ocho equipos que representar\u00e1n a Oaxaca en la etapa nacional del certamen, [&hellip;]<\/p>\n<\/p>\r\n                  <\/div>\r\n                <\/div>\r\n              <\/div>\r\n            <\/div>\r\n            \r\n          <!-- \/*\r\n          $paged = ( get_query_var('paged') ) ? absint(get_query_var('paged')) : 1;\r\n          \/\/$query = new WP_Query( array( 'post_type' =>  'post', 'category_name' => 'noticias', 'posts_per_page' => 10 , 'paged' => $paged ) );\r\n          $query = new WP_Query( array( 'post_type' =>  'post', 'post_status' => 'publish', 'posts_per_page' => 10 , 'paged' => $paged ) );\r\n          if ( $query->have_posts() ) :\r\n            while ( $query->have_posts() ) : $query->the_post(); *\/ \r\n          ?> -->\r\n            <div class=\"card border-0 mb-3\" style=\"width: 100%;\">\r\n              <div class=\"row g-0\">\r\n                <div class=\"col-md-4\">\r\n                                      <img decoding=\"async\" src=\"https:\/\/www.oaxaca.gob.mx\/deporte\/wp-content\/uploads\/sites\/76\/2025\/11\/inautelmextelcelbas-WebSite-scaled.jpg\" class=\"img-fluid\" style=\"width:300px; height:200px;\" alt=\"Inaugura Salom\u00f3n Jara Etapa Estatal de la Liga Telmex- Telcel de b\u00e1squetbol 2025\">\r\n                                  <\/div>\r\n                <div class=\"col-md-8\">\r\n                  <div class=\"card-body py-1\">\r\n                    <a href=\"https:\/\/www.oaxaca.gob.mx\/deporte\/inaugura-salomon-jara-etapa-estatal-de-la-liga-telmex-telcel-de-basquetbol-2025\/\" title=\"Inaugura Salom\u00f3n Jara Etapa Estatal de la Liga Telmex- Telcel de b\u00e1squetbol 2025\">\r\n                      <h5 class=\"card-title\">Inaugura Salom\u00f3n Jara Etapa Estatal de la Liga Telmex- Telcel de b\u00e1squetbol 2025<\/h5>\r\n                    <\/a>\r\n                    <p class=\"card-text\"><p>El Mandatario estatal se\u00f1al\u00f3 que la pr\u00e1ctica deportiva fortalece el esp\u00edritu colectivo, lo que contribuye a la reconstrucci\u00f3n del tejido social, con valores Oaxaca de Ju\u00e1rez, Oax. 15 de noviembre de 2025.\u00a0Con la participaci\u00f3n de m\u00e1s de 200 equipos de ni\u00f1as, ni\u00f1os y j\u00f3venes de toda la entidad, este s\u00e1bado inici\u00f3 la Etapa Estatal de [&hellip;]<\/p>\n<\/p>\r\n                  <\/div>\r\n                <\/div>\r\n              <\/div>\r\n            <\/div>\r\n            \r\n          <!-- \/*\r\n          $paged = ( get_query_var('paged') ) ? absint(get_query_var('paged')) : 1;\r\n          \/\/$query = new WP_Query( array( 'post_type' =>  'post', 'category_name' => 'noticias', 'posts_per_page' => 10 , 'paged' => $paged ) );\r\n          $query = new WP_Query( array( 'post_type' =>  'post', 'post_status' => 'publish', 'posts_per_page' => 10 , 'paged' => $paged ) );\r\n          if ( $query->have_posts() ) :\r\n            while ( $query->have_posts() ) : $query->the_post(); *\/ \r\n          ?> -->\r\n            <div class=\"card border-0 mb-3\" style=\"width: 100%;\">\r\n              <div class=\"row g-0\">\r\n                <div class=\"col-md-4\">\r\n                                      <img decoding=\"async\" src=\"https:\/\/www.oaxaca.gob.mx\/deporte\/wp-content\/uploads\/sites\/76\/2025\/11\/convetavc-WebSite-scaled.jpg\" class=\"img-fluid\" style=\"width:300px; height:200px;\" alt=\"Presenta Indeporte convocatoria para etapa regional de Valles Centrales de la Olimpiada Nacional Conade 2026\">\r\n                                  <\/div>\r\n                <div class=\"col-md-8\">\r\n                  <div class=\"card-body py-1\">\r\n                    <a href=\"https:\/\/www.oaxaca.gob.mx\/deporte\/presenta-indeporte-convocatoria-para-etapa-regional-de-valles-centrales-de-la-olimpiada-nacional-conade-2026\/\" title=\"Presenta Indeporte convocatoria para etapa regional de Valles Centrales de la Olimpiada Nacional Conade 2026\">\r\n                      <h5 class=\"card-title\">Presenta Indeporte convocatoria para etapa regional de Valles Centrales de la Olimpiada Nacional Conade 2026<\/h5>\r\n                    <\/a>\r\n                    <p class=\"card-text\"><p>\u00a0Las y los interesados podr\u00e1n consultar las bases completas en https:\/\/www.oaxaca.gob.mx\/deporte\/olimpiada-nacional-conade-2026-etapa-estatal\/ Oaxaca de Ju\u00e1rez, Oax., 10 de noviembre de 2025.- El Instituto del Deporte del Estado de Oaxaca (Indeporte) present\u00f3 la convocatoria oficial para elegir a las y los atletas, que representar\u00e1n a la regi\u00f3n Valles Centrales en la fase estatal de la Olimpiada Nacional [&hellip;]<\/p>\n<\/p>\r\n                  <\/div>\r\n                <\/div>\r\n              <\/div>\r\n            <\/div>\r\n            \r\n          <!-- \/*\r\n          $paged = ( get_query_var('paged') ) ? absint(get_query_var('paged')) : 1;\r\n          \/\/$query = new WP_Query( array( 'post_type' =>  'post', 'category_name' => 'noticias', 'posts_per_page' => 10 , 'paged' => $paged ) );\r\n          $query = new WP_Query( array( 'post_type' =>  'post', 'post_status' => 'publish', 'posts_per_page' => 10 , 'paged' => $paged ) );\r\n          if ( $query->have_posts() ) :\r\n            while ( $query->have_posts() ) : $query->the_post(); *\/ \r\n          ?> -->\r\n            <div class=\"card border-0 mb-3\" style=\"width: 100%;\">\r\n              <div class=\"row g-0\">\r\n                <div class=\"col-md-4\">\r\n                                      <img decoding=\"async\" src=\"https:\/\/www.oaxaca.gob.mx\/deporte\/wp-content\/uploads\/sites\/76\/2025\/11\/broncegolbolparapana-WebSite-scaled.jpg\" class=\"img-fluid\" style=\"width:300px; height:200px;\" alt=\"Consiguen oaxaque\u00f1as medalla de bronce en golbol en los Juegos Parapanamericanos Juveniles Chile 2025\">\r\n                                  <\/div>\r\n                <div class=\"col-md-8\">\r\n                  <div class=\"card-body py-1\">\r\n                    <a href=\"https:\/\/www.oaxaca.gob.mx\/deporte\/consiguen-oaxaquenas-medalla-de-bronce-en-golbol-en-los-juegos-parapanamericanos-juveniles-chile-2025\/\" title=\"Consiguen oaxaque\u00f1as medalla de bronce en golbol en los Juegos Parapanamericanos Juveniles Chile 2025\">\r\n                      <h5 class=\"card-title\">Consiguen oaxaque\u00f1as medalla de bronce en golbol en los Juegos Parapanamericanos Juveniles Chile 2025<\/h5>\r\n                    <\/a>\r\n                    <p class=\"card-text\"><p>Junto con el entrenador oaxaque\u00f1o Miguel \u00c1ngel S\u00e1nchez Hern\u00e1ndez, las atletas que integran la Selecci\u00f3n Nacional Femenil de M\u00e9xico, lograron este resultado sobresaliente &nbsp; Santiago de Chile, Cl. 4 de noviembre de 2025.-\u00a0Las atletas oaxaque\u00f1as Bel\u00e9n Beteta Hern\u00e1ndez, Elizabeth Yamile Rosales Pacheco y Yaretzi Santiago Morales; as\u00ed como el entrenador oaxaque\u00f1o Miguel \u00c1ngel S\u00e1nchez Hern\u00e1ndez, [&hellip;]<\/p>\n<\/p>\r\n                  <\/div>\r\n                <\/div>\r\n              <\/div>\r\n            <\/div>\r\n            \r\n          <!-- \/*\r\n          $paged = ( get_query_var('paged') ) ? absint(get_query_var('paged')) : 1;\r\n          \/\/$query = new WP_Query( array( 'post_type' =>  'post', 'category_name' => 'noticias', 'posts_per_page' => 10 , 'paged' => $paged ) );\r\n          $query = new WP_Query( array( 'post_type' =>  'post', 'post_status' => 'publish', 'posts_per_page' => 10 , 'paged' => $paged ) );\r\n          if ( $query->have_posts() ) :\r\n            while ( $query->have_posts() ) : $query->the_post(); *\/ \r\n          ?> -->\r\n            <div class=\"card border-0 mb-3\" style=\"width: 100%;\">\r\n              <div class=\"row g-0\">\r\n                <div class=\"col-md-4\">\r\n                                      <img decoding=\"async\" src=\"https:\/\/www.oaxaca.gob.mx\/deporte\/wp-content\/uploads\/sites\/76\/2025\/11\/main-6.5mictlan-scaled.jpg\" class=\"img-fluid\" style=\"width:300px; height:200px;\" alt=\"Realiza Indeporte Carrera Atl\u00e9tica 6.5K \u201cRecorrido al Mictl\u00e1n\u201d con amplia participaci\u00f3n\">\r\n                                  <\/div>\r\n                <div class=\"col-md-8\">\r\n                  <div class=\"card-body py-1\">\r\n                    <a href=\"https:\/\/www.oaxaca.gob.mx\/deporte\/realiza-indeporte-carrera-atletica-6-5k-recorrido-al-mictlan-con-amplia-participacion\/\" title=\"Realiza Indeporte Carrera Atl\u00e9tica 6.5K \u201cRecorrido al Mictl\u00e1n\u201d con amplia participaci\u00f3n\">\r\n                      <h5 class=\"card-title\">Realiza Indeporte Carrera Atl\u00e9tica 6.5K \u201cRecorrido al Mictl\u00e1n\u201d con amplia participaci\u00f3n<\/h5>\r\n                    <\/a>\r\n                    <p class=\"card-text\"><p>Se otorg\u00f3 una bolsa de premiaci\u00f3n de 6 mil pesos para los tres primeros lugares en las ramas varonil y femenil &nbsp; Oaxaca de Ju\u00e1rez, Oax. 2 de noviembre de 2025.- Con una amplia participaci\u00f3n, este domingo se llev\u00f3 a cabo la Carrera Atl\u00e9tica 6.5 kil\u00f3metros \u201cRecorrido al Mictl\u00e1n\u201d, promovida por el Gobierno de Oaxaca, [&hellip;]<\/p>\n<\/p>\r\n                  <\/div>\r\n                <\/div>\r\n              <\/div>\r\n            <\/div>\r\n            \r\n          <!-- \/*\r\n          $paged = ( get_query_var('paged') ) ? absint(get_query_var('paged')) : 1;\r\n          \/\/$query = new WP_Query( array( 'post_type' =>  'post', 'category_name' => 'noticias', 'posts_per_page' => 10 , 'paged' => $paged ) );\r\n          $query = new WP_Query( array( 'post_type' =>  'post', 'post_status' => 'publish', 'posts_per_page' => 10 , 'paged' => $paged ) );\r\n          if ( $query->have_posts() ) :\r\n            while ( $query->have_posts() ) : $query->the_post(); *\/ \r\n          ?> -->\r\n            <div class=\"card border-0 mb-3\" style=\"width: 100%;\">\r\n              <div class=\"row g-0\">\r\n                <div class=\"col-md-4\">\r\n                                      <img decoding=\"async\" src=\"https:\/\/www.oaxaca.gob.mx\/deporte\/wp-content\/uploads\/sites\/76\/2025\/10\/Main-abanderamiento-jnp2025-scaled.jpg\" class=\"img-fluid\" style=\"width:300px; height:200px;\" alt=\"Abandera Indeporte a selecci\u00f3n oaxaque\u00f1a que participar\u00e1 en los Juegos Nacionales Populares 2025\">\r\n                                  <\/div>\r\n                <div class=\"col-md-8\">\r\n                  <div class=\"card-body py-1\">\r\n                    <a href=\"https:\/\/www.oaxaca.gob.mx\/deporte\/abandera-indeporte-a-seleccion-oaxaquena-que-participara-en-los-juegos-nacionales-populares-2025\/\" title=\"Abandera Indeporte a selecci\u00f3n oaxaque\u00f1a que participar\u00e1 en los Juegos Nacionales Populares 2025\">\r\n                      <h5 class=\"card-title\">Abandera Indeporte a selecci\u00f3n oaxaque\u00f1a que participar\u00e1 en los Juegos Nacionales Populares 2025<\/h5>\r\n                    <\/a>\r\n                    <p class=\"card-text\"><p>La delegaci\u00f3n competir\u00e1 en las disciplinas de artes marciales populares, boxeo popular y f\u00fatbol popular &nbsp; Oaxaca de Ju\u00e1rez, Oax., 30 de octubre de 2025.-\u00a0El director del Instituto del Deporte del Estado (Indeporte), Arturo de Jes\u00fas Ch\u00e1vez Ram\u00edrez encabez\u00f3 el abanderamiento de la delegaci\u00f3n oaxaque\u00f1a que representar\u00e1 al estado en la d\u00e9cimo s\u00e9ptima edici\u00f3n de [&hellip;]<\/p>\n<\/p>\r\n                  <\/div>\r\n                <\/div>\r\n              <\/div>\r\n            <\/div>\r\n            \r\n          <!-- \/*\r\n          $paged = ( get_query_var('paged') ) ? absint(get_query_var('paged')) : 1;\r\n          \/\/$query = new WP_Query( array( 'post_type' =>  'post', 'category_name' => 'noticias', 'posts_per_page' => 10 , 'paged' => $paged ) );\r\n          $query = new WP_Query( array( 'post_type' =>  'post', 'post_status' => 'publish', 'posts_per_page' => 10 , 'paged' => $paged ) );\r\n          if ( $query->have_posts() ) :\r\n            while ( $query->have_posts() ) : $query->the_post(); *\/ \r\n          ?> -->\r\n            <div class=\"card border-0 mb-3\" style=\"width: 100%;\">\r\n              <div class=\"row g-0\">\r\n                <div class=\"col-md-4\">\r\n                                      <img decoding=\"async\" src=\"https:\/\/www.oaxaca.gob.mx\/deporte\/wp-content\/uploads\/sites\/76\/2025\/10\/Main-ganadoresped2025-scaled.jpg\" class=\"img-fluid\" style=\"width:300px; height:200px;\" alt=\"Seleccionan a ganadoras y ganadores del Premio Estatal del Deporte 2025\">\r\n                                  <\/div>\r\n                <div class=\"col-md-8\">\r\n                  <div class=\"card-body py-1\">\r\n                    <a href=\"https:\/\/www.oaxaca.gob.mx\/deporte\/seleccionan-a-ganadoras-y-ganadores-del-premio-estatal-del-deporte-2025\/\" title=\"Seleccionan a ganadoras y ganadores del Premio Estatal del Deporte 2025\">\r\n                      <h5 class=\"card-title\">Seleccionan a ganadoras y ganadores del Premio Estatal del Deporte 2025<\/h5>\r\n                    <\/a>\r\n                    <p class=\"card-text\"><p>La ceremonia de entrega de los reconocimientos se llevar\u00e1 a cabo el 20 de noviembre, en el marco del desfile c\u00edvico deportivo conmemorativo del Aniversario de la Revoluci\u00f3n Mexicana &nbsp; Oaxaca de Ju\u00e1rez, Oax. 20 de octubre de 2025.- Con total transparencia y en apego a la convocatoria vigente, el jurado calificador del Premio Estatal [&hellip;]<\/p>\n<\/p>\r\n                  <\/div>\r\n                <\/div>\r\n              <\/div>\r\n            <\/div>\r\n            \r\n          <!-- \/*\r\n          $paged = ( get_query_var('paged') ) ? absint(get_query_var('paged')) : 1;\r\n          \/\/$query = new WP_Query( array( 'post_type' =>  'post', 'category_name' => 'noticias', 'posts_per_page' => 10 , 'paged' => $paged ) );\r\n          $query = new WP_Query( array( 'post_type' =>  'post', 'post_status' => 'publish', 'posts_per_page' => 10 , 'paged' => $paged ) );\r\n          if ( $query->have_posts() ) :\r\n            while ( $query->have_posts() ) : $query->the_post(); *\/ \r\n          ?> -->\r\n            <div class=\"card border-0 mb-3\" style=\"width: 100%;\">\r\n              <div class=\"row g-0\">\r\n                <div class=\"col-md-4\">\r\n                                      <img decoding=\"async\" src=\"https:\/\/www.oaxaca.gob.mx\/deporte\/wp-content\/uploads\/sites\/76\/2025\/10\/Main-medallas-paraatletismo-pnc2025-scaled.jpg\" class=\"img-fluid\" style=\"width:300px; height:200px;\" alt=\"Suma Oaxaca 7 medallas en Para Atletismo durante la Paralimpiada Nacional Conade 2025\">\r\n                                  <\/div>\r\n                <div class=\"col-md-8\">\r\n                  <div class=\"card-body py-1\">\r\n                    <a href=\"https:\/\/www.oaxaca.gob.mx\/deporte\/suma-oaxaca-7-medallas-en-para-atletismo-durante-la-paralimpiada-nacional-conade-2025\/\" title=\"Suma Oaxaca 7 medallas en Para Atletismo durante la Paralimpiada Nacional Conade 2025\">\r\n                      <h5 class=\"card-title\">Suma Oaxaca 7 medallas en Para Atletismo durante la Paralimpiada Nacional Conade 2025<\/h5>\r\n                    <\/a>\r\n                    <p class=\"card-text\"><p>La entidad se mantiene en la posici\u00f3n n\u00famero 21 del medallero general, de acuerdo con el informe de la Comisi\u00f3n Nacional de Cultura F\u00edsica y Deporte &nbsp; Aguascalientes, Ags., 8 de octubre de 2025.-\u00a0La delegaci\u00f3n oaxaque\u00f1a de Para Atletismo obtuvo tres medallas de oro, tres de plata y una de bronce en la categor\u00eda juvenil [&hellip;]<\/p>\n<\/p>\r\n                  <\/div>\r\n                <\/div>\r\n              <\/div>\r\n            <\/div>\r\n            \r\n          <!-- \/*\r\n          $paged = ( get_query_var('paged') ) ? absint(get_query_var('paged')) : 1;\r\n          \/\/$query = new WP_Query( array( 'post_type' =>  'post', 'category_name' => 'noticias', 'posts_per_page' => 10 , 'paged' => $paged ) );\r\n          $query = new WP_Query( array( 'post_type' =>  'post', 'post_status' => 'publish', 'posts_per_page' => 10 , 'paged' => $paged ) );\r\n          if ( $query->have_posts() ) :\r\n            while ( $query->have_posts() ) : $query->the_post(); *\/ \r\n          ?> -->\r\n            <div class=\"card border-0 mb-3\" style=\"width: 100%;\">\r\n              <div class=\"row g-0\">\r\n                <div class=\"col-md-4\">\r\n                                      <img decoding=\"async\" src=\"https:\/\/www.oaxaca.gob.mx\/deporte\/wp-content\/uploads\/sites\/76\/2025\/09\/oncest_main-scaled.jpg\" class=\"img-fluid\" style=\"width:300px; height:200px;\" alt=\"Presenta Indeporte convocatoria de la Etapa Estatal rumbo a la Olimpiada Nacional Conade 2026\">\r\n                                  <\/div>\r\n                <div class=\"col-md-8\">\r\n                  <div class=\"card-body py-1\">\r\n                    <a href=\"https:\/\/www.oaxaca.gob.mx\/deporte\/presenta-indeporte-convocatoria-de-la-etapa-estatal-rumbo-a-olimpiada-nacional-conade-2026\/\" title=\"Presenta Indeporte convocatoria de la Etapa Estatal rumbo a la Olimpiada Nacional Conade 2026\">\r\n                      <h5 class=\"card-title\">Presenta Indeporte convocatoria de la Etapa Estatal rumbo a la Olimpiada Nacional Conade 2026<\/h5>\r\n                    <\/a>\r\n                    <p class=\"card-text\"><p>Las personas interesadas en participar pueden conocer las bases a trav\u00e9s del siguiente enlace: Convocatoria Olimpiada Nacional 2026 -Etapa Estatal &nbsp; Oaxaca de Ju\u00e1rez, Oax. 30 de agosto de 2025.- El Instituto del Deporte del Estado de Oaxaca (Indeporte) present\u00f3 la convocatoria de la Etapa Estatal rumbo a la Olimpiada Nacional Conade 2026. El director [&hellip;]<\/p>\n<\/p>\r\n                  <\/div>\r\n                <\/div>\r\n              <\/div>\r\n            <\/div>\r\n            \r\n\r\n            <!--<div class=\"row\">\r\n              <div class=\"col-md-6 text-left\"><h5><\/h5><\/div>\r\n              <div class=\"col-md-6 text-right\"><h5><\/h5><\/div>\r\n            <\/div>-->\r\n            <div class=\"row\">\r\n              <div class=\"col-md-6 text-left\">\r\n                <h5><a href=\"https:\/\/www.oaxaca.gob.mx\/deporte\/wp-json\/wp\/v2\/pages\/40\/page\/2\/\" >Noticias anteriores<\/a><\/h5>\r\n              <\/div>\r\n              <div class=\"col-md-6 text-right\">\r\n                <h5><\/h5>\r\n              <\/div>\r\n            <\/div>\r\n                  <\/div>\r\n      <\/div>\r\n    <\/div>\r\n  <\/div>\r\n<\/section>\r\n\r\n\r\n\n<p>&nbsp;<\/p>\n<p>&nbsp;<\/p>\n","protected":false},"excerpt":{"rendered":"<p>&nbsp; &nbsp;<\/p>\n","protected":false},"author":1,"featured_media":0,"parent":0,"menu_order":0,"comment_status":"closed","ping_status":"closed","template":"","meta":{"episode_type":"","audio_file":"","podmotor_file_id":"","podmotor_episode_id":"","cover_image":"","cover_image_id":"","duration":"","filesize":"","filesize_raw":"","date_recorded":"","explicit":"","block":"","itunes_episode_number":"","itunes_title":"","itunes_season_number":"","itunes_episode_type":"","footnotes":""},"categories":[],"tags":[],"class_list":["post-40","page","type-page","status-publish","hentry"],"acf":[],"publishpress_future_action":{"enabled":false,"date":"2026-04-26 07:06:41","action":"change-status","newStatus":"draft","terms":[],"taxonomy":"category","extraData":[]},"publishpress_future_workflow_manual_trigger":{"enabledWorkflows":[]},"_links":{"self":[{"href":"https:\/\/www.oaxaca.gob.mx\/deporte\/wp-json\/wp\/v2\/pages\/40","targetHints":{"allow":["GET"]}}],"collection":[{"href":"https:\/\/www.oaxaca.gob.mx\/deporte\/wp-json\/wp\/v2\/pages"}],"about":[{"href":"https:\/\/www.oaxaca.gob.mx\/deporte\/wp-json\/wp\/v2\/types\/page"}],"author":[{"embeddable":true,"href":"https:\/\/www.oaxaca.gob.mx\/deporte\/wp-json\/wp\/v2\/users\/1"}],"replies":[{"embeddable":true,"href":"https:\/\/www.oaxaca.gob.mx\/deporte\/wp-json\/wp\/v2\/comments?post=40"}],"version-history":[{"count":3,"href":"https:\/\/www.oaxaca.gob.mx\/deporte\/wp-json\/wp\/v2\/pages\/40\/revisions"}],"predecessor-version":[{"id":6310,"href":"https:\/\/www.oaxaca.gob.mx\/deporte\/wp-json\/wp\/v2\/pages\/40\/revisions\/6310"}],"wp:attachment":[{"href":"https:\/\/www.oaxaca.gob.mx\/deporte\/wp-json\/wp\/v2\/media?parent=40"}],"wp:term":[{"taxonomy":"category","embeddable":true,"href":"https:\/\/www.oaxaca.gob.mx\/deporte\/wp-json\/wp\/v2\/categories?post=40"},{"taxonomy":"post_tag","embeddable":true,"href":"https:\/\/www.oaxaca.gob.mx\/deporte\/wp-json\/wp\/v2\/tags?post=40"}],"curies":[{"name":"wp","href":"https:\/\/api.w.org\/{rel}","templated":true}]}}