{"id":1356,"date":"2018-10-23T17:23:26","date_gmt":"2018-10-23T22:23:26","guid":{"rendered":"http:\/\/www.deportes.oaxaca.gob.mx\/?page_id=1356"},"modified":"2018-10-23T17:23:26","modified_gmt":"2018-10-23T22:23:26","slug":"tabla-de-aplicabilidad-integral","status":"publish","type":"page","link":"https:\/\/www.oaxaca.gob.mx\/deporte\/tabla-de-aplicabilidad-integral\/","title":{"rendered":"Cumplimiento LGTIP"},"content":{"rendered":"<h2 style=\"text-align: left\"><span style=\"color: #808080\">Normatividad 2018<\/span><\/h2>\n<h1><strong>ART\u00cdCULO 70<\/strong><\/h1>\n<p style=\"text-align: justify\"><strong>En la Ley Federal y de las Entidades Federativas se contemplar\u00e1 que los sujetos obligados pongan a disposici\u00f3n del p\u00fablico y mantengan actualizada, en los respectivos medios electr\u00f3nicos, de acuerdo con sus facultades, atribuciones, funciones u objeto social, seg\u00fan corresponda, la informaci\u00f3n por lo menos, de los temas, documentos y pol\u00edticas que a continuaci\u00f3n se se\u00f1alan:<\/strong><\/p>\n<div>Attention: The internal data of table \u201c5\u201d is corrupted!<\/div>\n","protected":false},"excerpt":{"rendered":"<p>Normatividad 2018 ART\u00cdCULO 70 En la Ley Federal y de las Entidades Federativas se contemplar\u00e1 que los sujetos obligados pongan a disposici\u00f3n del p\u00fablico y mantengan actualizada, en los respectivos medios electr\u00f3nicos, de acuerdo con sus facultades, atribuciones, funciones u objeto social, seg\u00fan corresponda, la informaci\u00f3n por lo menos, de los temas, documentos y pol\u00edticas [&hellip;]<\/p>\n","protected":false},"author":1,"featured_media":0,"parent":0,"menu_order":0,"comment_status":"closed","ping_status":"closed","template":"","meta":{"episode_type":"","audio_file":"","podmotor_file_id":"","podmotor_episode_id":"","cover_image":"","cover_image_id":"","duration":"","filesize":"","filesize_raw":"","date_recorded":"","explicit":"","block":"","itunes_episode_number":"","itunes_title":"","itunes_season_number":"","itunes_episode_type":"","footnotes":""},"categories":[],"tags":[],"class_list":["post-1356","page","type-page","status-publish","hentry"],"acf":[],"publishpress_future_action":{"enabled":false,"date":"2026-04-24 01:46:22","action":"change-status","newStatus":"draft","terms":[],"taxonomy":"category","extraData":[]},"publishpress_future_workflow_manual_trigger":{"enabledWorkflows":[]},"_links":{"self":[{"href":"https:\/\/www.oaxaca.gob.mx\/deporte\/wp-json\/wp\/v2\/pages\/1356","targetHints":{"allow":["GET"]}}],"collection":[{"href":"https:\/\/www.oaxaca.gob.mx\/deporte\/wp-json\/wp\/v2\/pages"}],"about":[{"href":"https:\/\/www.oaxaca.gob.mx\/deporte\/wp-json\/wp\/v2\/types\/page"}],"author":[{"embeddable":true,"href":"https:\/\/www.oaxaca.gob.mx\/deporte\/wp-json\/wp\/v2\/users\/1"}],"replies":[{"embeddable":true,"href":"https:\/\/www.oaxaca.gob.mx\/deporte\/wp-json\/wp\/v2\/comments?post=1356"}],"version-history":[{"count":0,"href":"https:\/\/www.oaxaca.gob.mx\/deporte\/wp-json\/wp\/v2\/pages\/1356\/revisions"}],"wp:attachment":[{"href":"https:\/\/www.oaxaca.gob.mx\/deporte\/wp-json\/wp\/v2\/media?parent=1356"}],"wp:term":[{"taxonomy":"category","embeddable":true,"href":"https:\/\/www.oaxaca.gob.mx\/deporte\/wp-json\/wp\/v2\/categories?post=1356"},{"taxonomy":"post_tag","embeddable":true,"href":"https:\/\/www.oaxaca.gob.mx\/deporte\/wp-json\/wp\/v2\/tags?post=1356"}],"curies":[{"name":"wp","href":"https:\/\/api.w.org\/{rel}","templated":true}]}}